{"id":6004,"date":"2024-03-12T12:16:13","date_gmt":"2024-03-12T11:16:13","guid":{"rendered":"https:\/\/mreze.shop\/proizvod\/merac-digitalni-visenamenski-mfm384-c-cu-g-rohs-selec\/"},"modified":"2024-03-12T12:16:13","modified_gmt":"2024-03-12T11:16:13","slug":"merac-digitalni-visenamenski-mfm384-c-cu-g-rohs-selec","status":"publish","type":"product","link":"https:\/\/mreze.shop\/sr\/proizvod\/merac-digitalni-visenamenski-mfm384-c-cu-g-rohs-selec\/","title":{"rendered":"Mera\u010d, Digitalni, vi\u0161enamenski MFM384-C-CU-G-RoHS, Selec"},"content":{"rendered":"<p>Digitalni vi\u0161enamenski mera\u010d, trofazni, 7 mjernih veli\u010dina, izlaz s jednim impulsom, LCD zaslon, EIA-485, 85-270VAC, 1\/4 DIN sivi, Selec<\/p>\n","protected":false},"excerpt":{"rendered":"<p>Digitalni vi\u0161enamenski mera\u010d, trofazni, 7 mjernih veli\u010dina, izlaz s jednim impulsom, LCD zaslon, EIA-485, 85-270VAC, 1\/4 DIN sivi, Selec<\/p>\n","protected":false},"featured_media":5856,"template":"","meta":[],"product_brand":[],"product_cat":[284],"product_tag":[],"class_list":{"0":"post-6004","1":"product","2":"type-product","3":"status-publish","4":"has-post-thumbnail","6":"product_cat-brojaci-energije-sr","7":"product_shipping_class-dostava-prema-ponudi-sr","9":"first","10":"onbackorder","11":"taxable","12":"shipping-taxable","13":"purchasable","14":"product-type-simple"},"_links":{"self":[{"href":"https:\/\/mreze.shop\/sr\/wp-json\/wp\/v2\/product\/6004","targetHints":{"allow":["GET"]}}],"collection":[{"href":"https:\/\/mreze.shop\/sr\/wp-json\/wp\/v2\/product"}],"about":[{"href":"https:\/\/mreze.shop\/sr\/wp-json\/wp\/v2\/types\/product"}],"wp:featuredmedia":[{"embeddable":true,"href":"https:\/\/mreze.shop\/sr\/wp-json\/wp\/v2\/media\/5856"}],"wp:attachment":[{"href":"https:\/\/mreze.shop\/sr\/wp-json\/wp\/v2\/media?parent=6004"}],"wp:term":[{"taxonomy":"product_brand","embeddable":true,"href":"https:\/\/mreze.shop\/sr\/wp-json\/wp\/v2\/product_brand?post=6004"},{"taxonomy":"product_cat","embeddable":true,"href":"https:\/\/mreze.shop\/sr\/wp-json\/wp\/v2\/product_cat?post=6004"},{"taxonomy":"product_tag","embeddable":true,"href":"https:\/\/mreze.shop\/sr\/wp-json\/wp\/v2\/product_tag?post=6004"}],"curies":[{"name":"wp","href":"https:\/\/api.w.org\/{rel}","templated":true}]}}