{"id":5337,"date":"2023-04-18T13:40:55","date_gmt":"2023-04-18T11:40:55","guid":{"rendered":"https:\/\/mreze.shop\/proizvod\/remote-management-software-teltonika\/"},"modified":"2024-04-24T13:57:44","modified_gmt":"2024-04-24T11:57:44","slug":"remote-management-software-teltonika","status":"publish","type":"product","link":"https:\/\/mreze.shop\/sr\/proizvod\/remote-management-software-teltonika\/","title":{"rendered":"Remote Management Software, Teltonika"},"content":{"rendered":"<div class=\"row align-center\"  id=\"row-1029121483\">\n\n\t<div id=\"col-1686074108\" class=\"col medium-9 small-12 large-9\"  >\n\t\t\t\t<div class=\"col-inner text-center\"  >\n\t\t\t\n\t\t\t\n\t<div id=\"text-148828482\" class=\"text\">\n\t\t\n<h2>RMS Servisi<\/h2>\n\t\t\n<style>\n#text-148828482 {\n  font-size: 1.5rem;\n  text-align: center;\n  color: #0b3d78;\n}\n#text-148828482 > * {\n  color: #0b3d78;\n}\n<\/style>\n\t<\/div>\n\t\n<p class=\"lead\">Teltonika Networks Remote Management System dolazi s raznim dostupnim uslugama koje omogu\u0107uju opse\u017enu kontrolu i naprednu analitiku za kompatibilne ure\u0111aje.<\/p>\n\t\t<\/div>\n\t\t\t\t\t<\/div>\n\n\t\n<\/div>\n\n\t<section class=\"section\" id=\"section_1207300309\">\n\t\t<div class=\"section-bg fill\" >\n\t\t\t\t\t\t\t\t\t\n\t\t\t\n\n\t\t<\/div>\n\n\t\t\n\n\t\t<div class=\"section-content relative\">\n\t\t\t\n<div class=\"row row-full-width align-middle align-center\"  id=\"row-707500444\">\n\n\t<div id=\"col-1391340138\" class=\"col medium-4 small-12 large-4\"  >\n\t\t\t\t<div class=\"col-inner text-center\" style=\"background-color:rgb(245, 246, 249);\" >\n\t\t\t\n\t\t\t\n\t<div id=\"text-2508673227\" class=\"text\">\n\t\t\n<h2>Upravljanje<\/h2>\n\t\t\n<style>\n#text-2508673227 {\n  text-align: center;\n  color: #0b3d78;\n}\n#text-2508673227 > * {\n  color: #0b3d78;\n}\n<\/style>\n\t<\/div>\n\t\n\t<div id=\"text-2227435619\" class=\"text rms-tekst-box\">\n\t\t\n<p>Potpuna daljinska kontrola nad svim povezanim ure\u0111ajima kompatibilnim s Teltonika Networks \u010dak i bez javne IP adrese.<br \/>\n\t\t\n<style>\n#text-2227435619 {\n  text-align: center;\n}\n<\/style>\n\t<\/div>\n\t\n<a href=\"https:\/\/mreze.shop\/wp-content\/uploads\/2023\/04\/rms-management-flyer.pdf\" class=\"button primary is-small lowercase\" >\n\t\t<span>Bro\u0161ura: Upravljanje<\/span>\n\t<i class=\"icon-checkmark\" aria-hidden=\"true\"><\/i><\/a>\n\n\t\t<\/div>\n\t\t\t\t\n<style>\n#col-1391340138 > .col-inner {\n  padding: 20px 20px 20px 20px;\n}\n<\/style>\n\t<\/div>\n\n\t\n\n\t<div id=\"col-2012922954\" class=\"col medium-4 small-12 large-4\"  >\n\t\t\t\t<div class=\"col-inner text-center\" style=\"background-color:rgb(245, 246, 249);\" >\n\t\t\t\n\t\t\t\n\t<div id=\"text-212236392\" class=\"text\">\n\t\t\n<h2>Povezivanje<\/h2>\n\t\t\n<style>\n#text-212236392 {\n  text-align: center;\n  color: #0b3d78;\n}\n#text-212236392 > * {\n  color: #0b3d78;\n}\n<\/style>\n\t<\/div>\n\t\n\t<div id=\"text-1832871473\" class=\"text rms-tekst-box\">\n\t\t\n<p>Sistem jedinstvenog pristupa koji omogu\u0107uje upravljanje povezanim pametnim ure\u0111ajima na daljinu.<br \/>\n\t\t\n<style>\n#text-1832871473 {\n  text-align: center;\n}\n<\/style>\n\t<\/div>\n\t\n<a href=\"https:\/\/mreze.shop\/wp-content\/uploads\/2023\/04\/rms-connect-flyer.pdf\" class=\"button primary is-small lowercase\" >\n\t\t<span>Bro\u0161ura: Povezivanje<\/span>\n\t<i class=\"icon-checkmark\" aria-hidden=\"true\"><\/i><\/a>\n\n\t\t<\/div>\n\t\t\t\t\n<style>\n#col-2012922954 > .col-inner {\n  padding: 20px 20px 20px 20px;\n}\n<\/style>\n\t<\/div>\n\n\t\n\n\t<div id=\"col-1550595419\" class=\"col medium-4 small-12 large-4\"  >\n\t\t\t\t<div class=\"col-inner text-center\" style=\"background-color:rgb(245, 246, 249);\" >\n\t\t\t\n\t\t\t\n\t<div id=\"text-2195457160\" class=\"text\">\n\t\t\n<h2>VPN<\/h2>\n\t\t\n<style>\n#text-2195457160 {\n  text-align: center;\n  color: #0b3d78;\n}\n#text-2195457160 > * {\n  color: #0b3d78;\n}\n<\/style>\n\t<\/div>\n\t\n\t<div id=\"text-2536282422\" class=\"text rms-tekst-box\">\n\t\t\n<p class=\"pb-4 md:pb-12 text-center whitespace-normal\">RMS VPN najsigurniji je na\u010din za daljinski pristup krajnjim to\u010dkama.<\/p>\n\t\t\t<\/div>\n\t\n<a href=\"https:\/\/mreze.shop\/wp-content\/uploads\/2023\/04\/rms-vpn-flyer.pdf\" class=\"button primary is-small lowercase\" >\n\t\t<span>Bro\u0161ura: VPN<\/span>\n\t<i class=\"icon-checkmark\" aria-hidden=\"true\"><\/i><\/a>\n\n\t\t<\/div>\n\t\t\t\t\n<style>\n#col-1550595419 > .col-inner {\n  padding: 20px 20px 20px 20px;\n}\n<\/style>\n\t<\/div>\n\n\t\n<\/div>\n\t\t<\/div>\n\n\t\t\n<style>\n#section_1207300309 {\n  padding-top: 30px;\n  padding-bottom: 30px;\n}\n<\/style>\n\t<\/section>\n\t\n\t<div id=\"gap-449161236\" class=\"gap-element clearfix\" style=\"display:block; height:auto;\">\n\t\t\n<style>\n#gap-449161236 {\n  padding-top: 50px;\n}\n<\/style>\n\t<\/div>\n\t\n<div class=\"row align-center\"  id=\"row-2049250485\">\n\n\t<div id=\"col-1595041173\" class=\"col medium-9 small-12 large-9\"  >\n\t\t\t\t<div class=\"col-inner\"  >\n\t\t\t\n\t\t\t\n\n\t<section class=\"section\" id=\"section_1695224640\">\n\t\t<div class=\"section-bg fill\" >\n\t\t\t\t\t\t\t\t\t\n\t\t\t\n\n\t\t<\/div>\n\n\t\t\n\n\t\t<div class=\"section-content relative\">\n\t\t\t\n\t<div id=\"text-407403283\" class=\"text\">\n\t\t\n<h2>Uvodni video<\/h2>\n\t\t\n<style>\n#text-407403283 {\n  font-size: 1.5rem;\n  text-align: center;\n  color: #0b3d78;\n}\n#text-407403283 > * {\n  color: #0b3d78;\n}\n<\/style>\n\t<\/div>\n\t\n<p class=\"lead\" style=\"text-align: center;\">Upoznajte se s Teltonika Remote Management sistemom u ovom kratkom videu.<\/p>\n<div class=\"row align-center\"  id=\"row-424639138\">\n\n\t<div id=\"col-1689326447\" class=\"col small-12 large-12\"  >\n\t\t\t\t<div class=\"col-inner\"  >\n\t\t\t\n\t\t\t\n<div class=\"video video-fit mb\" style=\"padding-top:56.25%;\"><p><iframe loading=\"lazy\" title=\"RMS | Remote Management System | Teltonika Networks\" width=\"1020\" height=\"574\" src=\"https:\/\/www.youtube.com\/embed\/uKMHLtpz8qw?feature=oembed\" frameborder=\"0\" allow=\"accelerometer; autoplay; clipboard-write; encrypted-media; gyroscope; picture-in-picture; web-share\" allowfullscreen><\/iframe><\/p>\n<\/div>\n\t\t<\/div>\n\t\t\t\t\t<\/div>\n\n\t\n<\/div>\n\t\t<\/div>\n\n\t\t\n<style>\n#section_1695224640 {\n  padding-top: 30px;\n  padding-bottom: 30px;\n}\n<\/style>\n\t<\/section>\n\t\n\t\t<\/div>\n\t\t\t\t\t<\/div>\n\n\t\n<\/div>\n<div class=\"row align-center\"  id=\"row-1620269903\">\n\n\t<div id=\"col-757276181\" class=\"col medium-9 small-12 large-9\"  >\n\t\t\t\t<div class=\"col-inner\"  >\n\t\t\t\n\t\t\t\n\t<div id=\"text-1408309033\" class=\"text\">\n\t\t\n<h2>Sigurnost<\/h2>\n\t\t\n<style>\n#text-1408309033 {\n  font-size: 1.5rem;\n  text-align: center;\n  color: #0b3d78;\n}\n#text-1408309033 > * {\n  color: #0b3d78;\n}\n<\/style>\n\t<\/div>\n\t\n\t<div id=\"text-814917603\" class=\"text\">\n\t\t\n<p class=\"lead\">Sigurnost je glavni prioritet za sve proizvode Teltonika Networks, a isto vredi i za RMS. Koristimo vi\u0161e mera kako bismo osigurali sigurnu vezu, uklju\u010duju\u0107i brojne sigurnosne protokole i enkripciju podataka.<\/p>\n\t\t\n<style>\n#text-814917603 {\n  text-align: center;\n}\n<\/style>\n\t<\/div>\n\t\n\t\t<\/div>\n\t\t\t\t\t<\/div>\n\n\t\n<\/div>\n<div class=\"row align-equal\"  id=\"row-642609686\">\n\n\t<div id=\"col-1935448936\" class=\"col medium-3 small-12 large-3\"  >\n\t\t\t\t<div class=\"col-inner\" style=\"background-color:rgb(245, 246, 249);\" >\n\t\t\t\n\t\t\t\n\t<div id=\"text-3474274164\" class=\"text\">\n\t\t\n<h2>\u0160ifrirana komunikacija<\/h2>\n\t\t\n<style>\n#text-3474274164 {\n  font-size: 0.8rem;\n  text-align: center;\n  color: #0b3d78;\n}\n#text-3474274164 > * {\n  color: #0b3d78;\n}\n<\/style>\n\t<\/div>\n\t\n\t<div id=\"text-2824414927\" class=\"text\">\n\t\t\n<p>Za\u0161titite svoje postavke pomo\u0107u \u0161ifriranih kanala za komunikaciju s Teltonika Networks i ure\u0111ajima tre\u0107ih strana.<br \/>\n\t\t\n<style>\n#text-2824414927 {\n  text-align: center;\n}\n<\/style>\n\t<\/div>\n\t\n\t\t<\/div>\n\t\t\t\t\n<style>\n#col-1935448936 > .col-inner {\n  padding: 20px 20px 20px 20px;\n}\n<\/style>\n\t<\/div>\n\n\t\n\n\t<div id=\"col-846969322\" class=\"col medium-3 small-12 large-3\"  >\n\t\t\t\t<div class=\"col-inner\" style=\"background-color:rgb(245, 246, 249);\" >\n\t\t\t\n\t\t\t\n\t<div id=\"text-1989394370\" class=\"text\">\n\t\t\n<h2>Vlasni\u010dki protokol<\/h2>\n\t\t\n<style>\n#text-1989394370 {\n  font-size: 0.8rem;\n  text-align: center;\n  color: #0b3d78;\n}\n#text-1989394370 > * {\n  color: #0b3d78;\n}\n<\/style>\n\t<\/div>\n\t\n\t<div id=\"text-3560120436\" class=\"text\">\n\t\t\n<p>Osigurajte sigurnost prenosa podataka izme\u0111u usmeriva\u010da i poslu\u017eitelja pomo\u0107u vlasni\u010dkog protokola.<br \/>\n\t\t\n<style>\n#text-3560120436 {\n  text-align: center;\n}\n<\/style>\n\t<\/div>\n\t\n\t\t<\/div>\n\t\t\t\t\n<style>\n#col-846969322 > .col-inner {\n  padding: 20px 20px 20px 20px;\n}\n<\/style>\n\t<\/div>\n\n\t\n\n\t<div id=\"col-294281744\" class=\"col medium-3 small-12 large-3\"  >\n\t\t\t\t<div class=\"col-inner\" style=\"background-color:rgb(245, 246, 249);\" >\n\t\t\t\n\t\t\t\n\t<div id=\"text-3795155815\" class=\"text\">\n\t\t\n<h2>AWS CIS V7<\/h2>\n\t\t\n<style>\n#text-3795155815 {\n  font-size: 0.8rem;\n  text-align: center;\n  color: #0b3d78;\n}\n#text-3795155815 > * {\n  color: #0b3d78;\n}\n<\/style>\n\t<\/div>\n\t\n\t<div id=\"text-2158315383\" class=\"text\">\n\t\t\n<p>Za\u0161titite svoju organizaciju od cyber prijetnji kori\u0161tenjem RMS-a, koji je u skladu sa strogim sigurnosnim smernicama CIS v7.<br \/>\n\t\t\n<style>\n#text-2158315383 {\n  text-align: center;\n}\n<\/style>\n\t<\/div>\n\t\n\t\t<\/div>\n\t\t\t\t\n<style>\n#col-294281744 > .col-inner {\n  padding: 20px 20px 20px 20px;\n}\n<\/style>\n\t<\/div>\n\n\t\n\n\t<div id=\"col-336062874\" class=\"col medium-3 small-12 large-3\"  >\n\t\t\t\t<div class=\"col-inner\" style=\"background-color:rgb(245, 246, 249);\" >\n\t\t\t\n\t\t\t\n\t<div id=\"text-777381757\" class=\"text\">\n\t\t\n<h2>Teltonika ID<\/h2>\n\t\t\n<style>\n#text-777381757 {\n  font-size: 0.8rem;\n  text-align: center;\n  color: #0b3d78;\n}\n#text-777381757 > * {\n  color: #0b3d78;\n}\n<\/style>\n\t<\/div>\n\t\n\t<div id=\"text-3368194298\" class=\"text\">\n\t\t\n<p>Upotrebite svoju biometriju za vrlo sigurnu, ali brzu i jednostavnu autentifikaciju.<br \/>\n\t\t\n<style>\n#text-3368194298 {\n  text-align: center;\n}\n<\/style>\n\t<\/div>\n\t\n\t\t<\/div>\n\t\t\t\t\n<style>\n#col-336062874 > .col-inner {\n  padding: 20px 20px 20px 20px;\n}\n<\/style>\n\t<\/div>\n\n\t\n<\/div>\n","protected":false},"excerpt":{"rendered":"<p>Remote Management System za IoT mre\u017ee je <em>all-in-one<\/em> (sve-u-jednom) platforma prilago\u0111ena Vama, pru\u017eaju\u0107i Vam jednostavan uvid u sva povezana IoT re\u0161enja. RMS je mo\u0107an softver koji omogu\u0107uje daljinski pristup i upravljanje svim povezanim Teltonika mre\u017eama i ure\u0111ajima tre\u0107ih strana.<\/p>\n","protected":false},"featured_media":5339,"template":"","meta":[],"product_brand":[],"product_cat":[324],"product_tag":[],"class_list":{"0":"post-5337","1":"product","2":"type-product","3":"status-publish","4":"has-post-thumbnail","6":"product_cat-daljinski-sistemi-upravljanja-mrezom-2","8":"first","9":"instock","10":"virtual","11":"sold-individually","12":"taxable","13":"purchasable","14":"product-type-simple"},"_links":{"self":[{"href":"https:\/\/mreze.shop\/sr\/wp-json\/wp\/v2\/product\/5337","targetHints":{"allow":["GET"]}}],"collection":[{"href":"https:\/\/mreze.shop\/sr\/wp-json\/wp\/v2\/product"}],"about":[{"href":"https:\/\/mreze.shop\/sr\/wp-json\/wp\/v2\/types\/product"}],"wp:featuredmedia":[{"embeddable":true,"href":"https:\/\/mreze.shop\/sr\/wp-json\/wp\/v2\/media\/5339"}],"wp:attachment":[{"href":"https:\/\/mreze.shop\/sr\/wp-json\/wp\/v2\/media?parent=5337"}],"wp:term":[{"taxonomy":"product_brand","embeddable":true,"href":"https:\/\/mreze.shop\/sr\/wp-json\/wp\/v2\/product_brand?post=5337"},{"taxonomy":"product_cat","embeddable":true,"href":"https:\/\/mreze.shop\/sr\/wp-json\/wp\/v2\/product_cat?post=5337"},{"taxonomy":"product_tag","embeddable":true,"href":"https:\/\/mreze.shop\/sr\/wp-json\/wp\/v2\/product_tag?post=5337"}],"curies":[{"name":"wp","href":"https:\/\/api.w.org\/{rel}","templated":true}]}}