{"id":5174,"date":"2023-04-24T10:04:13","date_gmt":"2023-04-24T08:04:13","guid":{"rendered":"https:\/\/mreze.shop\/proizvod\/industrijski-router-rut956-teltonika\/"},"modified":"2024-03-18T10:10:54","modified_gmt":"2024-03-18T09:10:54","slug":"industrijski-router-rut956-teltonika","status":"publish","type":"product","link":"https:\/\/mreze.shop\/sr\/proizvod\/industrijski-router-rut956-teltonika\/","title":{"rendered":"Industrijski router RUT956, Teltonika"},"content":{"rendered":"\t<div id=\"gap-1789640269\" class=\"gap-element clearfix\" style=\"display:block; height:auto;\">\n\t\t\n<style>\n#gap-1789640269 {\n  padding-top: 30px;\n}\n<\/style>\n\t<\/div>\n\t\n<div class=\"row align-middle\"  id=\"row-1331445826\">\n\n\t<div id=\"col-1110960180\" class=\"col medium-6 small-12 large-6\"  data-animate=\"fadeInLeft\">\n\t\t\t\t<div class=\"col-inner\"  >\n\t\t\t\n\t\t\t\n<h2>\u0160irok raspon hardverskog interfejsa za svaku primenu u industriji<\/h2>\n<div class=\"is-divider divider clearfix\" style=\"max-width:100%;\"><\/div>\n<p>RUT956 je industrijski usmeriva\u010d koji kombinuje opcije mobilne, Wi-Fi i \u017ei\u010dne povezivosti sa automatskim prelaskom na WAN i GNSS mogu\u0107nostima.<br \/>\nSerijski komunikacioni interfejsi omogu\u0107avaju integraciju vi\u0161e razli\u010ditih ure\u0111aja u sistem re\u0161enja, dok I\/O i napredni RutOS softver olak\u0161avaju kontrolu opreme, automatizaciju i obave\u0161tenja o doga\u0111ajima<\/p>\n<p>Opremljen je redundancijom povezivanja putem Dual SIM failovera. Dolazi s RutOS-om koji je prepun naprednih softverskih karakteristike, kao \u0161to su Modbus, SNMP, TR-069, NTRIP, MQTT i vi\u0161e VPN usluga.<\/p>\n<ul>\n<li>Mobilna konektivnost 4G\/LTE (Cat 4), 3G, 2G<\/li>\n<li>Dual SIM za dodatnu stabilnost i pouzdanost konekcije<\/li>\n<li>Vi\u0161estruku digitalni I\/O za upravljanje vanjskim ure\u0111ajima i notifikacije<\/li>\n<li>RS232\/RS485 serijski interfejs<\/li>\n<li>1 WAN i 3 LAN porta<\/li>\n<li>WiFi s podr\u0161kom za do 100 istovremenih korisnika<\/li>\n<\/ul>\n\t\t<\/div>\n\t\t\t\t\n<style>\n#col-1110960180 > .col-inner {\n  padding: 0px 1em 0px 0px;\n}\n<\/style>\n\t<\/div>\n\n\t\n\n\t<div id=\"col-638742959\" class=\"col medium-6 small-12 large-6\"  data-animate=\"fadeInRight\">\n\t\t\t\t<div class=\"col-inner\"  >\n\t\t\t\n\t\t\t\n\t<div class=\"img has-hover x md-x lg-x y md-y lg-y\" id=\"image_1733613697\">\n\t\t\t\t\t\t\t\t<div class=\"img-inner dark\" >\n\t\t\t<img loading=\"lazy\" decoding=\"async\" width=\"1051\" height=\"907\" src=\"https:\/\/mreze.shop\/wp-content\/uploads\/2023\/04\/Rut956_hd_10_demo.png\" class=\"attachment-original size-original\" alt=\"\" srcset=\"https:\/\/mreze.shop\/wp-content\/uploads\/2023\/04\/Rut956_hd_10_demo.png 1051w, https:\/\/mreze.shop\/wp-content\/uploads\/2023\/04\/Rut956_hd_10_demo-464x400.png 464w, https:\/\/mreze.shop\/wp-content\/uploads\/2023\/04\/Rut956_hd_10_demo-927x800.png 927w, https:\/\/mreze.shop\/wp-content\/uploads\/2023\/04\/Rut956_hd_10_demo-768x663.png 768w, https:\/\/mreze.shop\/wp-content\/uploads\/2023\/04\/Rut956_hd_10_demo-750x647.png 750w\" sizes=\"auto, (max-width: 1051px) 100vw, 1051px\" \/>\t\t\t\t\t\t\n\t\t\t\t\t<\/div>\n\t\t\t\t\t\t\t\t\n<style>\n#image_1733613697 {\n  width: 91%;\n}\n<\/style>\n\t<\/div>\n\t\n\t\t<\/div>\n\t\t\t\t\n<style>\n#col-638742959 > .col-inner {\n  padding: 0px 0px 0px 1em;\n}\n<\/style>\n\t<\/div>\n\n\t\n<\/div>\n\n\t<section class=\"section dark\" id=\"section_1954054199\">\n\t\t<div class=\"section-bg fill\" >\n\t\t\t\t\t\t\t\t\t\n\t\t\t\n\n\t\t<\/div>\n\n\t\t\t<div class=\"ux-shape-divider ux-shape-divider--top ux-shape-divider--style-tilt\">\n\t\t<svg viewBox=\"0 0 1000 100\" xmlns=\"http:\/\/www.w3.org\/2000\/svg\" preserveAspectRatio=\"none\">\n\t<path class=\"ux-shape-fill\" d=\"M1000 100V0L-40 100H1000Z\"\/>\n<\/svg>\n\t<\/div>\n\n\t<div class=\"ux-shape-divider ux-shape-divider--bottom ux-shape-divider--style-tilt\">\n\t\t<svg viewBox=\"0 0 1000 100\" xmlns=\"http:\/\/www.w3.org\/2000\/svg\" preserveAspectRatio=\"none\">\n\t<path class=\"ux-shape-fill\" d=\"M1000 100V0L-40 100H1000Z\"\/>\n<\/svg>\n\t<\/div>\n\n\t\t<div class=\"section-content relative\">\n\t\t\t\n<div class=\"row row-collapse row-full-width align-equal align-center\"  id=\"row-835169659\">\n\n\t<div id=\"col-1680642858\" class=\"col small-12 large-12\"  >\n\t\t\t\t<div class=\"col-inner text-center\"  >\n\t\t\t\n\t\t\t\n<div class=\"container section-title-container\" ><h2 class=\"section-title section-title-center\"><b aria-hidden=\"true\"><\/b><span class=\"section-title-main\" style=\"color:rgb(11, 61, 120);\">Svi detalji o ovom ure\u0111aju<\/span><b aria-hidden=\"true\"><\/b><\/h2><\/div>\n\t<div id=\"text-2986778726\" class=\"text\">\n\t\t\n<p class=\"lead\">Pogledajte kratki &#8222;Quick start&#8220; video vodi\u010d za <strong>Teltonika RUT956 <\/strong>industrijski router ili prou\u010dite sve detalje na iscrpnom Teltonika Wiki portalu.<\/p>\n\t\t\n<style>\n#text-2986778726 {\n  text-align: center;\n  color: rgb(11, 61, 120);\n}\n#text-2986778726 > * {\n  color: rgb(11, 61, 120);\n}\n<\/style>\n\t<\/div>\n\t\n<div class=\"row\"  id=\"row-1929567797\">\n\n\t<div id=\"col-1250569435\" class=\"col hide-for-small medium-3 small-12 large-3\"  >\n\t\t\t\t<div class=\"col-inner\"  >\n\t\t\t\n\t\t\t\n\t\t<\/div>\n\t\t\t\t\t<\/div>\n\n\t\n\n\t<div id=\"col-95574769\" class=\"col medium-6 small-12 large-6\"  >\n\t\t\t\t<div class=\"col-inner\"  >\n\t\t\t\n\t\t\t\n<div class=\"video video-fit mb\" style=\"padding-top:56.25%;\"><p><iframe loading=\"lazy\" title=\"RUT956 Industrial Cellular Router Quick Start Guide | Teltonika Networks\" width=\"1020\" height=\"574\" src=\"https:\/\/www.youtube.com\/embed\/b0V_qs8ntjs?feature=oembed\" frameborder=\"0\" allow=\"accelerometer; autoplay; clipboard-write; encrypted-media; gyroscope; picture-in-picture; web-share\" referrerpolicy=\"strict-origin-when-cross-origin\" allowfullscreen><\/iframe><\/p>\n<\/div>\n\t\t<\/div>\n\t\t\t\t\t<\/div>\n\n\t\n\n\t<div id=\"col-919322802\" class=\"col hide-for-small medium-3 small-12 large-3\"  >\n\t\t\t\t<div class=\"col-inner\"  >\n\t\t\t\n\t\t\t\n\t\t<\/div>\n\t\t\t\t\t<\/div>\n\n\t\n<\/div>\n<a href=\"https:\/\/wiki.teltonika-networks.com\/view\/RUT956\" target=\"_blank\" class=\"button secondary\" rel=\"noopener\" >\n\t\t<span>Teltonika Wiki<\/span>\n\t<\/a>\n\n\t\t<\/div>\n\t\t\t\t\n<style>\n#col-1680642858 > .col-inner {\n  padding: 3em 0px 3em 0px;\n}\n<\/style>\n\t<\/div>\n\n\t\n<\/div>\n\t\t<\/div>\n\n\t\t\n<style>\n#section_1954054199 {\n  padding-top: 100px;\n  padding-bottom: 100px;\n  background-color: rgb(238, 238, 238);\n}\n#section_1954054199 .ux-shape-divider--top svg {\n  height: 150px;\n  --divider-top-width: 187%;\n}\n#section_1954054199 .ux-shape-divider--top .ux-shape-fill {\n  fill: rgb(255,255,255);\n}\n#section_1954054199 .ux-shape-divider--bottom svg {\n  height: 150px;\n  --divider-width: 187%;\n}\n<\/style>\n\t<\/section>\n\t\n\n\t<section class=\"section\" id=\"section_78853181\">\n\t\t<div class=\"section-bg fill\" >\n\t\t\t\t\t\t\t\t\t\n\t\t\t\n\n\t\t<\/div>\n\n\t\t\n\n\t\t<div class=\"section-content relative\">\n\t\t\t\n\t<div id=\"text-1581511891\" class=\"text\">\n\t\t\n<h2>Povezani \u010dlanci i primeri upotrebe<\/h2>\n<p>Na\u0161i \u010dlanci \u0107e vas upoznati s tehnologijama, a primeri upotrebe \u0107e dati uvid u prakti\u010dnu primenu ure\u0111aja iz mreze.shop ponude.<br \/>\n\t\t\n<style>\n#text-1581511891 {\n  text-align: center;\n}\n<\/style>\n\t<\/div>\n\t\n\t<div id=\"gap-1106608766\" class=\"gap-element clearfix\" style=\"display:block; height:auto;\">\n\t\t\n<style>\n#gap-1106608766 {\n  padding-top: 50px;\n}\n<\/style>\n\t<\/div>\n\t\n\n  \n    <div class=\"row large-columns-2 medium-columns-1 small-columns-1 slider row-slider slider-nav-simple slider-nav-outside\"  data-flickity-options='{&quot;imagesLoaded&quot;: true, &quot;groupCells&quot;: &quot;100%&quot;, &quot;dragThreshold&quot; : 5, &quot;cellAlign&quot;: &quot;left&quot;,&quot;wrapAround&quot;: true,&quot;prevNextButtons&quot;: true,&quot;percentPosition&quot;: true,&quot;pageDots&quot;: true, &quot;rightToLeft&quot;: false, &quot;autoPlay&quot; : false}' >\n\n  <\/div>\n\t\t<\/div>\n\n\t\t\n<style>\n#section_78853181 {\n  padding-top: 30px;\n  padding-bottom: 30px;\n}\n<\/style>\n\t<\/section>\n\t\n","protected":false},"excerpt":{"rendered":"<p>Industrijski router sa ethernet, digitalnim i analognim I\/O, RS232, RS485, GNSS (GPS), microSD i USB interfejsom koji omogu\u0107uju neverovatnu razliku scenarija industrijske primene. Uz RutOS napredne softverske karakteristike.<\/p>\n<ul>\n<li>4G\/LTE, 3G i 2G router<\/li>\n<li>vi\u0161estruku digitalni i analogni ulazi i izlazi<\/li>\n<li>Serijski portovi (RS232 i RS485)<\/li>\n<li>GNSS lokacijski servisi i sinkronizacija<\/li>\n<li>Dual SIM<\/li>\n<li>WiFi za istovremenih 100 korisnika<\/li>\n<\/ul>\n<p>&nbsp;<\/p>\n","protected":false},"featured_media":8237,"template":"","meta":[],"product_brand":[],"product_cat":[277],"product_tag":[],"class_list":{"0":"post-5174","1":"product","2":"type-product","3":"status-publish","4":"has-post-thumbnail","6":"product_cat-routeri-sr","7":"product_shipping_class-dostava-prema-ponudi-sr","9":"first","10":"onbackorder","11":"taxable","12":"shipping-taxable","13":"purchasable","14":"product-type-simple"},"_links":{"self":[{"href":"https:\/\/mreze.shop\/sr\/wp-json\/wp\/v2\/product\/5174","targetHints":{"allow":["GET"]}}],"collection":[{"href":"https:\/\/mreze.shop\/sr\/wp-json\/wp\/v2\/product"}],"about":[{"href":"https:\/\/mreze.shop\/sr\/wp-json\/wp\/v2\/types\/product"}],"wp:featuredmedia":[{"embeddable":true,"href":"https:\/\/mreze.shop\/sr\/wp-json\/wp\/v2\/media\/8237"}],"wp:attachment":[{"href":"https:\/\/mreze.shop\/sr\/wp-json\/wp\/v2\/media?parent=5174"}],"wp:term":[{"taxonomy":"product_brand","embeddable":true,"href":"https:\/\/mreze.shop\/sr\/wp-json\/wp\/v2\/product_brand?post=5174"},{"taxonomy":"product_cat","embeddable":true,"href":"https:\/\/mreze.shop\/sr\/wp-json\/wp\/v2\/product_cat?post=5174"},{"taxonomy":"product_tag","embeddable":true,"href":"https:\/\/mreze.shop\/sr\/wp-json\/wp\/v2\/product_tag?post=5174"}],"curies":[{"name":"wp","href":"https:\/\/api.w.org\/{rel}","templated":true}]}}