{"id":4774,"date":"2023-02-20T12:26:47","date_gmt":"2023-02-20T11:26:47","guid":{"rendered":"https:\/\/mreze.shop\/proizvod\/industrijski-5g-router-rutx50-teltonika\/"},"modified":"2026-03-25T11:02:48","modified_gmt":"2026-03-25T10:02:48","slug":"industrijski-5g-router-rutx50-teltonika","status":"publish","type":"product","link":"https:\/\/mreze.shop\/sr\/proizvod\/industrijski-5g-router-rutx50-teltonika\/","title":{"rendered":"Industrijski 5G router RUTX50, Teltonika"},"content":{"rendered":"\t<div id=\"gap-1776869351\" class=\"gap-element clearfix\" style=\"display:block; height:auto;\">\n\t\t\n<style>\n#gap-1776869351 {\n  padding-top: 30px;\n}\n<\/style>\n\t<\/div>\n\t\n<div class=\"row align-middle\"  id=\"row-333728913\">\n\n\t<div id=\"col-360247494\" class=\"col medium-6 small-12 large-6\"  data-animate=\"fadeInLeft\">\n\t\t\t\t<div class=\"col-inner\"  >\n\t\t\t\n\t\t\t\n<h2>&#8222;Multi-network&#8220; industrijski router<\/h2>\n<div class=\"is-divider divider clearfix\" style=\"max-width:100%;\"><\/div>\n<p>RUTX50 je va\u0161 multi-mre\u017eni industrijski usmeriva\u010d otporan na budu\u0107nost, koji nudi 5G mobilnu komunikaciju za aplikacije velike brzine i velike koli\u010dine podataka.<\/p>\n<p>5G dual SIM mobilna komunikacija u kombinaciji s 5 gigabitnih Ethernet priklju\u010daka i dvopojasnim Wi-Fi-jem omogu\u0107uje pouzdan prenos podataka s ultraniskom latencijom.<\/p>\n<p>Snaga 5G tehnologije, u kombinaciji sa \u0161irokim rasponom interfejsom i industrijskih hardverskih karakteristikama, osigurava prilagodljivost za budu\u0107e nadogradnje i pro\u0161irenja.<\/p>\n<p>RUTX50 dolazi s RutOS-om, koji pru\u017ea napredne sigurnosne funkcije i specijalizirane industrijske protokole za razli\u010dite scenarije profesionalnih aplikacija. Tako\u0111e, kompatibilan je sa na\u0161im sistemom daljinskog upravljanja (RMS), \u0161to omogu\u0107ava optimizovano daljinsko upravljanje i pra\u0107enje velikih flota ure\u0111aja.<\/p>\n<ul>\n<li>Ultra visoke 5G brzine do 3.3 Gbps<\/li>\n<li>Podr\u0161ka za SA i NSA 5G arhitekture<\/li>\n<li>Ultra niska latencija<\/li>\n<li>Neprekidna komunikacija uz Dual SIM<\/li>\n<li>Dual-band WiFi propusnost za do 150 istovremenih korisnika<\/li>\n<\/ul>\n\t\t<\/div>\n\t\t\t\t\n<style>\n#col-360247494 > .col-inner {\n  padding: 0px 1em 0px 0px;\n}\n<\/style>\n\t<\/div>\n\n\t\n\n\t<div id=\"col-1977467445\" class=\"col medium-6 small-12 large-6\"  data-animate=\"fadeInRight\">\n\t\t\t\t<div class=\"col-inner\"  >\n\t\t\t\n\t\t\t\n\t<div class=\"img has-hover x md-x lg-x y md-y lg-y\" id=\"image_356928244\">\n\t\t\t\t\t\t\t\t<div class=\"img-inner dark\" >\n\t\t\t<img loading=\"lazy\" decoding=\"async\" width=\"750\" height=\"750\" src=\"https:\/\/mreze.shop\/wp-content\/uploads\/2023\/01\/Industrijski-ruter-Teltonika-RUTX-50-1005-1.jpg\" class=\"attachment-original size-original\" alt=\"\" srcset=\"https:\/\/mreze.shop\/wp-content\/uploads\/2023\/01\/Industrijski-ruter-Teltonika-RUTX-50-1005-1.jpg 750w, https:\/\/mreze.shop\/wp-content\/uploads\/2023\/01\/Industrijski-ruter-Teltonika-RUTX-50-1005-1-350x350.jpg 350w, https:\/\/mreze.shop\/wp-content\/uploads\/2023\/01\/Industrijski-ruter-Teltonika-RUTX-50-1005-1-100x100.jpg 100w, https:\/\/mreze.shop\/wp-content\/uploads\/2023\/01\/Industrijski-ruter-Teltonika-RUTX-50-1005-1-510x510.jpg 510w, https:\/\/mreze.shop\/wp-content\/uploads\/2023\/01\/Industrijski-ruter-Teltonika-RUTX-50-1005-1-400x400.jpg 400w, https:\/\/mreze.shop\/wp-content\/uploads\/2023\/01\/Industrijski-ruter-Teltonika-RUTX-50-1005-1-280x280.jpg 280w\" sizes=\"auto, (max-width: 750px) 100vw, 750px\" \/>\t\t\t\t\t\t\n\t\t\t\t\t<\/div>\n\t\t\t\t\t\t\t\t\n<style>\n#image_356928244 {\n  width: 74%;\n}\n<\/style>\n\t<\/div>\n\t\n\t\t<\/div>\n\t\t\t\t\n<style>\n#col-1977467445 > .col-inner {\n  padding: 0px 0px 0px 1em;\n}\n<\/style>\n\t<\/div>\n\n\t\n<\/div>\n\n\t<section class=\"section dark\" id=\"section_1676788698\">\n\t\t<div class=\"section-bg fill\" >\n\t\t\t\t\t\t\t\t\t\n\t\t\t\n\n\t\t<\/div>\n\n\t\t\t<div class=\"ux-shape-divider ux-shape-divider--top ux-shape-divider--style-tilt\">\n\t\t<svg viewBox=\"0 0 1000 100\" xmlns=\"http:\/\/www.w3.org\/2000\/svg\" preserveAspectRatio=\"none\">\n\t<path class=\"ux-shape-fill\" d=\"M1000 100V0L-40 100H1000Z\"\/>\n<\/svg>\n\t<\/div>\n\n\t<div class=\"ux-shape-divider ux-shape-divider--bottom ux-shape-divider--style-tilt\">\n\t\t<svg viewBox=\"0 0 1000 100\" xmlns=\"http:\/\/www.w3.org\/2000\/svg\" preserveAspectRatio=\"none\">\n\t<path class=\"ux-shape-fill\" d=\"M1000 100V0L-40 100H1000Z\"\/>\n<\/svg>\n\t<\/div>\n\n\t\t<div class=\"section-content relative\">\n\t\t\t\n<div class=\"row row-collapse row-full-width align-equal align-center\"  id=\"row-523519966\">\n\n\t<div id=\"col-803229235\" class=\"col small-12 large-12\"  >\n\t\t\t\t<div class=\"col-inner text-center\"  >\n\t\t\t\n\t\t\t\n<div class=\"container section-title-container\" ><h2 class=\"section-title section-title-center\"><b aria-hidden=\"true\"><\/b><span class=\"section-title-main\" style=\"color:rgb(11, 61, 120);\">Svi detalji o ovom ure\u0111aju<\/span><b aria-hidden=\"true\"><\/b><\/h2><\/div>\n\t<div id=\"text-3675862016\" class=\"text\">\n\t\t\n<p class=\"lead\">Pogledajte kratki &#8222;Quick start&#8220; video vodi\u010d za <strong>Teltonika RUTX50 <\/strong>industrijski router ili prou\u010dite sve detalje na Teltonika Wiki portalu.<\/p>\n\t\t\n<style>\n#text-3675862016 {\n  text-align: center;\n  color: rgb(11, 61, 120);\n}\n#text-3675862016 > * {\n  color: rgb(11, 61, 120);\n}\n<\/style>\n\t<\/div>\n\t\n<div class=\"row\"  id=\"row-1445272631\">\n\n\t<div id=\"col-375722253\" class=\"col medium-3 small-12 large-3\"  >\n\t\t\t\t<div class=\"col-inner\"  >\n\t\t\t\n\t\t\t\n\t\t<\/div>\n\t\t\t\t\t<\/div>\n\n\t\n\n\t<div id=\"col-2037389503\" class=\"col medium-6 small-12 large-6\"  >\n\t\t\t\t<div class=\"col-inner\"  >\n\t\t\t\n\t\t\t\n<div class=\"video video-fit mb\" style=\"padding-top:56.25%;\"><p><iframe loading=\"lazy\" title=\"RUTX50 - Industrial 5G Router\" width=\"1020\" height=\"574\" src=\"https:\/\/www.youtube.com\/embed\/4tO19pOJSx4?feature=oembed\" frameborder=\"0\" allow=\"accelerometer; autoplay; clipboard-write; encrypted-media; gyroscope; picture-in-picture; web-share\" allowfullscreen><\/iframe><\/p>\n<\/div>\n\t\t<\/div>\n\t\t\t\t\t<\/div>\n\n\t\n\n\t<div id=\"col-593868266\" class=\"col medium-3 small-12 large-3\"  >\n\t\t\t\t<div class=\"col-inner\"  >\n\t\t\t\n\t\t\t\n\t\t<\/div>\n\t\t\t\t\t<\/div>\n\n\t\n<\/div>\n<a href=\"https:\/\/wiki.teltonika-networks.com\/view\/RUTX50\" target=\"_blank\" class=\"button secondary\" rel=\"noopener\" >\n\t\t<span>Teltonika Wiki<\/span>\n\t<\/a>\n\n\t\t<\/div>\n\t\t\t\t\n<style>\n#col-803229235 > .col-inner {\n  padding: 3em 0px 3em 0px;\n}\n<\/style>\n\t<\/div>\n\n\t\n<\/div>\n\t\t<\/div>\n\n\t\t\n<style>\n#section_1676788698 {\n  padding-top: 100px;\n  padding-bottom: 100px;\n  background-color: rgb(238, 238, 238);\n}\n#section_1676788698 .ux-shape-divider--top svg {\n  height: 150px;\n  --divider-top-width: 187%;\n}\n#section_1676788698 .ux-shape-divider--top .ux-shape-fill {\n  fill: rgb(255,255,255);\n}\n#section_1676788698 .ux-shape-divider--bottom svg {\n  height: 150px;\n  --divider-width: 187%;\n}\n<\/style>\n\t<\/section>\n\t\n<div class=\"row align-middle\"  id=\"row-380778623\">\n\n\t<div id=\"col-2019569032\" class=\"col medium-6 small-12 large-6\"  data-animate=\"fadeInRight\">\n\t\t\t\t<div class=\"col-inner\"  >\n\t\t\t\n\t\t\t\n\t<div class=\"img has-hover x md-x lg-x y md-y lg-y\" id=\"image_1312947009\">\n\t\t\t\t\t\t\t\t<div class=\"img-inner dark\" >\n\t\t\t<img loading=\"lazy\" decoding=\"async\" width=\"750\" height=\"750\" src=\"https:\/\/mreze.shop\/wp-content\/uploads\/2023\/01\/Industrijski-ruter-Teltonika-RUTX-50-1005-2.jpg\" class=\"attachment-large size-large\" alt=\"\" srcset=\"https:\/\/mreze.shop\/wp-content\/uploads\/2023\/01\/Industrijski-ruter-Teltonika-RUTX-50-1005-2.jpg 750w, https:\/\/mreze.shop\/wp-content\/uploads\/2023\/01\/Industrijski-ruter-Teltonika-RUTX-50-1005-2-350x350.jpg 350w, https:\/\/mreze.shop\/wp-content\/uploads\/2023\/01\/Industrijski-ruter-Teltonika-RUTX-50-1005-2-100x100.jpg 100w, https:\/\/mreze.shop\/wp-content\/uploads\/2023\/01\/Industrijski-ruter-Teltonika-RUTX-50-1005-2-510x510.jpg 510w, https:\/\/mreze.shop\/wp-content\/uploads\/2023\/01\/Industrijski-ruter-Teltonika-RUTX-50-1005-2-400x400.jpg 400w, https:\/\/mreze.shop\/wp-content\/uploads\/2023\/01\/Industrijski-ruter-Teltonika-RUTX-50-1005-2-280x280.jpg 280w\" sizes=\"auto, (max-width: 750px) 100vw, 750px\" \/>\t\t\t\t\t\t\n\t\t\t\t\t<\/div>\n\t\t\t\t\t\t\t\t\n<style>\n#image_1312947009 {\n  width: 85%;\n}\n<\/style>\n\t<\/div>\n\t\n\t\t<\/div>\n\t\t\t\t\n<style>\n#col-2019569032 > .col-inner {\n  padding: 0px 0px 0px 1em;\n}\n<\/style>\n\t<\/div>\n\n\t\n\n\t<div id=\"col-1504984147\" class=\"col medium-6 small-12 large-6\"  data-animate=\"fadeInLeft\">\n\t\t\t\t<div class=\"col-inner\"  >\n\t\t\t\n\t\t\t\n<h2>Sadr\u017eaj pakirovanja<\/h2>\n<div class=\"is-divider divider clearfix\" style=\"max-width:100%;\"><\/div>\n<ul>\n<li>Ruter RUTX50<\/li>\n<li>18 W PSU<\/li>\n<li>4 x mobilne antene (okretne, SMA mu\u0161ke)<\/li>\n<li>2 x WiFi antene (magnetni nosa\u010d, RP-SMA mu\u0161ki, 1,5 m kabel)<\/li>\n<li>1 x GNSS antena (lepljiva, SMA mu\u0161ka, kabel od 3 m)<\/li>\n<li>Ethernet kabel (1,5 m)<\/li>\n<li>Komplet SIM adaptera<\/li>\n<li>QSG (Vodi\u010d za brzi po\u010detak)<\/li>\n<\/ul>\n\t\t<\/div>\n\t\t\t\t\n<style>\n#col-1504984147 > .col-inner {\n  padding: 0px 1em 0px 0px;\n}\n<\/style>\n\t<\/div>\n\n\t\n<\/div>\n\n\t<section class=\"section\" id=\"section_849412363\">\n\t\t<div class=\"section-bg fill\" >\n\t\t\t\t\t\t\t\t\t\n\t\t\t\n\n\t\t<\/div>\n\n\t\t\n\n\t\t<div class=\"section-content relative\">\n\t\t\t\n\t<div id=\"gap-61314426\" class=\"gap-element clearfix\" style=\"display:block; height:auto;\">\n\t\t\n<style>\n#gap-61314426 {\n  padding-top: 50px;\n}\n<\/style>\n\t<\/div>\n\t\n\n  \n    <div class=\"row large-columns-2 medium-columns-1 small-columns-1 slider row-slider slider-nav-simple slider-nav-outside\"  data-flickity-options='{&quot;imagesLoaded&quot;: true, &quot;groupCells&quot;: &quot;100%&quot;, &quot;dragThreshold&quot; : 5, &quot;cellAlign&quot;: &quot;left&quot;,&quot;wrapAround&quot;: true,&quot;prevNextButtons&quot;: true,&quot;percentPosition&quot;: true,&quot;pageDots&quot;: true, &quot;rightToLeft&quot;: false, &quot;autoPlay&quot; : false}' >\n\n  <\/div>\n\t\t<\/div>\n\n\t\t\n<style>\n#section_849412363 {\n  padding-top: 30px;\n  padding-bottom: 30px;\n}\n<\/style>\n\t<\/section>\n\t\n","protected":false},"excerpt":{"rendered":"<p><b>RUTX50<\/b> je robustan industrijski 5G router opremljen s 5x Gigabit Ethernet portova, WiFi, Dual-SIM, GPS, sna\u017enim procesorom i RutOS softwareom za napredna mre\u017ena re\u0161enja.<\/p>\n<ul>\n<li>do 150 istovremenih WiFi klijenata<\/li>\n<li>5G (SA&amp;NSA arhitekture)<\/li>\n<li>Dual SIM<\/li>\n<\/ul>\n","protected":false},"featured_media":4676,"template":"","meta":[],"product_brand":[],"product_cat":[277],"product_tag":[],"class_list":{"0":"post-4774","1":"product","2":"type-product","3":"status-publish","4":"has-post-thumbnail","6":"product_cat-routeri-sr","7":"product_shipping_class-dostava-prema-ponudi-sr","9":"first","10":"onbackorder","11":"taxable","12":"shipping-taxable","13":"purchasable","14":"product-type-simple"},"_links":{"self":[{"href":"https:\/\/mreze.shop\/sr\/wp-json\/wp\/v2\/product\/4774","targetHints":{"allow":["GET"]}}],"collection":[{"href":"https:\/\/mreze.shop\/sr\/wp-json\/wp\/v2\/product"}],"about":[{"href":"https:\/\/mreze.shop\/sr\/wp-json\/wp\/v2\/types\/product"}],"wp:featuredmedia":[{"embeddable":true,"href":"https:\/\/mreze.shop\/sr\/wp-json\/wp\/v2\/media\/4676"}],"wp:attachment":[{"href":"https:\/\/mreze.shop\/sr\/wp-json\/wp\/v2\/media?parent=4774"}],"wp:term":[{"taxonomy":"product_brand","embeddable":true,"href":"https:\/\/mreze.shop\/sr\/wp-json\/wp\/v2\/product_brand?post=4774"},{"taxonomy":"product_cat","embeddable":true,"href":"https:\/\/mreze.shop\/sr\/wp-json\/wp\/v2\/product_cat?post=4774"},{"taxonomy":"product_tag","embeddable":true,"href":"https:\/\/mreze.shop\/sr\/wp-json\/wp\/v2\/product_tag?post=4774"}],"curies":[{"name":"wp","href":"https:\/\/api.w.org\/{rel}","templated":true}]}}