{"id":4768,"date":"2023-02-19T16:00:59","date_gmt":"2023-02-19T15:00:59","guid":{"rendered":"https:\/\/mreze.shop\/proizvod\/industrijski-switch-tsw100-teltonika\/"},"modified":"2024-04-17T11:33:11","modified_gmt":"2024-04-17T09:33:11","slug":"industrijski-switch-tsw100-teltonika","status":"publish","type":"product","link":"https:\/\/mreze.shop\/sr\/proizvod\/industrijski-switch-tsw100-teltonika\/","title":{"rendered":"Industrijski switch TSW100, Teltonika"},"content":{"rendered":"\t<div id=\"gap-1724384858\" class=\"gap-element clearfix\" style=\"display:block; height:auto;\">\n\t\t\n<style>\n#gap-1724384858 {\n  padding-top: 30px;\n}\n<\/style>\n\t<\/div>\n\t\n<div class=\"row align-middle\"  id=\"row-1374015789\">\n\n\t<div id=\"col-603547796\" class=\"col medium-6 small-12 large-6\"  data-animate=\"fadeInLeft\">\n\t\t\t\t<div class=\"col-inner\"  >\n\t\t\t\n\t\t\t\n<h2>Velika propusnost podataka i PoE napajanje<\/h2>\n<div class=\"is-divider divider clearfix\" style=\"max-width:100%;\"><\/div>\n<p>TSW100 je po\u010detni industrijski neupravljani preklopnik kompanijeTeltonika Networks. Opremljen s pet gigabitnih Ethernet priklju\u010daka, od kojih \u010detiri podr\u017eavaju IEEE802.3af i IEEE802.3at Power-over-Ethernet standarde (PoE).<\/p>\n<p>Klasificiran je kao oprema za izvor napajanja (PSE) te omogu\u0107uje centralizaciju napajanja, pru\u017eaju\u0107i do 30 vata po portu i smanjuju\u0107i potrebe za instalaciju posebnih napajanja. Ima 10\/100\/1000 Mbps Ethernet priklju\u010dke za ekonomi\u010dno re\u0161enje velike propusnosti.<\/p>\n<p>Idealna je za profesionalne aplikacije visoke propusnosti koje pru\u017eaju oboje: pouzdanu podatkovnu vezu i napajanje.<\/p>\n<ul>\n<li>Power over Ethernet (PoE+) na 4 porta<\/li>\n<li>30W napajanja po portu, 120W ukupno<\/li>\n<li>5 Gigabit Ethernet portova brzine do 1000 Mbps<\/li>\n<li>Plug-and-Play bez potreba za dodatnom konfiguracijom<\/li>\n<li>Izdr\u017eljivo aluminijsko ku\u0107i\u0161te i otpornost na uvete u radnoj okolini<\/li>\n<\/ul>\n\t\t<\/div>\n\t\t\t\t\n<style>\n#col-603547796 > .col-inner {\n  padding: 0px 1em 0px 0px;\n}\n<\/style>\n\t<\/div>\n\n\t\n\n\t<div id=\"col-1844572884\" class=\"col medium-6 small-12 large-6\"  data-animate=\"fadeInRight\">\n\t\t\t\t<div class=\"col-inner\"  >\n\t\t\t\n\t\t\t\n\t<div class=\"img has-hover x md-x lg-x y md-y lg-y\" id=\"image_1780743333\">\n\t\t\t\t\t\t\t\t<div class=\"img-inner dark\" >\n\t\t\t<img loading=\"lazy\" decoding=\"async\" width=\"750\" height=\"750\" src=\"https:\/\/mreze.shop\/wp-content\/uploads\/2023\/02\/Industrijski-switch-TSW100-1020-1.jpg\" class=\"attachment-large size-large\" alt=\"\" srcset=\"https:\/\/mreze.shop\/wp-content\/uploads\/2023\/02\/Industrijski-switch-TSW100-1020-1.jpg 750w, https:\/\/mreze.shop\/wp-content\/uploads\/2023\/02\/Industrijski-switch-TSW100-1020-1-350x350.jpg 350w, https:\/\/mreze.shop\/wp-content\/uploads\/2023\/02\/Industrijski-switch-TSW100-1020-1-100x100.jpg 100w, https:\/\/mreze.shop\/wp-content\/uploads\/2023\/02\/Industrijski-switch-TSW100-1020-1-510x510.jpg 510w, https:\/\/mreze.shop\/wp-content\/uploads\/2023\/02\/Industrijski-switch-TSW100-1020-1-400x400.jpg 400w, https:\/\/mreze.shop\/wp-content\/uploads\/2023\/02\/Industrijski-switch-TSW100-1020-1-280x280.jpg 280w\" sizes=\"auto, (max-width: 750px) 100vw, 750px\" \/>\t\t\t\t\t\t\n\t\t\t\t\t<\/div>\n\t\t\t\t\t\t\t\t\n<style>\n#image_1780743333 {\n  width: 74%;\n}\n<\/style>\n\t<\/div>\n\t\n\t\t<\/div>\n\t\t\t\t\n<style>\n#col-1844572884 > .col-inner {\n  padding: 0px 0px 0px 1em;\n}\n<\/style>\n\t<\/div>\n\n\t\n<\/div>\n\n\t<section class=\"section dark\" id=\"section_378260556\">\n\t\t<div class=\"section-bg fill\" >\n\t\t\t\t\t\t\t\t\t\n\t\t\t\n\n\t\t<\/div>\n\n\t\t\t<div class=\"ux-shape-divider ux-shape-divider--top ux-shape-divider--style-tilt\">\n\t\t<svg viewBox=\"0 0 1000 100\" xmlns=\"http:\/\/www.w3.org\/2000\/svg\" preserveAspectRatio=\"none\">\n\t<path class=\"ux-shape-fill\" d=\"M1000 100V0L-40 100H1000Z\"\/>\n<\/svg>\n\t<\/div>\n\n\t<div class=\"ux-shape-divider ux-shape-divider--bottom ux-shape-divider--style-tilt\">\n\t\t<svg viewBox=\"0 0 1000 100\" xmlns=\"http:\/\/www.w3.org\/2000\/svg\" preserveAspectRatio=\"none\">\n\t<path class=\"ux-shape-fill\" d=\"M1000 100V0L-40 100H1000Z\"\/>\n<\/svg>\n\t<\/div>\n\n\t\t<div class=\"section-content relative\">\n\t\t\t\n<div class=\"row row-collapse row-full-width align-equal align-center\"  id=\"row-1954093278\">\n\n\t<div id=\"col-1102572170\" class=\"col small-12 large-12\"  >\n\t\t\t\t<div class=\"col-inner text-center\"  >\n\t\t\t\n\t\t\t\n<div class=\"container section-title-container\" ><h2 class=\"section-title section-title-center\"><b aria-hidden=\"true\"><\/b><span class=\"section-title-main\" style=\"color:rgb(11, 61, 120);\">Svi detalji o ovom ure\u0111aju<\/span><b aria-hidden=\"true\"><\/b><\/h2><\/div>\n\t<div id=\"text-1521575987\" class=\"text\">\n\t\t\n<p class=\"lead\">Pogledajte kratki &#8222;Quick start&#8220; video vodi\u010d za <strong>Teltonika TSW100<\/strong> industrijski switch ili prou\u010dite sve detalje na Teltonika Wiki portalu.<\/p>\n\t\t\n<style>\n#text-1521575987 {\n  text-align: center;\n  color: rgb(11, 61, 120);\n}\n#text-1521575987 > * {\n  color: rgb(11, 61, 120);\n}\n<\/style>\n\t<\/div>\n\t\n<a href=\"https:\/\/www.youtube.com\/watch?v=CLs6IGH59NA\" target=\"_blank\" class=\"button primary\" rel=\"noopener\" >\n\t\t<span>Quick start Video<\/span>\n\t<i class=\"icon-youtube\" aria-hidden=\"true\"><\/i><\/a>\n\n<a href=\"https:\/\/wiki.teltonika-networks.com\/view\/TSW100\" target=\"_blank\" class=\"button secondary\" rel=\"noopener\" >\n\t\t<span>Teltonika Wiki<\/span>\n\t<\/a>\n\n\t\t<\/div>\n\t\t\t\t\n<style>\n#col-1102572170 > .col-inner {\n  padding: 3em 0px 3em 0px;\n}\n<\/style>\n\t<\/div>\n\n\t\n<\/div>\n\t\t<\/div>\n\n\t\t\n<style>\n#section_378260556 {\n  padding-top: 100px;\n  padding-bottom: 100px;\n  background-color: rgb(238, 238, 238);\n}\n#section_378260556 .ux-shape-divider--top svg {\n  height: 150px;\n  --divider-top-width: 187%;\n}\n#section_378260556 .ux-shape-divider--top .ux-shape-fill {\n  fill: rgb(255,255,255);\n}\n#section_378260556 .ux-shape-divider--bottom svg {\n  height: 150px;\n  --divider-width: 187%;\n}\n<\/style>\n\t<\/section>\n\t\n\n\t<section class=\"section\" id=\"section_1379028277\">\n\t\t<div class=\"section-bg fill\" >\n\t\t\t\t\t\t\t\t\t\n\t\t\t\n\n\t\t<\/div>\n\n\t\t\n\n\t\t<div class=\"section-content relative\">\n\t\t\t\n\t<div id=\"text-3291790931\" class=\"text\">\n\t\t\n<h2>Povezani \u010dlanci i primeri upotrebe<\/h2>\n<p>Na\u0161i \u010dlanci \u0107e vas upoznati s tehnologijama, a primeri upotrebe \u0107e dati uvid u prakti\u010dnu primenu ure\u0111aja iz mreze.shop ponude.<br \/>\n\t\t\n<style>\n#text-3291790931 {\n  text-align: center;\n}\n<\/style>\n\t<\/div>\n\t\n\t<div id=\"gap-639330409\" class=\"gap-element clearfix\" style=\"display:block; height:auto;\">\n\t\t\n<style>\n#gap-639330409 {\n  padding-top: 50px;\n}\n<\/style>\n\t<\/div>\n\t\n\n  \n    <div class=\"row large-columns-2 medium-columns-1 small-columns-1 slider row-slider slider-nav-simple slider-nav-outside\"  data-flickity-options='{&quot;imagesLoaded&quot;: true, &quot;groupCells&quot;: &quot;100%&quot;, &quot;dragThreshold&quot; : 5, &quot;cellAlign&quot;: &quot;left&quot;,&quot;wrapAround&quot;: true,&quot;prevNextButtons&quot;: true,&quot;percentPosition&quot;: true,&quot;pageDots&quot;: true, &quot;rightToLeft&quot;: false, &quot;autoPlay&quot; : false}' >\n\n  <\/div>\n\t\t<\/div>\n\n\t\t\n<style>\n#section_1379028277 {\n  padding-top: 30px;\n  padding-bottom: 30px;\n}\n<\/style>\n\t<\/section>\n\t\n","protected":false},"excerpt":{"rendered":"<p><b>TSW100<\/b> je plug-and-play industrijski switch s 5 Gigabit Ethernet portova od kojih 4 imaju 30W PoE.<\/p>\n<ul>\n<li>5 x 10\/100\/1000 Ethernet portova<\/li>\n<li>4 PoE porta (30W)<\/li>\n<\/ul>\n","protected":false},"featured_media":4773,"template":"","meta":[],"product_brand":[],"product_cat":[280],"product_tag":[],"class_list":{"0":"post-4768","1":"product","2":"type-product","3":"status-publish","4":"has-post-thumbnail","6":"product_cat-switchevi-sr","7":"product_shipping_class-dostava-prema-ponudi-sr","9":"first","10":"onbackorder","11":"taxable","12":"shipping-taxable","13":"purchasable","14":"product-type-simple"},"_links":{"self":[{"href":"https:\/\/mreze.shop\/sr\/wp-json\/wp\/v2\/product\/4768","targetHints":{"allow":["GET"]}}],"collection":[{"href":"https:\/\/mreze.shop\/sr\/wp-json\/wp\/v2\/product"}],"about":[{"href":"https:\/\/mreze.shop\/sr\/wp-json\/wp\/v2\/types\/product"}],"wp:featuredmedia":[{"embeddable":true,"href":"https:\/\/mreze.shop\/sr\/wp-json\/wp\/v2\/media\/4773"}],"wp:attachment":[{"href":"https:\/\/mreze.shop\/sr\/wp-json\/wp\/v2\/media?parent=4768"}],"wp:term":[{"taxonomy":"product_brand","embeddable":true,"href":"https:\/\/mreze.shop\/sr\/wp-json\/wp\/v2\/product_brand?post=4768"},{"taxonomy":"product_cat","embeddable":true,"href":"https:\/\/mreze.shop\/sr\/wp-json\/wp\/v2\/product_cat?post=4768"},{"taxonomy":"product_tag","embeddable":true,"href":"https:\/\/mreze.shop\/sr\/wp-json\/wp\/v2\/product_tag?post=4768"}],"curies":[{"name":"wp","href":"https:\/\/api.w.org\/{rel}","templated":true}]}}