{"id":4758,"date":"2023-02-22T11:35:09","date_gmt":"2023-02-22T10:35:09","guid":{"rendered":"https:\/\/mreze.shop\/proizvod\/industrijski-gateway-trb140-teltonika\/"},"modified":"2024-02-07T10:14:55","modified_gmt":"2024-02-07T09:14:55","slug":"industrijski-gateway-trb140-teltonika","status":"publish","type":"product","link":"https:\/\/mreze.shop\/sr\/proizvod\/industrijski-gateway-trb140-teltonika\/","title":{"rendered":"Industrijski gateway TRB140, Teltonika"},"content":{"rendered":"\t<div id=\"gap-636523504\" class=\"gap-element clearfix\" style=\"display:block; height:auto;\">\n\t\t\n<style>\n#gap-636523504 {\n  padding-top: 30px;\n}\n<\/style>\n\t<\/div>\n\t\n<div class=\"row align-middle\"  id=\"row-1918885364\">\n\n\t<div id=\"col-1718563408\" class=\"col medium-6 small-12 large-6\"  data-animate=\"fadeInLeft\">\n\t\t\t\t<div class=\"col-inner\"  >\n\t\t\t\n\t\t\t\n<h2>4G industrijski IoT gateway<\/h2>\n<div class=\"is-divider divider clearfix\" style=\"max-width:100%;\"><\/div>\n<p>TRB140 je ultra-mali, lagani i energetski u\u010dinkovit IoT ure\u0111aj s klju\u010dnim LTE Cat 4 i Gigabit Ethernet opcijama povezivanja. Linux okru\u017eenje nudi visok nivo prilago\u0111avanja.  Ovaj gateway savr\u0161en je za projekte i aplikacije u kojima se jedan ure\u0111aj mora nadograditi pouzdanom i sigurnom internetskom vezom.<\/p>\n<p>Osim sjajnih ugra\u0111enih tehnologija, Teltonika gateway ure\u0111aji odlikuju se svojom otpornosti na rad u zahtevnim uslovima. TRB140 besprijekorno radi u okru\u017eenju tempterature od -40 do +75 stepeni, dolazi u ku\u0107i\u0161tu od otpornog aluminija pa se sjajno uklapa u naj\u0161iri spekatr primene u industriji.<\/p>\n<ul>\n<li>4G\/LTE (Cat1), 3G i 2G<\/li>\n<li>kompaktne dimenzije<\/li>\n<li>kompatibilan s industrijskim DNP3 i Modubs komunikacijskim protokolima<\/li>\n<li>upravljanje na daljinu uz Teltonika RMS<\/li>\n<\/ul>\n<p>&nbsp;<\/p>\n\t\t<\/div>\n\t\t\t\t\n<style>\n#col-1718563408 > .col-inner {\n  padding: 0px 1em 0px 0px;\n}\n<\/style>\n\t<\/div>\n\n\t\n\n\t<div id=\"col-783002518\" class=\"col medium-6 small-12 large-6\"  data-animate=\"fadeInRight\">\n\t\t\t\t<div class=\"col-inner\"  >\n\t\t\t\n\t\t\t\n\t<div class=\"img has-hover x md-x lg-x y md-y lg-y\" id=\"image_913661405\">\n\t\t\t\t\t\t\t\t<div class=\"img-inner dark\" >\n\t\t\t<img loading=\"lazy\" decoding=\"async\" width=\"750\" height=\"750\" src=\"https:\/\/mreze.shop\/wp-content\/uploads\/2023\/02\/Indsutrijski-gateway-TRB140-1091-2.jpg\" class=\"attachment-original size-original\" alt=\"\" srcset=\"https:\/\/mreze.shop\/wp-content\/uploads\/2023\/02\/Indsutrijski-gateway-TRB140-1091-2.jpg 750w, https:\/\/mreze.shop\/wp-content\/uploads\/2023\/02\/Indsutrijski-gateway-TRB140-1091-2-350x350.jpg 350w, https:\/\/mreze.shop\/wp-content\/uploads\/2023\/02\/Indsutrijski-gateway-TRB140-1091-2-100x100.jpg 100w, https:\/\/mreze.shop\/wp-content\/uploads\/2023\/02\/Indsutrijski-gateway-TRB140-1091-2-510x510.jpg 510w, https:\/\/mreze.shop\/wp-content\/uploads\/2023\/02\/Indsutrijski-gateway-TRB140-1091-2-400x400.jpg 400w, https:\/\/mreze.shop\/wp-content\/uploads\/2023\/02\/Indsutrijski-gateway-TRB140-1091-2-280x280.jpg 280w\" sizes=\"auto, (max-width: 750px) 100vw, 750px\" \/>\t\t\t\t\t\t\n\t\t\t\t\t<\/div>\n\t\t\t\t\t\t\t\t\n<style>\n#image_913661405 {\n  width: 74%;\n}\n<\/style>\n\t<\/div>\n\t\n\t\t<\/div>\n\t\t\t\t\n<style>\n#col-783002518 > .col-inner {\n  padding: 0px 0px 0px 1em;\n}\n<\/style>\n\t<\/div>\n\n\t\n<\/div>\n\n\t<section class=\"section dark\" id=\"section_1878490534\">\n\t\t<div class=\"section-bg fill\" >\n\t\t\t\t\t\t\t\t\t\n\t\t\t\n\n\t\t<\/div>\n\n\t\t\t<div class=\"ux-shape-divider ux-shape-divider--top ux-shape-divider--style-tilt\">\n\t\t<svg viewBox=\"0 0 1000 100\" xmlns=\"http:\/\/www.w3.org\/2000\/svg\" preserveAspectRatio=\"none\">\n\t<path class=\"ux-shape-fill\" d=\"M1000 100V0L-40 100H1000Z\"\/>\n<\/svg>\n\t<\/div>\n\n\t<div class=\"ux-shape-divider ux-shape-divider--bottom ux-shape-divider--style-tilt\">\n\t\t<svg viewBox=\"0 0 1000 100\" xmlns=\"http:\/\/www.w3.org\/2000\/svg\" preserveAspectRatio=\"none\">\n\t<path class=\"ux-shape-fill\" d=\"M1000 100V0L-40 100H1000Z\"\/>\n<\/svg>\n\t<\/div>\n\n\t\t<div class=\"section-content relative\">\n\t\t\t\n<div class=\"row row-collapse row-full-width align-equal align-center\"  id=\"row-1736362088\">\n\n\t<div id=\"col-1492511119\" class=\"col small-12 large-12\"  >\n\t\t\t\t<div class=\"col-inner text-center\"  >\n\t\t\t\n\t\t\t\n<div class=\"container section-title-container\" ><h2 class=\"section-title section-title-center\"><b aria-hidden=\"true\"><\/b><span class=\"section-title-main\" style=\"color:rgb(11, 61, 120);\">Svi detalji o ovom ure\u0111aju<\/span><b aria-hidden=\"true\"><\/b><\/h2><\/div>\n\t<div id=\"text-2999661128\" class=\"text\">\n\t\t\n<p class=\"lead\">Pogledajte kratki &#8222;Quick start&#8220; video vodi\u010d za <strong>Teltonika TRB140 <\/strong>industrijski gateway ili prou\u010dite sve detalje na Teltonika Wiki portalu.<\/p>\n\t\t\n<style>\n#text-2999661128 {\n  text-align: center;\n  color: rgb(11, 61, 120);\n}\n#text-2999661128 > * {\n  color: rgb(11, 61, 120);\n}\n<\/style>\n\t<\/div>\n\t\n<a href=\"https:\/\/www.youtube.com\/watch?v=Os4L3wDvAbY\" target=\"_blank\" class=\"button primary\" rel=\"noopener\" >\n\t\t<span>Quick start Video<\/span>\n\t<i class=\"icon-youtube\" aria-hidden=\"true\"><\/i><\/a>\n\n<a href=\"https:\/\/wiki.teltonika-networks.com\/view\/TRB140\" target=\"_blank\" class=\"button secondary\" rel=\"noopener\" >\n\t\t<span>Teltonika Wiki<\/span>\n\t<\/a>\n\n\t\t<\/div>\n\t\t\t\t\n<style>\n#col-1492511119 > .col-inner {\n  padding: 3em 0px 3em 0px;\n}\n<\/style>\n\t<\/div>\n\n\t\n<\/div>\n\t\t<\/div>\n\n\t\t\n<style>\n#section_1878490534 {\n  padding-top: 100px;\n  padding-bottom: 100px;\n  background-color: rgb(238, 238, 238);\n}\n#section_1878490534 .ux-shape-divider--top svg {\n  height: 150px;\n  --divider-top-width: 187%;\n}\n#section_1878490534 .ux-shape-divider--top .ux-shape-fill {\n  fill: rgb(255,255,255);\n}\n#section_1878490534 .ux-shape-divider--bottom svg {\n  height: 150px;\n  --divider-width: 187%;\n}\n<\/style>\n\t<\/section>\n\t\n\n\t<section class=\"section\" id=\"section_131633536\">\n\t\t<div class=\"section-bg fill\" >\n\t\t\t\t\t\t\t\t\t\n\t\t\t\n\n\t\t<\/div>\n\n\t\t\n\n\t\t<div class=\"section-content relative\">\n\t\t\t\n\t<div id=\"text-2209509640\" class=\"text\">\n\t\t\n<h2>Povezani \u010dlanci i primeri upotrebe<\/h2>\n<p>Na\u0161i \u010dlanci \u0107e vas upoznati s tehnologijama, a primeri upotrebe \u0107e dati uvid u prakti\u010dnu primenu ure\u0111aja iz mreze.shop ponude.<br \/>\n\t\t\n<style>\n#text-2209509640 {\n  text-align: center;\n}\n<\/style>\n\t<\/div>\n\t\n\t<div id=\"gap-1437111197\" class=\"gap-element clearfix\" style=\"display:block; height:auto;\">\n\t\t\n<style>\n#gap-1437111197 {\n  padding-top: 50px;\n}\n<\/style>\n\t<\/div>\n\t\n\n  \n    <div class=\"row large-columns-2 medium-columns-1 small-columns-1 slider row-slider slider-nav-simple slider-nav-outside\"  data-flickity-options='{&quot;imagesLoaded&quot;: true, &quot;groupCells&quot;: &quot;100%&quot;, &quot;dragThreshold&quot; : 5, &quot;cellAlign&quot;: &quot;left&quot;,&quot;wrapAround&quot;: true,&quot;prevNextButtons&quot;: true,&quot;percentPosition&quot;: true,&quot;pageDots&quot;: true, &quot;rightToLeft&quot;: false, &quot;autoPlay&quot; : false}' >\n\n  <\/div>\n\t\t<\/div>\n\n\t\t\n<style>\n#section_131633536 {\n  padding-top: 30px;\n  padding-bottom: 30px;\n}\n<\/style>\n\t<\/section>\n\t\n","protected":false},"excerpt":{"rendered":"<p>TRB140 je ultra-mali, lagani i energetski u\u010dinkovit IoT ure\u0111aj s klju\u010dnim LTE Cat 4 i Gigabit Ethernet opcijama povezivanja. Linux okru\u017eenje nudi visok nivo prilago\u0111avanja.  Ovaj gateway savr\u0161en je za projekte i aplikacije u kojima se jedan ure\u0111aj mora nadograditi pouzdanom i sigurnom internetskom vezom.<\/p>\n<ul>\n<li>4G\/LTE (Cat1), 3G i 2G<\/li>\n<li>kompaktne dimenzije<\/li>\n<li>kompatibilan s industrijskim DNP3 i Modubs komunikacijskim protokolima<\/li>\n<li>upravljanje na daljinu uz Teltonika RMS<\/li>\n<\/ul>\n","protected":false},"featured_media":4759,"template":"","meta":[],"product_brand":[],"product_cat":[293],"product_tag":[],"class_list":{"0":"post-4758","1":"product","2":"type-product","3":"status-publish","4":"has-post-thumbnail","6":"product_cat-gateway-sr","7":"product_shipping_class-dostava-prema-ponudi-sr","9":"first","10":"onbackorder","11":"taxable","12":"shipping-taxable","13":"purchasable","14":"product-type-simple"},"_links":{"self":[{"href":"https:\/\/mreze.shop\/sr\/wp-json\/wp\/v2\/product\/4758","targetHints":{"allow":["GET"]}}],"collection":[{"href":"https:\/\/mreze.shop\/sr\/wp-json\/wp\/v2\/product"}],"about":[{"href":"https:\/\/mreze.shop\/sr\/wp-json\/wp\/v2\/types\/product"}],"wp:featuredmedia":[{"embeddable":true,"href":"https:\/\/mreze.shop\/sr\/wp-json\/wp\/v2\/media\/4759"}],"wp:attachment":[{"href":"https:\/\/mreze.shop\/sr\/wp-json\/wp\/v2\/media?parent=4758"}],"wp:term":[{"taxonomy":"product_brand","embeddable":true,"href":"https:\/\/mreze.shop\/sr\/wp-json\/wp\/v2\/product_brand?post=4758"},{"taxonomy":"product_cat","embeddable":true,"href":"https:\/\/mreze.shop\/sr\/wp-json\/wp\/v2\/product_cat?post=4758"},{"taxonomy":"product_tag","embeddable":true,"href":"https:\/\/mreze.shop\/sr\/wp-json\/wp\/v2\/product_tag?post=4758"}],"curies":[{"name":"wp","href":"https:\/\/api.w.org\/{rel}","templated":true}]}}