{"id":4753,"date":"2023-03-08T14:48:04","date_gmt":"2023-03-08T13:48:04","guid":{"rendered":"https:\/\/mreze.shop\/proizvod\/industrijski-router-rut241-teltonika\/"},"modified":"2026-03-25T10:45:26","modified_gmt":"2026-03-25T09:45:26","slug":"industrijski-router-rut241-teltonika","status":"publish","type":"product","link":"https:\/\/mreze.shop\/sr\/proizvod\/industrijski-router-rut241-teltonika\/","title":{"rendered":"Industrijski router RUT241, Teltonika"},"content":{"rendered":"\t<div id=\"gap-700710873\" class=\"gap-element clearfix\" style=\"display:block; height:auto;\">\n\t\t\n<style>\n#gap-700710873 {\n  padding-top: 30px;\n}\n<\/style>\n\t<\/div>\n\t\n<div class=\"row align-middle\"  id=\"row-1142456611\">\n\n\t<div id=\"col-1017840947\" class=\"col medium-6 small-12 large-6\"  data-animate=\"fadeInLeft\">\n\t\t\t\t<div class=\"col-inner\"  >\n\t\t\t\n\t\t\t\n<h2>Visok nivo izvedbe za kriti\u010dnu mobilnu komunikaciju u rigoroznim okru\u017eenjima<\/h2>\n<div class=\"is-divider divider clearfix\" style=\"max-width:100%;\"><\/div>\n<p>RUT241 je modifikovana verzija Teltonika bestselera RUT240 koji je nasledio njegove najbolje karakteristike, uklju\u010duju\u0107i industrijski dizajn, kompaktne dimenzije, vi\u0161e interfejsa za povezivanje i kompatibilnost s RMS-om.<\/p>\n<p>U pore\u0111enju s prethodnim modelom, RUT 241 ruter raspola\u017ee s ve\u0107im kapacitetom memorije (128 MB, DDR2) te novom generacijom procesora (Mediatek MIPS 24Kc 580 MHz)<\/p>\n<p>Opremljen 4G LTE, Wi-Fi i dva Ethernet priklju\u010dka, ovaj usmeriva\u010d nudi nezaustavljiv kontinuitet veze sa sigurnosnom kopijom automatski failover.<\/p>\n<p>Digitalni ulazi i izlazi u kombinaciji s naprednim RutOS-om softver omogu\u0107uje scenarije automatizacije re\u0161enja.<\/p>\n<p>RUT241 izvrsno se uklapa u razna IoT i M2M re\u0161enja koja zahtevaju jednostavno postavljanje, pouzdanu mre\u017eu i daljinski pristup.<\/p>\n<ul>\n<li>Konektivnost: 4g\/LTE, 3G, 2G<\/li>\n<li>WAN failover: automatsko prebacivanje na alternativnu vezu<\/li>\n<li>WIFI: za istovremenih 50 korisnika<\/li>\n<li>Kompaktnost: male dimenzije i jednostavna integracija<\/li>\n<li>RMS: kompatibilan s Teltonika Remote Management System<\/li>\n<\/ul>\n\t\t<\/div>\n\t\t\t\t\n<style>\n#col-1017840947 > .col-inner {\n  padding: 0px 1em 0px 0px;\n}\n<\/style>\n\t<\/div>\n\n\t\n\n\t<div id=\"col-110235174\" class=\"col medium-6 small-12 large-6\"  data-animate=\"fadeInRight\">\n\t\t\t\t<div class=\"col-inner\"  >\n\t\t\t\n\t\t\t\n\t<div class=\"img has-hover x md-x lg-x y md-y lg-y\" id=\"image_726265855\">\n\t\t\t\t\t\t\t\t<div class=\"img-inner dark\" >\n\t\t\t<img loading=\"lazy\" decoding=\"async\" width=\"750\" height=\"750\" src=\"https:\/\/mreze.shop\/wp-content\/uploads\/2023\/03\/Industrijski-router-RUT-241-3.jpg\" class=\"attachment-original size-original\" alt=\"\" srcset=\"https:\/\/mreze.shop\/wp-content\/uploads\/2023\/03\/Industrijski-router-RUT-241-3.jpg 750w, https:\/\/mreze.shop\/wp-content\/uploads\/2023\/03\/Industrijski-router-RUT-241-3-400x400.jpg 400w, https:\/\/mreze.shop\/wp-content\/uploads\/2023\/03\/Industrijski-router-RUT-241-3-280x280.jpg 280w, https:\/\/mreze.shop\/wp-content\/uploads\/2023\/03\/Industrijski-router-RUT-241-3-350x350.jpg 350w, https:\/\/mreze.shop\/wp-content\/uploads\/2023\/03\/Industrijski-router-RUT-241-3-100x100.jpg 100w\" sizes=\"auto, (max-width: 750px) 100vw, 750px\" \/>\t\t\t\t\t\t\n\t\t\t\t\t<\/div>\n\t\t\t\t\t\t\t\t\n<style>\n#image_726265855 {\n  width: 91%;\n}\n<\/style>\n\t<\/div>\n\t\n\t\t<\/div>\n\t\t\t\t\n<style>\n#col-110235174 > .col-inner {\n  padding: 0px 0px 0px 1em;\n}\n<\/style>\n\t<\/div>\n\n\t\n<\/div>\n\n\t<section class=\"section dark\" id=\"section_1979716110\">\n\t\t<div class=\"section-bg fill\" >\n\t\t\t\t\t\t\t\t\t\n\t\t\t\n\n\t\t<\/div>\n\n\t\t\t<div class=\"ux-shape-divider ux-shape-divider--top ux-shape-divider--style-tilt\">\n\t\t<svg viewBox=\"0 0 1000 100\" xmlns=\"http:\/\/www.w3.org\/2000\/svg\" preserveAspectRatio=\"none\">\n\t<path class=\"ux-shape-fill\" d=\"M1000 100V0L-40 100H1000Z\"\/>\n<\/svg>\n\t<\/div>\n\n\t<div class=\"ux-shape-divider ux-shape-divider--bottom ux-shape-divider--style-tilt\">\n\t\t<svg viewBox=\"0 0 1000 100\" xmlns=\"http:\/\/www.w3.org\/2000\/svg\" preserveAspectRatio=\"none\">\n\t<path class=\"ux-shape-fill\" d=\"M1000 100V0L-40 100H1000Z\"\/>\n<\/svg>\n\t<\/div>\n\n\t\t<div class=\"section-content relative\">\n\t\t\t\n<div class=\"row row-collapse row-full-width align-equal align-center\"  id=\"row-731388085\">\n\n\t<div id=\"col-833613727\" class=\"col small-12 large-12\"  >\n\t\t\t\t<div class=\"col-inner text-center\"  >\n\t\t\t\n\t\t\t\n<div class=\"container section-title-container\" ><h2 class=\"section-title section-title-center\"><b aria-hidden=\"true\"><\/b><span class=\"section-title-main\" style=\"color:rgb(11, 61, 120);\">Svi detalji o ovom ure\u0111aju<\/span><b aria-hidden=\"true\"><\/b><\/h2><\/div>\n\t<div id=\"text-2350807448\" class=\"text\">\n\t\t\n<p class=\"lead\">Pogledajte kratki &#8222;Quick start&#8220; video vodi\u010d za <strong>Teltonika RUT241 <\/strong>industrijski router ili prou\u010dite sve detalje na Teltonika Wiki portalu.<\/p>\n\t\t\n<style>\n#text-2350807448 {\n  text-align: center;\n  color: rgb(11, 61, 120);\n}\n#text-2350807448 > * {\n  color: rgb(11, 61, 120);\n}\n<\/style>\n\t<\/div>\n\t\n\t\t<\/div>\n\t\t\t\t\n<style>\n#col-833613727 > .col-inner {\n  padding: 0em 0px 0px 0px;\n}\n@media (min-width:550px) {\n  #col-833613727 > .col-inner {\n    padding: 3em 0px 3em 0px;\n  }\n}\n<\/style>\n\t<\/div>\n\n\t\n<\/div>\n<div class=\"row\"  id=\"row-2053083512\">\n\n\t<div id=\"col-1673340084\" class=\"col hide-for-small medium-3 small-12 large-3\"  >\n\t\t\t\t<div class=\"col-inner\"  >\n\t\t\t\n\t\t\t\n\t\t<\/div>\n\t\t\t\t\t<\/div>\n\n\t\n\n\t<div id=\"col-1270946675\" class=\"col medium-6 small-12 large-6\"  >\n\t\t\t\t<div class=\"col-inner text-center\"  >\n\t\t\t\n\t\t\t\n<div class=\"video video-fit mb\" style=\"padding-top:56.25%;\"><p><iframe loading=\"lazy\" title=\"RUT241 Industrial Cellular Router Quick Start Guide | Teltonika Networks\" width=\"1020\" height=\"574\" src=\"https:\/\/www.youtube.com\/embed\/H4Qvq6ZJdNQ?feature=oembed\" frameborder=\"0\" allow=\"accelerometer; autoplay; clipboard-write; encrypted-media; gyroscope; picture-in-picture; web-share\" allowfullscreen><\/iframe><\/p>\n<\/div>\n<a href=\"https:\/\/wiki.teltonika-networks.com\/view\/RUT241\" target=\"_blank\" class=\"button secondary\" rel=\"noopener\" >\n\t\t<span>Teltonika Wiki<\/span>\n\t<\/a>\n\n\t\t<\/div>\n\t\t\t\t\t<\/div>\n\n\t\n\n\t<div id=\"col-701528426\" class=\"col hide-for-small medium-3 small-12 large-3\"  >\n\t\t\t\t<div class=\"col-inner\"  >\n\t\t\t\n\t\t\t\n\t\t<\/div>\n\t\t\t\t\t<\/div>\n\n\t\n<\/div>\n\t\t<\/div>\n\n\t\t\n<style>\n#section_1979716110 {\n  padding-top: 150px;\n  padding-bottom: 150px;\n  background-color: rgb(238, 238, 238);\n}\n#section_1979716110 .ux-shape-divider--top svg {\n  height: 150px;\n  --divider-top-width: 187%;\n}\n#section_1979716110 .ux-shape-divider--top .ux-shape-fill {\n  fill: rgb(255,255,255);\n}\n#section_1979716110 .ux-shape-divider--bottom svg {\n  height: 150px;\n  --divider-width: 187%;\n}\n@media (min-width:550px) {\n  #section_1979716110 {\n    padding-top: 100px;\n    padding-bottom: 100px;\n  }\n}\n<\/style>\n\t<\/section>\n\t\n","protected":false},"excerpt":{"rendered":"<p>Opremljen 4G LTE, Wi-Fi i dva Ethernet priklju\u010dka, RUT241 nudi nezaustavljiv kontinuitet veze s automatskim prelaskom WAN-a. Industrijski dizajn, kompaktna veli\u010dina, vi\u0161e interfejsa za povezivanje i kompatibilnost s RMS-om \u010dine ovaj ure\u0111aj savr\u0161enim za uklapanjem u brojna IoT i M2M re\u0161enja.<\/p>\n<ul>\n<li>4G\/LTE, 3G, 2G<\/li>\n<li>WiFi za do 50 istovremenih korisnika<\/li>\n<li>WAN failover funkcija<\/li>\n<li>Digital I\/o za udaljeni nadzor i kontrolu<\/li>\n<li>kompaktne dimenzije<\/li>\n<\/ul>\n","protected":false},"featured_media":4757,"template":"","meta":[],"product_brand":[],"product_cat":[277],"product_tag":[],"class_list":{"0":"post-4753","1":"product","2":"type-product","3":"status-publish","4":"has-post-thumbnail","6":"product_cat-routeri-sr","7":"product_shipping_class-dostava-prema-ponudi-sr","9":"first","10":"onbackorder","11":"taxable","12":"shipping-taxable","13":"purchasable","14":"product-type-simple"},"_links":{"self":[{"href":"https:\/\/mreze.shop\/sr\/wp-json\/wp\/v2\/product\/4753","targetHints":{"allow":["GET"]}}],"collection":[{"href":"https:\/\/mreze.shop\/sr\/wp-json\/wp\/v2\/product"}],"about":[{"href":"https:\/\/mreze.shop\/sr\/wp-json\/wp\/v2\/types\/product"}],"wp:featuredmedia":[{"embeddable":true,"href":"https:\/\/mreze.shop\/sr\/wp-json\/wp\/v2\/media\/4757"}],"wp:attachment":[{"href":"https:\/\/mreze.shop\/sr\/wp-json\/wp\/v2\/media?parent=4753"}],"wp:term":[{"taxonomy":"product_brand","embeddable":true,"href":"https:\/\/mreze.shop\/sr\/wp-json\/wp\/v2\/product_brand?post=4753"},{"taxonomy":"product_cat","embeddable":true,"href":"https:\/\/mreze.shop\/sr\/wp-json\/wp\/v2\/product_cat?post=4753"},{"taxonomy":"product_tag","embeddable":true,"href":"https:\/\/mreze.shop\/sr\/wp-json\/wp\/v2\/product_tag?post=4753"}],"curies":[{"name":"wp","href":"https:\/\/api.w.org\/{rel}","templated":true}]}}