{"id":4743,"date":"2023-04-24T12:28:20","date_gmt":"2023-04-24T10:28:20","guid":{"rendered":"https:\/\/mreze.shop\/proizvod\/industrijski-router-rut200-teltonika\/"},"modified":"2026-03-25T10:44:11","modified_gmt":"2026-03-25T09:44:11","slug":"industrijski-router-rut200-teltonika","status":"publish","type":"product","link":"https:\/\/mreze.shop\/sr\/proizvod\/industrijski-router-rut200-teltonika\/","title":{"rendered":"Industrijski router RUT200, Teltonika"},"content":{"rendered":"\t<div id=\"gap-571985606\" class=\"gap-element clearfix\" style=\"display:block; height:auto;\">\n\t\t\n<style>\n#gap-571985606 {\n  padding-top: 30px;\n}\n<\/style>\n\t<\/div>\n\t\n<div class=\"row align-middle\"  id=\"row-1976327927\">\n\n\t<div id=\"col-1077049050\" class=\"col medium-6 small-12 large-6\"  data-animate=\"fadeInLeft\">\n\t\t\t\t<div class=\"col-inner\"  >\n\t\t\t\n\t\t\t\n<h2>Visok nivo izvedbe za kriti\u010dnu mobilnu komunikaciju u zahtevnim okru\u017eenjima<\/h2>\n<div class=\"is-divider divider clearfix\" style=\"max-width:100%;\"><\/div>\n<p>RUT200 ima odli\u010dne karakteristike, uklju\u010duju\u0107i industrijski dizajn, kompaktne dimenzije, vi\u0161e interfejsa za povezivanje i kompatibilnost s RMS-om.<\/p>\n<p>RUT 200 ruter raspola\u017ee s ve\u0107im kapacitetom memorije (128 MB, DDR2) te novom generacijom procesora (Mediatek MIPS 24Kc 580 MHz)<\/p>\n<p>Opremljen 4G LTE, Wi-Fi i dva Ethernet priklju\u010dka, ovaj usmeriva\u010d nudi nezaustavljiv kontinuitet veze sa sigurnosnom kopijom automatski failover.<\/p>\n<p>Digitalni ulazi i izlazi u kombinaciji s naprednim RutOS-om softver omogu\u0107uje scenarije automatizacije re\u0161enja.<\/p>\n<p>RUT200 izvrsno se uklapa u razna IoT i M2M re\u0161enja koja zahtevaju jednostavno postavljanje, pouzdanu mre\u017eu i daljinski pristup.<\/p>\n<ul>\n<li>Konektivnost: 4g\/LTE, 3G, 2G<\/li>\n<li>WAN failover: automatsko prebacivanje na alternativnu vezu<\/li>\n<li>WIFI: za istovremenih 50 korisnika<\/li>\n<li>Kompaktnost: male dimenzije i jednostavna integracija<\/li>\n<li>RMS: kompatibilan s Teltonika Remote Management System<\/li>\n<\/ul>\n\t\t<\/div>\n\t\t\t\t\n<style>\n#col-1077049050 > .col-inner {\n  padding: 0px 1em 0px 0px;\n}\n<\/style>\n\t<\/div>\n\n\t\n\n\t<div id=\"col-623931035\" class=\"col medium-6 small-12 large-6\"  data-animate=\"fadeInRight\">\n\t\t\t\t<div class=\"col-inner\"  >\n\t\t\t\n\t\t\t\n\t<div class=\"img has-hover x md-x lg-x y md-y lg-y\" id=\"image_172753620\">\n\t\t\t\t\t\t\t\t<div class=\"img-inner dark\" >\n\t\t\t<img loading=\"lazy\" decoding=\"async\" width=\"1051\" height=\"907\" src=\"https:\/\/mreze.shop\/wp-content\/uploads\/2023\/04\/RUT200_front1.png\" class=\"attachment-original size-original\" alt=\"\" srcset=\"https:\/\/mreze.shop\/wp-content\/uploads\/2023\/04\/RUT200_front1.png 1051w, https:\/\/mreze.shop\/wp-content\/uploads\/2023\/04\/RUT200_front1-464x400.png 464w, https:\/\/mreze.shop\/wp-content\/uploads\/2023\/04\/RUT200_front1-927x800.png 927w, https:\/\/mreze.shop\/wp-content\/uploads\/2023\/04\/RUT200_front1-768x663.png 768w, https:\/\/mreze.shop\/wp-content\/uploads\/2023\/04\/RUT200_front1-750x647.png 750w\" sizes=\"auto, (max-width: 1051px) 100vw, 1051px\" \/>\t\t\t\t\t\t\n\t\t\t\t\t<\/div>\n\t\t\t\t\t\t\t\t\n<style>\n#image_172753620 {\n  width: 91%;\n}\n<\/style>\n\t<\/div>\n\t\n\t\t<\/div>\n\t\t\t\t\n<style>\n#col-623931035 > .col-inner {\n  padding: 0px 0px 0px 1em;\n}\n<\/style>\n\t<\/div>\n\n\t\n<\/div>\n\n\t<section class=\"section dark\" id=\"section_459439316\">\n\t\t<div class=\"section-bg fill\" >\n\t\t\t\t\t\t\t\t\t\n\t\t\t\n\n\t\t<\/div>\n\n\t\t\t<div class=\"ux-shape-divider ux-shape-divider--top ux-shape-divider--style-tilt\">\n\t\t<svg viewBox=\"0 0 1000 100\" xmlns=\"http:\/\/www.w3.org\/2000\/svg\" preserveAspectRatio=\"none\">\n\t<path class=\"ux-shape-fill\" d=\"M1000 100V0L-40 100H1000Z\"\/>\n<\/svg>\n\t<\/div>\n\n\t<div class=\"ux-shape-divider ux-shape-divider--bottom ux-shape-divider--style-tilt\">\n\t\t<svg viewBox=\"0 0 1000 100\" xmlns=\"http:\/\/www.w3.org\/2000\/svg\" preserveAspectRatio=\"none\">\n\t<path class=\"ux-shape-fill\" d=\"M1000 100V0L-40 100H1000Z\"\/>\n<\/svg>\n\t<\/div>\n\n\t\t<div class=\"section-content relative\">\n\t\t\t\n<div class=\"row row-collapse row-full-width align-equal align-center\"  id=\"row-961672481\">\n\n\t<div id=\"col-1381653780\" class=\"col small-12 large-12\"  >\n\t\t\t\t<div class=\"col-inner text-center\"  >\n\t\t\t\n\t\t\t\n<div class=\"container section-title-container\" ><h2 class=\"section-title section-title-center\"><b aria-hidden=\"true\"><\/b><span class=\"section-title-main\" style=\"color:rgb(11, 61, 120);\">Svi detalji o ovom ure\u0111aju<\/span><b aria-hidden=\"true\"><\/b><\/h2><\/div>\n\t<div id=\"text-2012190476\" class=\"text\">\n\t\t\n<p class=\"lead\">Pogledajte kratki video ili prou\u010dite sve detalje na Teltonika Wiki portalu.<\/p>\n\t\t\n<style>\n#text-2012190476 {\n  text-align: center;\n  color: rgb(11, 61, 120);\n}\n#text-2012190476 > * {\n  color: rgb(11, 61, 120);\n}\n<\/style>\n\t<\/div>\n\t\n\t\t<\/div>\n\t\t\t\t\n<style>\n#col-1381653780 > .col-inner {\n  padding: 0em 0px 0px 0px;\n}\n@media (min-width:550px) {\n  #col-1381653780 > .col-inner {\n    padding: 3em 0px 3em 0px;\n  }\n}\n<\/style>\n\t<\/div>\n\n\t\n<\/div>\n<div class=\"row\"  id=\"row-240670434\">\n\n\t<div id=\"col-236712088\" class=\"col hide-for-small medium-3 small-12 large-3\"  >\n\t\t\t\t<div class=\"col-inner\"  >\n\t\t\t\n\t\t\t\n\t\t<\/div>\n\t\t\t\t\t<\/div>\n\n\t\n\n\t<div id=\"col-1122251256\" class=\"col medium-6 small-12 large-6\"  >\n\t\t\t\t<div class=\"col-inner text-center\"  >\n\t\t\t\n\t\t\t\n<div class=\"video video-fit mb\" style=\"padding-top:56.25%;\"><p><iframe loading=\"lazy\" title=\"Teltonika Networks Router Production Tour\u00a0in Lithuania 2021\" width=\"1020\" height=\"574\" src=\"https:\/\/www.youtube.com\/embed\/gBkLJKCt42k?feature=oembed\" frameborder=\"0\" allow=\"accelerometer; autoplay; clipboard-write; encrypted-media; gyroscope; picture-in-picture; web-share\" referrerpolicy=\"strict-origin-when-cross-origin\" allowfullscreen><\/iframe><\/p>\n<\/div>\n<a href=\"https:\/\/wiki.teltonika-networks.com\/view\/RUT200\" target=\"_blank\" class=\"button secondary\" rel=\"noopener\" >\n\t\t<span>Teltonika Wiki<\/span>\n\t<\/a>\n\n\t\t<\/div>\n\t\t\t\t\t<\/div>\n\n\t\n\n\t<div id=\"col-365233830\" class=\"col hide-for-small medium-3 small-12 large-3\"  >\n\t\t\t\t<div class=\"col-inner\"  >\n\t\t\t\n\t\t\t\n\t\t<\/div>\n\t\t\t\t\t<\/div>\n\n\t\n<\/div>\n\t\t<\/div>\n\n\t\t\n<style>\n#section_459439316 {\n  padding-top: 150px;\n  padding-bottom: 150px;\n  background-color: rgb(238, 238, 238);\n}\n#section_459439316 .ux-shape-divider--top svg {\n  height: 150px;\n  --divider-top-width: 187%;\n}\n#section_459439316 .ux-shape-divider--top .ux-shape-fill {\n  fill: rgb(255,255,255);\n}\n#section_459439316 .ux-shape-divider--bottom svg {\n  height: 150px;\n  --divider-width: 187%;\n}\n@media (min-width:550px) {\n  #section_459439316 {\n    padding-top: 100px;\n    padding-bottom: 100px;\n  }\n}\n<\/style>\n\t<\/section>\n\t\n","protected":false},"excerpt":{"rendered":"<p>Opremljen 4G LTE, Wi-Fi i dva Ethernet priklju\u010dka, RUT200 nudi nezaustavljiv kontinuitet veze s automatskim prelaskom WAN-a. Industrijski dizajn, kompaktna veli\u010dina, vi\u0161e interfejsa za povezivanje i kompatibilnost s RMS-om \u010dine ovaj ure\u0111aj savr\u0161enim za uklapanjem u brojna IoT i M2M re\u0161enja.<\/p>\n<ul>\n<li>4G\/LTE, 3G, 2G<\/li>\n<li>WiFi za do 50 istovremenih korisnika<\/li>\n<li>WAN failover funkcija<\/li>\n<li>Digital I\/o za udaljeni nadzor i kontrolu<\/li>\n<li>kompaktne dimenzije<\/li>\n<\/ul>\n","protected":false},"featured_media":4744,"template":"","meta":[],"product_brand":[],"product_cat":[277],"product_tag":[],"class_list":{"0":"post-4743","1":"product","2":"type-product","3":"status-publish","4":"has-post-thumbnail","6":"product_cat-routeri-sr","7":"product_shipping_class-dostava-prema-ponudi-sr","9":"first","10":"onbackorder","11":"featured","12":"taxable","13":"shipping-taxable","14":"purchasable","15":"product-type-simple"},"_links":{"self":[{"href":"https:\/\/mreze.shop\/sr\/wp-json\/wp\/v2\/product\/4743","targetHints":{"allow":["GET"]}}],"collection":[{"href":"https:\/\/mreze.shop\/sr\/wp-json\/wp\/v2\/product"}],"about":[{"href":"https:\/\/mreze.shop\/sr\/wp-json\/wp\/v2\/types\/product"}],"wp:featuredmedia":[{"embeddable":true,"href":"https:\/\/mreze.shop\/sr\/wp-json\/wp\/v2\/media\/4744"}],"wp:attachment":[{"href":"https:\/\/mreze.shop\/sr\/wp-json\/wp\/v2\/media?parent=4743"}],"wp:term":[{"taxonomy":"product_brand","embeddable":true,"href":"https:\/\/mreze.shop\/sr\/wp-json\/wp\/v2\/product_brand?post=4743"},{"taxonomy":"product_cat","embeddable":true,"href":"https:\/\/mreze.shop\/sr\/wp-json\/wp\/v2\/product_cat?post=4743"},{"taxonomy":"product_tag","embeddable":true,"href":"https:\/\/mreze.shop\/sr\/wp-json\/wp\/v2\/product_tag?post=4743"}],"curies":[{"name":"wp","href":"https:\/\/api.w.org\/{rel}","templated":true}]}}