{"id":4687,"date":"2023-02-14T11:44:19","date_gmt":"2023-02-14T10:44:19","guid":{"rendered":"https:\/\/mreze.shop\/proizvod\/antena-za-teltonika-rutx12-x14-routere-quspot-quwireless\/"},"modified":"2024-01-30T13:04:07","modified_gmt":"2024-01-30T12:04:07","slug":"antena-za-teltonika-rutx12-x14-routere-quspot-quwireless","status":"publish","type":"product","link":"https:\/\/mreze.shop\/sr\/proizvod\/antena-za-teltonika-rutx12-x14-routere-quspot-quwireless\/","title":{"rendered":"Antena za Teltonika RUTX12\/X14 routere QuSpot, QuWireless"},"content":{"rendered":"\t<div id=\"gap-1127848210\" class=\"gap-element clearfix\" style=\"display:block; height:auto;\">\n\t\t\n<style>\n#gap-1127848210 {\n  padding-top: 30px;\n}\n<\/style>\n\t<\/div>\n\t\n<div class=\"row align-middle\"  id=\"row-1756279320\">\n\n\t<div id=\"col-515405316\" class=\"col medium-6 small-12 large-6\"  data-animate=\"fadeInLeft\">\n\t\t\t\t<div class=\"col-inner\"  >\n\t\t\t\n\t\t\t\n<h2>Neprekidna internet veza i dok ste u pokretu.<\/h2>\n<div class=\"is-divider divider clearfix\" style=\"max-width:100%;\"><\/div>\n<p>QuSpot MIMO 4&#215;4 omnidirekciona LTE antena sa 4x SMA konektora za 2 ugra\u0111ena LTE modema ili 1 MIMO 4&#215;4 LTE modem. Namenjena je Teltonika RUTX12 i RUTX14 modelima routera i savr\u0161ena je za vanjski ure\u0111aj za mobilne i fiksne instalacije kao \u0161to su industrijske, CCTV, hot-spot, jahte, brodovi, kamperi , RV itd.<\/p>\n<p>Tako\u0111e ima ugra\u0111ene Wi-Fi dvopojasne antene od 2,4 &amp; 5 GHz, GPS antenu i Bluetooth antenu.<\/p>\n<p>Kori\u0161\u0107enjem RUTX12 ili RUTX14 rutera sa QuSpot antenom, obezbe\u0111uje se integrisano kompletno re\u0161enje sa ugra\u0111enim ruterom i vi\u0161epojasnim antenama u jednom ku\u0107i\u0161tu.<\/p>\n\t\t<\/div>\n\t\t\t\t\n<style>\n#col-515405316 > .col-inner {\n  padding: 0px 1em 0px 0px;\n}\n<\/style>\n\t<\/div>\n\n\t\n\n\t<div id=\"col-885477789\" class=\"col medium-6 small-12 large-6\"  data-animate=\"fadeInRight\">\n\t\t\t\t<div class=\"col-inner\"  >\n\t\t\t\n\t\t\t\n<h2>Istaknute karakteristike<\/h2>\n<div class=\"is-divider divider clearfix\" style=\"max-width:100%;\"><\/div>\n<ul>\n<li>Antena i Teltonika ruter integri\u0161u se u jedno ku\u0107i\u0161te.<\/li>\n<li>Spoljna antena koja funkcioni\u0161e u svim vremenskim uslovima sa IP67 nivoom za\u0161tite od spoljnih uticaja.<\/li>\n<li>Savr\u0161eno uklapa Teltonika routere RUTX12 i RUTX14<\/li>\n<li>Podr\u0161ka za pasivni PoE<\/li>\n<li>Jednostavna instalacija<\/li>\n<li>Dual SIM sa automatskim preklapanjem<\/li>\n<\/ul>\n\t\t<\/div>\n\t\t\t\t\n<style>\n#col-885477789 > .col-inner {\n  padding: 0px 0px 0px 1em;\n}\n<\/style>\n\t<\/div>\n\n\t\n<\/div>\n<div class=\"row\"  id=\"row-1870283999\">\n\n\t<div id=\"col-1821016534\" class=\"col small-12 large-12\"  >\n\t\t\t\t<div class=\"col-inner text-center\"  >\n\t\t\t\n\t\t\t\n\t<div class=\"img has-hover x md-x lg-x y md-y lg-y\" id=\"image_474026208\">\n\t\t\t\t\t\t\t\t<div class=\"img-inner dark\" >\n\t\t\t<img loading=\"lazy\" decoding=\"async\" width=\"1286\" height=\"744\" src=\"https:\/\/mreze.shop\/wp-content\/uploads\/2023\/02\/Antena-za-Teltonika-RUTX12-RUTX14-1010-4-1.jpg\" class=\"attachment-original size-original\" alt=\"\" srcset=\"https:\/\/mreze.shop\/wp-content\/uploads\/2023\/02\/Antena-za-Teltonika-RUTX12-RUTX14-1010-4-1.jpg 1286w, https:\/\/mreze.shop\/wp-content\/uploads\/2023\/02\/Antena-za-Teltonika-RUTX12-RUTX14-1010-4-1-750x434.jpg 750w, https:\/\/mreze.shop\/wp-content\/uploads\/2023\/02\/Antena-za-Teltonika-RUTX12-RUTX14-1010-4-1-691x400.jpg 691w, https:\/\/mreze.shop\/wp-content\/uploads\/2023\/02\/Antena-za-Teltonika-RUTX12-RUTX14-1010-4-1-768x444.jpg 768w\" sizes=\"auto, (max-width: 1286px) 100vw, 1286px\" \/>\t\t\t\t\t\t\n\t\t\t\t\t<\/div>\n\t\t\t\t\t\t\t\t\n<style>\n#image_474026208 {\n  width: 88%;\n}\n<\/style>\n\t<\/div>\n\t\n\t\t<\/div>\n\t\t\t\t\t<\/div>\n\n\t\n<\/div>\n\n\t<section class=\"section\" id=\"section_461943125\">\n\t\t<div class=\"section-bg fill\" >\n\t\t\t\t\t\t\t\t\t\n\t\t\t\n\n\t\t<\/div>\n\n\t\t\n\n\t\t<div class=\"section-content relative\">\n\t\t\t\n\t<div id=\"text-1980726337\" class=\"text\">\n\t\t\n<h2>Povezani \u010dlanci i primeri upotrebe.<\/h2>\n<p>Na\u0161i \u010dlanci \u0107e vas upoznati sa tehnologijama, a primeri upotrebe \u0107e dati uvid u prakti\u010dnu primenu ure\u0111aja iz ponude mreze.shop<br \/>\n\t\t\n<style>\n#text-1980726337 {\n  text-align: center;\n}\n<\/style>\n\t<\/div>\n\t\n\t<div id=\"gap-1260038403\" class=\"gap-element clearfix\" style=\"display:block; height:auto;\">\n\t\t\n<style>\n#gap-1260038403 {\n  padding-top: 50px;\n}\n<\/style>\n\t<\/div>\n\t\n\n  \n    <div class=\"row large-columns-2 medium-columns-1 small-columns-1 slider row-slider slider-nav-simple slider-nav-outside\"  data-flickity-options='{&quot;imagesLoaded&quot;: true, &quot;groupCells&quot;: &quot;100%&quot;, &quot;dragThreshold&quot; : 5, &quot;cellAlign&quot;: &quot;left&quot;,&quot;wrapAround&quot;: true,&quot;prevNextButtons&quot;: true,&quot;percentPosition&quot;: true,&quot;pageDots&quot;: true, &quot;rightToLeft&quot;: false, &quot;autoPlay&quot; : false}' >\n\n  <\/div>\n\t\t<\/div>\n\n\t\t\n<style>\n#section_461943125 {\n  padding-top: 30px;\n  padding-bottom: 30px;\n}\n<\/style>\n\t<\/section>\n\t\n","protected":false},"excerpt":{"rendered":"<p>Integrisana MIMO 4&#215;4 vi\u0161epojasna LTE omnidirekciona antena + Wi-Fi omnidirekciona antena + GPS antena + Bluetooth antena + mesto za monta\u017eu Teltonika rutera (sve u jednom). Antena je namenjena slede\u0107im modelima rutera:<\/p>\n<ul>\n<li>Teltonika RUTX12<\/li>\n<li>Teltonika RUTX14<\/li>\n<\/ul>\n","protected":false},"featured_media":4688,"template":"","meta":[],"product_brand":[],"product_cat":[294],"product_tag":[],"class_list":{"0":"post-4687","1":"product","2":"type-product","3":"status-publish","4":"has-post-thumbnail","6":"product_cat-antene-teltonika","7":"product_shipping_class-dostava-prema-ponudi-sr","9":"first","10":"instock","11":"taxable","12":"shipping-taxable","13":"purchasable","14":"product-type-simple"},"_links":{"self":[{"href":"https:\/\/mreze.shop\/sr\/wp-json\/wp\/v2\/product\/4687","targetHints":{"allow":["GET"]}}],"collection":[{"href":"https:\/\/mreze.shop\/sr\/wp-json\/wp\/v2\/product"}],"about":[{"href":"https:\/\/mreze.shop\/sr\/wp-json\/wp\/v2\/types\/product"}],"wp:featuredmedia":[{"embeddable":true,"href":"https:\/\/mreze.shop\/sr\/wp-json\/wp\/v2\/media\/4688"}],"wp:attachment":[{"href":"https:\/\/mreze.shop\/sr\/wp-json\/wp\/v2\/media?parent=4687"}],"wp:term":[{"taxonomy":"product_brand","embeddable":true,"href":"https:\/\/mreze.shop\/sr\/wp-json\/wp\/v2\/product_brand?post=4687"},{"taxonomy":"product_cat","embeddable":true,"href":"https:\/\/mreze.shop\/sr\/wp-json\/wp\/v2\/product_cat?post=4687"},{"taxonomy":"product_tag","embeddable":true,"href":"https:\/\/mreze.shop\/sr\/wp-json\/wp\/v2\/product_tag?post=4687"}],"curies":[{"name":"wp","href":"https:\/\/api.w.org\/{rel}","templated":true}]}}