{"id":4679,"date":"2023-02-22T16:07:57","date_gmt":"2023-02-22T15:07:57","guid":{"rendered":"https:\/\/mreze.shop\/proizvod\/senzor-za-otkrivanje-curenja-vode-sa-relejom-wld-relay-1w-uni-hw-grupa\/"},"modified":"2026-02-18T08:51:30","modified_gmt":"2026-02-18T07:51:30","slug":"senzor-za-otkrivanje-curenja-vode-sa-relejom-wld-relay-1w-uni-hw-grupa","status":"publish","type":"product","link":"https:\/\/mreze.shop\/sr\/proizvod\/senzor-za-otkrivanje-curenja-vode-sa-relejom-wld-relay-1w-uni-hw-grupa\/","title":{"rendered":"Senzor za otkrivanje curenja vode sa relejom WLD Relay 1W-UNI, HW grupa"},"content":{"rendered":"\t<div id=\"gap-473790685\" class=\"gap-element clearfix\" style=\"display:block; height:auto;\">\n\t\t\n<style>\n#gap-473790685 {\n  padding-top: 30px;\n}\n<\/style>\n\t<\/div>\n\t\n<div class=\"row align-middle\"  id=\"row-19997776\">\n\n\t<div id=\"col-1410897180\" class=\"col medium-6 small-12 large-6\"  data-animate=\"fadeInLeft\">\n\t\t\t\t<div class=\"col-inner\"  >\n\t\t\t\n\t\t\t\n<h2>Samostalni LAN\/WiFi detektor curenja vode s 4 zone<\/h2>\n<div class=\"is-divider divider clearfix\" style=\"max-width:100%;\"><\/div>\n<p>Univerzalni WLD (otkrivanje curenja vode) senzor, s jednim WLD senzorskim kabelskim ulazom i 2 vrste izlaza.<\/p>\n<p>Izlaz releja: Senzorski WLD relej zahteva vanjsko napajanje od 12 V, OK \/ Voda \/ Isklju\u010dena stanja ulaza detekcije WLD signalizirana su relejnim izlazom (NO\/NC).<br \/>\n1W-UNI (RJ11) Izlaz: Senzorski WLD relej je povezan RJ11 kabelom na bilo koji HWg ure\u0111aj (STE2, Poseidon, Ares, &#8230;) kao standardni vanjski senzor.<\/p>\n<p>Senzorski WLD relej je ulaz za jednu WLD zonu. Nekoliko senzora mo\u017ee se koristiti s jednim Poseidon \/ Ares ure\u0111ajem za WLD detekciju u nekoliko zona.<\/p>\n<p>WLD senzorski kabel detektuje vodu du\u017e cele du\u017eine kabela. Natopljenost ili prekid kabela mo\u017ee promeniti kontakt releja.<\/p>\n<p>WLD Relay je deo HWg ekosistema za nadzor (senzori + ure\u0111aji + portal SensDesk Technology), koji vam pru\u017ea dugoro\u010dna i pouzdana upozorenja, grafikone, PDF izve\u0161taje, otvoreni API, daljinsko upravljanje ure\u0111ajima i jo\u0161 mnogo toga. Otkrivanje vode i rano upozorenje klju\u010dni su u mnogim preduze\u0107ima, na primer, centrima podataka itd. Sistem za detekciju curenja vode iz HW grupe je kompleksno re\u0161enje razvijeno kako bi za\u0161titilo va\u0161 objekat od potencijalno skupih \u0161teta koje voda mo\u017ee prouzrokovati.<\/p>\n<ul>\n<li>Vanjski WLD senzor za sve RJ11 (1W-UNI) ure\u0111aje (Poseidon2, Ares, STE2, &#8230;)<\/li>\n<li>Senzorski WLD relej 1W-UNI napaja se iz RJ11<\/li>\n<li>WLD ulaz je 1 zona detekcije vode do 185 metara<\/li>\n<li>\u010cak i najmanje koli\u010dine vode, etilen glikola ili drugih provodnih te\u010dnosti detektuju se bilo gde du\u017e celokupne du\u017eine senzorskog kabla.<\/li>\n<li>WLD od strane HWg je jedinstvena i dugoro\u010dno stabilna tehnologija jer nema ograni\u010denja u pogledu savijanja, uvijanja ili hvatanja.<\/li>\n<\/ul>\n\t\t<\/div>\n\t\t\t\t\n<style>\n#col-1410897180 > .col-inner {\n  padding: 0px 1em 0px 0px;\n}\n<\/style>\n\t<\/div>\n\n\t\n\n\t<div id=\"col-1907322354\" class=\"col medium-6 small-12 large-6\"  data-animate=\"fadeInRight\">\n\t\t\t\t<div class=\"col-inner\"  >\n\t\t\t\n\t\t\t\n\t<div class=\"img has-hover x md-x lg-x y md-y lg-y\" id=\"image_1924616790\">\n\t\t\t\t\t\t\t\t<div class=\"img-inner dark\" >\n\t\t\t<img loading=\"lazy\" decoding=\"async\" width=\"750\" height=\"750\" src=\"https:\/\/mreze.shop\/wp-content\/uploads\/2023\/02\/Senzor-za-detekciju-curenja-vode-s-relejem-WLD-Relay-1076-2.jpg\" class=\"attachment-large size-large\" alt=\"\" srcset=\"https:\/\/mreze.shop\/wp-content\/uploads\/2023\/02\/Senzor-za-detekciju-curenja-vode-s-relejem-WLD-Relay-1076-2.jpg 750w, https:\/\/mreze.shop\/wp-content\/uploads\/2023\/02\/Senzor-za-detekciju-curenja-vode-s-relejem-WLD-Relay-1076-2-350x350.jpg 350w, https:\/\/mreze.shop\/wp-content\/uploads\/2023\/02\/Senzor-za-detekciju-curenja-vode-s-relejem-WLD-Relay-1076-2-100x100.jpg 100w, https:\/\/mreze.shop\/wp-content\/uploads\/2023\/02\/Senzor-za-detekciju-curenja-vode-s-relejem-WLD-Relay-1076-2-510x510.jpg 510w, https:\/\/mreze.shop\/wp-content\/uploads\/2023\/02\/Senzor-za-detekciju-curenja-vode-s-relejem-WLD-Relay-1076-2-400x400.jpg 400w, https:\/\/mreze.shop\/wp-content\/uploads\/2023\/02\/Senzor-za-detekciju-curenja-vode-s-relejem-WLD-Relay-1076-2-280x280.jpg 280w\" sizes=\"auto, (max-width: 750px) 100vw, 750px\" \/>\t\t\t\t\t\t\n\t\t\t\t\t<\/div>\n\t\t\t\t\t\t\t\t\n<style>\n#image_1924616790 {\n  width: 100%;\n}\n<\/style>\n\t<\/div>\n\t\n\t\t<\/div>\n\t\t\t\t\n<style>\n#col-1907322354 > .col-inner {\n  padding: 0px 0px 0px 1em;\n}\n<\/style>\n\t<\/div>\n\n\t\n<\/div>\n<div class=\"row align-middle\"  id=\"row-762818739\">\n\n\t<div id=\"col-256583108\" class=\"col medium-6 small-12 large-6\"  data-animate=\"fadeInRight\">\n\t\t\t\t<div class=\"col-inner\"  >\n\t\t\t\n\t\t\t\n\t<div class=\"img has-hover x md-x lg-x y md-y lg-y\" id=\"image_1901239482\">\n\t\t\t\t\t\t\t\t<div class=\"img-inner dark\" >\n\t\t\t<img loading=\"lazy\" decoding=\"async\" width=\"1020\" height=\"529\" src=\"https:\/\/mreze.shop\/wp-content\/uploads\/2023\/02\/1076-4.png\" class=\"attachment-large size-large\" alt=\"\" srcset=\"https:\/\/mreze.shop\/wp-content\/uploads\/2023\/02\/1076-4.png 1225w, https:\/\/mreze.shop\/wp-content\/uploads\/2023\/02\/1076-4-750x389.png 750w, https:\/\/mreze.shop\/wp-content\/uploads\/2023\/02\/1076-4-772x400.png 772w, https:\/\/mreze.shop\/wp-content\/uploads\/2023\/02\/1076-4-768x398.png 768w\" sizes=\"auto, (max-width: 1020px) 100vw, 1020px\" \/>\t\t\t\t\t\t\n\t\t\t\t\t<\/div>\n\t\t\t\t\t\t\t\t\n<style>\n#image_1901239482 {\n  width: 85%;\n}\n<\/style>\n\t<\/div>\n\t\n<p><em>Senzorski WLD relej mo\u017ee se koristiti kao samostalni WLD senzor (napajanje + relejni izlaz) ili kao 1W-UNI senzor povezan sa bilo kojim STE2, Poseidon2, HWg-Ares ili drugim HWg ure\u0111ajem.<\/em><\/p>\n\t\t<\/div>\n\t\t\t\t\n<style>\n#col-256583108 > .col-inner {\n  padding: 0px 0px 0px 1em;\n}\n<\/style>\n\t<\/div>\n\n\t\n\n\t<div id=\"col-411255068\" class=\"col medium-6 small-12 large-6\"  data-animate=\"fadeInLeft\">\n\t\t\t\t<div class=\"col-inner\"  >\n\t\t\t\n\t\t\t\n<h2>WLD senzorski kabel<\/h2>\n<div class=\"is-divider divider clearfix\" style=\"max-width:100%;\"><\/div>\n<p>WLD senzorski kabel detektuje te\u010dnost du\u017e celokupne du\u017eine senzorskog kabla \u010cak i nekoliko kapi vode, etilen glikola ili druge provodne te\u010dnosti aktivira alarm. WLD senzorski kabel mo\u017ee se ponovno koristiti (kabel se mo\u017ee o\u010distiti, osu\u0161iti i ponovno upotrebiti).<\/p>\n<h3><strong>Zna\u010daj WLD senzorskog kabela:<\/strong><\/h3>\n<ul>\n<li>Bez ograni\u010denja savijanja: WLD senzorski kabel nije ograni\u010den radijusom savijanja.<\/li>\n<li>Bez ograni\u010denja uvijanja: WLD senzorski kabel mo\u017ee se uvijati kao bilo koji drugi elektri\u010dni kabel.<\/li>\n<li>Bez ograni\u010denja prianjanja: Funkcionalnost otkrivanja vode nije ograni\u010dena ta\u010dkastim pritiskom unutar razumnog raspona.<\/li>\n<\/ul>\n<h3>Komponente WLD kabela<\/h3>\n<p>WLD senzorski kabel isporu\u010duje se u du\u017eini od 2 m do 50 m i mo\u017ee se produ\u017eiti WLD produ\u017eenim kabelom bez senzora.<\/p>\n<ul>\n<li>Priklju\u010dni kabel &#8211; 2m (zelena stezaljka, 2m, Terminator)<\/li>\n<li>WLD senzorski kabel A &#8211; 2m \/ 10m \/ 50m<\/li>\n<li>WLD produ\u017eni kabel A &#8211; 5m<\/li>\n<\/ul>\n\t\t<\/div>\n\t\t\t\t\n<style>\n#col-411255068 > .col-inner {\n  padding: 0px 1em 0px 0px;\n}\n<\/style>\n\t<\/div>\n\n\t\n<\/div>\n<div class=\"row\"  id=\"row-445249090\">\n\n\t<div id=\"col-1338960846\" class=\"col medium-6 small-12 large-6\"  data-animate=\"fadeInRight\">\n\t\t\t\t<div class=\"col-inner\"  >\n\t\t\t\n\t\t\t\n<h2>Navedene karakteristike:<\/h2>\n<div class=\"is-divider divider clearfix\" style=\"max-width:100%;\"><\/div>\n<ul>\n<li>Vanjski WLD senzor za sve RJ11 (1W-UNI) ure\u0111aje (Poseidon2, Ares, STE2, &#8230;)<\/li>\n<li>Senzorski WLD relej 1W-UNI napaja se iz RJ11<\/li>\n<li>WLD ulaz je 1 zona detekcije vode do 185 metara<\/li>\n<li>\u010cak i najmanje koli\u010dine vode, etilen glikola ili drugih provodnih te\u010dnosti detektuju se bilo gde du\u017e celokupne du\u017eine senzorskog kabla.<\/li>\n<li>WLD od strane HWg je jedinstvena i dugoro\u010dno stabilna tehnologija jer nema ograni\u010denja u pogledu savijanja, uvijanja ili hvatanja.<\/li>\n<\/ul>\n\t\t<\/div>\n\t\t\t\t\n<style>\n#col-1338960846 > .col-inner {\n  padding: 0px 0px 0px 1em;\n}\n<\/style>\n\t<\/div>\n\n\t\n\n\t<div id=\"col-2055082474\" class=\"col medium-6 small-12 large-6\"  data-animate=\"fadeInLeft\">\n\t\t\t\t<div class=\"col-inner\"  >\n\t\t\t\n\t\t\t\n<h2>Primena i upotreba<\/h2>\n<div class=\"is-divider divider clearfix\" style=\"max-width:100%;\"><\/div>\n<ul>\n<li>Detektor curenja vode za sigurnosne sisteme<\/li>\n<li>Detekcija vode ispod podignutih podova<\/li>\n<li>Otkrivanje curenja cevi (kabel omotan du\u017e cevi)<\/li>\n<li>Za\u0161tita od poplave od svetala na krovu (senzorski kabl postavljen du\u017e zidova).<\/li>\n<li>Detekcija curenja vode u posudama za kapljanje.<\/li>\n<li>Detekcija curenja vode ispod otvora klima ure\u0111aja<\/li>\n<\/ul>\n\t\t<\/div>\n\t\t\t\t\n<style>\n#col-2055082474 > .col-inner {\n  padding: 0px 1em 0px 0px;\n}\n<\/style>\n\t<\/div>\n\n\t\n<\/div>\n","protected":false},"excerpt":{"rendered":"<p>Univerzalni senzor curenja vode (WLD) s WLD kabelom i 2 vrste izlaza (relejni i 1W-UNI)<\/p>\n<ul>\n<li>detekcija i najmanje koli\u010dine vode celom du\u017einom WLD kabela<\/li>\n<li>1 zona detekcije se mo\u017ee produ\u017eiti do 185 metara<\/li>\n<\/ul>\n<p>&nbsp;<\/p>\n","protected":false},"featured_media":4646,"template":"","meta":[],"product_brand":[],"product_cat":[292],"product_tag":[],"class_list":{"0":"post-4679","1":"product","2":"type-product","3":"status-publish","4":"has-post-thumbnail","6":"product_cat-iot-uredaji-za-nadzor-i-upravljanje-sr","7":"product_shipping_class-dostava-prema-ponudi-sr","9":"first","10":"onbackorder","11":"taxable","12":"shipping-taxable","13":"purchasable","14":"product-type-simple"},"_links":{"self":[{"href":"https:\/\/mreze.shop\/sr\/wp-json\/wp\/v2\/product\/4679","targetHints":{"allow":["GET"]}}],"collection":[{"href":"https:\/\/mreze.shop\/sr\/wp-json\/wp\/v2\/product"}],"about":[{"href":"https:\/\/mreze.shop\/sr\/wp-json\/wp\/v2\/types\/product"}],"wp:featuredmedia":[{"embeddable":true,"href":"https:\/\/mreze.shop\/sr\/wp-json\/wp\/v2\/media\/4646"}],"wp:attachment":[{"href":"https:\/\/mreze.shop\/sr\/wp-json\/wp\/v2\/media?parent=4679"}],"wp:term":[{"taxonomy":"product_brand","embeddable":true,"href":"https:\/\/mreze.shop\/sr\/wp-json\/wp\/v2\/product_brand?post=4679"},{"taxonomy":"product_cat","embeddable":true,"href":"https:\/\/mreze.shop\/sr\/wp-json\/wp\/v2\/product_cat?post=4679"},{"taxonomy":"product_tag","embeddable":true,"href":"https:\/\/mreze.shop\/sr\/wp-json\/wp\/v2\/product_tag?post=4679"}],"curies":[{"name":"wp","href":"https:\/\/api.w.org\/{rel}","templated":true}]}}