{"id":8749,"date":"2023-02-14T11:44:19","date_gmt":"2023-02-14T10:44:19","guid":{"rendered":"https:\/\/mreze.shop\/proizvod\/antena-za-teltonika-rutx12-x14-routere-quspot-quwireless\/"},"modified":"2026-02-18T08:56:32","modified_gmt":"2026-02-18T07:56:32","slug":"antena-za-teltonika-rutx12-x14-routere-quspot-quwireless","status":"publish","type":"product","link":"https:\/\/mreze.shop\/bs\/proizvod\/antena-za-teltonika-rutx12-x14-routere-quspot-quwireless\/","title":{"rendered":"Antena za Teltonika RUTX12\/X14 routere QuSpot, QuWireless"},"content":{"rendered":"\t<div id=\"gap-613289096\" class=\"gap-element clearfix\" style=\"display:block; height:auto;\">\n\t\t\n<style>\n#gap-613289096 {\n  padding-top: 30px;\n}\n<\/style>\n\t<\/div>\n\t\n<div class=\"row align-middle\"  id=\"row-1348965697\">\n\n\t<div id=\"col-849844184\" class=\"col medium-6 small-12 large-6\"  data-animate=\"fadeInLeft\">\n\t\t\t\t<div class=\"col-inner\"  >\n\t\t\t\n\t\t\t\n<h2>Besprijekorna internet konekcija i u pokretu<\/h2>\n<div class=\"is-divider divider clearfix\" style=\"max-width:100%;\"><\/div>\n<p>QuSpot MIMO 4&#215;4 omni LTE antena s 4x SMA konektora za 2x ugra\u0111ena LTE modema ili 1x MIMO 4&#215;4 LTE modem). Namjenjena je Teltonika RUTX12 i RUTX14 modelima routera i savr\u0161ena je vanjski ure\u0111aj za mobilne i fiksne instalacije kao \u0161to su industrijske, CCTV, hot-spot, jahte, brodovi, kamperi , RV itd. <\/p>\n<p>Tako\u0111er ima ugra\u0111ene Wi-Fi dvopojasne 2,4 &amp; 5 GHz omni antene, GPS antenu i Bluetooth antenu.<\/p>\n<p>Kori\u0161tenjem RUTX12 ili RUTX14 routera s QuSpot antenom, osigurava integrirano cjelovito rje\u0161enje s ugra\u0111enim routerom i vi\u0161epojasnim antenama u jednom ku\u0107i\u0161tu.<\/p>\n\t\t<\/div>\n\t\t\t\t\n<style>\n#col-849844184 > .col-inner {\n  padding: 0px 1em 0px 0px;\n}\n<\/style>\n\t<\/div>\n\n\t\n\n\t<div id=\"col-473665222\" class=\"col medium-6 small-12 large-6\"  data-animate=\"fadeInRight\">\n\t\t\t\t<div class=\"col-inner\"  >\n\t\t\t\n\t\t\t\n<h2>Izdvojene karakteristike<\/h2>\n<div class=\"is-divider divider clearfix\" style=\"max-width:100%;\"><\/div>\n<ul>\n<li>Antena i Teltonika router ingeriraju se u jedno ku\u0107i\u0161te<\/li>\n<li>Vanjska antena koja funkcionira u svim vremenskim prilikama s IP67 razinom za\u0161tite od vanjskih utjecaja<\/li>\n<li>Savr\u0161eno uklapa Teltonika routere RUTX12 i RUTX14<\/li>\n<li>Podr\u0161ka za pasivni PoE<\/li>\n<li>Jednostavna instalacija<\/li>\n<li>Dual SIM a automatkim preklapanjem<\/li>\n<\/ul>\n\t\t<\/div>\n\t\t\t\t\n<style>\n#col-473665222 > .col-inner {\n  padding: 0px 0px 0px 1em;\n}\n<\/style>\n\t<\/div>\n\n\t\n<\/div>\n<div class=\"row\"  id=\"row-289420582\">\n\n\t<div id=\"col-1543440085\" class=\"col small-12 large-12\"  >\n\t\t\t\t<div class=\"col-inner text-center\"  >\n\t\t\t\n\t\t\t\n\t<div class=\"img has-hover x md-x lg-x y md-y lg-y\" id=\"image_653033187\">\n\t\t\t\t\t\t\t\t<div class=\"img-inner dark\" >\n\t\t\t<img loading=\"lazy\" decoding=\"async\" width=\"1286\" height=\"744\" src=\"https:\/\/mreze.shop\/wp-content\/uploads\/2023\/02\/Antena-za-Teltonika-RUTX12-RUTX14-1010-4-1.jpg\" class=\"attachment-original size-original\" alt=\"\" srcset=\"https:\/\/mreze.shop\/wp-content\/uploads\/2023\/02\/Antena-za-Teltonika-RUTX12-RUTX14-1010-4-1.jpg 1286w, https:\/\/mreze.shop\/wp-content\/uploads\/2023\/02\/Antena-za-Teltonika-RUTX12-RUTX14-1010-4-1-750x434.jpg 750w, https:\/\/mreze.shop\/wp-content\/uploads\/2023\/02\/Antena-za-Teltonika-RUTX12-RUTX14-1010-4-1-691x400.jpg 691w, https:\/\/mreze.shop\/wp-content\/uploads\/2023\/02\/Antena-za-Teltonika-RUTX12-RUTX14-1010-4-1-768x444.jpg 768w\" sizes=\"auto, (max-width: 1286px) 100vw, 1286px\" \/>\t\t\t\t\t\t\n\t\t\t\t\t<\/div>\n\t\t\t\t\t\t\t\t\n<style>\n#image_653033187 {\n  width: 88%;\n}\n<\/style>\n\t<\/div>\n\t\n\t\t<\/div>\n\t\t\t\t\t<\/div>\n\n\t\n<\/div>\n\n\t<section class=\"section\" id=\"section_1982904438\">\n\t\t<div class=\"section-bg fill\" >\n\t\t\t\t\t\t\t\t\t\n\t\t\t\n\n\t\t<\/div>\n\n\t\t\n\n\t\t<div class=\"section-content relative\">\n\t\t\t\n\t<div id=\"text-3927844324\" class=\"text\">\n\t\t\n<h2>Povezani \u010dlanci i primjeri upotrebe<\/h2>\n<p>Na\u0161i \u010dlanci \u0107e vas upoznati s tehnologijama, a primjeri uporabe \u0107e dati uvid u prakti\u010dnu primjenu ure\u0111aja iz mreze.hr ponude.<br \/>\n\t\t\n<style>\n#text-3927844324 {\n  text-align: center;\n}\n<\/style>\n\t<\/div>\n\t\n\t<div id=\"gap-1178263701\" class=\"gap-element clearfix\" style=\"display:block; height:auto;\">\n\t\t\n<style>\n#gap-1178263701 {\n  padding-top: 50px;\n}\n<\/style>\n\t<\/div>\n\t\n\n  \n    <div class=\"row large-columns-2 medium-columns-1 small-columns-1 slider row-slider slider-nav-simple slider-nav-outside\"  data-flickity-options='{&quot;imagesLoaded&quot;: true, &quot;groupCells&quot;: &quot;100%&quot;, &quot;dragThreshold&quot; : 5, &quot;cellAlign&quot;: &quot;left&quot;,&quot;wrapAround&quot;: true,&quot;prevNextButtons&quot;: true,&quot;percentPosition&quot;: true,&quot;pageDots&quot;: true, &quot;rightToLeft&quot;: false, &quot;autoPlay&quot; : false}' >\n\n  <\/div>\n\t\t<\/div>\n\n\t\t\n<style>\n#section_1982904438 {\n  padding-top: 30px;\n  padding-bottom: 30px;\n}\n<\/style>\n\t<\/section>\n\t\n","protected":false},"excerpt":{"rendered":"<p>Integrirana MIMO 4&#215;4 vi\u0161epojasna LTE omni antena + Wi-Fi omni antena + GPS antena + Bluetooth antena + mjesto za ugradnju Teltonika rutera (sve-u-jednom). Antena je namijenjena sljede\u0107im modelima routera: <\/p>\n<ul>\n<li>Teltonika RUTX12<\/li>\n<li>Teltonika RUTX14<\/li>\n<\/ul>\n","protected":false},"featured_media":4426,"template":"","meta":[],"product_brand":[],"product_cat":[210],"product_tag":[],"class_list":{"0":"post-8749","1":"product","2":"type-product","3":"status-publish","4":"has-post-thumbnail","6":"product_cat-teltonika-antene-bs","7":"product_shipping_class-dostava-prema-ponudi","9":"first","10":"instock","11":"taxable","12":"shipping-taxable","13":"purchasable","14":"product-type-simple"},"_links":{"self":[{"href":"https:\/\/mreze.shop\/bs\/wp-json\/wp\/v2\/product\/8749","targetHints":{"allow":["GET"]}}],"collection":[{"href":"https:\/\/mreze.shop\/bs\/wp-json\/wp\/v2\/product"}],"about":[{"href":"https:\/\/mreze.shop\/bs\/wp-json\/wp\/v2\/types\/product"}],"wp:featuredmedia":[{"embeddable":true,"href":"https:\/\/mreze.shop\/bs\/wp-json\/wp\/v2\/media\/4426"}],"wp:attachment":[{"href":"https:\/\/mreze.shop\/bs\/wp-json\/wp\/v2\/media?parent=8749"}],"wp:term":[{"taxonomy":"product_brand","embeddable":true,"href":"https:\/\/mreze.shop\/bs\/wp-json\/wp\/v2\/product_brand?post=8749"},{"taxonomy":"product_cat","embeddable":true,"href":"https:\/\/mreze.shop\/bs\/wp-json\/wp\/v2\/product_cat?post=8749"},{"taxonomy":"product_tag","embeddable":true,"href":"https:\/\/mreze.shop\/bs\/wp-json\/wp\/v2\/product_tag?post=8749"}],"curies":[{"name":"wp","href":"https:\/\/api.w.org\/{rel}","templated":true}]}}