{"id":8747,"date":"2023-04-18T11:02:13","date_gmt":"2023-04-18T09:02:13","guid":{"rendered":"https:\/\/mreze.shop\/proizvod\/antena-za-teltonika-rutx11-qumax-quwireless\/"},"modified":"2026-02-18T09:03:15","modified_gmt":"2026-02-18T08:03:15","slug":"antena-za-teltonika-rutx11-qumax-quwireless","status":"publish","type":"product","link":"https:\/\/mreze.shop\/bs\/proizvod\/antena-za-teltonika-rutx11-qumax-quwireless\/","title":{"rendered":"Antena za Teltonika RUTX11, QuMax, QuWireless"},"content":{"rendered":"\t<div id=\"gap-2012071234\" class=\"gap-element clearfix\" style=\"display:block; height:auto;\">\n\t\t\n<style>\n#gap-2012071234 {\n  padding-top: 30px;\n}\n<\/style>\n\t<\/div>\n\t\n<div class=\"row align-middle\"  id=\"row-6093181\">\n\n\t<div id=\"col-1334152626\" class=\"col medium-6 small-12 large-6\"  data-animate=\"fadeInLeft\">\n\t\t\t\t<div class=\"col-inner\"  >\n\t\t\t\n\t\t\t\n<h2>All-in-one LTE antena Teltonika RUTX11 router<\/h2>\n<div class=\"is-divider divider clearfix\" style=\"max-width:100%;\"><\/div>\n<p>QuMAX donosi najsna\u017eniju usmjerenu LTE antenu od svih QuWireless modela antena. Namijenjena je ostvarivanju veza u industrijskom okru\u017eenju s velikim udaljenostima do bazne stanice. <\/p>\n<p>Dizajniran je RUTx11 ruter koji se postavlja unutar otpornog IP67 ku\u0107i\u0161ta. Tako\u0111er ima ugra\u0111enu GPS antenu, Bluetooth antenu te vanjsku dvopojasnu Wi-Fi omni antenu od 2,4 i 5 GHz<\/p>\n\t\t<\/div>\n\t\t\t\t\n<style>\n#col-1334152626 > .col-inner {\n  padding: 0px 1em 0px 0px;\n}\n<\/style>\n\t<\/div>\n\n\t\n\n\t<div id=\"col-1378281988\" class=\"col medium-6 small-12 large-6\"  data-animate=\"fadeInRight\">\n\t\t\t\t<div class=\"col-inner\"  >\n\t\t\t\n\t\t\t\n<h2>Izdvojene karakteristike<\/h2>\n<div class=\"is-divider divider clearfix\" style=\"max-width:100%;\"><\/div>\n<ul>\n<li>Antena i Teltonika router ingeriraju se u jedno ku\u0107i\u0161te<\/li>\n<li>Vanjska antena koja funkcionira u svim vremenskim prilikama s IP67 razinom za\u0161tite od vanjskih utjecaja<\/li>\n<li>Savr\u0161eno uklapa Teltonika routere RUT200\/240\/241\/950\/951\/955\/956\/X09\/X11<\/li>\n<li>Podr\u0161ka za pasivni PoE<\/li>\n<li>Jednostavna instalacija<\/li>\n<li>Dual SIM s auto-failover funkcijom<\/li>\n<\/ul>\n\t\t<\/div>\n\t\t\t\t\n<style>\n#col-1378281988 > .col-inner {\n  padding: 0px 0px 0px 1em;\n}\n<\/style>\n\t<\/div>\n\n\t\n<\/div>\n<div class=\"row\"  id=\"row-329711940\">\n\n\t<div id=\"col-680252142\" class=\"col small-12 large-12\"  >\n\t\t\t\t<div class=\"col-inner text-center\"  >\n\t\t\t\n\t\t\t\n\t<div class=\"img has-hover x md-x lg-x y md-y lg-y\" id=\"image_1304609408\">\n\t\t\t\t\t\t\t\t<div class=\"img-inner dark\" >\n\t\t\t<img loading=\"lazy\" decoding=\"async\" width=\"1246\" height=\"704\" src=\"https:\/\/mreze.shop\/wp-content\/uploads\/2023\/04\/1021-detalji.jpg\" class=\"attachment-original size-original\" alt=\"\" srcset=\"https:\/\/mreze.shop\/wp-content\/uploads\/2023\/04\/1021-detalji.jpg 1246w, https:\/\/mreze.shop\/wp-content\/uploads\/2023\/04\/1021-detalji-708x400.jpg 708w, https:\/\/mreze.shop\/wp-content\/uploads\/2023\/04\/1021-detalji-768x434.jpg 768w, https:\/\/mreze.shop\/wp-content\/uploads\/2023\/04\/1021-detalji-750x424.jpg 750w\" sizes=\"auto, (max-width: 1246px) 100vw, 1246px\" \/>\t\t\t\t\t\t\n\t\t\t\t\t<\/div>\n\t\t\t\t\t\t\t\t\n<style>\n#image_1304609408 {\n  width: 73%;\n}\n<\/style>\n\t<\/div>\n\t\n\t\t<\/div>\n\t\t\t\t\t<\/div>\n\n\t\n<\/div>\n\n\t<section class=\"section\" id=\"section_1477164022\">\n\t\t<div class=\"section-bg fill\" >\n\t\t\t\t\t\t\t\t\t\n\t\t\t\n\n\t\t<\/div>\n\n\t\t\n\n\t\t<div class=\"section-content relative\">\n\t\t\t\n\t<div id=\"gap-993969297\" class=\"gap-element clearfix\" style=\"display:block; height:auto;\">\n\t\t\n<style>\n#gap-993969297 {\n  padding-top: 50px;\n}\n<\/style>\n\t<\/div>\n\t\n\n  \n    <div class=\"row large-columns-2 medium-columns-1 small-columns-1 slider row-slider slider-nav-simple slider-nav-outside\"  data-flickity-options='{&quot;imagesLoaded&quot;: true, &quot;groupCells&quot;: &quot;100%&quot;, &quot;dragThreshold&quot; : 5, &quot;cellAlign&quot;: &quot;left&quot;,&quot;wrapAround&quot;: true,&quot;prevNextButtons&quot;: true,&quot;percentPosition&quot;: true,&quot;pageDots&quot;: true, &quot;rightToLeft&quot;: false, &quot;autoPlay&quot; : false}' >\n\n  <\/div>\n\t\t<\/div>\n\n\t\t\n<style>\n#section_1477164022 {\n  padding-top: 30px;\n  padding-bottom: 30px;\n}\n<\/style>\n\t<\/section>\n\t\n","protected":false},"excerpt":{"rendered":"<p>Integrirana vanjska LTE usmjerena antena velike snage + vanjska Wi-Fi dual band 2,4 &amp; 5 GHz omni antena + Bluetooth antena + GPS antena + mjesto za ugradnju Teltonika RUTX11 industrijskog routera.<\/p>\n<ul>\n<li>Za Teltonika RUTX11 router<\/li>\n<\/ul>\n","protected":false},"featured_media":4534,"template":"","meta":[],"product_brand":[],"product_cat":[210],"product_tag":[],"class_list":{"0":"post-8747","1":"product","2":"type-product","3":"status-publish","4":"has-post-thumbnail","6":"product_cat-teltonika-antene-bs","7":"product_shipping_class-dostava-prema-ponudi","9":"first","10":"onbackorder","11":"taxable","12":"shipping-taxable","13":"purchasable","14":"product-type-simple"},"_links":{"self":[{"href":"https:\/\/mreze.shop\/bs\/wp-json\/wp\/v2\/product\/8747","targetHints":{"allow":["GET"]}}],"collection":[{"href":"https:\/\/mreze.shop\/bs\/wp-json\/wp\/v2\/product"}],"about":[{"href":"https:\/\/mreze.shop\/bs\/wp-json\/wp\/v2\/types\/product"}],"wp:featuredmedia":[{"embeddable":true,"href":"https:\/\/mreze.shop\/bs\/wp-json\/wp\/v2\/media\/4534"}],"wp:attachment":[{"href":"https:\/\/mreze.shop\/bs\/wp-json\/wp\/v2\/media?parent=8747"}],"wp:term":[{"taxonomy":"product_brand","embeddable":true,"href":"https:\/\/mreze.shop\/bs\/wp-json\/wp\/v2\/product_brand?post=8747"},{"taxonomy":"product_cat","embeddable":true,"href":"https:\/\/mreze.shop\/bs\/wp-json\/wp\/v2\/product_cat?post=8747"},{"taxonomy":"product_tag","embeddable":true,"href":"https:\/\/mreze.shop\/bs\/wp-json\/wp\/v2\/product_tag?post=8747"}],"curies":[{"name":"wp","href":"https:\/\/api.w.org\/{rel}","templated":true}]}}