{"id":6147,"date":"2024-03-12T12:17:00","date_gmt":"2024-03-12T11:17:00","guid":{"rendered":"https:\/\/mreze.shop\/proizvod\/mjerac-digitalni-visenamjenski-mfm384-c-cu-mid-selec\/"},"modified":"2024-03-12T12:17:00","modified_gmt":"2024-03-12T11:17:00","slug":"mjerac-digitalni-visenamjenski-mfm384-c-cu-mid-selec","status":"publish","type":"product","link":"https:\/\/mreze.shop\/bs\/proizvod\/mjerac-digitalni-visenamjenski-mfm384-c-cu-mid-selec\/","title":{"rendered":"Mjera\u010d, digitalni, vi\u0161enamjenski MFM384-C-CU-MID, Selec"},"content":{"rendered":"<p>Digitalni vi\u0161enamjenski mjera\u010d, MID B+D certifikat, trofazni, izlaz s jednim impulsom, LCD zaslon, EIA-485, 85-270VAC, 1\/4 DIN sivi, Selec<\/p>\n","protected":false},"excerpt":{"rendered":"<p>Digitalni vi\u0161enamjenski mjera\u010d, MID B+D certifikat, trofazni, izlaz s jednim impulsom, LCD zaslon, EIA-485, 85-270VAC, 1\/4 DIN sivi, Selec<\/p>\n","protected":false},"featured_media":5697,"template":"","meta":[],"product_brand":[],"product_cat":[201],"product_tag":[],"class_list":{"0":"post-6147","1":"product","2":"type-product","3":"status-publish","4":"has-post-thumbnail","6":"product_cat-brojila-energije-bs","7":"product_shipping_class-dostava-prema-ponudi","9":"first","10":"instock","11":"taxable","12":"shipping-taxable","13":"purchasable","14":"product-type-simple"},"_links":{"self":[{"href":"https:\/\/mreze.shop\/bs\/wp-json\/wp\/v2\/product\/6147","targetHints":{"allow":["GET"]}}],"collection":[{"href":"https:\/\/mreze.shop\/bs\/wp-json\/wp\/v2\/product"}],"about":[{"href":"https:\/\/mreze.shop\/bs\/wp-json\/wp\/v2\/types\/product"}],"wp:featuredmedia":[{"embeddable":true,"href":"https:\/\/mreze.shop\/bs\/wp-json\/wp\/v2\/media\/5697"}],"wp:attachment":[{"href":"https:\/\/mreze.shop\/bs\/wp-json\/wp\/v2\/media?parent=6147"}],"wp:term":[{"taxonomy":"product_brand","embeddable":true,"href":"https:\/\/mreze.shop\/bs\/wp-json\/wp\/v2\/product_brand?post=6147"},{"taxonomy":"product_cat","embeddable":true,"href":"https:\/\/mreze.shop\/bs\/wp-json\/wp\/v2\/product_cat?post=6147"},{"taxonomy":"product_tag","embeddable":true,"href":"https:\/\/mreze.shop\/bs\/wp-json\/wp\/v2\/product_tag?post=6147"}],"curies":[{"name":"wp","href":"https:\/\/api.w.org\/{rel}","templated":true}]}}