{"id":6106,"date":"2024-03-12T12:20:54","date_gmt":"2024-03-12T11:20:54","guid":{"rendered":"https:\/\/mreze.shop\/proizvod\/relej-propustanja-uzemljenja-900elr-2-230v-ce-rohs-selec\/"},"modified":"2024-03-12T12:20:54","modified_gmt":"2024-03-12T11:20:54","slug":"relej-propustanja-uzemljenja-900elr-2-230v-ce-rohs-selec","status":"publish","type":"product","link":"https:\/\/mreze.shop\/bs\/proizvod\/relej-propustanja-uzemljenja-900elr-2-230v-ce-rohs-selec\/","title":{"rendered":"Relej propu\u0161tanja uzemljenja 900ELR-2-230V-CE-RoHS, Selec"},"content":{"rendered":"<p>Relej propu\u0161tanja uzemljenja, 10mA-30A, 230VAC, 2SPDT, 35mm DIN \u0161ina<\/p>\n","protected":false},"excerpt":{"rendered":"<p>Relej propu\u0161tanja uzemljenja, 10mA-30A, 230VAC, 2SPDT, 35mm DIN \u0161ina<\/p>\n","protected":false},"featured_media":5311,"template":"","meta":[],"product_brand":[],"product_cat":[333],"product_tag":[],"class_list":{"0":"post-6106","1":"product","2":"type-product","3":"status-publish","4":"has-post-thumbnail","6":"product_cat-zastitni-releji-bs","7":"product_shipping_class-dostava-prema-ponudi","9":"first","10":"instock","11":"taxable","12":"shipping-taxable","13":"purchasable","14":"product-type-simple"},"_links":{"self":[{"href":"https:\/\/mreze.shop\/bs\/wp-json\/wp\/v2\/product\/6106","targetHints":{"allow":["GET"]}}],"collection":[{"href":"https:\/\/mreze.shop\/bs\/wp-json\/wp\/v2\/product"}],"about":[{"href":"https:\/\/mreze.shop\/bs\/wp-json\/wp\/v2\/types\/product"}],"wp:featuredmedia":[{"embeddable":true,"href":"https:\/\/mreze.shop\/bs\/wp-json\/wp\/v2\/media\/5311"}],"wp:attachment":[{"href":"https:\/\/mreze.shop\/bs\/wp-json\/wp\/v2\/media?parent=6106"}],"wp:term":[{"taxonomy":"product_brand","embeddable":true,"href":"https:\/\/mreze.shop\/bs\/wp-json\/wp\/v2\/product_brand?post=6106"},{"taxonomy":"product_cat","embeddable":true,"href":"https:\/\/mreze.shop\/bs\/wp-json\/wp\/v2\/product_cat?post=6106"},{"taxonomy":"product_tag","embeddable":true,"href":"https:\/\/mreze.shop\/bs\/wp-json\/wp\/v2\/product_tag?post=6106"}],"curies":[{"name":"wp","href":"https:\/\/api.w.org\/{rel}","templated":true}]}}