{"id":6105,"date":"2024-03-12T12:20:56","date_gmt":"2024-03-12T11:20:56","guid":{"rendered":"https:\/\/mreze.shop\/proizvod\/relej-propustanja-uzemljenja-elra2m2-1-230v-ce-rohs-selec\/"},"modified":"2024-03-12T12:20:56","modified_gmt":"2024-03-12T11:20:56","slug":"relej-propustanja-uzemljenja-elra2m2-1-230v-ce-rohs-selec","status":"publish","type":"product","link":"https:\/\/mreze.shop\/bs\/proizvod\/relej-propustanja-uzemljenja-elra2m2-1-230v-ce-rohs-selec\/","title":{"rendered":"Relej propu\u0161tanja uzemljenja ELRA2M2-1-230V-CE-RoHs, Selec"},"content":{"rendered":"<p>Relej propu\u0161tanja uzemljenja, analogni, 30mA-30A, 230VAC, 1SPDT, 35mm DIN \u0161ina<\/p>\n","protected":false},"excerpt":{"rendered":"<p>Relej propu\u0161tanja uzemljenja, analogni, 30mA-30A, 230VAC, 1SPDT, 35mm DIN \u0161ina<\/p>\n","protected":false},"featured_media":5314,"template":"","meta":[],"product_brand":[],"product_cat":[333],"product_tag":[],"class_list":{"0":"post-6105","1":"product","2":"type-product","3":"status-publish","4":"has-post-thumbnail","6":"product_cat-zastitni-releji-bs","7":"product_shipping_class-dostava-prema-ponudi","9":"first","10":"instock","11":"taxable","12":"shipping-taxable","13":"purchasable","14":"product-type-simple"},"_links":{"self":[{"href":"https:\/\/mreze.shop\/bs\/wp-json\/wp\/v2\/product\/6105","targetHints":{"allow":["GET"]}}],"collection":[{"href":"https:\/\/mreze.shop\/bs\/wp-json\/wp\/v2\/product"}],"about":[{"href":"https:\/\/mreze.shop\/bs\/wp-json\/wp\/v2\/types\/product"}],"wp:featuredmedia":[{"embeddable":true,"href":"https:\/\/mreze.shop\/bs\/wp-json\/wp\/v2\/media\/5314"}],"wp:attachment":[{"href":"https:\/\/mreze.shop\/bs\/wp-json\/wp\/v2\/media?parent=6105"}],"wp:term":[{"taxonomy":"product_brand","embeddable":true,"href":"https:\/\/mreze.shop\/bs\/wp-json\/wp\/v2\/product_brand?post=6105"},{"taxonomy":"product_cat","embeddable":true,"href":"https:\/\/mreze.shop\/bs\/wp-json\/wp\/v2\/product_cat?post=6105"},{"taxonomy":"product_tag","embeddable":true,"href":"https:\/\/mreze.shop\/bs\/wp-json\/wp\/v2\/product_tag?post=6105"}],"curies":[{"name":"wp","href":"https:\/\/api.w.org\/{rel}","templated":true}]}}