{"id":6068,"date":"2024-03-12T12:22:33","date_gmt":"2024-03-12T11:22:33","guid":{"rendered":"https:\/\/mreze.shop\/proizvod\/brojac-xtc5400-cu-selec\/"},"modified":"2024-03-12T12:22:33","modified_gmt":"2024-03-12T11:22:33","slug":"brojac-xtc5400-cu-selec","status":"publish","type":"product","link":"https:\/\/mreze.shop\/bs\/proizvod\/brojac-xtc5400-cu-selec\/","title":{"rendered":"Broja\u010d XTC5400-CU, Selec"},"content":{"rendered":"<p>Unaprijed postavljeni broja\u010d, vi\u0161enamjenski &#8211; puls\/vrijeme, 2&#215;4 znamenke LED, skalabilan, nekoliko vremenskih raspona, 2 postavljene to\u010dke, 2SPST (2NO), 85-270V, 1\/16 DIN<\/p>\n","protected":false},"excerpt":{"rendered":"<p>Unaprijed postavljeni broja\u010d, vi\u0161enamjenski &#8211; puls\/vrijeme, 2&#215;4 znamenke LED, skalabilan, nekoliko vremenskih raspona, 2 postavljene to\u010dke, 2SPST (2NO), 85-270V, 1\/16 DIN<\/p>\n","protected":false},"featured_media":5611,"template":"","meta":[],"product_brand":[],"product_cat":[192],"product_tag":[],"class_list":{"0":"post-6068","1":"product","2":"type-product","3":"status-publish","4":"has-post-thumbnail","6":"product_cat-iot-uredaji-za-nadzor-i-upravljanje","7":"product_shipping_class-dostava-prema-ponudi","9":"first","10":"onbackorder","11":"taxable","12":"shipping-taxable","13":"purchasable","14":"product-type-simple"},"_links":{"self":[{"href":"https:\/\/mreze.shop\/bs\/wp-json\/wp\/v2\/product\/6068","targetHints":{"allow":["GET"]}}],"collection":[{"href":"https:\/\/mreze.shop\/bs\/wp-json\/wp\/v2\/product"}],"about":[{"href":"https:\/\/mreze.shop\/bs\/wp-json\/wp\/v2\/types\/product"}],"wp:featuredmedia":[{"embeddable":true,"href":"https:\/\/mreze.shop\/bs\/wp-json\/wp\/v2\/media\/5611"}],"wp:attachment":[{"href":"https:\/\/mreze.shop\/bs\/wp-json\/wp\/v2\/media?parent=6068"}],"wp:term":[{"taxonomy":"product_brand","embeddable":true,"href":"https:\/\/mreze.shop\/bs\/wp-json\/wp\/v2\/product_brand?post=6068"},{"taxonomy":"product_cat","embeddable":true,"href":"https:\/\/mreze.shop\/bs\/wp-json\/wp\/v2\/product_cat?post=6068"},{"taxonomy":"product_tag","embeddable":true,"href":"https:\/\/mreze.shop\/bs\/wp-json\/wp\/v2\/product_tag?post=6068"}],"curies":[{"name":"wp","href":"https:\/\/api.w.org\/{rel}","templated":true}]}}