{"id":6067,"date":"2024-03-12T12:22:35","date_gmt":"2024-03-12T11:22:35","guid":{"rendered":"https:\/\/mreze.shop\/proizvod\/timer-brojac-programabilni-xtc4102-ce-selec\/"},"modified":"2024-03-12T12:22:35","modified_gmt":"2024-03-12T11:22:35","slug":"timer-brojac-programabilni-xtc4102-ce-selec","status":"publish","type":"product","link":"https:\/\/mreze.shop\/bs\/proizvod\/timer-brojac-programabilni-xtc4102-ce-selec\/","title":{"rendered":"Timer\/broja\u010d, Programabilni XTC4102-CE, Selec"},"content":{"rendered":"<p>Programabilni mjera\u010d vremena\/broja\u010d, vi\u0161enamjenski, 6 znamenki, 2 postavljene to\u010dke, 90-270 V, 36&#215;72 mm<\/p>\n","protected":false},"excerpt":{"rendered":"<p>Programabilni mjera\u010d vremena\/broja\u010d, vi\u0161enamjenski, 6 znamenki, 2 postavljene to\u010dke, 90-270 V, 36&#215;72 mm<\/p>\n","protected":false},"featured_media":5620,"template":"","meta":[],"product_brand":[],"product_cat":[192],"product_tag":[],"class_list":{"0":"post-6067","1":"product","2":"type-product","3":"status-publish","4":"has-post-thumbnail","6":"product_cat-iot-uredaji-za-nadzor-i-upravljanje","7":"product_shipping_class-dostava-prema-ponudi","9":"first","10":"onbackorder","11":"taxable","12":"shipping-taxable","13":"purchasable","14":"product-type-simple"},"_links":{"self":[{"href":"https:\/\/mreze.shop\/bs\/wp-json\/wp\/v2\/product\/6067","targetHints":{"allow":["GET"]}}],"collection":[{"href":"https:\/\/mreze.shop\/bs\/wp-json\/wp\/v2\/product"}],"about":[{"href":"https:\/\/mreze.shop\/bs\/wp-json\/wp\/v2\/types\/product"}],"wp:featuredmedia":[{"embeddable":true,"href":"https:\/\/mreze.shop\/bs\/wp-json\/wp\/v2\/media\/5620"}],"wp:attachment":[{"href":"https:\/\/mreze.shop\/bs\/wp-json\/wp\/v2\/media?parent=6067"}],"wp:term":[{"taxonomy":"product_brand","embeddable":true,"href":"https:\/\/mreze.shop\/bs\/wp-json\/wp\/v2\/product_brand?post=6067"},{"taxonomy":"product_cat","embeddable":true,"href":"https:\/\/mreze.shop\/bs\/wp-json\/wp\/v2\/product_cat?post=6067"},{"taxonomy":"product_tag","embeddable":true,"href":"https:\/\/mreze.shop\/bs\/wp-json\/wp\/v2\/product_tag?post=6067"}],"curies":[{"name":"wp","href":"https:\/\/api.w.org\/{rel}","templated":true}]}}