{"id":6066,"date":"2024-03-12T12:22:38","date_gmt":"2024-03-12T11:22:38","guid":{"rendered":"https:\/\/mreze.shop\/proizvod\/brojac-xc1200-cu-selec\/"},"modified":"2024-03-12T12:22:38","modified_gmt":"2024-03-12T11:22:38","slug":"brojac-xc1200-cu-selec","status":"publish","type":"product","link":"https:\/\/mreze.shop\/bs\/proizvod\/brojac-xc1200-cu-selec\/","title":{"rendered":"Broja\u010d XC1200-CU, Selec"},"content":{"rendered":"<p>broja\u010d, vi\u0161enamjenski &#8211; puls\/frekvencija, 1&#215;6 znamenki LED, skalabilan, 2 postavljene to\u010dke, 1DPDT, 85-270V, 1\/8 DIN<\/p>\n","protected":false},"excerpt":{"rendered":"<p>broja\u010d, vi\u0161enamjenski &#8211; puls\/frekvencija, 1&#215;6 znamenki LED, skalabilan, 2 postavljene to\u010dke, 1DPDT, 85-270V, 1\/8 DIN<\/p>\n","protected":false},"featured_media":5591,"template":"","meta":[],"product_brand":[],"product_cat":[192],"product_tag":[],"class_list":{"0":"post-6066","1":"product","2":"type-product","3":"status-publish","4":"has-post-thumbnail","6":"product_cat-iot-uredaji-za-nadzor-i-upravljanje","7":"product_shipping_class-dostava-prema-ponudi","9":"first","10":"onbackorder","11":"taxable","12":"shipping-taxable","13":"purchasable","14":"product-type-simple"},"_links":{"self":[{"href":"https:\/\/mreze.shop\/bs\/wp-json\/wp\/v2\/product\/6066","targetHints":{"allow":["GET"]}}],"collection":[{"href":"https:\/\/mreze.shop\/bs\/wp-json\/wp\/v2\/product"}],"about":[{"href":"https:\/\/mreze.shop\/bs\/wp-json\/wp\/v2\/types\/product"}],"wp:featuredmedia":[{"embeddable":true,"href":"https:\/\/mreze.shop\/bs\/wp-json\/wp\/v2\/media\/5591"}],"wp:attachment":[{"href":"https:\/\/mreze.shop\/bs\/wp-json\/wp\/v2\/media?parent=6066"}],"wp:term":[{"taxonomy":"product_brand","embeddable":true,"href":"https:\/\/mreze.shop\/bs\/wp-json\/wp\/v2\/product_brand?post=6066"},{"taxonomy":"product_cat","embeddable":true,"href":"https:\/\/mreze.shop\/bs\/wp-json\/wp\/v2\/product_cat?post=6066"},{"taxonomy":"product_tag","embeddable":true,"href":"https:\/\/mreze.shop\/bs\/wp-json\/wp\/v2\/product_tag?post=6066"}],"curies":[{"name":"wp","href":"https:\/\/api.w.org\/{rel}","templated":true}]}}