{"id":5714,"date":"2024-03-28T10:50:46","date_gmt":"2024-03-28T09:50:46","guid":{"rendered":"https:\/\/mreze.shop\/?post_type=product&#038;p=5714"},"modified":"2025-04-29T15:07:36","modified_gmt":"2025-04-29T13:07:36","slug":"industrijski-router-rut300-teltonika-kopiraj","status":"publish","type":"product","link":"https:\/\/mreze.shop\/bs\/proizvod\/industrijski-router-rut300-teltonika-kopiraj\/","title":{"rendered":"Industrijski Ethernet router RUT301, Teltonika"},"content":{"rendered":"\t<div id=\"gap-1176090635\" class=\"gap-element clearfix\" style=\"display:block; height:auto;\">\n\t\t\n<style>\n#gap-1176090635 {\n  padding-top: 30px;\n}\n<\/style>\n\t<\/div>\n\t\n<div class=\"row align-middle\"  id=\"row-363011880\">\n\n\t<div id=\"col-1823470167\" class=\"col medium-6 small-12 large-6\"  data-animate=\"fadeInLeft\">\n\t\t\t\t<div class=\"col-inner\"  >\n\t\t\t\n\t\t\t\n<h2>Ekonomi\u010dan, ali bogat naprednim sigurnosnim zna\u010dajkama<\/h2>\n<div class=\"is-divider divider clearfix\" style=\"max-width:100%;\"><\/div>  Ovaj Ethernet ruter dolazi s pet Ethernet portova, dva konfigurabilna digitalna ulaza\/izlaza i USB 2.0 portom za jednostavnu integraciju s industrijskim strojevima, poslovnom ili maloprodajnom opremom. Osim toga, RUT301 ima unaprijed konfigurirani za\u0161titni zid i podr\u017eava vi\u0161e industrijskih komunikacijskih protokola.  <\/p>\n<ul>\n<li>5 brzih Ethernet portova (10\/100 Mbps)<\/li>\n<li>2 x digitalni ulaz, 2 x digitalni izlaz na 4-pinskom konektoru napajanja i USB 2.0<\/li>\n<li>Proslje\u0111ivanje portova, pravila prometa, prilago\u0111ena pravila, unaprijed konfigurirana pravila za\u0161titnog zida (firewall), DMZ, NAT, NAT-T, NAT pomo\u0107nici, neograni\u010dena konfiguracija za\u0161titnog zida putem CLI-ja<\/li>\n<li>Brojni VPN servisi OpenVPN, IPsec, GRE, PPTP, L2TP, Stunnel, DMVPN, SSTP, ZeroTier, WireGuard, Tinc, Tailscale<\/li>\n<li>Kompatibilan s Teltonika Remote Management System tehnologijom<\/li>\n<li>Izdr\u017eljivo aluminijsko ku\u0107i\u0161te za upotrebu u zahtjevnom okru\u017eenju<\/li>\n<\/ul>\n\t\t<\/div>\n\t\t\t\t\n<style>\n#col-1823470167 > .col-inner {\n  padding: 0px 1em 0px 0px;\n}\n<\/style>\n\t<\/div>\n\n\t\n\n\t<div id=\"col-476234371\" class=\"col medium-6 small-12 large-6\"  data-animate=\"fadeInRight\">\n\t\t\t\t<div class=\"col-inner\"  >\n\t\t\t\n\t\t\t\n\t<div class=\"img has-hover x md-x lg-x y md-y lg-y\" id=\"image_552799531\">\n\t\t\t\t\t\t\t\t<div class=\"img-inner dark\" >\n\t\t\t<img loading=\"lazy\" decoding=\"async\" width=\"2560\" height=\"2560\" src=\"https:\/\/mreze.shop\/wp-content\/uploads\/2024\/03\/RUT301-web_icon.png\" class=\"attachment-original size-original\" alt=\"\" srcset=\"https:\/\/mreze.shop\/wp-content\/uploads\/2024\/03\/RUT301-web_icon.png 2560w, https:\/\/mreze.shop\/wp-content\/uploads\/2024\/03\/RUT301-web_icon-400x400.png 400w, https:\/\/mreze.shop\/wp-content\/uploads\/2024\/03\/RUT301-web_icon-800x800.png 800w, https:\/\/mreze.shop\/wp-content\/uploads\/2024\/03\/RUT301-web_icon-280x280.png 280w, https:\/\/mreze.shop\/wp-content\/uploads\/2024\/03\/RUT301-web_icon-768x768.png 768w, https:\/\/mreze.shop\/wp-content\/uploads\/2024\/03\/RUT301-web_icon-1536x1536.png 1536w, https:\/\/mreze.shop\/wp-content\/uploads\/2024\/03\/RUT301-web_icon-2048x2048.png 2048w, https:\/\/mreze.shop\/wp-content\/uploads\/2024\/03\/RUT301-web_icon-350x350.png 350w, https:\/\/mreze.shop\/wp-content\/uploads\/2024\/03\/RUT301-web_icon-750x750.png 750w, https:\/\/mreze.shop\/wp-content\/uploads\/2024\/03\/RUT301-web_icon-100x100.png 100w\" sizes=\"auto, (max-width: 2560px) 100vw, 2560px\" \/>\t\t\t\t\t\t\n\t\t\t\t\t<\/div>\n\t\t\t\t\t\t\t\t\n<style>\n#image_552799531 {\n  width: 91%;\n}\n<\/style>\n\t<\/div>\n\t\n\t\t<\/div>\n\t\t\t\t\n<style>\n#col-476234371 > .col-inner {\n  padding: 0px 0px 0px 1em;\n}\n<\/style>\n\t<\/div>\n\n\t\n<\/div>\n\n\t<section class=\"section dark\" id=\"section_805528735\">\n\t\t<div class=\"section-bg fill\" >\n\t\t\t\t\t\t\t\t\t\n\t\t\t\n\n\t\t<\/div>\n\n\t\t\t<div class=\"ux-shape-divider ux-shape-divider--top ux-shape-divider--style-tilt\">\n\t\t<svg viewBox=\"0 0 1000 100\" xmlns=\"http:\/\/www.w3.org\/2000\/svg\" preserveAspectRatio=\"none\">\n\t<path class=\"ux-shape-fill\" d=\"M1000 100V0L-40 100H1000Z\"\/>\n<\/svg>\n\t<\/div>\n\n\t<div class=\"ux-shape-divider ux-shape-divider--bottom ux-shape-divider--style-tilt\">\n\t\t<svg viewBox=\"0 0 1000 100\" xmlns=\"http:\/\/www.w3.org\/2000\/svg\" preserveAspectRatio=\"none\">\n\t<path class=\"ux-shape-fill\" d=\"M1000 100V0L-40 100H1000Z\"\/>\n<\/svg>\n\t<\/div>\n\n\t\t<div class=\"section-content relative\">\n\t\t\t\n<div class=\"row row-collapse row-full-width align-equal align-center\"  id=\"row-172313976\">\n\n\t<div id=\"col-1580049601\" class=\"col small-12 large-12\"  >\n\t\t\t\t<div class=\"col-inner text-center\"  >\n\t\t\t\n\t\t\t\n<div class=\"container section-title-container\" ><h2 class=\"section-title section-title-center\"><b aria-hidden=\"true\"><\/b><span class=\"section-title-main\" style=\"color:rgb(11, 61, 120);\">Svi detalji o ovom ure\u0111aju<\/span><b aria-hidden=\"true\"><\/b><\/h2><\/div>\n\t<div id=\"text-2412224595\" class=\"text\">\n\t\t\n<p class=\"lead\">Pogledajte kratki &#8220;Quick start&#8221; video vodi\u010d za <strong>Teltonika RUT301 <\/strong>industrijski router ili prou\u010dite sve detalje na iscrpnom Teltonika Wiki portalu.<\/p>\n\t\t\n<style>\n#text-2412224595 {\n  text-align: center;\n  color: rgb(11, 61, 120);\n}\n#text-2412224595 > * {\n  color: rgb(11, 61, 120);\n}\n<\/style>\n\t<\/div>\n\t\n<a href=\"https:\/\/www.youtube.com\/watch?v=EBcL1ddi76c\" target=\"_blank\" class=\"button primary\" rel=\"noopener\" >\n\t\t<span>Quick start Video<\/span>\n\t<i class=\"icon-youtube\" aria-hidden=\"true\"><\/i><\/a>\n\n<a href=\"https:\/\/wiki.teltonika-networks.com\/view\/RUT301\" target=\"_blank\" class=\"button secondary\" rel=\"noopener\" >\n\t\t<span>Teltonika Wiki<\/span>\n\t<\/a>\n\n\t\t<\/div>\n\t\t\t\t\n<style>\n#col-1580049601 > .col-inner {\n  padding: 3em 0px 3em 0px;\n}\n<\/style>\n\t<\/div>\n\n\t\n<\/div>\n\t\t<\/div>\n\n\t\t\n<style>\n#section_805528735 {\n  padding-top: 100px;\n  padding-bottom: 100px;\n  background-color: rgb(238, 238, 238);\n}\n#section_805528735 .ux-shape-divider--top svg {\n  height: 150px;\n  --divider-top-width: 187%;\n}\n#section_805528735 .ux-shape-divider--top .ux-shape-fill {\n  fill: rgb(255,255,255);\n}\n#section_805528735 .ux-shape-divider--bottom svg {\n  height: 150px;\n  --divider-width: 187%;\n}\n<\/style>\n\t<\/section>\n\t\n\n\t<section class=\"section\" id=\"section_1442021734\">\n\t\t<div class=\"section-bg fill\" >\n\t\t\t\t\t\t\t\t\t\n\t\t\t\n\n\t\t<\/div>\n\n\t\t\n\n\t\t<div class=\"section-content relative\">\n\t\t\t\n\t<div id=\"text-3749447065\" class=\"text\">\n\t\t\n<h2>Povezani \u010dlanci i primjeri uporabe<\/h2>\n<p>  Na\u0161i \u010dlanci \u0107e vas upoznati s tehnologijama, a primjeri kori\u0161tenja pru\u017eit \u0107e uvid u prakti\u010dnu primjenu ure\u0111aja iz ponude mre\u017ee.hr.<br \/>\n\t\t\n<style>\n#text-3749447065 {\n  text-align: center;\n}\n<\/style>\n\t<\/div>\n\t\n\t<div id=\"gap-158112883\" class=\"gap-element clearfix\" style=\"display:block; height:auto;\">\n\t\t\n<style>\n#gap-158112883 {\n  padding-top: 50px;\n}\n<\/style>\n\t<\/div>\n\t\n\n  \n    <div class=\"row large-columns-2 medium-columns-1 small-columns-1 slider row-slider slider-nav-simple slider-nav-outside\"  data-flickity-options='{&quot;imagesLoaded&quot;: true, &quot;groupCells&quot;: &quot;100%&quot;, &quot;dragThreshold&quot; : 5, &quot;cellAlign&quot;: &quot;left&quot;,&quot;wrapAround&quot;: true,&quot;prevNextButtons&quot;: true,&quot;percentPosition&quot;: true,&quot;pageDots&quot;: true, &quot;rightToLeft&quot;: false, &quot;autoPlay&quot; : false}' >\n\n  <\/div>\n\t\t<\/div>\n\n\t\t\n<style>\n#section_1442021734 {\n  padding-top: 30px;\n  padding-bottom: 30px;\n}\n<\/style>\n\t<\/section>\n\t\n","protected":false},"excerpt":{"rendered":"<p><b>RUT301<\/b> je jedan od najisplativijih industrijskih Ethernet rutera na IoT tr\u017ei\u0161tu, pru\u017eaju\u0107i robusnu mre\u017enu povezivost s naprednim sigurnosnim funkcijama.  <\/p>\n<ul>\n<li>5 x Ethernet priklju\u010daka (10\/100 Mbps), digitalni I\/O i USB 2.0<\/li>\n<li>RMS softver za daljinsko upravljanje, pristup i VPN usluge<\/li>\n<li>Unaprijed konfigurirani vatrozid i vi\u0161e VPN usluga<\/li>\n<li>Dizajn industrijske razine za otpornost na te\u0161ke uvjete rada<\/li>\n<\/ul>\n","protected":false},"featured_media":5717,"template":"","meta":[],"product_brand":[],"product_cat":[208],"product_tag":[],"class_list":{"0":"post-5714","1":"product","2":"type-product","3":"status-publish","4":"has-post-thumbnail","6":"product_cat-routeri-bs","7":"product_shipping_class-dostava-prema-ponudi","9":"first","10":"onbackorder","11":"taxable","12":"shipping-taxable","13":"purchasable","14":"product-type-simple"},"_links":{"self":[{"href":"https:\/\/mreze.shop\/bs\/wp-json\/wp\/v2\/product\/5714","targetHints":{"allow":["GET"]}}],"collection":[{"href":"https:\/\/mreze.shop\/bs\/wp-json\/wp\/v2\/product"}],"about":[{"href":"https:\/\/mreze.shop\/bs\/wp-json\/wp\/v2\/types\/product"}],"wp:featuredmedia":[{"embeddable":true,"href":"https:\/\/mreze.shop\/bs\/wp-json\/wp\/v2\/media\/5717"}],"wp:attachment":[{"href":"https:\/\/mreze.shop\/bs\/wp-json\/wp\/v2\/media?parent=5714"}],"wp:term":[{"taxonomy":"product_brand","embeddable":true,"href":"https:\/\/mreze.shop\/bs\/wp-json\/wp\/v2\/product_brand?post=5714"},{"taxonomy":"product_cat","embeddable":true,"href":"https:\/\/mreze.shop\/bs\/wp-json\/wp\/v2\/product_cat?post=5714"},{"taxonomy":"product_tag","embeddable":true,"href":"https:\/\/mreze.shop\/bs\/wp-json\/wp\/v2\/product_tag?post=5714"}],"curies":[{"name":"wp","href":"https:\/\/api.w.org\/{rel}","templated":true}]}}