{"id":4663,"date":"2023-04-24T10:04:13","date_gmt":"2023-04-24T08:04:13","guid":{"rendered":"https:\/\/mreze.shop\/proizvod\/industrijski-router-rut956-teltonika\/"},"modified":"2024-01-22T13:07:47","modified_gmt":"2024-01-22T12:07:47","slug":"industrijski-router-rut956-teltonika","status":"publish","type":"product","link":"https:\/\/mreze.shop\/bs\/proizvod\/industrijski-router-rut956-teltonika\/","title":{"rendered":"Industrijski router RUT956, Teltonika"},"content":{"rendered":"\t<div id=\"gap-128619956\" class=\"gap-element clearfix\" style=\"display:block; height:auto;\">\n\t\t\n<style>\n#gap-128619956 {\n  padding-top: 30px;\n}\n<\/style>\n\t<\/div>\n\t\n<div class=\"row align-middle\"  id=\"row-1044434502\">\n\n\t<div id=\"col-310364580\" class=\"col medium-6 small-12 large-6\"  data-animate=\"fadeInLeft\">\n\t\t\t\t<div class=\"col-inner\"  >\n\t\t\t\n\t\t\t\n<h2>\u0160irok raspon hardverskih su\u010delja za svaku primjenu u industriji<\/h2>\n<div class=\"is-divider divider clearfix\" style=\"max-width:100%;\"><\/div>\n<p>RUT956 je industrijski usmjeriva\u010d koji kombinira opcije mobilne, Wi-Fi i \u017ei\u010dne povezivosti s automatskim prelaskom na WAN i GNSS mogu\u0107nostima.<br \/>\nSerijska komunikacijska su\u010delja omogu\u0107uje integraciju vi\u0161e razli\u010ditih ure\u0111aja u sustav rje\u0161enja, dok I\/O i napredni RutOS softver olak\u0161avaju kontrolu opreme, automatizaciju i obavijesti o doga\u0111ajima.<\/p>\n<p>Opremljen je redundancijom povezivanja putem Dual SIM failovera. Dolazi s RutOS-om koji je prepun naprednih softverskih zna\u010dajki, kao \u0161to su Modbus, SNMP, TR-069, NTRIP, MQTT i vi\u0161e VPN usluga.<\/p>\n<ul>\n<li>Mobilna konektivnost 4G\/LTE (Cat 4), 3G, 2G<\/li>\n<li>Dual SIM za dodatnu stabilnost i pouzdanost konekcije<\/li>\n<li>Vi\u0161estruku digitalni I\/O za upravljanje vanjskim ure\u0111ajima i notifikacije<\/li>\n<li>RS232\/RS485 serijsko su\u010delje<\/li>\n<li>1 WAN i 3 LAN porta<\/li>\n<li>WiFi s podr\u0161kom za do 100 istovremenih korisnika<\/li>\n<\/ul>\n\t\t<\/div>\n\t\t\t\t\n<style>\n#col-310364580 > .col-inner {\n  padding: 0px 1em 0px 0px;\n}\n<\/style>\n\t<\/div>\n\n\t\n\n\t<div id=\"col-1024187749\" class=\"col medium-6 small-12 large-6\"  data-animate=\"fadeInRight\">\n\t\t\t\t<div class=\"col-inner\"  >\n\t\t\t\n\t\t\t\n\t<div class=\"img has-hover x md-x lg-x y md-y lg-y\" id=\"image_1476471884\">\n\t\t\t\t\t\t\t\t<div class=\"img-inner dark\" >\n\t\t\t<img loading=\"lazy\" decoding=\"async\" width=\"1051\" height=\"907\" src=\"https:\/\/mreze.shop\/wp-content\/uploads\/2023\/04\/Rut956_hd_10_demo.png\" class=\"attachment-original size-original\" alt=\"\" srcset=\"https:\/\/mreze.shop\/wp-content\/uploads\/2023\/04\/Rut956_hd_10_demo.png 1051w, https:\/\/mreze.shop\/wp-content\/uploads\/2023\/04\/Rut956_hd_10_demo-464x400.png 464w, https:\/\/mreze.shop\/wp-content\/uploads\/2023\/04\/Rut956_hd_10_demo-927x800.png 927w, https:\/\/mreze.shop\/wp-content\/uploads\/2023\/04\/Rut956_hd_10_demo-768x663.png 768w, https:\/\/mreze.shop\/wp-content\/uploads\/2023\/04\/Rut956_hd_10_demo-750x647.png 750w\" sizes=\"auto, (max-width: 1051px) 100vw, 1051px\" \/>\t\t\t\t\t\t\n\t\t\t\t\t<\/div>\n\t\t\t\t\t\t\t\t\n<style>\n#image_1476471884 {\n  width: 91%;\n}\n<\/style>\n\t<\/div>\n\t\n\t\t<\/div>\n\t\t\t\t\n<style>\n#col-1024187749 > .col-inner {\n  padding: 0px 0px 0px 1em;\n}\n<\/style>\n\t<\/div>\n\n\t\n<\/div>\n\n\t<section class=\"section dark\" id=\"section_2086256917\">\n\t\t<div class=\"section-bg fill\" >\n\t\t\t\t\t\t\t\t\t\n\t\t\t\n\n\t\t<\/div>\n\n\t\t\t<div class=\"ux-shape-divider ux-shape-divider--top ux-shape-divider--style-tilt\">\n\t\t<svg viewBox=\"0 0 1000 100\" xmlns=\"http:\/\/www.w3.org\/2000\/svg\" preserveAspectRatio=\"none\">\n\t<path class=\"ux-shape-fill\" d=\"M1000 100V0L-40 100H1000Z\"\/>\n<\/svg>\n\t<\/div>\n\n\t<div class=\"ux-shape-divider ux-shape-divider--bottom ux-shape-divider--style-tilt\">\n\t\t<svg viewBox=\"0 0 1000 100\" xmlns=\"http:\/\/www.w3.org\/2000\/svg\" preserveAspectRatio=\"none\">\n\t<path class=\"ux-shape-fill\" d=\"M1000 100V0L-40 100H1000Z\"\/>\n<\/svg>\n\t<\/div>\n\n\t\t<div class=\"section-content relative\">\n\t\t\t\n<div class=\"row row-collapse row-full-width align-equal align-center\"  id=\"row-1275192689\">\n\n\t<div id=\"col-1621872356\" class=\"col small-12 large-12\"  >\n\t\t\t\t<div class=\"col-inner text-center\"  >\n\t\t\t\n\t\t\t\n<div class=\"container section-title-container\" ><h2 class=\"section-title section-title-center\"><b aria-hidden=\"true\"><\/b><span class=\"section-title-main\" style=\"color:rgb(11, 61, 120);\">Svi detalji o ovom ure\u0111aju<\/span><b aria-hidden=\"true\"><\/b><\/h2><\/div>\n\t<div id=\"text-2476161096\" class=\"text\">\n\t\t\n<p class=\"lead\">Pogledajte kratki &#8220;Quick start&#8221; video vodi\u010d za <strong>Teltonika RUT956<\/strong> industrijski router ili prou\u010dite sve detalje na iscrpnom Teltonika Wiki portalu.<\/p>\n\t\t\n<style>\n#text-2476161096 {\n  text-align: center;\n  color: rgb(11, 61, 120);\n}\n#text-2476161096 > * {\n  color: rgb(11, 61, 120);\n}\n<\/style>\n\t<\/div>\n\t\n<div class=\"row\"  id=\"row-2119657599\">\n\n\t<div id=\"col-1828967589\" class=\"col hide-for-small medium-3 small-12 large-3\"  >\n\t\t\t\t<div class=\"col-inner\"  >\n\t\t\t\n\t\t\t\n\t\t<\/div>\n\t\t\t\t\t<\/div>\n\n\t\n\n\t<div id=\"col-774437441\" class=\"col medium-6 small-12 large-6\"  >\n\t\t\t\t<div class=\"col-inner\"  >\n\t\t\t\n\t\t\t\n<div class=\"video video-fit mb\" style=\"padding-top:56.25%;\"><p><iframe loading=\"lazy\" title=\"RUT956 Industrial Cellular Router Quick Start Guide | Teltonika Networks\" width=\"1020\" height=\"574\" src=\"https:\/\/www.youtube.com\/embed\/b0V_qs8ntjs?feature=oembed\" frameborder=\"0\" allow=\"accelerometer; autoplay; clipboard-write; encrypted-media; gyroscope; picture-in-picture; web-share\" referrerpolicy=\"strict-origin-when-cross-origin\" allowfullscreen><\/iframe><\/p>\n<\/div>\n\t\t<\/div>\n\t\t\t\t\t<\/div>\n\n\t\n\n\t<div id=\"col-1786234200\" class=\"col hide-for-small medium-3 small-12 large-3\"  >\n\t\t\t\t<div class=\"col-inner\"  >\n\t\t\t\n\t\t\t\n\t\t<\/div>\n\t\t\t\t\t<\/div>\n\n\t\n<\/div>\n<a href=\"https:\/\/wiki.teltonika-networks.com\/view\/RUT956\" target=\"_blank\" class=\"button secondary\" rel=\"noopener\" >\n\t\t<span>Teltonika Wiki<\/span>\n\t<\/a>\n\n\t\t<\/div>\n\t\t\t\t\n<style>\n#col-1621872356 > .col-inner {\n  padding: 3em 0px 3em 0px;\n}\n<\/style>\n\t<\/div>\n\n\t\n<\/div>\n\t\t<\/div>\n\n\t\t\n<style>\n#section_2086256917 {\n  padding-top: 100px;\n  padding-bottom: 100px;\n  background-color: rgb(238, 238, 238);\n}\n#section_2086256917 .ux-shape-divider--top svg {\n  height: 150px;\n  --divider-top-width: 187%;\n}\n#section_2086256917 .ux-shape-divider--top .ux-shape-fill {\n  fill: rgb(255,255,255);\n}\n#section_2086256917 .ux-shape-divider--bottom svg {\n  height: 150px;\n  --divider-width: 187%;\n}\n<\/style>\n\t<\/section>\n\t\n\n\t<section class=\"section\" id=\"section_467074682\">\n\t\t<div class=\"section-bg fill\" >\n\t\t\t\t\t\t\t\t\t\n\t\t\t\n\n\t\t<\/div>\n\n\t\t\n\n\t\t<div class=\"section-content relative\">\n\t\t\t\n\t<div id=\"text-616496769\" class=\"text\">\n\t\t\n<h2>Povezani \u010dlanci i primjeri uporabe<\/h2>\n<p>Na\u0161i \u010dlanci \u0107e vas upoznati s tehnologijama, a primjeri uporabe \u0107e dati uvid u prakti\u010dnu primjenu ure\u0111aja iz mreze.hr ponude.<br \/>\n\t\t\n<style>\n#text-616496769 {\n  text-align: center;\n}\n<\/style>\n\t<\/div>\n\t\n\t<div id=\"gap-639746084\" class=\"gap-element clearfix\" style=\"display:block; height:auto;\">\n\t\t\n<style>\n#gap-639746084 {\n  padding-top: 50px;\n}\n<\/style>\n\t<\/div>\n\t\n\n  \n    <div class=\"row large-columns-2 medium-columns-1 small-columns-1 slider row-slider slider-nav-simple slider-nav-outside\"  data-flickity-options='{&quot;imagesLoaded&quot;: true, &quot;groupCells&quot;: &quot;100%&quot;, &quot;dragThreshold&quot; : 5, &quot;cellAlign&quot;: &quot;left&quot;,&quot;wrapAround&quot;: true,&quot;prevNextButtons&quot;: true,&quot;percentPosition&quot;: true,&quot;pageDots&quot;: true, &quot;rightToLeft&quot;: false, &quot;autoPlay&quot; : false}' >\n\n  <div class=\"col post-item\" >\n\t\t\t<div class=\"col-inner\">\n\t\t\t\t<div class=\"box box-badge hover-dark box-text-bottom box-blog-post has-hover\">\n            \t\t\t\t\t<div class=\"box-image\" style=\"border-radius:1%;\">\n  \t\t\t\t\t\t<div class=\"image-cover\" style=\"padding-top:56%;\">\n\t\t\t\t\t\t\t<a href=\"https:\/\/mreze.shop\/bs\/povezivanje-u-javnom-prijevozu\/\" class=\"plain\" aria-label=\"Povezivanje u javnom prijevozu\">\n\t\t\t\t\t\t\t\t<img loading=\"lazy\" decoding=\"async\" width=\"750\" height=\"341\" src=\"https:\/\/mreze.shop\/wp-content\/uploads\/2023\/02\/Povezivanje-u-javnom-prijevozu-750x341.jpg\" class=\"attachment-woocommerce_single size-woocommerce_single wp-post-image\" alt=\"\" srcset=\"https:\/\/mreze.shop\/wp-content\/uploads\/2023\/02\/Povezivanje-u-javnom-prijevozu-750x341.jpg 750w, https:\/\/mreze.shop\/wp-content\/uploads\/2023\/02\/Povezivanje-u-javnom-prijevozu-800x364.jpg 800w, https:\/\/mreze.shop\/wp-content\/uploads\/2023\/02\/Povezivanje-u-javnom-prijevozu-768x349.jpg 768w, https:\/\/mreze.shop\/wp-content\/uploads\/2023\/02\/Povezivanje-u-javnom-prijevozu.jpg 1100w\" sizes=\"auto, (max-width: 750px) 100vw, 750px\" \/>\t\t\t\t\t\t\t<\/a>\n  \t\t\t\t\t\t\t  \t\t\t\t\t\t\t  \t\t\t\t\t\t<\/div>\n  \t\t\t\t\t\t  \t\t\t\t\t<\/div>\n          \t\t\t\t\t<div class=\"box-text text-center is-large\" >\n\t\t\t\t\t<div class=\"box-text-inner blog-post-inner\">\n\n\t\t\t\t\t\n\t\t\t\t\t\t\t\t\t\t\t<p class=\"cat-label tag-label is-xxsmall op-7 uppercase\">\n\t\t\t\t\tStudije slu\u010daja \t\t\t\t\t<\/p>\n\t\t\t\t\t\t\t\t\t\t<h5 class=\"post-title is-large \">\n\t\t\t\t\t\t<a href=\"https:\/\/mreze.shop\/bs\/povezivanje-u-javnom-prijevozu\/\" class=\"plain\">Povezivanje u javnom prijevozu<\/a>\n\t\t\t\t\t<\/h5>\n\t\t\t\t\t\t\t\t\t\t<div class=\"is-divider\"><\/div>\n\t\t\t\t\t                    \n\t\t\t\t\t\n\t\t\t\t\t\n\t\t\t\t\t<\/div>\n\t\t\t\t\t<\/div>\n\t\t\t\t\t\t\t\t\t<\/div>\n\t\t\t<\/div>\n\t\t<\/div><div class=\"col post-item\" >\n\t\t\t<div class=\"col-inner\">\n\t\t\t\t<div class=\"box box-badge hover-dark box-text-bottom box-blog-post has-hover\">\n            \t\t\t\t\t<div class=\"box-image\" style=\"border-radius:1%;\">\n  \t\t\t\t\t\t<div class=\"image-cover\" style=\"padding-top:56%;\">\n\t\t\t\t\t\t\t<a href=\"https:\/\/mreze.shop\/bs\/plug-n-play-povezivanje-za-cijeli-ekosustav-kampera\/\" class=\"plain\" aria-label=\"Plug-n-play povezivanje za cijeli ekosustav kampera\">\n\t\t\t\t\t\t\t\t<img loading=\"lazy\" decoding=\"async\" width=\"750\" height=\"341\" src=\"https:\/\/mreze.shop\/wp-content\/uploads\/2023\/02\/Plug-n-play-povezivanje-za-cijeli-ekosustav-kampera-750x341.jpg\" class=\"attachment-woocommerce_single size-woocommerce_single wp-post-image\" alt=\"\" srcset=\"https:\/\/mreze.shop\/wp-content\/uploads\/2023\/02\/Plug-n-play-povezivanje-za-cijeli-ekosustav-kampera-750x341.jpg 750w, https:\/\/mreze.shop\/wp-content\/uploads\/2023\/02\/Plug-n-play-povezivanje-za-cijeli-ekosustav-kampera-800x364.jpg 800w, https:\/\/mreze.shop\/wp-content\/uploads\/2023\/02\/Plug-n-play-povezivanje-za-cijeli-ekosustav-kampera-768x349.jpg 768w, https:\/\/mreze.shop\/wp-content\/uploads\/2023\/02\/Plug-n-play-povezivanje-za-cijeli-ekosustav-kampera.jpg 1100w\" sizes=\"auto, (max-width: 750px) 100vw, 750px\" \/>\t\t\t\t\t\t\t<\/a>\n  \t\t\t\t\t\t\t  \t\t\t\t\t\t\t  \t\t\t\t\t\t<\/div>\n  \t\t\t\t\t\t  \t\t\t\t\t<\/div>\n          \t\t\t\t\t<div class=\"box-text text-center is-large\" >\n\t\t\t\t\t<div class=\"box-text-inner blog-post-inner\">\n\n\t\t\t\t\t\n\t\t\t\t\t\t\t\t\t\t\t<p class=\"cat-label tag-label is-xxsmall op-7 uppercase\">\n\t\t\t\t\tStudije slu\u010daja \t\t\t\t\t<\/p>\n\t\t\t\t\t\t\t\t\t\t<h5 class=\"post-title is-large \">\n\t\t\t\t\t\t<a href=\"https:\/\/mreze.shop\/bs\/plug-n-play-povezivanje-za-cijeli-ekosustav-kampera\/\" class=\"plain\">Plug-n-play povezivanje za cijeli ekosustav kampera<\/a>\n\t\t\t\t\t<\/h5>\n\t\t\t\t\t\t\t\t\t\t<div class=\"is-divider\"><\/div>\n\t\t\t\t\t                    \n\t\t\t\t\t\n\t\t\t\t\t\n\t\t\t\t\t<\/div>\n\t\t\t\t\t<\/div>\n\t\t\t\t\t\t\t\t\t<\/div>\n\t\t\t<\/div>\n\t\t<\/div><div class=\"col post-item\" >\n\t\t\t<div class=\"col-inner\">\n\t\t\t\t<div class=\"box box-badge hover-dark box-text-bottom box-blog-post has-hover\">\n            \t\t\t\t\t<div class=\"box-image\" style=\"border-radius:1%;\">\n  \t\t\t\t\t\t<div class=\"image-cover\" style=\"padding-top:56%;\">\n\t\t\t\t\t\t\t<a href=\"https:\/\/mreze.shop\/bs\/rut955-spijunska-buba-velikog-hadronskog-sudaraca\/\" class=\"plain\" aria-label=\"RUT955 &#8211; \u0161pijunska buba velikog hadronskog sudara\u010da\">\n\t\t\t\t\t\t\t\t<img loading=\"lazy\" decoding=\"async\" width=\"750\" height=\"341\" src=\"https:\/\/mreze.shop\/wp-content\/uploads\/2023\/02\/Hadron-collider-750x341.jpg\" class=\"attachment-woocommerce_single size-woocommerce_single wp-post-image\" alt=\"\" srcset=\"https:\/\/mreze.shop\/wp-content\/uploads\/2023\/02\/Hadron-collider-750x341.jpg 750w, https:\/\/mreze.shop\/wp-content\/uploads\/2023\/02\/Hadron-collider-800x364.jpg 800w, https:\/\/mreze.shop\/wp-content\/uploads\/2023\/02\/Hadron-collider-768x349.jpg 768w, https:\/\/mreze.shop\/wp-content\/uploads\/2023\/02\/Hadron-collider.jpg 1100w\" sizes=\"auto, (max-width: 750px) 100vw, 750px\" \/>\t\t\t\t\t\t\t<\/a>\n  \t\t\t\t\t\t\t  \t\t\t\t\t\t\t  \t\t\t\t\t\t<\/div>\n  \t\t\t\t\t\t  \t\t\t\t\t<\/div>\n          \t\t\t\t\t<div class=\"box-text text-center is-large\" >\n\t\t\t\t\t<div class=\"box-text-inner blog-post-inner\">\n\n\t\t\t\t\t\n\t\t\t\t\t\t\t\t\t\t\t<p class=\"cat-label tag-label is-xxsmall op-7 uppercase\">\n\t\t\t\t\tStudije slu\u010daja \t\t\t\t\t<\/p>\n\t\t\t\t\t\t\t\t\t\t<h5 class=\"post-title is-large \">\n\t\t\t\t\t\t<a href=\"https:\/\/mreze.shop\/bs\/rut955-spijunska-buba-velikog-hadronskog-sudaraca\/\" class=\"plain\">RUT955 &#8211; \u0161pijunska buba velikog hadronskog sudara\u010da<\/a>\n\t\t\t\t\t<\/h5>\n\t\t\t\t\t\t\t\t\t\t<div class=\"is-divider\"><\/div>\n\t\t\t\t\t                    \n\t\t\t\t\t\n\t\t\t\t\t\n\t\t\t\t\t<\/div>\n\t\t\t\t\t<\/div>\n\t\t\t\t\t\t\t\t\t<\/div>\n\t\t\t<\/div>\n\t\t<\/div><\/div>\n\t\t<\/div>\n\n\t\t\n<style>\n#section_467074682 {\n  padding-top: 30px;\n  padding-bottom: 30px;\n}\n<\/style>\n\t<\/section>\n\t\n","protected":false},"excerpt":{"rendered":"<p>Industrijski router sa ethernet, digitalnim i analognim I\/O, RS232, RS485, GNSS (GPS), microSD i USB su\u010deljima koji omogu\u0107uju nevjerojatnu raznolikost scenarija industrijske primjene. Uz RutOS napredne softverske zna\u010dajke.<\/p>\n<ul>\n<li>4G\/LTE, 3G i 2G router<\/li>\n<li>vi\u0161estruku digitalni i analogni ulazi i izlazi<\/li>\n<li>Serijski portovi (RS232 i RS485)<\/li>\n<li>GNSS lokacijski servisi i sinkronizacija<\/li>\n<li>Dual SIM<\/li>\n<li>WiFi za istovremenih 100 korisnika<\/li>\n<\/ul>\n<p>&nbsp;<\/p>\n","protected":false},"featured_media":8236,"template":"","meta":[],"product_brand":[],"product_cat":[208],"product_tag":[],"class_list":{"0":"post-4663","1":"product","2":"type-product","3":"status-publish","4":"has-post-thumbnail","6":"product_cat-routeri-bs","7":"product_shipping_class-dostava-prema-ponudi","9":"first","10":"onbackorder","11":"taxable","12":"shipping-taxable","13":"purchasable","14":"product-type-simple"},"_links":{"self":[{"href":"https:\/\/mreze.shop\/bs\/wp-json\/wp\/v2\/product\/4663","targetHints":{"allow":["GET"]}}],"collection":[{"href":"https:\/\/mreze.shop\/bs\/wp-json\/wp\/v2\/product"}],"about":[{"href":"https:\/\/mreze.shop\/bs\/wp-json\/wp\/v2\/types\/product"}],"wp:featuredmedia":[{"embeddable":true,"href":"https:\/\/mreze.shop\/bs\/wp-json\/wp\/v2\/media\/8236"}],"wp:attachment":[{"href":"https:\/\/mreze.shop\/bs\/wp-json\/wp\/v2\/media?parent=4663"}],"wp:term":[{"taxonomy":"product_brand","embeddable":true,"href":"https:\/\/mreze.shop\/bs\/wp-json\/wp\/v2\/product_brand?post=4663"},{"taxonomy":"product_cat","embeddable":true,"href":"https:\/\/mreze.shop\/bs\/wp-json\/wp\/v2\/product_cat?post=4663"},{"taxonomy":"product_tag","embeddable":true,"href":"https:\/\/mreze.shop\/bs\/wp-json\/wp\/v2\/product_tag?post=4663"}],"curies":[{"name":"wp","href":"https:\/\/api.w.org\/{rel}","templated":true}]}}