{"id":4260,"date":"2023-01-26T10:38:48","date_gmt":"2023-01-26T09:38:48","guid":{"rendered":"https:\/\/mreze.shop\/proizvod\/rfid-citac-r3-rj45-hw-group\/"},"modified":"2023-01-26T10:38:48","modified_gmt":"2023-01-26T09:38:48","slug":"rfid-citac-r3-rj45-hw-group","status":"publish","type":"product","link":"https:\/\/mreze.shop\/bs\/proizvod\/rfid-citac-r3-rj45-hw-group\/","title":{"rendered":"RFID \u010dita\u010d R3 &#8211; RJ45, HW Group"},"content":{"rendered":"","protected":false},"excerpt":{"rendered":"<p>RFID \u010dita\u010d EM4100 (125 kHz) standarda s tipkovnicom i Wiegand su\u010deljem te RJ45 konektorom za jednostavnu manipulaciju<\/p>\n","protected":false},"featured_media":4261,"template":"","meta":[],"product_brand":[],"product_cat":[197],"product_tag":[],"class_list":{"0":"post-4260","1":"product","2":"type-product","3":"status-publish","4":"has-post-thumbnail","6":"product_cat-rfid-citaci-i-kartice-bs","7":"product_shipping_class-dostava-prema-ponudi","9":"first","10":"instock","11":"taxable","12":"shipping-taxable","13":"purchasable","14":"product-type-simple"},"_links":{"self":[{"href":"https:\/\/mreze.shop\/bs\/wp-json\/wp\/v2\/product\/4260","targetHints":{"allow":["GET"]}}],"collection":[{"href":"https:\/\/mreze.shop\/bs\/wp-json\/wp\/v2\/product"}],"about":[{"href":"https:\/\/mreze.shop\/bs\/wp-json\/wp\/v2\/types\/product"}],"wp:featuredmedia":[{"embeddable":true,"href":"https:\/\/mreze.shop\/bs\/wp-json\/wp\/v2\/media\/4261"}],"wp:attachment":[{"href":"https:\/\/mreze.shop\/bs\/wp-json\/wp\/v2\/media?parent=4260"}],"wp:term":[{"taxonomy":"product_brand","embeddable":true,"href":"https:\/\/mreze.shop\/bs\/wp-json\/wp\/v2\/product_brand?post=4260"},{"taxonomy":"product_cat","embeddable":true,"href":"https:\/\/mreze.shop\/bs\/wp-json\/wp\/v2\/product_cat?post=4260"},{"taxonomy":"product_tag","embeddable":true,"href":"https:\/\/mreze.shop\/bs\/wp-json\/wp\/v2\/product_tag?post=4260"}],"curies":[{"name":"wp","href":"https:\/\/api.w.org\/{rel}","templated":true}]}}