{"id":4243,"date":"2023-02-02T15:09:00","date_gmt":"2023-02-02T14:09:00","guid":{"rendered":"https:\/\/mreze.shop\/proizvod\/prosirenje-za-iot-sustav-kontrole-pristupa-hwg-sh4s-hw-group\/"},"modified":"2023-12-07T14:52:44","modified_gmt":"2023-12-07T13:52:44","slug":"prosirenje-za-iot-sustav-kontrole-pristupa-hwg-sh4s-hw-group","status":"publish","type":"product","link":"https:\/\/mreze.shop\/bs\/proizvod\/prosirenje-za-iot-sustav-kontrole-pristupa-hwg-sh4s-hw-group\/","title":{"rendered":"Pro\u0161irenje za IoT sustav kontrole pristupa HWg-SH4s, HW group"},"content":{"rendered":"\t<div id=\"gap-1616309416\" class=\"gap-element clearfix\" style=\"display:block; height:auto;\">\n\t\t\n<style>\n#gap-1616309416 {\n  padding-top: 30px;\n}\n<\/style>\n\t<\/div>\n\t\n<div class=\"row align-middle\"  id=\"row-1822394093\">\n\n\t<div id=\"col-160511551\" class=\"col medium-6 small-12 large-6\"  data-animate=\"fadeInLeft\">\n\t\t\t\t<div class=\"col-inner\"  >\n\t\t\t\n\t\t\t\n<h2>Sustav kontrole pristupa kompatibilan s ve\u0107inom RFID \u010dita\u010da i el. brava<\/h2>\n<div class=\"is-divider divider clearfix\" style=\"max-width:100%;\"><\/div>\n<p>HWg-SH4e ure\u0111aj za otklju\u010davanje vrata podre\u0111en jedinici HWg-SH4. Jedinica HWg-SH4e otvara jednu elektromagnetsku bravu.<\/p>\n<p>HWg-SH4 je sustav kontrole pristupa, baziran na RFID-u s IP su\u010deljem za sredi\u0161nju korisni\u010dku administraciju. Baza podataka korisni\u010dkih pristupnih kartica mo\u017ee se pohraniti u sredi\u0161nji softver ili izravno u HWg-SH4 jedinicu. Baza podataka ure\u0111aja sinkronizira se s HWg-DCD softverom.<\/p>\n<h4>Prednosti:<\/h4>\n<ul>\n<li>Sada znate tko je i kada bio u va\u0161em IT ormaru. I to znate odmah.<\/li>\n<li>Upravljajte RFID karticama daljinski putem weba ili sredi\u0161njeg softvera.<\/li>\n<li>Baza podataka kartica iz sredi\u0161njeg softvera tako\u0111er je pohranjena u HWg-SH4 za slu\u010dajeve problema s vezom na poslu\u017eitelj<\/li>\n<li>O svakom otvaranju vrata ili poku\u0161aju otklju\u010davanja vrata s neva\u017ee\u0107om karticom administrator mo\u017ee biti obavije\u0161ten SMS-om.<\/li>\n<\/ul>\n<p>SH4 je ultimativni sustav kontrole pristupa koji radi s bilo kojom elektromagnetskom bravom i bilo kojim RFID \u010dita\u010dem. Radit \u0107e u va\u0161em podatkovnom centru, kao i u va\u0161em uredu ili \u010dak va\u0161em domu. Bez obzira imate li jedna vrata ili nekoliko stotina regala, SH4 sustav pru\u017ea isplativ na\u010din upravljanja pristupom va\u0161oj tehnologiji.<\/p>\n<p>Svaki SH4 ure\u0111aj mo\u017ee spojiti do 2 elektromagnetske brave i 2 RFID \u010dita\u010da po Va\u0161em izboru. Na tr\u017ei\u0161tu postoji mnogo brava i RFID \u010dita\u010da, a SH4 ve\u0107 podr\u017eava naj\u010de\u0161\u0107e modele.<\/p>\n<h4>Izdvojene zna\u010dajke:<\/h4>\n<ul>\n<li>Upravlja s jednom elektromagnetskom bravom<\/li>\n<li>Kontrolira se i konfigurira preko glavne SH4 jedinice<\/li>\n<li>Mo\u017ee se upravljati pomo\u0107u besplatnog DCD2 softwarea<\/li>\n<\/ul>\n\t\t<\/div>\n\t\t\t\t\n<style>\n#col-160511551 > .col-inner {\n  padding: 0px 1em 0px 0px;\n}\n<\/style>\n\t<\/div>\n\n\t\n\n\t<div id=\"col-181240392\" class=\"col medium-6 small-12 large-6\"  data-animate=\"fadeInRight\">\n\t\t\t\t<div class=\"col-inner\"  >\n\t\t\t\n\t\t\t\n\t<div class=\"img has-hover x md-x lg-x y md-y lg-y\" id=\"image_170185708\">\n\t\t\t\t\t\t\t\t<div class=\"img-inner dark\" >\n\t\t\t<img loading=\"lazy\" decoding=\"async\" width=\"750\" height=\"750\" src=\"https:\/\/mreze.shop\/wp-content\/uploads\/2023\/02\/Prosirenje-za-kontrolu-pristupa-HWg-SH4e-1066-3.jpg\" class=\"attachment-large size-large\" alt=\"\" srcset=\"https:\/\/mreze.shop\/wp-content\/uploads\/2023\/02\/Prosirenje-za-kontrolu-pristupa-HWg-SH4e-1066-3.jpg 750w, https:\/\/mreze.shop\/wp-content\/uploads\/2023\/02\/Prosirenje-za-kontrolu-pristupa-HWg-SH4e-1066-3-350x350.jpg 350w, https:\/\/mreze.shop\/wp-content\/uploads\/2023\/02\/Prosirenje-za-kontrolu-pristupa-HWg-SH4e-1066-3-100x100.jpg 100w, https:\/\/mreze.shop\/wp-content\/uploads\/2023\/02\/Prosirenje-za-kontrolu-pristupa-HWg-SH4e-1066-3-510x510.jpg 510w, https:\/\/mreze.shop\/wp-content\/uploads\/2023\/02\/Prosirenje-za-kontrolu-pristupa-HWg-SH4e-1066-3-400x400.jpg 400w, https:\/\/mreze.shop\/wp-content\/uploads\/2023\/02\/Prosirenje-za-kontrolu-pristupa-HWg-SH4e-1066-3-280x280.jpg 280w\" sizes=\"auto, (max-width: 750px) 100vw, 750px\" \/>\t\t\t\t\t\t\n\t\t\t\t\t<\/div>\n\t\t\t\t\t\t\t\t\n<style>\n#image_170185708 {\n  width: 85%;\n}\n<\/style>\n\t<\/div>\n\t\n\t\t<\/div>\n\t\t\t\t\n<style>\n#col-181240392 > .col-inner {\n  padding: 0px 0px 0px 1em;\n}\n<\/style>\n\t<\/div>\n\n\t\n<\/div>\n\n\t<section class=\"section\" id=\"section_1681066953\">\n\t\t<div class=\"section-bg fill\" >\n\t\t\t\t\t\t\t\t\t\n\t\t\t\n\n\t\t<\/div>\n\n\t\t\t<div class=\"ux-shape-divider ux-shape-divider--top ux-shape-divider--style-tilt\">\n\t\t<svg viewBox=\"0 0 1000 100\" xmlns=\"http:\/\/www.w3.org\/2000\/svg\" preserveAspectRatio=\"none\">\n\t<path class=\"ux-shape-fill\" d=\"M1000 100V0L-40 100H1000Z\"\/>\n<\/svg>\n\t<\/div>\n\n\t<div class=\"ux-shape-divider ux-shape-divider--bottom ux-shape-divider--style-tilt\">\n\t\t<svg viewBox=\"0 0 1000 100\" xmlns=\"http:\/\/www.w3.org\/2000\/svg\" preserveAspectRatio=\"none\">\n\t<path class=\"ux-shape-fill\" d=\"M1000 100V0L-40 100H1000Z\"\/>\n<\/svg>\n\t<\/div>\n\n\t\t<div class=\"section-content relative\">\n\t\t\t\n<div class=\"row row-collapse row-full-width align-equal align-center\"  id=\"row-1526408123\">\n\n\t<div id=\"col-507003395\" class=\"col small-12 large-12\"  >\n\t\t\t\t<div class=\"col-inner text-center\"  >\n\t\t\t\n\t\t\t\n<div class=\"container section-title-container\" ><h2 class=\"section-title section-title-center\"><b aria-hidden=\"true\"><\/b><span class=\"section-title-main\" style=\"color:rgb(11, 61, 120);\">Primjeri primjene<\/span><b aria-hidden=\"true\"><\/b><\/h2><\/div>\n\t<div id=\"text-3270467769\" class=\"text\">\n\t\t\n<p class=\"lead\">Zbog svoje kompatibilnosti HWg-S4 pogodan je za najrazli\u010ditije primjene. U nastavku prona\u0111ite nekoliko primjera<\/p>\n\t\t\n<style>\n#text-3270467769 {\n  text-align: center;\n  color: rgb(11, 61, 120);\n}\n#text-3270467769 > * {\n  color: rgb(11, 61, 120);\n}\n<\/style>\n\t<\/div>\n\t\n\n\t\t<div class=\"tabbed-content\">\n\t\t\t\n\t\t\t<ul class=\"nav nav-pills nav-vertical nav-uppercase nav-size-large nav-left\" role=\"tablist\"><li id=\"tab-pristup-stanbenoj-zdradi\" class=\"tab active has-icon\" role=\"presentation\"><a href=\"#tab_pristup-stanbenoj-zdradi\" role=\"tab\" aria-selected=\"true\" aria-controls=\"tab_pristup-stanbenoj-zdradi\"><span>Pristup stanbenoj zdradi<\/span><\/a><\/li>\n<li id=\"tab-ulaz-u-prostor-tvrtke\" class=\"tab has-icon\" role=\"presentation\"><a href=\"#tab_ulaz-u-prostor-tvrtke\" tabindex=\"-1\" role=\"tab\" aria-selected=\"false\" aria-controls=\"tab_ulaz-u-prostor-tvrtke\"><span>Ulaz u prostor tvrtke<\/span><\/a><\/li>\n<li id=\"tab-samostalno-rje\u0161enje-za-rack\" class=\"tab has-icon\" role=\"presentation\"><a href=\"#tab_samostalno-rje\u0161enje-za-rack\" tabindex=\"-1\" role=\"tab\" aria-selected=\"false\" aria-controls=\"tab_samostalno-rje\u0161enje-za-rack\"><span>Samostalno rje\u0161enje za rack<\/span><\/a><\/li>\n<li id=\"tab-kontrola-ve\u0107eg-broja-vrata\" class=\"tab has-icon\" role=\"presentation\"><a href=\"#tab_kontrola-ve\u0107eg-broja-vrata\" tabindex=\"-1\" role=\"tab\" aria-selected=\"false\" aria-controls=\"tab_kontrola-ve\u0107eg-broja-vrata\"><span>Kontrola ve\u0107eg broja vrata<\/span><\/a><\/li><\/ul><div class=\"tab-panels\"><div id=\"tab_pristup-stanbenoj-zdradi\" class=\"panel active entry-content\" role=\"tabpanel\" aria-labelledby=\"tab-pristup-stanbenoj-zdradi\">\n\t<div id=\"text-1956703293\" class=\"text\">\n\t\t\n<h4>Sustav pristupa stambenoj zgradi<\/h4>\n<p>HWg-SH4 se mo\u017ee koristiti kao pristupni sustav za stambene ku\u0107e ili urede. Tipi\u010dna primjena mo\u017ee biti kori\u0161tenje RFID \u010dita\u010da za pristup s vanjske strane zgrade, zajedno s tipkom za izlaz postavljenom na unutarnjoj strani vrata. Za ulazak u ku\u0107u mo\u017eete jednostavno koristiti RFID oznaku, a za izlazak iz zgrade mo\u017eete pritisnuti tipku za izlaz. Vrata se mogu otvoriti i daljinski iz pojedinih stanova. Sustav se tako\u0111er mo\u017ee koristiti za upravljanje vratima na parkirali\u0161tu.<\/p>\n<p>Kori\u0161tenje softverskog rje\u0161enja HWg-DCD u takvim slu\u010dajevima nije obavezno jer nije potrebno za izravnu primjenu. Me\u0111utim, mo\u017ee zna\u010dajno pojednostaviti registraciju pristupnih oznaka i deaktivaciju izgubljenih.<br \/>\n\t\t\n<style>\n#text-1956703293 {\n  text-align: left;\n  color: rgb(11, 61, 120);\n}\n#text-1956703293 > * {\n  color: rgb(11, 61, 120);\n}\n<\/style>\n\t<\/div>\n\t\n<\/div>\n<div id=\"tab_ulaz-u-prostor-tvrtke\" class=\"panel entry-content\" role=\"tabpanel\" aria-labelledby=\"tab-ulaz-u-prostor-tvrtke\">\n\t<div id=\"text-801249329\" class=\"text\">\n\t\t\n<h4>Ulaz u zgradu tvrtke s dvori\u0161nim vratima<\/h4>\n<p>HWg-SH4 mo\u017ee se koristiti za ulazna vrata na parkirali\u0161tima poduze\u0107a. Jedan RFID \u010dita\u010d s tipkovnicom kontrolirao bi ulazna vrata, a drugi bi \u010dita\u010d s tipkovnicom kontrolirao pristup u zgradu (vratima je potrebno dodijeliti razli\u010dite kodove). Za izlazak se mo\u017ee koristiti gumb za izlaz; na kraju se mo\u017ee koristiti drugi RFID \u010dita\u010d na vratima (mo\u017ee koristiti za dokaz automobila parkiranih na parkirali\u0161tu).<\/p>\n<p>Kori\u0161tenje HWg-DCD softvera je i ovdje opcionalno.<br \/>\n\t\t\n<style>\n#text-801249329 {\n  text-align: left;\n  color: #0b3d78;\n}\n#text-801249329 > * {\n  color: #0b3d78;\n}\n<\/style>\n\t<\/div>\n\t\n<\/div>\n<div id=\"tab_samostalno-rje\u0161enje-za-rack\" class=\"panel entry-content\" role=\"tabpanel\" aria-labelledby=\"tab-samostalno-rje\u0161enje-za-rack\">\n\t<div id=\"text-3891936243\" class=\"text\">\n\t\t\n<h4>Samostalno rje\u0161enje za rackove<\/h4>\n<p>Tipi\u010dna primjena za HWg-SH4 je u rack kabinetu, ne samo u pojedina\u010dnim ormarima ve\u0107 i kao dio podatkovnog centra. HWg-SH4 jedinica se postavlja unutar ormara, a RFID \u010dita\u010d postavlja vrata. Ako postoji samo jedan HWg-SH4, mo\u017ee se jednostavno konfigurirati u izvanmre\u017enom na\u010dinu rada putem WWW su\u010delja. Me\u0111utim, ako je HWg-SH4 instaliran u podatkovnom centru gdje je jedna jedinica instalirana u svakom ormari\u0107u, preporu\u010duje se kori\u0161tenje ure\u0111aja u mre\u017enom na\u010dinu rada zagredno s upravljanjem putem HWg-DCD aplikacije.<br \/>\n\t\t\n<style>\n#text-3891936243 {\n  text-align: left;\n  color: #0b3d78;\n}\n#text-3891936243 > * {\n  color: #0b3d78;\n}\n<\/style>\n\t<\/div>\n\t\n<\/div>\n<div id=\"tab_kontrola-ve\u0107eg-broja-vrata\" class=\"panel entry-content\" role=\"tabpanel\" aria-labelledby=\"tab-kontrola-ve\u0107eg-broja-vrata\">\n\t<div id=\"text-2259678632\" class=\"text\">\n\t\t\n<h4>Rje\u0161enja uz upotrebu udaljenih HWg-SH4e i\/ili HWG-SH4s jedinica<\/h4>\n<p>Jedna od glavnih prednosti sustava HWg-SH4 je mogu\u0107nost kori\u0161tenja jedne upravlja\u010dke jedinice s nekoliko podre\u0111enih jedinica HWg-SH4e ili HWg-SH4s. U takvim slu\u010dajevima o\u010dekuje se kori\u0161tenje RFID \u010dita\u010da s tipkovnicom spojenom na HWg-SH4. Pojedina\u010dna vrata imaju svoje jedinstvene brojeve koji odgovaraju broju vrata (klju\u010d\/brava) ili broju ormari\u0107a (gdje se broj zatim koristi kao \u0161ifra vrata). Podre\u0111ene jedinice HWg-SH4s ili HWg-SH4e, koje izravno upravljaju bravama na vratima, ugra\u0111uju se u pojedina\u010dne regalne ormare.<\/p>\n\t\t\n<style>\n#text-2259678632 {\n  text-align: left;\n  color: #0b3d78;\n}\n#text-2259678632 > * {\n  color: #0b3d78;\n}\n<\/style>\n\t<\/div>\n\t\n<\/div><\/div><\/div>\n\t\t<\/div>\n\t\t\t\t\n<style>\n#col-507003395 > .col-inner {\n  padding: 3em 0px 3em 0px;\n}\n<\/style>\n\t<\/div>\n\n\t\n<\/div>\n\t\t<\/div>\n\n\t\t\n<style>\n#section_1681066953 {\n  padding-top: 100px;\n  padding-bottom: 100px;\n  background-color: rgb(238, 238, 238);\n}\n#section_1681066953 .ux-shape-divider--top svg {\n  height: 150px;\n  --divider-top-width: 187%;\n}\n#section_1681066953 .ux-shape-divider--top .ux-shape-fill {\n  fill: rgb(255,255,255);\n}\n#section_1681066953 .ux-shape-divider--bottom svg {\n  height: 150px;\n  --divider-width: 187%;\n}\n<\/style>\n\t<\/section>\n\t\n","protected":false},"excerpt":{"rendered":"<p>HWg-SH4e je ure\u0111aj za otklju\u010davanje vrata podre\u0111en (glavnoj) jedinici HWg-SH4.<\/p>\n<ul>\n<li>mo\u017ee kontrolirati 1 el. brave<\/li>\n<li>konfiguracija i upravljanje preko glavne SH4 jedinice<\/li>\n<li>mogu\u0107nost upravljanja uz besplatan DCD2 software<\/li>\n<\/ul>\n","protected":false},"featured_media":4244,"template":"","meta":[],"product_brand":[],"product_cat":[198],"product_tag":[],"class_list":{"0":"post-4243","1":"product","2":"type-product","3":"status-publish","4":"has-post-thumbnail","6":"product_cat-sustavi-kontrole-pristupa-bs","7":"product_shipping_class-dostava-prema-ponudi","9":"first","10":"instock","11":"taxable","12":"shipping-taxable","13":"purchasable","14":"product-type-simple"},"_links":{"self":[{"href":"https:\/\/mreze.shop\/bs\/wp-json\/wp\/v2\/product\/4243","targetHints":{"allow":["GET"]}}],"collection":[{"href":"https:\/\/mreze.shop\/bs\/wp-json\/wp\/v2\/product"}],"about":[{"href":"https:\/\/mreze.shop\/bs\/wp-json\/wp\/v2\/types\/product"}],"wp:featuredmedia":[{"embeddable":true,"href":"https:\/\/mreze.shop\/bs\/wp-json\/wp\/v2\/media\/4244"}],"wp:attachment":[{"href":"https:\/\/mreze.shop\/bs\/wp-json\/wp\/v2\/media?parent=4243"}],"wp:term":[{"taxonomy":"product_brand","embeddable":true,"href":"https:\/\/mreze.shop\/bs\/wp-json\/wp\/v2\/product_brand?post=4243"},{"taxonomy":"product_cat","embeddable":true,"href":"https:\/\/mreze.shop\/bs\/wp-json\/wp\/v2\/product_cat?post=4243"},{"taxonomy":"product_tag","embeddable":true,"href":"https:\/\/mreze.shop\/bs\/wp-json\/wp\/v2\/product_tag?post=4243"}],"curies":[{"name":"wp","href":"https:\/\/api.w.org\/{rel}","templated":true}]}}