{"id":4229,"date":"2023-02-03T13:16:01","date_gmt":"2023-02-03T12:16:01","guid":{"rendered":"https:\/\/mreze.shop\/proizvod\/iot-uredjaj-poseidon2-4002-hw-group\/"},"modified":"2026-02-18T09:01:32","modified_gmt":"2026-02-18T08:01:32","slug":"iot-uredjaj-poseidon2-4002-hw-group","status":"publish","type":"product","link":"https:\/\/mreze.shop\/bs\/proizvod\/iot-uredjaj-poseidon2-4002-hw-group\/","title":{"rendered":"IoT ure\u0111aj Poseidon2 4002, HW group"},"content":{"rendered":"\t<div id=\"gap-162786280\" class=\"gap-element clearfix\" style=\"display:block; height:auto;\">\n\t\t\n<style>\n#gap-162786280 {\n  padding-top: 30px;\n}\n<\/style>\n\t<\/div>\n\t\n<div class=\"row align-middle\"  id=\"row-387808029\">\n\n\t<div id=\"col-1579354906\" class=\"col medium-6 small-12 large-6\"  data-animate=\"fadeInLeft\">\n\t\t\t\t<div class=\"col-inner\"  >\n\t\t\t\n\t\t\t\n<h2>Za \u0161iroki raspon sustava nadzora i kontrole te za IoT rje\u0161enja<\/h2>\n<div class=\"is-divider divider clearfix\" style=\"max-width:100%;\"><\/div> Poseidon2 4002 mo\u017ee spojiti do 40 senzora (16 putem 1-Wire UNI\/1-Wire + 24 putem RS-485), pru\u017ea 12 digitalnih suhih kontaktnih ulaza (DI), 8 virtualnih digitalnih izlaza i omogu\u0107uje kontrolu 4 relejna izlaza (NO \/NC). Za konfiguraciju se koristi <strong>ugra\u0111eni web poslu\u017eitelj.<\/strong> Ure\u0111aj se mo\u017ee nadzirati daljinski putem interneta pomo\u0107u SensDesk Technology portala u kombinaciji sa SensDesk Mobile aplikacijom za iOS i Android. Radi s HWg-PDMS i HWg-Trigger. Poseidon2 ure\u0111aji dizajnirani su za nadzor i kontrolu senzora i digitalnih I\/O preko mre\u017ee koriste\u0107i sigurne M2M protokole (HTTP, IPv6, SNMPv3). S podr\u0161kom za vi\u0161e od 50 SNMP i SCADA aplikacija, Poseidon2 ure\u0111aji mogu se integrirati u \u0161irok raspon nadzornih i kontrolnih sustava. MQTT protokol omogu\u0107uje integraciju u IoT rje\u0161enja. <\/p>\n<h3>Primjene i upotreba<\/h3>\n<ul>\n<li>Pra\u0107enje okru\u017eenja poslu\u017eiteljske sobe<\/li>\n<li>Daljinsko pra\u0107enje okoli\u0161a u kabinetu ili u podatkovnom centru<\/li>\n<li>Nadzor klima ure\u0111aja<\/li>\n<li>Nadzor UPS-a \/ pomo\u0107nog generatora<\/li>\n<li>Industrijske primjene<\/li>\n<li>Nadzor hladnjaka i zamrziva\u010da + indikacija alarma<\/li>\n<li>Temperatura i druga mjerenja u oblaku<\/li>\n<li>Sustavi nadzora<\/li>\n<li>Pametne zgrade<\/li>\n<\/ul>\n\t\t<\/div>\n\t\t\t\t\n<style>\n#col-1579354906 > .col-inner {\n  padding: 0px 1em 0px 0px;\n}\n<\/style>\n\t<\/div>\n\n\t\n\n\t<div id=\"col-953184266\" class=\"col medium-6 small-12 large-6\"  data-animate=\"fadeInRight\">\n\t\t\t\t<div class=\"col-inner\"  >\n\t\t\t\n\t\t\t\n\t<div class=\"img has-hover x md-x lg-x y md-y lg-y\" id=\"image_1041523597\">\n\t\t\t\t\t\t\t\t<div class=\"img-inner dark\" >\n\t\t\t<img loading=\"lazy\" decoding=\"async\" width=\"750\" height=\"750\" src=\"https:\/\/mreze.shop\/wp-content\/uploads\/2023\/02\/IoT-uredaj-Poseidon2-1022-2.jpg\" class=\"attachment-large size-large\" alt=\"\" srcset=\"https:\/\/mreze.shop\/wp-content\/uploads\/2023\/02\/IoT-uredaj-Poseidon2-1022-2.jpg 750w, https:\/\/mreze.shop\/wp-content\/uploads\/2023\/02\/IoT-uredaj-Poseidon2-1022-2-350x350.jpg 350w, https:\/\/mreze.shop\/wp-content\/uploads\/2023\/02\/IoT-uredaj-Poseidon2-1022-2-100x100.jpg 100w, https:\/\/mreze.shop\/wp-content\/uploads\/2023\/02\/IoT-uredaj-Poseidon2-1022-2-510x510.jpg 510w, https:\/\/mreze.shop\/wp-content\/uploads\/2023\/02\/IoT-uredaj-Poseidon2-1022-2-400x400.jpg 400w, https:\/\/mreze.shop\/wp-content\/uploads\/2023\/02\/IoT-uredaj-Poseidon2-1022-2-280x280.jpg 280w\" sizes=\"auto, (max-width: 750px) 100vw, 750px\" \/>\t\t\t\t\t\t\n\t\t\t\t\t<\/div>\n\t\t\t\t\t\t\t\t\n<style>\n#image_1041523597 {\n  width: 85%;\n}\n<\/style>\n\t<\/div>\n\t\n\t\t<\/div>\n\t\t\t\t\n<style>\n#col-953184266 > .col-inner {\n  padding: 0px 0px 0px 1em;\n}\n<\/style>\n\t<\/div>\n\n\t\n<\/div>\n<div class=\"row align-middle\"  id=\"row-1936834086\">\n\n\t<div id=\"col-1603682118\" class=\"col medium-6 small-12 large-6\"  data-animate=\"fadeInRight\">\n\t\t\t\t<div class=\"col-inner\"  >\n\t\t\t\n\t\t\t\n\t<div class=\"img has-hover x md-x lg-x y md-y lg-y\" id=\"image_2074776286\">\n\t\t\t\t\t\t\t\t<div class=\"img-inner dark\" >\n\t\t\t<img loading=\"lazy\" decoding=\"async\" width=\"750\" height=\"750\" src=\"https:\/\/mreze.shop\/wp-content\/uploads\/2023\/02\/IoT-uredaj-Poseidon2-1022-1.jpg\" class=\"attachment-large size-large\" alt=\"\" srcset=\"https:\/\/mreze.shop\/wp-content\/uploads\/2023\/02\/IoT-uredaj-Poseidon2-1022-1.jpg 750w, https:\/\/mreze.shop\/wp-content\/uploads\/2023\/02\/IoT-uredaj-Poseidon2-1022-1-350x350.jpg 350w, https:\/\/mreze.shop\/wp-content\/uploads\/2023\/02\/IoT-uredaj-Poseidon2-1022-1-100x100.jpg 100w, https:\/\/mreze.shop\/wp-content\/uploads\/2023\/02\/IoT-uredaj-Poseidon2-1022-1-510x510.jpg 510w, https:\/\/mreze.shop\/wp-content\/uploads\/2023\/02\/IoT-uredaj-Poseidon2-1022-1-400x400.jpg 400w, https:\/\/mreze.shop\/wp-content\/uploads\/2023\/02\/IoT-uredaj-Poseidon2-1022-1-280x280.jpg 280w\" sizes=\"auto, (max-width: 750px) 100vw, 750px\" \/>\t\t\t\t\t\t\n\t\t\t\t\t<\/div>\n\t\t\t\t\t\t\t\t\n<style>\n#image_2074776286 {\n  width: 85%;\n}\n<\/style>\n\t<\/div>\n\t\n\t\t<\/div>\n\t\t\t\t\n<style>\n#col-1603682118 > .col-inner {\n  padding: 0px 0px 0px 1em;\n}\n<\/style>\n\t<\/div>\n\n\t\n\n\t<div id=\"col-44841974\" class=\"col medium-6 small-12 large-6\"  data-animate=\"fadeInLeft\">\n\t\t\t\t<div class=\"col-inner\"  >\n\t\t\t\n\t\t\t\n<h2>Izdvojene zna\u010dajke<\/h2>\n<div class=\"is-divider divider clearfix\" style=\"max-width:100%;\"><\/div>\n<ul>\n<li>16x 1-Wire UNI\/1-Wire ulaz; 24x RS-485 ulaz; 12x digitalni ulaz; Data Logger za vi\u0161e od 250.000 zapisa; Digitalni ulazi imaju 32-bitne S0 broja\u010de impulsa koji zadr\u017eavaju svoju vrijednost \u010dak i ako nestane struje<\/li>\n<li>4x relejni izlaz NO\/NC; 8x virtualni digitalni izlaz<\/li>\n<li>5x SNMP trap; 5x E-mail; 5x &#8220;SMS+Ring&#8221; (preko vanjskog GSM pristupnika ili modema)<\/li>\n<li>MQTT kompatibilnost omogu\u0107uje povezivanje na IoT Hub, MS Azure, Bluemix Internet of Things i druge usluge u oblaku.<\/li>\n<li>Povezan putem LAN-a. Konfiguracija putem ugra\u0111enog web poslu\u017eitelja.<\/li>\n<li>Vrijednost senzora izvan postavljenog sigurnog raspona kao i promjena stanja DI \u0161alje upozorenje e-po\u0161tom, SMS-om, SNMP Trap ili aktivira daljinski relej na drugoj jedinici Poseidon2 of Damocles2.<\/li>\n<li>Za zvonjenje ili SMS alarm koristite softver HWg-Trigger (potreban je vanjski GSM modem) ili pristupnik HWg-SMS-GW3 u istom LAN-u.<\/li>\n<li>Virtualni digitalni izlazi (VDO) mogu se preslikati na fizi\u010dke digitalne izlaze (releje) drugih Poseidon2 ili Damocles2 jedinica na istom LAN-u.<\/li>\n<li>Sa softverom HWg-PDMS, S0 impulsi se mogu pretvoriti u cijenu po vremenskom razdoblju i izvesti u MS Excel.<\/li>\n<li>Kompatibilan s nizom softvera tre\u0107e strane (SCADA itd.). Primjeri za programere o kori\u0161tenju proizvoda dostupni su u HWg-SDK (Borland C++, MS Visual, VB, C#, PHP, JAVA i vi\u0161e).<\/li>\n<\/ul>\n\t\t<\/div>\n\t\t\t\t\n<style>\n#col-44841974 > .col-inner {\n  padding: 0px 1em 0px 0px;\n}\n<\/style>\n\t<\/div>\n\n\t\n<\/div>\n\n\t<section class=\"section\" id=\"section_1972898521\">\n\t\t<div class=\"section-bg fill\" >\n\t\t\t\t\t\t\t\t\t\n\t\t\t\n\n\t\t<\/div>\n\n\t\t\t<div class=\"ux-shape-divider ux-shape-divider--top ux-shape-divider--style-tilt\">\n\t\t<svg viewBox=\"0 0 1000 100\" xmlns=\"http:\/\/www.w3.org\/2000\/svg\" preserveAspectRatio=\"none\">\n\t<path class=\"ux-shape-fill\" d=\"M1000 100V0L-40 100H1000Z\"\/>\n<\/svg>\n\t<\/div>\n\n\t<div class=\"ux-shape-divider ux-shape-divider--bottom ux-shape-divider--style-tilt\">\n\t\t<svg viewBox=\"0 0 1000 100\" xmlns=\"http:\/\/www.w3.org\/2000\/svg\" preserveAspectRatio=\"none\">\n\t<path class=\"ux-shape-fill\" d=\"M1000 100V0L-40 100H1000Z\"\/>\n<\/svg>\n\t<\/div>\n\n\t\t<div class=\"section-content relative\">\n\t\t\t\n<div class=\"row row-collapse row-full-width align-equal align-center\"  id=\"row-1952425888\">\n\n\t<div id=\"col-584703836\" class=\"col small-12 large-12\"  >\n\t\t\t\t<div class=\"col-inner text-center\"  >\n\t\t\t\n\t\t\t\n<div class=\"container section-title-container\" ><h2 class=\"section-title section-title-center\"><b aria-hidden=\"true\"><\/b><span class=\"section-title-main\" style=\"color:rgb(11, 61, 120);\">Primjeri primjene<\/span><b aria-hidden=\"true\"><\/b><\/h2><\/div>\n\t<div id=\"text-1854294942\" class=\"text\">\n\t\t\n<p class=\"lead\">Poseidon 2 ure\u0111aji mogu se integrirati u \u0161irok raspon sustava za nadzor i upravljanje te u razli\u010dite IoT sustave. U nastavku prona\u0111ite nekoliko primjera primjene.<\/p>\n\t\t\n<style>\n#text-1854294942 {\n  text-align: center;\n  color: rgb(11, 61, 120);\n}\n#text-1854294942 > * {\n  color: rgb(11, 61, 120);\n}\n<\/style>\n\t<\/div>\n\t\n\t<div id=\"gap-132837168\" class=\"gap-element clearfix\" style=\"display:block; height:auto;\">\n\t\t\n<style>\n#gap-132837168 {\n  padding-top: 30px;\n}\n<\/style>\n\t<\/div>\n\t\n\n\t\t<div class=\"tabbed-content\">\n\t\t\t\n\t\t\t<ul class=\"nav nav-pills nav-vertical nav-uppercase nav-size-large nav-left\" role=\"tablist\"><li id=\"tab-iot-u-industriji\" class=\"tab active has-icon\" role=\"presentation\"><a href=\"#tab_iot-u-industriji\" role=\"tab\" aria-selected=\"true\" aria-controls=\"tab_iot-u-industriji\"><span>IoT u industriji<\/span><\/a><\/li>\n<li id=\"tab-nadzor-u-data-centru\" class=\"tab has-icon\" role=\"presentation\"><a href=\"#tab_nadzor-u-data-centru\" tabindex=\"-1\" role=\"tab\" aria-selected=\"false\" aria-controls=\"tab_nadzor-u-data-centru\"><span>Nadzor u data centru<\/span><\/a><\/li><\/ul><div class=\"tab-panels\"><div id=\"tab_iot-u-industriji\" class=\"panel active entry-content\" role=\"tabpanel\" aria-labelledby=\"tab-iot-u-industriji\">\n\t<div id=\"text-1913790643\" class=\"text\">\n\t\t\n<h4>Primjena kod industrijskog IoT-a<\/h4>\n<ul>\n<li>Prijenos podataka putem Etherneta<\/li>\n<li>Brzi pregled aktualnih podataka na web portalu SensDesk<\/li>\n<li>Slanje podataka e-po\u0161tom, prilago\u0111enim softverom ili aplikacijama tre\u0107ih strana u oblaku<\/li>\n<li>Koristite standardne protokole HTTPs, IPv6, SNMPv3, MQTT<\/li>\n<\/ul>\n<p> Poseidon2 i Damocles2 imaju fizi\u010dko su\u010delje prema klasi\u010dnom Ethernetu i predstavljaju univerzalna rje\u0161enja Interneta stvari (IoT). Zahvaljuju\u0107i Ethernet su\u010delju, mogu\u0107e je prenijeti s ure\u0111aja ne samo trenutne vrijednosti ve\u0107 i podatke pohranjene u me\u0111uspremniku. Podaci se mogu prenijeti putem HWg-Push protokola na SensDesk javni portal, HWg-PDMS softver ili sustave tre\u0107e strane koriste\u0107i MQTT IO protokol. Podaci se tako\u0111er mogu poslati e-po\u0161tom na PDMS, a softver \u0107e ih preuzeti iz POP3 po\u0161tanskog sandu\u010di\u0107a ili njegove za\u0161ti\u0107ene POP3S varijante. Portal Sensesk IoT omogu\u0107uje brzi pregled trenutnih vrijednosti i na mobitelu ili mo\u017ee prikazati grafikone izmjerenih vrijednosti do 3 mjeseca unatrag. Tako\u0111er uklju\u010duje mogu\u0107nost postavljanja alarmnih poruka putem e-po\u0161te ili SMS-a (s vlastitim pristupnikom HWg-SMS-GW3) na web stranici poput oblaka. IoT PDMS softver omogu\u0107uje prikupljanje svih izmjerenih podataka i njihovo pretvaranje u Excel format pa su vlastite analize jo\u0161 jednostavnije. Excel izvje\u0161\u0107a iz PDMS-a mogu se koristiti za dokumentiranje ekolo\u0161kih vrijednosti za kontrolna tijela, na primjer, u ljekarnama i prehrambenoj industriji. IoT protokol MQTT je jo\u0161 jedna opcija za povezivanje Poseidon2 i Damocles2 na IoT portale kao \u0161to su MS Azure i drugi. Zahvaljuju\u0107i tome, mo\u017eete kombinirati podatke iz jedinica HW grupe u jednom oblaku (portalu) s ure\u0111ajima tre\u0107ih strana.<br \/>\n\t\t\n<style>\n#text-1913790643 {\n  text-align: left;\n  color: rgb(11, 61, 120);\n}\n#text-1913790643 > * {\n  color: rgb(11, 61, 120);\n}\n<\/style>\n\t<\/div>\n\t\n<\/div>\n<div id=\"tab_nadzor-u-data-centru\" class=\"panel entry-content\" role=\"tabpanel\" aria-labelledby=\"tab-nadzor-u-data-centru\">\n\t<div id=\"text-2213081298\" class=\"text\">\n\t\t\n<h4>Kompletan sustav za nadzor okoline u rack-u ili podatkovnom centru.<\/h4>\n<p> Rje\u0161enje Poseidon nadzire 19&#8221; rack ili cijelu poslu\u017eiteljsku sobu. Podr\u017eana su 42 senzora (temperatura, vlaga, dim, poplava, status ili kvar elektri\u010dne energije, ulazak u sobu, digitalni ulazi). Model 4002 mo\u017ee se montirati kao 1U ure\u0111aj ili izvan prostora od 42U. Sustav za nadzor Poseidon 4002 stane u stalak od 19&#8221; i kompatibilan je sa SNMP-om. Dvije aplikacije za nadzor (PD Trigger i HWg-PDMS) uklju\u010dene su besplatno. Dojava kriti\u010dnih situacija vr\u0161i se putem e-maila, SNMP trapova, SMS-a (potreban je GSM modem) i izlaznih releja. Releji se mogu koristiti, na primjer, za uklju\u010divanje rezervne klimatizacijske jedinice ili za ponovno pokretanje poslu\u017eitelja. <img loading=\"lazy\" decoding=\"async\" class=\"alignnone size-full wp-image-876\" src=\"https:\/\/mreze.shop\/wp-content\/uploads\/2023\/02\/web-schema-poseidon2-4002-low.png\" alt=\"\" width=\"860\" height=\"709\" srcset=\"https:\/\/mreze.shop\/wp-content\/uploads\/2023\/02\/web-schema-poseidon2-4002-low.png 860w, https:\/\/mreze.shop\/wp-content\/uploads\/2023\/02\/web-schema-poseidon2-4002-low-750x618.png 750w, https:\/\/mreze.shop\/wp-content\/uploads\/2023\/02\/web-schema-poseidon2-4002-low-485x400.png 485w, https:\/\/mreze.shop\/wp-content\/uploads\/2023\/02\/web-schema-poseidon2-4002-low-768x633.png 768w\" sizes=\"auto, (max-width: 860px) 100vw, 860px\" \/><br \/>\n\t\t\n<style>\n#text-2213081298 {\n  text-align: left;\n  color: #0b3d78;\n}\n#text-2213081298 > * {\n  color: #0b3d78;\n}\n<\/style>\n\t<\/div>\n\t\n<\/div><\/div><\/div>\n\t\t<\/div>\n\t\t\t\t\n<style>\n#col-584703836 > .col-inner {\n  padding: 3em 0px 3em 0px;\n}\n<\/style>\n\t<\/div>\n\n\t\n<\/div>\n\t\t<\/div>\n\n\t\t\n<style>\n#section_1972898521 {\n  padding-top: 100px;\n  padding-bottom: 100px;\n  background-color: rgb(238, 238, 238);\n}\n#section_1972898521 .ux-shape-divider--top svg {\n  height: 150px;\n  --divider-top-width: 187%;\n}\n#section_1972898521 .ux-shape-divider--top .ux-shape-fill {\n  fill: rgb(255,255,255);\n}\n#section_1972898521 .ux-shape-divider--bottom svg {\n  height: 150px;\n  --divider-width: 187%;\n}\n<\/style>\n\t<\/section>\n\t\n\n\t<section class=\"section\" id=\"section_1271090935\">\n\t\t<div class=\"section-bg fill\" >\n\t\t\t\t\t\t\t\t\t\n\t\t\t\n\n\t\t<\/div>\n\n\t\t\n\n\t\t<div class=\"section-content relative\">\n\t\t\t\n\t<div id=\"text-2658472586\" class=\"text\">\n\t\t\n<h2>Povezani \u010dlanci i primjeri upotrebe<\/h2>\n<p> Na\u0161i \u010dlanci \u0107e vas upoznati s tehnologijama, a primjeri upotrebe \u0107e dati uvid u prakti\u010dnu primjenu ure\u0111aja iz mreze.hr ponude.<br \/>\n\t\t\n<style>\n#text-2658472586 {\n  text-align: center;\n}\n<\/style>\n\t<\/div>\n\t\n\t<div id=\"gap-562739072\" class=\"gap-element clearfix\" style=\"display:block; height:auto;\">\n\t\t\n<style>\n#gap-562739072 {\n  padding-top: 50px;\n}\n<\/style>\n\t<\/div>\n\t\n\n  \n    <div class=\"row large-columns-2 medium-columns-1 small-columns-1 slider row-slider slider-nav-simple slider-nav-outside\"  data-flickity-options='{&quot;imagesLoaded&quot;: true, &quot;groupCells&quot;: &quot;100%&quot;, &quot;dragThreshold&quot; : 5, &quot;cellAlign&quot;: &quot;left&quot;,&quot;wrapAround&quot;: true,&quot;prevNextButtons&quot;: true,&quot;percentPosition&quot;: true,&quot;pageDots&quot;: true, &quot;rightToLeft&quot;: false, &quot;autoPlay&quot; : false}' >\n\n  <\/div>\n\t\t<\/div>\n\n\t\t\n<style>\n#section_1271090935 {\n  padding-top: 30px;\n  padding-bottom: 30px;\n}\n<\/style>\n\t<\/section>\n\t\n","protected":false},"excerpt":{"rendered":"<p>Poseidon2 ure\u0111aji dizajnirani su za nadzor i kontrolu senzora i digitalnih I\/O preko mre\u017ee koriste\u0107i sigurne M2M protokole. Model 4002 omogu\u0107uje naj\u0161iri raspon primjene: <\/p>\n<ul>\n<li>do 16 1-Wire UNI senzora<\/li>\n<li>do 12 DI detektora<\/li>\n<li>do 26 industrijskih RS-485 senzora<\/li>\n<li>4 relay izlaza<\/li>\n<li>8 Virtualnih izlaza<\/li>\n<\/ul>\n","protected":false},"featured_media":4230,"template":"","meta":[],"product_brand":[],"product_cat":[192],"product_tag":[],"class_list":{"0":"post-4229","1":"product","2":"type-product","3":"status-publish","4":"has-post-thumbnail","6":"product_cat-iot-uredaji-za-nadzor-i-upravljanje","7":"product_shipping_class-dostava-prema-ponudi","9":"first","10":"instock","11":"taxable","12":"shipping-taxable","13":"purchasable","14":"product-type-simple"},"_links":{"self":[{"href":"https:\/\/mreze.shop\/bs\/wp-json\/wp\/v2\/product\/4229","targetHints":{"allow":["GET"]}}],"collection":[{"href":"https:\/\/mreze.shop\/bs\/wp-json\/wp\/v2\/product"}],"about":[{"href":"https:\/\/mreze.shop\/bs\/wp-json\/wp\/v2\/types\/product"}],"wp:featuredmedia":[{"embeddable":true,"href":"https:\/\/mreze.shop\/bs\/wp-json\/wp\/v2\/media\/4230"}],"wp:attachment":[{"href":"https:\/\/mreze.shop\/bs\/wp-json\/wp\/v2\/media?parent=4229"}],"wp:term":[{"taxonomy":"product_brand","embeddable":true,"href":"https:\/\/mreze.shop\/bs\/wp-json\/wp\/v2\/product_brand?post=4229"},{"taxonomy":"product_cat","embeddable":true,"href":"https:\/\/mreze.shop\/bs\/wp-json\/wp\/v2\/product_cat?post=4229"},{"taxonomy":"product_tag","embeddable":true,"href":"https:\/\/mreze.shop\/bs\/wp-json\/wp\/v2\/product_tag?post=4229"}],"curies":[{"name":"wp","href":"https:\/\/api.w.org\/{rel}","templated":true}]}}