{"id":4223,"date":"2023-02-03T16:55:31","date_gmt":"2023-02-03T15:55:31","guid":{"rendered":"https:\/\/mreze.shop\/proizvod\/iot-uredjaj-poseidon2-3468-hw-group\/"},"modified":"2026-02-18T09:01:24","modified_gmt":"2026-02-18T08:01:24","slug":"iot-uredjaj-poseidon2-3468-hw-group","status":"publish","type":"product","link":"https:\/\/mreze.shop\/bs\/proizvod\/iot-uredjaj-poseidon2-3468-hw-group\/","title":{"rendered":"IoT ure\u0111aj Poseidon2 3468, HW group"},"content":{"rendered":"\t<div id=\"gap-507544419\" class=\"gap-element clearfix\" style=\"display:block; height:auto;\">\n\t\t\n<style>\n#gap-507544419 {\n  padding-top: 30px;\n}\n<\/style>\n\t<\/div>\n\t\n<div class=\"row align-middle\"  id=\"row-1715560256\">\n\n\t<div id=\"col-907801630\" class=\"col medium-6 small-12 large-6\"  data-animate=\"fadeInLeft\">\n\t\t\t\t<div class=\"col-inner\"  >\n\t\t\t\n\t\t\t\n<h2>Za \u0161iroki raspon sustava nadzora i kontrole te za IoT rje\u0161enja<\/h2>\n<div class=\"is-divider divider clearfix\" style=\"max-width:100%;\"><\/div>\n<p>Poseidon2 3468 podr\u017eava do 8 senzora povezanih preko 1-Wire UNI \/ 1-Wire i do 4 detektora spojena na digitalne ulaze. Mo\u017ee kontrolirati 2 digitalna 230 V \/ 10 A relejna izlaza, kao i do 8 virtualnih digitalnih izlaza (VDO) na udaljenim Poseidon2 ili Damocles2 jedinicama (M2M).<\/p>\n<p>Uz standardno ulazno napajanje od 9\u201330 V, Poseidon2 3468 mo\u017ee se napajati od -48 V kako bi se omogu\u0107ila jednostavna upotreba u telekomunikacijskim rje\u0161enjima.<\/p>\n<p>Za konfiguraciju se koristi ugra\u0111eni web poslu\u017eitelj, a ure\u0111aj se mo\u017ee nadzirati daljinski putem interneta pomo\u0107u SensDesk Technology portala u kombinaciji sa SensDesk Mobile aplikacijom za iOS i Android. Radi s HWg-PDMS i HWg-Trigger.<\/p>\n<p>Poseidon2 ure\u0111aji dizajnirani su za nadzor i kontrolu senzora i digitalnih I\/O preko mre\u017ee koriste\u0107i sigurne M2M protokole (HTTP, IPv6, SNMPv3). S podr\u0161kom za vi\u0161e od 50 SNMP i SCADA aplikacija, Poseidon2 ure\u0111aji mogu se integrirati u \u0161irok raspon nadzornih i kontrolnih sustava. MQTT protokol omogu\u0107uje integraciju u IoT rje\u0161enja.<\/p>\n\t\t<\/div>\n\t\t\t\t\n<style>\n#col-907801630 > .col-inner {\n  padding: 0px 1em 0px 0px;\n}\n<\/style>\n\t<\/div>\n\n\t\n\n\t<div id=\"col-826081272\" class=\"col medium-6 small-12 large-6\"  data-animate=\"fadeInRight\">\n\t\t\t\t<div class=\"col-inner\"  >\n\t\t\t\n\t\t\t\n\t<div class=\"img has-hover x md-x lg-x y md-y lg-y\" id=\"image_382352698\">\n\t\t\t\t\t\t\t\t<div class=\"img-inner dark\" >\n\t\t\t<img loading=\"lazy\" decoding=\"async\" width=\"750\" height=\"750\" src=\"https:\/\/mreze.shop\/wp-content\/uploads\/2023\/02\/IoT-uredaj-Poseidon2-3468-1029-1.jpg\" class=\"attachment-large size-large\" alt=\"\" srcset=\"https:\/\/mreze.shop\/wp-content\/uploads\/2023\/02\/IoT-uredaj-Poseidon2-3468-1029-1.jpg 750w, https:\/\/mreze.shop\/wp-content\/uploads\/2023\/02\/IoT-uredaj-Poseidon2-3468-1029-1-350x350.jpg 350w, https:\/\/mreze.shop\/wp-content\/uploads\/2023\/02\/IoT-uredaj-Poseidon2-3468-1029-1-100x100.jpg 100w, https:\/\/mreze.shop\/wp-content\/uploads\/2023\/02\/IoT-uredaj-Poseidon2-3468-1029-1-510x510.jpg 510w, https:\/\/mreze.shop\/wp-content\/uploads\/2023\/02\/IoT-uredaj-Poseidon2-3468-1029-1-400x400.jpg 400w, https:\/\/mreze.shop\/wp-content\/uploads\/2023\/02\/IoT-uredaj-Poseidon2-3468-1029-1-280x280.jpg 280w\" sizes=\"auto, (max-width: 750px) 100vw, 750px\" \/>\t\t\t\t\t\t\n\t\t\t\t\t<\/div>\n\t\t\t\t\t\t\t\t\n<style>\n#image_382352698 {\n  width: 100%;\n}\n<\/style>\n\t<\/div>\n\t\n\t\t<\/div>\n\t\t\t\t\n<style>\n#col-826081272 > .col-inner {\n  padding: 0px 0px 0px 1em;\n}\n<\/style>\n\t<\/div>\n\n\t\n<\/div>\n<div class=\"row\"  id=\"row-388806676\">\n\n\t<div id=\"col-1002833841\" class=\"col medium-6 small-12 large-6\"  data-animate=\"fadeInRight\">\n\t\t\t\t<div class=\"col-inner\"  >\n\t\t\t\n\t\t\t\n<h2>Izdvojene zna\u010dajke<\/h2>\n<div class=\"is-divider divider clearfix\" style=\"max-width:100%;\"><\/div>\n<ul>\n<li>8x 1-Wire UNI\/1-Wire ulaz; 4x digitalni ulaz; Data Logger za vi\u0161e od 250.000 zapisa; Digitalni ulazi imaju 32-bitne S0 broja\u010de impulsa koji zadr\u017eavaju svoju vrijednost \u010dak i ako nestane struje<\/li>\n<li>2x relejni izlaz 230V\/10A; 8x virtualni digitalni izlaz<\/li>\n<li>5x SNMP trap; 5x E-mail; 5x &#8220;SMS+Ring&#8221; (preko vanjskog GSM pristupnika ili modema)<\/li>\n<li>MQTT kompatibilnost omogu\u0107uje povezivanje na IoT Hub, MS Azure, Bluemix Internet of Things i druge usluge u oblaku.<\/li>\n<li>Povezan putem LAN-a. Konfiguracija putem ugra\u0111enog web poslu\u017eitelja.<br \/>\nVrijednost senzora izvan postavljenog sigurnog raspona kao i promjena stanja DI \u0161alje upozorenje e-po\u0161tom, SMS-om, SNMP Trap ili aktivira daljinski relej na drugoj jedinici Poseidon2 of Damocles2.<\/li>\n<li>Za poziv ili SMS alarm koristite softver HWg-Trigger (potreban je vanjski GSM modem) ili pristupnik HWg-SMS-GW3 u istom LAN-u.<\/li>\n<li>Virtualni digitalni izlazi (VDO) mogu se preslikati na fizi\u010dke digitalne izlaze (releje) drugih Poseidon2 ili Damocles2 jedinica na istom LAN-u.<\/li>\n<li>Sa softverom HWg-PDMS, S0 impulsi se mogu pretvoriti u cijenu po vremenskom razdoblju i izvesti u MS Excel.<\/li>\n<li>Kompatibilan s nizom softvera tre\u0107e strane (SCADA itd.). Primjeri za programere o kori\u0161tenju proizvoda dostupni su u HWg-SDK (Borland C++, MS Visual, VB, C#, PHP, JAVA i vi\u0161e).<\/li>\n<\/ul>\n\t\t<\/div>\n\t\t\t\t\n<style>\n#col-1002833841 > .col-inner {\n  padding: 0px 0px 0px 1em;\n}\n<\/style>\n\t<\/div>\n\n\t\n\n\t<div id=\"col-725558633\" class=\"col medium-6 small-12 large-6\"  data-animate=\"fadeInLeft\">\n\t\t\t\t<div class=\"col-inner\"  >\n\t\t\t\n\t\t\t\n<h2>Primjene i upotreba<\/h2>\n<div class=\"is-divider divider clearfix\" style=\"max-width:100%;\"><\/div>\n<ul>\n<li>Daljinski nadzor termostata \/ ormari\u0107a<\/li>\n<li>Pratite vrata, stanje napajanja, temperaturu \/ vla\u017enost, suhe kontakte.<\/li>\n<li>Industrijske primjene<\/li>\n<li>Daljinski nadzor suhih kontakata, sondi 4-20mA ili temperaturnih sondi Pt100 \/ Pt1000. Vrijednosti se bilje\u017ee u unutarnju memoriju.<\/li>\n<li>Nadzor na \u201348V telco \u010dvorovima<\/li>\n<li>Pra\u0107enje napajanja, pomo\u0107ni generatori ili UPS Razina goriva, status dizel generatora, daljinsko pokretanje preko IP-a, pra\u0107enje temperature i servisno su\u010delje (suhi kontakti).<\/li>\n<li>Skladi\u0161tenje lijekova i hrane \u2013 bilje\u017eenje temperature<\/li>\n<li>Pra\u0107enje uvjeta skladi\u0161tenja \u2013 skladi\u0161ta, rashladna postrojenja, zamrziva\u010di, hladnja\u010de. Aplikacijski softver mo\u017ee kreirati HACCP izvje\u0161\u0107a.<\/li>\n<li>Pametne zgrade<\/li>\n<\/ul>\n<ul>\n<li>RUTX50 Router<\/li>\n<li>18 W PSU<\/li>\n<li>4 x Mobilne antene (swivel, SMA male)<\/li>\n<li>2 x WiFi antene (magnetno postavljanje, RP-SMA male, 1.5 m kabel)<\/li>\n<li>1 x GNSS antena (samoljepljiva, SMA male, 3 m kabel)<\/li>\n<li>Ethernet kabel (1.5 m)<\/li>\n<li>SIM Adapter kit<\/li>\n<li>QSG (Quick Start vodi\u010d)<\/li>\n<\/ul>\n\t\t<\/div>\n\t\t\t\t\n<style>\n#col-725558633 > .col-inner {\n  padding: 0px 1em 0px 0px;\n}\n<\/style>\n\t<\/div>\n\n\t\n<\/div>\n\n\t<section class=\"section\" id=\"section_1123029613\">\n\t\t<div class=\"section-bg fill\" >\n\t\t\t\t\t\t\t\t\t\n\t\t\t\n\n\t\t<\/div>\n\n\t\t\t<div class=\"ux-shape-divider ux-shape-divider--top ux-shape-divider--style-tilt\">\n\t\t<svg viewBox=\"0 0 1000 100\" xmlns=\"http:\/\/www.w3.org\/2000\/svg\" preserveAspectRatio=\"none\">\n\t<path class=\"ux-shape-fill\" d=\"M1000 100V0L-40 100H1000Z\"\/>\n<\/svg>\n\t<\/div>\n\n\t<div class=\"ux-shape-divider ux-shape-divider--bottom ux-shape-divider--style-tilt\">\n\t\t<svg viewBox=\"0 0 1000 100\" xmlns=\"http:\/\/www.w3.org\/2000\/svg\" preserveAspectRatio=\"none\">\n\t<path class=\"ux-shape-fill\" d=\"M1000 100V0L-40 100H1000Z\"\/>\n<\/svg>\n\t<\/div>\n\n\t\t<div class=\"section-content relative\">\n\t\t\t\n<div class=\"row row-collapse row-full-width align-equal align-center\"  id=\"row-1000398902\">\n\n\t<div id=\"col-2040935365\" class=\"col small-12 large-12\"  >\n\t\t\t\t<div class=\"col-inner text-center\"  >\n\t\t\t\n\t\t\t\n<div class=\"container section-title-container\" ><h2 class=\"section-title section-title-center\"><b aria-hidden=\"true\"><\/b><span class=\"section-title-main\" style=\"color:rgb(11, 61, 120);\">Primjeri primjene<\/span><b aria-hidden=\"true\"><\/b><\/h2><\/div>\n\t<div id=\"text-1849793642\" class=\"text\">\n\t\t\n<p class=\"lead\">Poseidon 2 ure\u0111aji mogu se integrirati u \u0161irok raspon sustava za nadzor i upravljanje te u razli\u010dite IoT sustave. U nastavku prona\u0111ite nekoliko primjera primjene.<\/p>\n\t\t\n<style>\n#text-1849793642 {\n  text-align: center;\n  color: rgb(11, 61, 120);\n}\n#text-1849793642 > * {\n  color: rgb(11, 61, 120);\n}\n<\/style>\n\t<\/div>\n\t\n\t<div id=\"gap-293347690\" class=\"gap-element clearfix\" style=\"display:block; height:auto;\">\n\t\t\n<style>\n#gap-293347690 {\n  padding-top: 30px;\n}\n<\/style>\n\t<\/div>\n\t\n\n\t\t<div class=\"tabbed-content\">\n\t\t\t\n\t\t\t<ul class=\"nav nav-pills nav-vertical nav-uppercase nav-size-large nav-left\" role=\"tablist\"><li id=\"tab-iot-u-industriji\" class=\"tab active has-icon\" role=\"presentation\"><a href=\"#tab_iot-u-industriji\" role=\"tab\" aria-selected=\"true\" aria-controls=\"tab_iot-u-industriji\"><span>IoT u industriji<\/span><\/a><\/li><\/ul><div class=\"tab-panels\"><div id=\"tab_iot-u-industriji\" class=\"panel active entry-content\" role=\"tabpanel\" aria-labelledby=\"tab-iot-u-industriji\">\n\t<div id=\"text-4185985435\" class=\"text\">\n\t\t\n<h4>Primjena kod industrijskog IoT-a<\/h4>\n<ul>\n<li>Prijenos podataka putem Etherneta<\/li>\n<li>Brzi pregled aktualnih podataka na web portalu SensDesk<\/li>\n<li>Slanje podataka e-po\u0161tom, prilago\u0111enim softverom ili aplikacijama tre\u0107ih strana u oblaku<\/li>\n<li>Koristite standardne protokole HTTPs, IPv6, SNMPv3, MQTT<\/li>\n<\/ul>\n<p>Poseidon2 i Damocles2 imaju fizi\u010dko su\u010delje prema klasi\u010dnom Ethernetu i predstavljaju univerzalna rje\u0161enja Interneta stvari (IIoT). Zahvaljuju\u0107i Ethernet su\u010delju, mogu\u0107e je prenijeti s ure\u0111aja ne samo trenutne vrijednosti ve\u0107 i podatke pohranjene u me\u0111uspremniku ure\u0111aja.<\/p>\n<p>Podaci se mogu prenijeti putem HWg-Push protokola na SensDesk javni portal, HWg-PDMS softver ili sustave tre\u0107e strane koriste\u0107i MQTT IO protokol. Podaci se tako\u0111er mogu poslati e-po\u0161tom na PDMS, a softver \u0107e ih preuzeti iz POP3 po\u0161tanskog sandu\u010di\u0107a ili njegove za\u0161ti\u0107ene POP3S varijante.<\/p>\n<p>Portal Sensesk IoT omogu\u0107uje brzi pregled trenutnih vrijednosti i na mobitelu ili mo\u017ee prikazati grafikone izmjerenih vrijednosti do 3 mjeseca unatrag. Tako\u0111er uklju\u010duje mogu\u0107nost postavljanja alarmnih poruka putem e-po\u0161te ili SMS-a (s vlastitim pristupnikom HWg-SMS-GW3) na web stranici poput oblaka.<\/p>\n<p>IoT PDMS softver omogu\u0107uje prikupljanje svih izmjerenih podataka i njihovo pretvaranje u Excel format. Zatim mo\u017ee izvr\u0161iti vlastitu analizu. Excel izvje\u0161\u0107a iz PDMS-a mogu se koristiti za dokumentiranje ekolo\u0161kih vrijednosti za kontrolna tijela, na primjer, u ljekarnama i prehrambenoj industriji.<\/p>\n<p>IoT protokol MQTT je jo\u0161 jedna opcija za povezivanje Poseidon2 i Damocles2 na IoT portale kao \u0161to su MS Azure i drugi. Zahvaljuju\u0107i tome, mo\u017eete kombinirati podatke iz jedinica HW grupe u jednom oblaku (portalu) s ure\u0111ajima tre\u0107ih strana.<\/p>\n<p><img loading=\"lazy\" decoding=\"async\" class=\"size-full wp-image-895 aligncenter\" src=\"https:\/\/mreze.shop\/wp-content\/uploads\/2023\/02\/1029-6.png\" alt=\"\" width=\"860\" height=\"685\" srcset=\"https:\/\/mreze.shop\/wp-content\/uploads\/2023\/02\/1029-6.png 860w, https:\/\/mreze.shop\/wp-content\/uploads\/2023\/02\/1029-6-750x597.png 750w, https:\/\/mreze.shop\/wp-content\/uploads\/2023\/02\/1029-6-502x400.png 502w, https:\/\/mreze.shop\/wp-content\/uploads\/2023\/02\/1029-6-768x612.png 768w\" sizes=\"auto, (max-width: 860px) 100vw, 860px\" \/><br \/>\n\t\t\n<style>\n#text-4185985435 {\n  text-align: left;\n  color: rgb(11, 61, 120);\n}\n#text-4185985435 > * {\n  color: rgb(11, 61, 120);\n}\n<\/style>\n\t<\/div>\n\t\n<\/div><\/div><\/div>\n\t\t<\/div>\n\t\t\t\t\n<style>\n#col-2040935365 > .col-inner {\n  padding: 3em 0px 3em 0px;\n}\n<\/style>\n\t<\/div>\n\n\t\n<\/div>\n\t\t<\/div>\n\n\t\t\n<style>\n#section_1123029613 {\n  padding-top: 100px;\n  padding-bottom: 100px;\n  background-color: rgb(238, 238, 238);\n}\n#section_1123029613 .ux-shape-divider--top svg {\n  height: 150px;\n  --divider-top-width: 187%;\n}\n#section_1123029613 .ux-shape-divider--top .ux-shape-fill {\n  fill: rgb(255,255,255);\n}\n#section_1123029613 .ux-shape-divider--bottom svg {\n  height: 150px;\n  --divider-width: 187%;\n}\n<\/style>\n\t<\/section>\n\t\n","protected":false},"excerpt":{"rendered":"<p>Poseidon2 ure\u0111aji dizajnirani su za nadzor i kontrolu senzora i digitalnih I\/O preko mre\u017ee koriste\u0107i sigurne M2M protokole. Poseidon2 3468 jedini je model s 2 relay izlaza 250V\/10A te ugra\u0111enim PoE napajanjem.<\/p>\n<ul>\n<li>do 8 1-Wire UNI \/ 1-Wire senzora<\/li>\n<li>do 4 detektora spojena na digitalne ulaze<\/li>\n<li>2 digitalna 230 V \/ 10 A relay izalaza<\/li>\n<li>8 virtualnih digitalnih izlaza<\/li>\n<li>Power over Ethernet (PoE)<\/li>\n<\/ul>\n","protected":false},"featured_media":4224,"template":"","meta":[],"product_brand":[],"product_cat":[192],"product_tag":[],"class_list":{"0":"post-4223","1":"product","2":"type-product","3":"status-publish","4":"has-post-thumbnail","6":"product_cat-iot-uredaji-za-nadzor-i-upravljanje","7":"product_shipping_class-dostava-prema-ponudi","9":"first","10":"onbackorder","11":"taxable","12":"shipping-taxable","13":"purchasable","14":"product-type-simple"},"_links":{"self":[{"href":"https:\/\/mreze.shop\/bs\/wp-json\/wp\/v2\/product\/4223","targetHints":{"allow":["GET"]}}],"collection":[{"href":"https:\/\/mreze.shop\/bs\/wp-json\/wp\/v2\/product"}],"about":[{"href":"https:\/\/mreze.shop\/bs\/wp-json\/wp\/v2\/types\/product"}],"wp:featuredmedia":[{"embeddable":true,"href":"https:\/\/mreze.shop\/bs\/wp-json\/wp\/v2\/media\/4224"}],"wp:attachment":[{"href":"https:\/\/mreze.shop\/bs\/wp-json\/wp\/v2\/media?parent=4223"}],"wp:term":[{"taxonomy":"product_brand","embeddable":true,"href":"https:\/\/mreze.shop\/bs\/wp-json\/wp\/v2\/product_brand?post=4223"},{"taxonomy":"product_cat","embeddable":true,"href":"https:\/\/mreze.shop\/bs\/wp-json\/wp\/v2\/product_cat?post=4223"},{"taxonomy":"product_tag","embeddable":true,"href":"https:\/\/mreze.shop\/bs\/wp-json\/wp\/v2\/product_tag?post=4223"}],"curies":[{"name":"wp","href":"https:\/\/api.w.org\/{rel}","templated":true}]}}