{"id":4217,"date":"2023-02-03T17:34:22","date_gmt":"2023-02-03T16:34:22","guid":{"rendered":"https:\/\/mreze.shop\/proizvod\/iot-uredjaj-poseidon2-3268-hw-group\/"},"modified":"2023-12-07T14:47:21","modified_gmt":"2023-12-07T13:47:21","slug":"iot-uredjaj-poseidon2-3268-hw-group","status":"publish","type":"product","link":"https:\/\/mreze.shop\/bs\/proizvod\/iot-uredjaj-poseidon2-3268-hw-group\/","title":{"rendered":"IoT ure\u0111aj Poseidon2 3268, HW group"},"content":{"rendered":"\t<div id=\"gap-1696890744\" class=\"gap-element clearfix\" style=\"display:block; height:auto;\">\n\t\t\n<style>\n#gap-1696890744 {\n  padding-top: 30px;\n}\n<\/style>\n\t<\/div>\n\t\n<div class=\"row align-middle\"  id=\"row-790780640\">\n\n\t<div id=\"col-673268293\" class=\"col medium-6 small-12 large-6\"  data-animate=\"fadeInLeft\">\n\t\t\t\t<div class=\"col-inner\"  >\n\t\t\t\n\t\t\t\n<h2>Za \u0161iroki raspon sustava nadzora i kontrole te za IoT rje\u0161enja<\/h2>\n<div class=\"is-divider divider clearfix\" style=\"max-width:100%;\"><\/div>\n<p>Poseidon2 3268 podr\u017eava do 8 senzora povezanih preko 1-Wire UNI \/ 1-Wire i do 4 detektora spojena na digitalne ulaze. Ovaj model mo\u017ee kontrolirati 2 digitalna NO\/NC relejna izlaza, kao i do 8 virtualnih digitalnih izlaza (VDO) na udaljenim Poseidon2 ili Damocles2 jedinicama (M2M).<\/p>\n<p>Za konfiguraciju se koristi ugra\u0111eni web poslu\u017eitelj, a ure\u0111aj se mo\u017ee nadzirati daljinski putem interneta koriste\u0107i bilo koji SensDesk Technology portal u kombinaciji sa SensDesk Mobile aplikacijom za iOS i Android. Radi s HWg-PDMS i HWg-Trigger.<\/p>\n<p>Poseidon2 ure\u0111aji dizajnirani su za nadzor i kontrolu senzora i digitalnih I\/O preko mre\u017ee koriste\u0107i sigurne M2M protokole (HTTP, IPv6, SNMPv3). S podr\u0161kom za vi\u0161e od 50 SNMP i SCADA aplikacija, ovi se ure\u0111aji mogu integrirati u \u0161irok raspon nadzornih i kontrolnih sustava. MQTT protokol omogu\u0107uje integraciju u IoT rje\u0161enja.<\/p>\n\t\t<\/div>\n\t\t\t\t\n<style>\n#col-673268293 > .col-inner {\n  padding: 0px 1em 0px 0px;\n}\n<\/style>\n\t<\/div>\n\n\t\n\n\t<div id=\"col-2038460804\" class=\"col medium-6 small-12 large-6\"  data-animate=\"fadeInRight\">\n\t\t\t\t<div class=\"col-inner\"  >\n\t\t\t\n\t\t\t\n\t<div class=\"img has-hover x md-x lg-x y md-y lg-y\" id=\"image_10436860\">\n\t\t\t\t\t\t\t\t<div class=\"img-inner dark\" >\n\t\t\t<img loading=\"lazy\" decoding=\"async\" width=\"750\" height=\"750\" src=\"https:\/\/mreze.shop\/wp-content\/uploads\/2023\/02\/IoT-uredaj-Poseidon2-3268-1030-1.jpg\" class=\"attachment-large size-large\" alt=\"\" srcset=\"https:\/\/mreze.shop\/wp-content\/uploads\/2023\/02\/IoT-uredaj-Poseidon2-3268-1030-1.jpg 750w, https:\/\/mreze.shop\/wp-content\/uploads\/2023\/02\/IoT-uredaj-Poseidon2-3268-1030-1-350x350.jpg 350w, https:\/\/mreze.shop\/wp-content\/uploads\/2023\/02\/IoT-uredaj-Poseidon2-3268-1030-1-100x100.jpg 100w, https:\/\/mreze.shop\/wp-content\/uploads\/2023\/02\/IoT-uredaj-Poseidon2-3268-1030-1-510x510.jpg 510w, https:\/\/mreze.shop\/wp-content\/uploads\/2023\/02\/IoT-uredaj-Poseidon2-3268-1030-1-400x400.jpg 400w, https:\/\/mreze.shop\/wp-content\/uploads\/2023\/02\/IoT-uredaj-Poseidon2-3268-1030-1-280x280.jpg 280w\" sizes=\"auto, (max-width: 750px) 100vw, 750px\" \/>\t\t\t\t\t\t\n\t\t\t\t\t<\/div>\n\t\t\t\t\t\t\t\t\n<style>\n#image_10436860 {\n  width: 100%;\n}\n<\/style>\n\t<\/div>\n\t\n\t\t<\/div>\n\t\t\t\t\n<style>\n#col-2038460804 > .col-inner {\n  padding: 0px 0px 0px 1em;\n}\n<\/style>\n\t<\/div>\n\n\t\n<\/div>\n<div class=\"row\"  id=\"row-1670544831\">\n\n\t<div id=\"col-1214684264\" class=\"col medium-6 small-12 large-6\"  data-animate=\"fadeInRight\">\n\t\t\t\t<div class=\"col-inner\"  >\n\t\t\t\n\t\t\t\n<h2>Izdvojene zna\u010dajke<\/h2>\n<div class=\"is-divider divider clearfix\" style=\"max-width:100%;\"><\/div>\n<ul>\n<li>8x 1-Wire UNI\/1-Wire ulaz; 4x digitalni ulaz; Data Logger za vi\u0161e od 250.000 zapisa; Digitalni ulazi imaju 32-bitne S0 broja\u010de impulsa koji zadr\u017eavaju svoju vrijednost \u010dak i ako nestane struje<\/li>\n<li>2x relejni izlaz NO\/NC; 8x virtualni digitalni izlaz<\/li>\n<li>5x SNMP trap; 5x E-mail; 5x &#8220;SMS+Ring&#8221; (preko vanjskog GSM pristupnika ili modema)<\/li>\n<li>MQTT kompatibilnost omogu\u0107uje povezivanje na IoT Hub, MS Azure, Bluemix Internet of Things i druge usluge u oblaku.<\/li>\n<li>Povezan putem LAN-a. Konfiguracija putem ugra\u0111enog web poslu\u017eitelja.<br \/>\nVrijednost senzora izvan postavljenog sigurnog raspona kao i promjena stanja DI \u0161alje upozorenje e-po\u0161tom, SMS-om, SNMP Trap ili aktivira daljinski relej na drugoj jedinici Poseidon2 of Damocles2.<\/li>\n<li>Za zvonjenje ili SMS alarm koristite softver HWg-Trigger (potreban je vanjski GSM modem) ili pristupnik HWg-SMS-GW3 u istom LAN-u.<\/li>\n<li>Virtualni digitalni izlazi (VDO) mogu se preslikati na fizi\u010dke digitalne izlaze (releje) drugih Poseidon2 ili Damocles2 jedinica na istom LAN-u.<\/li>\n<li>Sa softverom HWg-PDMS, S0 impulsi se mogu pretvoriti u cijenu po vremenskom razdoblju i izvesti u MS Excel.<\/li>\n<li>Kompatibilan s nizom softvera tre\u0107e strane (SCADA itd.). Primjeri za programere o kori\u0161tenju proizvoda dostupni su u HWg-SDK (Borland C++, MS Visual, VB, C#, PHP, JAVA i vi\u0161e).<\/li>\n<\/ul>\n\t\t<\/div>\n\t\t\t\t\n<style>\n#col-1214684264 > .col-inner {\n  padding: 0px 0px 0px 1em;\n}\n<\/style>\n\t<\/div>\n\n\t\n\n\t<div id=\"col-269286971\" class=\"col medium-6 small-12 large-6\"  data-animate=\"fadeInLeft\">\n\t\t\t\t<div class=\"col-inner\"  >\n\t\t\t\n\t\t\t\n<h2>Primjene i upotreba<\/h2>\n<div class=\"is-divider divider clearfix\" style=\"max-width:100%;\"><\/div>\n<ul>\n<li>Alarmi za temperaturu i termostat u IT-u<\/li>\n<li>Prebacivanje HVAC \/ ventilacija u ormaru<\/li>\n<li>Daljinska I\/O kontrola i nadzor preko Etherneta<\/li>\n<li>Sustavi nadzora<\/li>\n<li>Industrijske primjene<\/li>\n<li>Nadzor hladnjaka i zamrziva\u010da + indikacija alarma<\/li>\n<li>Temperatura i druga mjerenja u oblaku<\/li>\n<li>Online web portal + mobilna aplikacija<\/li>\n<li>Pametne zgrade<\/li>\n<\/ul>\n\t\t<\/div>\n\t\t\t\t\n<style>\n#col-269286971 > .col-inner {\n  padding: 0px 1em 0px 0px;\n}\n<\/style>\n\t<\/div>\n\n\t\n<\/div>\n\n\t<section class=\"section\" id=\"section_687056248\">\n\t\t<div class=\"section-bg fill\" >\n\t\t\t\t\t\t\t\t\t\n\t\t\t\n\n\t\t<\/div>\n\n\t\t\t<div class=\"ux-shape-divider ux-shape-divider--top ux-shape-divider--style-tilt\">\n\t\t<svg viewBox=\"0 0 1000 100\" xmlns=\"http:\/\/www.w3.org\/2000\/svg\" preserveAspectRatio=\"none\">\n\t<path class=\"ux-shape-fill\" d=\"M1000 100V0L-40 100H1000Z\"\/>\n<\/svg>\n\t<\/div>\n\n\t<div class=\"ux-shape-divider ux-shape-divider--bottom ux-shape-divider--style-tilt\">\n\t\t<svg viewBox=\"0 0 1000 100\" xmlns=\"http:\/\/www.w3.org\/2000\/svg\" preserveAspectRatio=\"none\">\n\t<path class=\"ux-shape-fill\" d=\"M1000 100V0L-40 100H1000Z\"\/>\n<\/svg>\n\t<\/div>\n\n\t\t<div class=\"section-content relative\">\n\t\t\t\n<div class=\"row row-collapse row-full-width align-equal align-center\"  id=\"row-205624836\">\n\n\t<div id=\"col-821815582\" class=\"col small-12 large-12\"  >\n\t\t\t\t<div class=\"col-inner text-center\"  >\n\t\t\t\n\t\t\t\n<div class=\"container section-title-container\" ><h2 class=\"section-title section-title-center\"><b aria-hidden=\"true\"><\/b><span class=\"section-title-main\" style=\"color:rgb(11, 61, 120);\">Primjeri primjene<\/span><b aria-hidden=\"true\"><\/b><\/h2><\/div>\n\t<div id=\"text-943968010\" class=\"text\">\n\t\t\n<p class=\"lead\">Poseidon 2 ure\u0111aji mogu se integrirati u \u0161irok raspon sustava za nadzor i upravljanje te u razli\u010dite IoT sustave. U nastavku prona\u0111ite nekoliko primjera primjene.<\/p>\n\t\t\n<style>\n#text-943968010 {\n  text-align: center;\n  color: rgb(11, 61, 120);\n}\n#text-943968010 > * {\n  color: rgb(11, 61, 120);\n}\n<\/style>\n\t<\/div>\n\t\n\t<div id=\"gap-668813412\" class=\"gap-element clearfix\" style=\"display:block; height:auto;\">\n\t\t\n<style>\n#gap-668813412 {\n  padding-top: 30px;\n}\n<\/style>\n\t<\/div>\n\t\n\n\t\t<div class=\"tabbed-content\">\n\t\t\t\n\t\t\t<ul class=\"nav nav-pills nav-vertical nav-uppercase nav-size-large nav-left\" role=\"tablist\"><li id=\"tab-udaljeni-i\/o-nadzor-i-upravljanje\" class=\"tab active has-icon\" role=\"presentation\"><a href=\"#tab_udaljeni-i\/o-nadzor-i-upravljanje\" role=\"tab\" aria-selected=\"true\" aria-controls=\"tab_udaljeni-i\/o-nadzor-i-upravljanje\"><span>Udaljeni I\/O nadzor i upravljanje<\/span><\/a><\/li>\n<li id=\"tab-iot-u-industriji\" class=\"tab has-icon\" role=\"presentation\"><a href=\"#tab_iot-u-industriji\" tabindex=\"-1\" role=\"tab\" aria-selected=\"false\" aria-controls=\"tab_iot-u-industriji\"><span>IoT u industriji<\/span><\/a><\/li><\/ul><div class=\"tab-panels\"><div id=\"tab_udaljeni-i\/o-nadzor-i-upravljanje\" class=\"panel active entry-content\" role=\"tabpanel\" aria-labelledby=\"tab-udaljeni-i\/o-nadzor-i-upravljanje\">\n\t<div id=\"text-1440009206\" class=\"text\">\n\t\t\n<h3>Udaljeni I\/O upravljanje i nadzor putem Etherneta<\/h3>\n<p>Poseidon2 je spojen na LAN, o\u010ditava mjerenja i pohranjuje mjerenja u internu memoriju (data logger). I\/O se mo\u017ee kontrolirati preko Etherneta. Relejni izlazi mogu se kontrolirati putem weba ili prema vrijednosti povezanog senzora (na\u010din rada \u201cIP termostat\u201d ili \u201cIP higrostat\u201d).<\/p>\n<p>Kada je vrijednost izvan navedenog raspona, Poseidon2 \u0161alje e-mail, SNMP trap ili tekstualnu poruku (SMS). Tekstualne poruke mogu se slati bez dodatnog softvera putem jednog sredi\u0161njeg pristupnika, HWg-SMS-GW3 (opcijski ure\u0111aj). Samo jedna SIM kartica mo\u017ee opslu\u017eivati \u200b\u200bsve va\u0161e ure\u0111aje povezane na jednu mre\u017eu.<\/p>\n<p>Ure\u0111aju se mo\u017ee pristupiti putem web su\u010delja, online portala koji se temelje na tehnologiji SensDesk ili kori\u0161tenjem aplikacije SensDesk Mobile (Android, iPhone).<\/p>\n<p>Za prikupljanje i pra\u0107enje podataka preporu\u010dujemo na\u0161u HWg-PDMS aplikaciju koja prikazuje grafikone i eksportira podatke u MS Excel. Za upravljanje doga\u0111ajima &#8220;IF-THEN&#8221; (npr. &#8220;Ako jedan od 10 ure\u0111aja ne radi, po\u0161aljite SMS administratoru&#8221;), nudimo aplikaciju &#8220;HWg-Trigger&#8221; za Windows.<\/p>\n<p>Poseidon2 3268 se mo\u017ee povezati s razli\u010ditim aplikacijama tre\u0107ih strana ili uslugama u oblaku koriste\u0107i razli\u010dite protokole (SNMPv3, Modbus\/TCP, XML, HWg-Push).<\/p>\n<p><img loading=\"lazy\" decoding=\"async\" class=\"size-full wp-image-908 aligncenter\" src=\"https:\/\/mreze.shop\/wp-content\/uploads\/2023\/02\/1030-8.png\" alt=\"\" width=\"860\" height=\"685\" srcset=\"https:\/\/mreze.shop\/wp-content\/uploads\/2023\/02\/1030-8.png 860w, https:\/\/mreze.shop\/wp-content\/uploads\/2023\/02\/1030-8-750x597.png 750w, https:\/\/mreze.shop\/wp-content\/uploads\/2023\/02\/1030-8-502x400.png 502w, https:\/\/mreze.shop\/wp-content\/uploads\/2023\/02\/1030-8-768x612.png 768w\" sizes=\"auto, (max-width: 860px) 100vw, 860px\" \/><\/p>\n\t\t\n<style>\n#text-1440009206 {\n  text-align: left;\n  color: #0b3d78;\n}\n#text-1440009206 > * {\n  color: #0b3d78;\n}\n<\/style>\n\t<\/div>\n\t\n<\/div>\n<div id=\"tab_iot-u-industriji\" class=\"panel entry-content\" role=\"tabpanel\" aria-labelledby=\"tab-iot-u-industriji\">\n\t<div id=\"text-3658504966\" class=\"text\">\n\t\t\n<h4>Primjena kod industrijskog IoT-a<\/h4>\n<p>Poseidon2 je spojen na LAN, o\u010ditava mjerenja i pohranjuje mjerenja u internu memoriju (data logger). I\/O se mo\u017ee kontrolirati preko Etherneta. Relejni izlazi mogu se kontrolirati putem weba ili prema vrijednostima povezanog senzora (na\u010din rada \u201cIP termostat\u201d ili \u201cIP higrostat\u201d).<\/p>\n<p>Kada je vrijednost izvan navedenog raspona, Poseidon2 \u0161alje e-mail, SNMP trap ili tekstualnu poruku (SMS). Tekstualne poruke mogu se slati bez dodatnog softvera putem jednog sredi\u0161njeg pristupnika, HWg-SMS-GW3 (opcijski ure\u0111aj). Samo jedna SIM kartica mo\u017ee opslu\u017eivati \u200b\u200bsve va\u0161e povezane ure\u0111aje na jednoj mre\u017ei.<\/p>\n<p>Ure\u0111aju se mo\u017ee pristupiti putem web su\u010delja, online portala koji su temelj tehnologije SensDesk ili kori\u0161tenjem aplikacije SensDesk Mobile (Android, iPhone).<\/p>\n<p>Za prikupljanje i pra\u0107enje podataka preporu\u010dujemo na\u0161u HWg-PDMS aplikaciju koja prikazuje grafikone i eksportira podatke u MS Excel. Za upravljanje doga\u0111ajima &#8220;IF-THEN&#8221; (npr. &#8220;Ako jedan od 10 ure\u0111aja ne radi, po\u0161aljite SMS administratoru&#8221;), nudimo aplikaciju &#8220;HWg-Trigger&#8221; za Windows.<\/p>\n<p>Poseidon2 3268 se mo\u017ee povezati s razli\u010ditim aplikacijama tre\u0107ih strana ili uslugama u oblaku koriste\u0107i razli\u010dite protokole (SNMPv3, Modbus\/TCP, XML, HWg-Push).<\/p>\n\t\t\n<style>\n#text-3658504966 {\n  text-align: left;\n  color: rgb(11, 61, 120);\n}\n#text-3658504966 > * {\n  color: rgb(11, 61, 120);\n}\n<\/style>\n\t<\/div>\n\t\n<\/div><\/div><\/div>\n\t\t<\/div>\n\t\t\t\t\n<style>\n#col-821815582 > .col-inner {\n  padding: 3em 0px 3em 0px;\n}\n<\/style>\n\t<\/div>\n\n\t\n<\/div>\n\t\t<\/div>\n\n\t\t\n<style>\n#section_687056248 {\n  padding-top: 100px;\n  padding-bottom: 100px;\n  background-color: rgb(238, 238, 238);\n}\n#section_687056248 .ux-shape-divider--top svg {\n  height: 150px;\n  --divider-top-width: 187%;\n}\n#section_687056248 .ux-shape-divider--top .ux-shape-fill {\n  fill: rgb(255,255,255);\n}\n#section_687056248 .ux-shape-divider--bottom svg {\n  height: 150px;\n  --divider-width: 187%;\n}\n<\/style>\n\t<\/section>\n\t\n","protected":false},"excerpt":{"rendered":"<p>Poseidon2 ure\u0111aji dizajnirani su za nadzor i kontrolu senzora i digitalnih I\/O preko mre\u017ee koriste\u0107i sigurne M2M protokole.<\/p>\n<ul>\n<li>do 8 1-Wire UNI \/ 1-Wire senzora<\/li>\n<li>do 4 detektora spojena na digitalne ulaze<\/li>\n<li>upravlja s 2 24V(DC) \/ 60V(AC), 1A releja<\/li>\n<li>8 virtualnih digitalnih izlaza<\/li>\n<\/ul>\n","protected":false},"featured_media":4218,"template":"","meta":[],"product_brand":[],"product_cat":[192],"product_tag":[],"class_list":{"0":"post-4217","1":"product","2":"type-product","3":"status-publish","4":"has-post-thumbnail","6":"product_cat-iot-uredaji-za-nadzor-i-upravljanje","7":"product_shipping_class-dostava-prema-ponudi","9":"first","10":"instock","11":"taxable","12":"shipping-taxable","13":"purchasable","14":"product-type-simple"},"_links":{"self":[{"href":"https:\/\/mreze.shop\/bs\/wp-json\/wp\/v2\/product\/4217","targetHints":{"allow":["GET"]}}],"collection":[{"href":"https:\/\/mreze.shop\/bs\/wp-json\/wp\/v2\/product"}],"about":[{"href":"https:\/\/mreze.shop\/bs\/wp-json\/wp\/v2\/types\/product"}],"wp:featuredmedia":[{"embeddable":true,"href":"https:\/\/mreze.shop\/bs\/wp-json\/wp\/v2\/media\/4218"}],"wp:attachment":[{"href":"https:\/\/mreze.shop\/bs\/wp-json\/wp\/v2\/media?parent=4217"}],"wp:term":[{"taxonomy":"product_brand","embeddable":true,"href":"https:\/\/mreze.shop\/bs\/wp-json\/wp\/v2\/product_brand?post=4217"},{"taxonomy":"product_cat","embeddable":true,"href":"https:\/\/mreze.shop\/bs\/wp-json\/wp\/v2\/product_cat?post=4217"},{"taxonomy":"product_tag","embeddable":true,"href":"https:\/\/mreze.shop\/bs\/wp-json\/wp\/v2\/product_tag?post=4217"}],"curies":[{"name":"wp","href":"https:\/\/api.w.org\/{rel}","templated":true}]}}