{"id":4204,"date":"2023-02-04T12:24:16","date_gmt":"2023-02-04T11:24:16","guid":{"rendered":"https:\/\/mreze.shop\/proizvod\/iot-uredjaj-ares-12-lte-hw-group\/"},"modified":"2026-02-18T09:01:04","modified_gmt":"2026-02-18T08:01:04","slug":"iot-uredjaj-ares-12-lte-hw-group","status":"publish","type":"product","link":"https:\/\/mreze.shop\/bs\/proizvod\/iot-uredjaj-ares-12-lte-hw-group\/","title":{"rendered":"IoT ure\u0111aj Ares 12 LTE, HW group"},"content":{"rendered":"\t<div id=\"gap-796258939\" class=\"gap-element clearfix\" style=\"display:block; height:auto;\">\n\t\t\n<style>\n#gap-796258939 {\n  padding-top: 30px;\n}\n<\/style>\n\t<\/div>\n\t\n<div class=\"row align-middle\"  id=\"row-1145910854\">\n\n\t<div id=\"col-1506896156\" class=\"col medium-6 small-12 large-6\"  data-animate=\"fadeInLeft\">\n\t\t\t\t<div class=\"col-inner\"  >\n\t\t\t\n\t\t\t\n<h2>Ares 12 LTE: Industrijska mjerenja, s GSM i LTE komunikacijom<\/h2>\n<div class=\"is-divider divider clearfix\" style=\"max-width:100%;\"><\/div>\n<p>Ares 12 LTE je industrijska jedinica za daljinski nadzor i alarmiranje preko LTE za lokacije bez LAN pristupa. Povezuje do 14 vanjskih senzora i 2 detektora suhog kontakta te uklju\u010duje rezervnu bateriju<\/p>\n<p>Ares 12 LTE prati o\u010ditanja povezanih senzora.<\/p>\n<p>Kada vrijednost dosegne prag alarma, ure\u0111aj \u0161alje e-mail ili tekstualnu poruku (SMS) ili poziva definirane brojeve telefona. Koristi portal SensDesk Technology za pregled izmjerenih podataka na naprednoj nadzornoj plo\u010di.<\/p>\n<p>Ares 12 LTE uklju\u010duje unutarnju bateriju koja osigurava rezervno napajanje do 24 sata.<\/p>\n<p>Ares 12 LTE proizvodi podr\u017eavaju FOTA (Firmware Over The Air) za daljinsko a\u017euriranje firmvera.<\/p>\n\t\t<\/div>\n\t\t\t\t\n<style>\n#col-1506896156 > .col-inner {\n  padding: 0px 1em 0px 0px;\n}\n<\/style>\n\t<\/div>\n\n\t\n\n\t<div id=\"col-2100302197\" class=\"col medium-6 small-12 large-6\"  data-animate=\"fadeInRight\">\n\t\t\t\t<div class=\"col-inner\"  >\n\t\t\t\n\t\t\t\n\t<div class=\"img has-hover x md-x lg-x y md-y lg-y\" id=\"image_1391140625\">\n\t\t\t\t\t\t\t\t<div class=\"img-inner dark\" >\n\t\t\t<img loading=\"lazy\" decoding=\"async\" width=\"750\" height=\"750\" src=\"https:\/\/mreze.shop\/wp-content\/uploads\/2023\/02\/Iot-uredaj-Ares-12-LTE-1023-1.jpg\" class=\"attachment-large size-large\" alt=\"\" srcset=\"https:\/\/mreze.shop\/wp-content\/uploads\/2023\/02\/Iot-uredaj-Ares-12-LTE-1023-1.jpg 750w, https:\/\/mreze.shop\/wp-content\/uploads\/2023\/02\/Iot-uredaj-Ares-12-LTE-1023-1-350x350.jpg 350w, https:\/\/mreze.shop\/wp-content\/uploads\/2023\/02\/Iot-uredaj-Ares-12-LTE-1023-1-100x100.jpg 100w, https:\/\/mreze.shop\/wp-content\/uploads\/2023\/02\/Iot-uredaj-Ares-12-LTE-1023-1-510x510.jpg 510w, https:\/\/mreze.shop\/wp-content\/uploads\/2023\/02\/Iot-uredaj-Ares-12-LTE-1023-1-400x400.jpg 400w, https:\/\/mreze.shop\/wp-content\/uploads\/2023\/02\/Iot-uredaj-Ares-12-LTE-1023-1-280x280.jpg 280w\" sizes=\"auto, (max-width: 750px) 100vw, 750px\" \/>\t\t\t\t\t\t\n\t\t\t\t\t<\/div>\n\t\t\t\t\t\t\t\t\n<style>\n#image_1391140625 {\n  width: 85%;\n}\n<\/style>\n\t<\/div>\n\t\n\t\t<\/div>\n\t\t\t\t\n<style>\n#col-2100302197 > .col-inner {\n  padding: 0px 0px 0px 1em;\n}\n<\/style>\n\t<\/div>\n\n\t\n<\/div>\n<div class=\"row\"  id=\"row-2017078288\">\n\n\t<div id=\"col-1497578662\" class=\"col medium-6 small-12 large-6\"  data-animate=\"fadeInRight\">\n\t\t\t\t<div class=\"col-inner\"  >\n\t\t\t\n\t\t\t\n<h2>Izdvojene zna\u010dajke<\/h2>\n<div class=\"is-divider divider clearfix\" style=\"max-width:100%;\"><\/div>\n<ul>\n<li>14x 1-Wire UNI\/1-Wire ulaz;<\/li>\n<li>2x digitalni ulaz sa S0 broja\u010dima impulsa;<\/li>\n<li>Data Logger za vi\u0161e od 250.000 zapisa; Digitalni ulazi imaju 32-bitne broja\u010de impulsa koji zadr\u017eavaju svoju vrijednost \u010dak i ako nestane struje<\/li>\n<li>5x E-mail;<\/li>\n<li>5x &#8220;SMS+Ring&#8221;<\/li>\n<li>Unutarnja baterija osigurava rezervno napajanje do 24 sata.<\/li>\n<li>USB su\u010delje za konfiguraciju ure\u0111aja s ra\u010dunala bez potrebe za instaliranjem dodatnog softvera. Daljinska konfiguracija tako\u0111er je mogu\u0107a putem kartice &#8220;AresConf&#8221; na portalu SensDesk.<\/li>\n<li>Mogu\u0107nost udaljenog prijenosa firmvera (FOTA) \u010dini ure\u0111aje Ares idealnim za implementaciju velikih razmjera.<\/li>\n<li>Povezan putem LTE i GSM\/GPRS. Popis APN-ova dostupan u cijelom svijetu.<\/li>\n<li>Vrijednost senzora izvan postavljenog sigurnog raspona kao i promjena stanja DI \u0161alje upozorenje e-po\u0161tom ili &#8220;SMS+Ring&#8221;, ili aktivira relej (putem povezanog &#8220;Relay Output 1-Wire UNI&#8221;).<\/li>\n<li>Podaci se mogu poslati u privicima e-po\u0161te ili preuzeti putem USB-a.<\/li>\n<li>Kompatibilan s nizom softvera tre\u0107e strane (SCADA itd.). Primjeri za programere o kori\u0161tenju proizvoda dostupni su u HWg-SDK (Borland C++, MS Visual, VB, C#, PHP, JAVA i vi\u0161e).<\/li>\n<\/ul>\n\t\t<\/div>\n\t\t\t\t\n<style>\n#col-1497578662 > .col-inner {\n  padding: 0px 0px 0px 1em;\n}\n<\/style>\n\t<\/div>\n\n\t\n\n\t<div id=\"col-104021981\" class=\"col medium-6 small-12 large-6\"  data-animate=\"fadeInLeft\">\n\t\t\t\t<div class=\"col-inner\"  >\n\t\t\t\n\t\t\t\n<h2>Primjene i upotreba<\/h2>\n<div class=\"is-divider divider clearfix\" style=\"max-width:100%;\"><\/div>\n<ul>\n<li>LTE veza<\/li>\n<li>GPRS nadzor strojeva i njihove okoline<\/li>\n<li>Bankomati \u2013 nadzor okoline bez diranja u vezu<\/li>\n<li>Umjetni\u010dki eksponati i spremi\u0161ta<\/li>\n<li>Skladi\u0161ta hrane ili materijala<\/li>\n<li>Rashladni sustavi i hladnjaci<\/li>\n<\/ul>\n\t\t<\/div>\n\t\t\t\t\n<style>\n#col-104021981 > .col-inner {\n  padding: 0px 1em 0px 0px;\n}\n<\/style>\n\t<\/div>\n\n\t\n<\/div>\n\n\t<section class=\"section\" id=\"section_1870910113\">\n\t\t<div class=\"section-bg fill\" >\n\t\t\t\t\t\t\t\t\t\n\t\t\t\n\n\t\t<\/div>\n\n\t\t\t<div class=\"ux-shape-divider ux-shape-divider--top ux-shape-divider--style-tilt\">\n\t\t<svg viewBox=\"0 0 1000 100\" xmlns=\"http:\/\/www.w3.org\/2000\/svg\" preserveAspectRatio=\"none\">\n\t<path class=\"ux-shape-fill\" d=\"M1000 100V0L-40 100H1000Z\"\/>\n<\/svg>\n\t<\/div>\n\n\t<div class=\"ux-shape-divider ux-shape-divider--bottom ux-shape-divider--style-tilt\">\n\t\t<svg viewBox=\"0 0 1000 100\" xmlns=\"http:\/\/www.w3.org\/2000\/svg\" preserveAspectRatio=\"none\">\n\t<path class=\"ux-shape-fill\" d=\"M1000 100V0L-40 100H1000Z\"\/>\n<\/svg>\n\t<\/div>\n\n\t\t<div class=\"section-content relative\">\n\t\t\t\n<div class=\"row row-collapse row-full-width align-equal align-center\"  id=\"row-261621055\">\n\n\t<div id=\"col-1496427351\" class=\"col small-12 large-12\"  >\n\t\t\t\t<div class=\"col-inner text-center\"  >\n\t\t\t\n\t\t\t\n<div class=\"container section-title-container\" ><h2 class=\"section-title section-title-center\"><b aria-hidden=\"true\"><\/b><span class=\"section-title-main\" style=\"color:rgb(11, 61, 120);\">Primjeri primjene<\/span><b aria-hidden=\"true\"><\/b><\/h2><\/div>\n\t<div id=\"text-3036718035\" class=\"text\">\n\t\t\n<p class=\"lead\">Ares ure\u0111aji idealni su za nadzor i alarmiranje lokacija koje nemaju internet pristup. U nastavku prona\u0111ite nekoliko primjera primjene te video prezentaciju ure\u0111aja<\/p>\n\t\t\n<style>\n#text-3036718035 {\n  text-align: center;\n  color: rgb(11, 61, 120);\n}\n#text-3036718035 > * {\n  color: rgb(11, 61, 120);\n}\n<\/style>\n\t<\/div>\n\t\n<div class=\"video-button-wrapper\"><a href=\"https:\/\/www.youtube.com\/watch?v=ibdq8u-VB7Y\" class=\"button open-video icon circle is-outline is-xlarge\" role=\"button\" aria-label=\"Open video in lightbox\" data-flatsome-role-button><i class=\"icon-play\" aria-hidden=\"true\" style=\"font-size:1.5em;\"><\/i><\/a><\/div>\n\t<div id=\"gap-1025325774\" class=\"gap-element clearfix\" style=\"display:block; height:auto;\">\n\t\t\n<style>\n#gap-1025325774 {\n  padding-top: 30px;\n}\n<\/style>\n\t<\/div>\n\t\n\n\t\t<div class=\"tabbed-content\">\n\t\t\t\n\t\t\t<ul class=\"nav nav-pills nav-vertical nav-uppercase nav-size-large nav-left\" role=\"tablist\"><li id=\"tab-iot-projekti\" class=\"tab active has-icon\" role=\"presentation\"><a href=\"#tab_iot-projekti\" role=\"tab\" aria-selected=\"true\" aria-controls=\"tab_iot-projekti\"><span>IoT projekti<\/span><\/a><\/li><\/ul><div class=\"tab-panels\"><div id=\"tab_iot-projekti\" class=\"panel active entry-content\" role=\"tabpanel\" aria-labelledby=\"tab-iot-projekti\">\n\t<div id=\"text-369833376\" class=\"text\">\n\t\t\n<h4>Primjena kod industrijskog IoT-a<\/h4>\n<ul>\n<li>Prijenos podataka preko LTE\/GSM\/GPRS mobilne mre\u017ee<\/li>\n<li>Brzi pregled aktualnih podataka na web portalu SensDesk<\/li>\n<li>Mobilna aplikacija, desktop aplikacije<\/li>\n<li>Slanje podataka e-po\u0161tom, prilago\u0111enim softverom ili aplikacijama u oblaku tre\u0107ih strana<\/li>\n<\/ul>\n<p>Jedinice Ares 12 LTE omogu\u0107uju spajanje na internet putem LTE\/GSM\/GPRS mre\u017ee. Podaci se putem HWg-Push protokola prenose na javni portal SensDesk ili HWg-PDMS softver. Podaci se mogu poslati e-po\u0161tom na PDMS, a softver ih preuzima iz POP3 po\u0161tanskog sandu\u010di\u0107a ili njegove za\u0161ti\u0107ene POP3S varijante.<\/p>\n<p>Portal SensDesk IoT omogu\u0107uje brzi pregled trenutnih vrijednosti i na mobilnom telefonu. Mo\u017ee prikazati grafove izmjerenih vrijednosti do 3 mjeseca unazad. Tako\u0111er uklju\u010duje mogu\u0107nost postavljanja alarmnih poruka putem e-po\u0161te ili SMS-a (s vlastitim pristupnikom HWg-SMS-GW3) na web stranici poput oblaka.<\/p>\n<p>IoT PDMS softver omogu\u0107uje prikupljanje svih izmjerenih podataka i njihovo pretvaranje u Excel format.Excel izvje\u0161\u0107a iz PDMS-a mogu se koristiti za dokumentiranje ekolo\u0161kih vrijednosti za kontrolna tijela, na primjer, u ljekarnama i prehrambenoj industriji.<\/p>\n<p>HWg-Ares idealan je za vanjske ili mobilne IoT aplikacije jer ima \u0161iroku pokrivenost signalom zahvaljuju\u0107i GSM i LTE komunikacijama. Prebacivanje izme\u0111u BTS (bazna stanica &#8211; mre\u017ena \u0107elija) je do 180 km\/h automatski i bez gubitka komunikacije.<\/p>\n<p><img loading=\"lazy\" decoding=\"async\" class=\"size-large wp-image-939 aligncenter\" src=\"https:\/\/mreze.shop\/wp-content\/uploads\/2023\/02\/1023-5-1000x800.png\" alt=\"\" width=\"1000\" height=\"800\" srcset=\"https:\/\/mreze.shop\/wp-content\/uploads\/2023\/02\/1023-5-1000x800.png 1000w, https:\/\/mreze.shop\/wp-content\/uploads\/2023\/02\/1023-5-750x600.png 750w, https:\/\/mreze.shop\/wp-content\/uploads\/2023\/02\/1023-5-500x400.png 500w, https:\/\/mreze.shop\/wp-content\/uploads\/2023\/02\/1023-5-768x614.png 768w, https:\/\/mreze.shop\/wp-content\/uploads\/2023\/02\/1023-5-1536x1229.png 1536w, https:\/\/mreze.shop\/wp-content\/uploads\/2023\/02\/1023-5.png 1720w\" sizes=\"auto, (max-width: 1000px) 100vw, 1000px\" \/><br \/>\n\t\t\n<style>\n#text-369833376 {\n  text-align: left;\n  color: rgb(11, 61, 120);\n}\n#text-369833376 > * {\n  color: rgb(11, 61, 120);\n}\n<\/style>\n\t<\/div>\n\t\n<\/div><\/div><\/div>\n\t\t<\/div>\n\t\t\t\t\n<style>\n#col-1496427351 > .col-inner {\n  padding: 3em 0px 3em 0px;\n}\n<\/style>\n\t<\/div>\n\n\t\n<\/div>\n\t\t<\/div>\n\n\t\t\n<style>\n#section_1870910113 {\n  padding-top: 100px;\n  padding-bottom: 100px;\n  background-color: rgb(238, 238, 238);\n}\n#section_1870910113 .ux-shape-divider--top svg {\n  height: 150px;\n  --divider-top-width: 187%;\n}\n#section_1870910113 .ux-shape-divider--top .ux-shape-fill {\n  fill: rgb(255,255,255);\n}\n#section_1870910113 .ux-shape-divider--bottom svg {\n  height: 150px;\n  --divider-width: 187%;\n}\n<\/style>\n\t<\/section>\n\t\n","protected":false},"excerpt":{"rendered":"<p>Ares 12 LTE IoT ure\u0111aj omogu\u0107uje nadzor i alarmiranje putem LTE mre\u017ee i idealan je za lokacije koje nemaju vlastiti pristup na internet. LTE daljinski mjerni ure\u0111aj s besplatnim portalom za sredi\u0161nje upravljanje ure\u0111ajem. Alarmiranje putem SMS-a, glasovnog poziva i e-po\u0161ta.<\/p>\n<ul>\n<li>do 14 1-Wire UNI \/ 1-Wire senzora<\/li>\n<li>do 2 detektora spojena na digitalne ulaze<\/li>\n<li>GSM i LTE komunikacija<\/li>\n<li>ugra\u0111ena baterija za 24h autonomnog rada<\/li>\n<\/ul>\n","protected":false},"featured_media":4205,"template":"","meta":[],"product_brand":[],"product_cat":[192],"product_tag":[],"class_list":{"0":"post-4204","1":"product","2":"type-product","3":"status-publish","4":"has-post-thumbnail","6":"product_cat-iot-uredaji-za-nadzor-i-upravljanje","7":"product_shipping_class-dostava-prema-ponudi","9":"first","10":"instock","11":"taxable","12":"shipping-taxable","13":"purchasable","14":"product-type-simple"},"_links":{"self":[{"href":"https:\/\/mreze.shop\/bs\/wp-json\/wp\/v2\/product\/4204","targetHints":{"allow":["GET"]}}],"collection":[{"href":"https:\/\/mreze.shop\/bs\/wp-json\/wp\/v2\/product"}],"about":[{"href":"https:\/\/mreze.shop\/bs\/wp-json\/wp\/v2\/types\/product"}],"wp:featuredmedia":[{"embeddable":true,"href":"https:\/\/mreze.shop\/bs\/wp-json\/wp\/v2\/media\/4205"}],"wp:attachment":[{"href":"https:\/\/mreze.shop\/bs\/wp-json\/wp\/v2\/media?parent=4204"}],"wp:term":[{"taxonomy":"product_brand","embeddable":true,"href":"https:\/\/mreze.shop\/bs\/wp-json\/wp\/v2\/product_brand?post=4204"},{"taxonomy":"product_cat","embeddable":true,"href":"https:\/\/mreze.shop\/bs\/wp-json\/wp\/v2\/product_cat?post=4204"},{"taxonomy":"product_tag","embeddable":true,"href":"https:\/\/mreze.shop\/bs\/wp-json\/wp\/v2\/product_tag?post=4204"}],"curies":[{"name":"wp","href":"https:\/\/api.w.org\/{rel}","templated":true}]}}