{"id":4189,"date":"2023-02-04T15:54:44","date_gmt":"2023-02-04T14:54:44","guid":{"rendered":"https:\/\/mreze.shop\/proizvod\/iot-uredjaj-damocles2-mini-hw-group\/"},"modified":"2026-02-18T09:00:42","modified_gmt":"2026-02-18T08:00:42","slug":"iot-uredjaj-damocles2-mini-hw-group","status":"publish","type":"product","link":"https:\/\/mreze.shop\/bs\/proizvod\/iot-uredjaj-damocles2-mini-hw-group\/","title":{"rendered":"IoT ure\u0111aj Damocles2 MINI, HW group"},"content":{"rendered":"\t<div id=\"gap-134406724\" class=\"gap-element clearfix\" style=\"display:block; height:auto;\">\n\t\t\n<style>\n#gap-134406724 {\n  padding-top: 30px;\n}\n<\/style>\n\t<\/div>\n\t\n<div class=\"row align-middle\"  id=\"row-1502959720\">\n\n\t<div id=\"col-1922158049\" class=\"col medium-6 small-12 large-6\"  data-animate=\"fadeInLeft\">\n\t\t\t\t<div class=\"col-inner\"  >\n\t\t\t\n\t\t\t\n<h2>Pameta I\/O nadzor putem LAN-a<\/h2>\n<div class=\"is-divider divider clearfix\" style=\"max-width:100%;\"><\/div>\n<p>Damocles2 MINI ima 4 digitalna Dry Contact ulaza. Svi digitalni ulazi imaju S0 broja\u010de impulsa s memorijom za spajanje brojila vode, plina, struje ili drugih mjera\u010da. Damocles2 MINI kontrolira 2 digitalna relejna izlaza (DO).<\/p>\n<p>Za konfiguraciju se koristi ugra\u0111eni web poslu\u017eitelj. Ure\u0111aj se mo\u017ee nadzirati daljinski putem interneta pomo\u0107u SensDesk Technology portala u kombinaciji sa SensDesk Mobile aplikacijom za iOS i Android. Radi s HWg-PDMS i HWg-Trigger.<\/p>\n<p>Damocles2 ure\u0111aji dizajnirani su za nadzor i kontrolu digitalnog I\/O preko mre\u017ee kori\u0161tenjem sigurnih M2M protokola (HTTP, IPv6, SNMPv3). S podr\u0161kom za vi\u0161e od 50 SNMP i SCADA aplikacija, Damocles2 ure\u0111aji mogu se integrirati u \u0161irok raspon nadzornih i kontrolnih sustava. MQTT protokol omogu\u0107uje integraciju u IoT rje\u0161enja.<\/p>\n\t\t<\/div>\n\t\t\t\t\n<style>\n#col-1922158049 > .col-inner {\n  padding: 0px 1em 0px 0px;\n}\n<\/style>\n\t<\/div>\n\n\t\n\n\t<div id=\"col-1939371193\" class=\"col medium-6 small-12 large-6\"  data-animate=\"fadeInRight\">\n\t\t\t\t<div class=\"col-inner\"  >\n\t\t\t\n\t\t\t\n\t<div class=\"img has-hover x md-x lg-x y md-y lg-y\" id=\"image_34268033\">\n\t\t\t\t\t\t\t\t<div class=\"img-inner dark\" >\n\t\t\t<img loading=\"lazy\" decoding=\"async\" width=\"750\" height=\"750\" src=\"https:\/\/mreze.shop\/wp-content\/uploads\/2023\/02\/IoT-uredaj-Damocles2-MINI-1035-3.jpg\" class=\"attachment-large size-large\" alt=\"\" srcset=\"https:\/\/mreze.shop\/wp-content\/uploads\/2023\/02\/IoT-uredaj-Damocles2-MINI-1035-3.jpg 750w, https:\/\/mreze.shop\/wp-content\/uploads\/2023\/02\/IoT-uredaj-Damocles2-MINI-1035-3-350x350.jpg 350w, https:\/\/mreze.shop\/wp-content\/uploads\/2023\/02\/IoT-uredaj-Damocles2-MINI-1035-3-100x100.jpg 100w, https:\/\/mreze.shop\/wp-content\/uploads\/2023\/02\/IoT-uredaj-Damocles2-MINI-1035-3-510x510.jpg 510w, https:\/\/mreze.shop\/wp-content\/uploads\/2023\/02\/IoT-uredaj-Damocles2-MINI-1035-3-400x400.jpg 400w, https:\/\/mreze.shop\/wp-content\/uploads\/2023\/02\/IoT-uredaj-Damocles2-MINI-1035-3-280x280.jpg 280w\" sizes=\"auto, (max-width: 750px) 100vw, 750px\" \/>\t\t\t\t\t\t\n\t\t\t\t\t<\/div>\n\t\t\t\t\t\t\t\t\n<style>\n#image_34268033 {\n  width: 85%;\n}\n<\/style>\n\t<\/div>\n\t\n\t\t<\/div>\n\t\t\t\t\n<style>\n#col-1939371193 > .col-inner {\n  padding: 0px 0px 0px 1em;\n}\n<\/style>\n\t<\/div>\n\n\t\n<\/div>\n<div class=\"row\"  id=\"row-713097767\">\n\n\t<div id=\"col-555636028\" class=\"col medium-6 small-12 large-6\"  data-animate=\"fadeInRight\">\n\t\t\t\t<div class=\"col-inner\"  >\n\t\t\t\n\t\t\t\n<h2>Izdvojene zna\u010dajke<\/h2>\n<div class=\"is-divider divider clearfix\" style=\"max-width:100%;\"><\/div>\n<ul>\n<li>4x digitalna ulaza; Data Logger za vi\u0161e od 250.000 zapisa; Digitalni ulazi imaju 32-bitne S0 broja\u010de impulsa koji zadr\u017eavaju svoju vrijednost \u010dak i ako nestane struje<\/li>\n<li>2x relejni izlaz; 8x virtualni digitalni izlaz<\/li>\n<li>5x SNMP trap; 5x E-mail; 5x &#8220;SMS+Ring&#8221; (preko vanjskog GSM pristupnika ili modema)<\/li>\n<li>MQTT kompatibilnost omogu\u0107uje povezivanje s IoT Hubom, MS Azure Bluemix Internet of Things i drugim uslugama u oblaku.<\/li>\n<li>Povezan putem LAN-a. Konfiguracija putem ugra\u0111enog web poslu\u017eitelja.<br \/>\nPromjena stanja DI \u0161alje upozorenje e-po\u0161tom, &#8220;SMS+Ring&#8221;, SNMP Trap ili aktivira daljinski relej na drugoj jedinici Damocles2 ili Poseidon2.<\/li>\n<li>Za poziv ili SMS alarm koristite softver HWg-Trigger (potreban je vanjski GSM modem) ili pristupnik HWg-SMS-GW3 u istom LAN-u.<\/li>\n<li>Virtualni digitalni izlazi (VDO) mogu se preslikati na fizi\u010dke digitalne izlaze (releje) drugih jedinica Damocles2 ili Poseidon2 na istom LAN-u.<\/li>\n<li>Sa softverom HWg-PDMS, S0 impulsi se mogu pretvoriti u cijenu po vremenskom razdoblju i izvesti u MS Excel.<br \/>\nKompatibilan s nizom softvera tre\u0107e strane (SCADA itd.). Primjeri za programere o kori\u0161tenju proizvoda dostupni su u HWg-SDK (Borland C++, MS Visual, VB, C#, PHP, JAVA i vi\u0161e).<\/li>\n<\/ul>\n\t\t<\/div>\n\t\t\t\t\n<style>\n#col-555636028 > .col-inner {\n  padding: 0px 0px 0px 1em;\n}\n<\/style>\n\t<\/div>\n\n\t\n\n\t<div id=\"col-689665441\" class=\"col medium-6 small-12 large-6\"  data-animate=\"fadeInLeft\">\n\t\t\t\t<div class=\"col-inner\"  >\n\t\t\t\n\t\t\t\n<h2>Primjene i upotreba<\/h2>\n<div class=\"is-divider divider clearfix\" style=\"max-width:100%;\"><\/div>\n<ul>\n<li>Daljinski nadzor opreme<\/li>\n<li>Pametne zgrade<\/li>\n<li>UPS nadzor<\/li>\n<li>Sigurnosni i nadzorni sustavi<\/li>\n<li>Indikacija alarma<\/li>\n<li>Mjerenje potro\u0161nje energije<\/li>\n<li>Spajanje vanjskih ulaza na SCADA sustave<\/li>\n<\/ul>\n\t\t<\/div>\n\t\t\t\t\n<style>\n#col-689665441 > .col-inner {\n  padding: 0px 1em 0px 0px;\n}\n<\/style>\n\t<\/div>\n\n\t\n<\/div>\n\n\t<section class=\"section\" id=\"section_852316345\">\n\t\t<div class=\"section-bg fill\" >\n\t\t\t\t\t\t\t\t\t\n\t\t\t\n\n\t\t<\/div>\n\n\t\t\t<div class=\"ux-shape-divider ux-shape-divider--top ux-shape-divider--style-tilt\">\n\t\t<svg viewBox=\"0 0 1000 100\" xmlns=\"http:\/\/www.w3.org\/2000\/svg\" preserveAspectRatio=\"none\">\n\t<path class=\"ux-shape-fill\" d=\"M1000 100V0L-40 100H1000Z\"\/>\n<\/svg>\n\t<\/div>\n\n\t<div class=\"ux-shape-divider ux-shape-divider--bottom ux-shape-divider--style-tilt\">\n\t\t<svg viewBox=\"0 0 1000 100\" xmlns=\"http:\/\/www.w3.org\/2000\/svg\" preserveAspectRatio=\"none\">\n\t<path class=\"ux-shape-fill\" d=\"M1000 100V0L-40 100H1000Z\"\/>\n<\/svg>\n\t<\/div>\n\n\t\t<div class=\"section-content relative\">\n\t\t\t\n<div class=\"row row-collapse row-full-width align-equal align-center\"  id=\"row-15577317\">\n\n\t<div id=\"col-432608043\" class=\"col small-12 large-12\"  >\n\t\t\t\t<div class=\"col-inner text-center\"  >\n\t\t\t\n\t\t\t\n<div class=\"container section-title-container\" ><h2 class=\"section-title section-title-center\"><b aria-hidden=\"true\"><\/b><span class=\"section-title-main\" style=\"color:rgb(11, 61, 120);\">Primjeri primjene<\/span><b aria-hidden=\"true\"><\/b><\/h2><\/div>\n\t<div id=\"text-1195209810\" class=\"text\">\n\t\t\n<p class=\"lead\">Ares ure\u0111aji idealni su za nadzor i alarmiranje lokacija koje nemaju internet pristup. U nastavku prona\u0111ite nekoliko primjera primjene.<\/p>\n\t\t\n<style>\n#text-1195209810 {\n  text-align: center;\n  color: rgb(11, 61, 120);\n}\n#text-1195209810 > * {\n  color: rgb(11, 61, 120);\n}\n<\/style>\n\t<\/div>\n\t\n\t<div id=\"gap-1629504932\" class=\"gap-element clearfix\" style=\"display:block; height:auto;\">\n\t\t\n<style>\n#gap-1629504932 {\n  padding-top: 30px;\n}\n<\/style>\n\t<\/div>\n\t\n\n\t\t<div class=\"tabbed-content\">\n\t\t\t\n\t\t\t<ul class=\"nav nav-pills nav-vertical nav-uppercase nav-size-large nav-left\" role=\"tablist\"><li id=\"tab-iot-u-industriji\" class=\"tab active has-icon\" role=\"presentation\"><a href=\"#tab_iot-u-industriji\" role=\"tab\" aria-selected=\"true\" aria-controls=\"tab_iot-u-industriji\"><span>IoT u industriji<\/span><\/a><\/li><\/ul><div class=\"tab-panels\"><div id=\"tab_iot-u-industriji\" class=\"panel active entry-content\" role=\"tabpanel\" aria-labelledby=\"tab-iot-u-industriji\">\n\t<div id=\"text-1469168884\" class=\"text\">\n\t\t\n<h4>Primjena kod industrijskog IoT-a<\/h4>\n<ul>\n<li>Prijenos podataka putem Etherneta<\/li>\n<li>Brzi pregled aktualnih podataka na web portalu SensDesk<\/li>\n<li>Slanje podataka e-po\u0161tom, prilago\u0111enim softverom ili aplikacijama tre\u0107ih strana u oblaku<\/li>\n<li>Koristite standardne protokole HTTPs, IPv6, SNMPv3, MQTT<\/li>\n<\/ul>\n<p>Poseidon2 i Damocles2 imaju fizi\u010dko su\u010delje prema klasi\u010dnom Ethernetu i predstavljaju univerzalna rje\u0161enja Interneta stvari (IoT). Zahvaljuju\u0107i Ethernet su\u010delju, mogu\u0107e je prenijeti s ure\u0111aja ne samo trenutne vrijednosti ve\u0107 i podatke pohranjene u me\u0111uspremniku ure\u0111aja. Podaci se mogu prenijeti putem HWg-Push protokola na SensDesk javni portal, HWg-PDMS softver ili sustave tre\u0107e strane koriste\u0107i MQTT IO protokol. Podaci se tako\u0111er mogu poslati e-po\u0161tom na PDMS, a softver \u0107e ih preuzeti iz POP3 po\u0161tanskog sandu\u010di\u0107a ili njegove za\u0161ti\u0107ene POP3S varijante. Portal Sensesk IoT omogu\u0107uje brzi pregled trenutnih vrijednosti i na mobitelu ili mo\u017ee prikazati grafikone izmjerenih vrijednosti do 3 mjeseca unatrag. Tako\u0111er uklju\u010duje mogu\u0107nost postavljanja alarmnih poruka putem e-po\u0161te ili SMS-a (s vlastitim pristupnikom HWg-SMS-GW3) na web stranici poput oblaka. IoT PDMS softver omogu\u0107uje prikupljanje svih izmjerenih podataka i njihovo pretvaranje u Excel format. Excel izvje\u0161\u0107a iz PDMS-a mogu se koristiti za dokumentiranje ekolo\u0161kih vrijednosti za kontrolna tijela, na primjer, u ljekarnama i prehrambenoj industriji. IoT protokol MQTT je jo\u0161 jedna opcija za povezivanje Poseidon2 i Damocles2 na IoT portale kao \u0161to su MS Azure i drugi. Zahvaljuju\u0107i tome, mo\u017eete kombinirati podatke iz jedinica HW grupe u jednom oblaku (portalu) s ure\u0111ajima tre\u0107ih strana.<\/p>\n<p><img loading=\"lazy\" decoding=\"async\" class=\"size-large wp-image-975 aligncenter\" src=\"https:\/\/mreze.shop\/wp-content\/uploads\/2023\/02\/1035-5-1004x800.png\" alt=\"\" width=\"1004\" height=\"800\" srcset=\"https:\/\/mreze.shop\/wp-content\/uploads\/2023\/02\/1035-5-1004x800.png 1004w, https:\/\/mreze.shop\/wp-content\/uploads\/2023\/02\/1035-5-750x597.png 750w, https:\/\/mreze.shop\/wp-content\/uploads\/2023\/02\/1035-5-502x400.png 502w, https:\/\/mreze.shop\/wp-content\/uploads\/2023\/02\/1035-5-768x612.png 768w, https:\/\/mreze.shop\/wp-content\/uploads\/2023\/02\/1035-5-1536x1223.png 1536w, https:\/\/mreze.shop\/wp-content\/uploads\/2023\/02\/1035-5.png 1720w\" sizes=\"auto, (max-width: 1004px) 100vw, 1004px\" \/><\/p>\n\t\t\n<style>\n#text-1469168884 {\n  text-align: left;\n  color: rgb(11, 61, 120);\n}\n#text-1469168884 > * {\n  color: rgb(11, 61, 120);\n}\n<\/style>\n\t<\/div>\n\t\n<\/div><\/div><\/div>\n\t\t<\/div>\n\t\t\t\t\n<style>\n#col-432608043 > .col-inner {\n  padding: 3em 0px 3em 0px;\n}\n<\/style>\n\t<\/div>\n\n\t\n<\/div>\n\t\t<\/div>\n\n\t\t\n<style>\n#section_852316345 {\n  padding-top: 100px;\n  padding-bottom: 100px;\n  background-color: rgb(238, 238, 238);\n}\n#section_852316345 .ux-shape-divider--top svg {\n  height: 150px;\n  --divider-top-width: 187%;\n}\n#section_852316345 .ux-shape-divider--top .ux-shape-fill {\n  fill: rgb(255,255,255);\n}\n#section_852316345 .ux-shape-divider--bottom svg {\n  height: 150px;\n  --divider-width: 187%;\n}\n<\/style>\n\t<\/section>\n\t\n","protected":false},"excerpt":{"rendered":"<p>Damocles2 MINI omogu\u0107uje nadzor do 4 DI senzora s S0 broja\u010dima pa je savr\u0161eno rje\u0161enje za kontrolu potro\u0161nje energenata, upravljanje pametnim zdradama, sigurnosne sustave i udaljeni nadzor opreme. Osim toga, ovaj model mo\u017ee upravljati i s 2 relejna i 8 virtualnih izlaza<\/p>\n<ul>\n<li>do 4 detektora spojenih na digitalne ulaze<\/li>\n<li>2 relejna izlaza 24 V(DC) \/ 60 V(AC), 1000 mA<\/li>\n<li>8 Virtualnih digitalnih izlaza<\/li>\n<\/ul>\n","protected":false},"featured_media":4190,"template":"","meta":[],"product_brand":[],"product_cat":[192],"product_tag":[],"class_list":{"0":"post-4189","1":"product","2":"type-product","3":"status-publish","4":"has-post-thumbnail","6":"product_cat-iot-uredaji-za-nadzor-i-upravljanje","7":"product_shipping_class-dostava-prema-ponudi","9":"first","10":"onbackorder","11":"taxable","12":"shipping-taxable","13":"purchasable","14":"product-type-simple"},"_links":{"self":[{"href":"https:\/\/mreze.shop\/bs\/wp-json\/wp\/v2\/product\/4189","targetHints":{"allow":["GET"]}}],"collection":[{"href":"https:\/\/mreze.shop\/bs\/wp-json\/wp\/v2\/product"}],"about":[{"href":"https:\/\/mreze.shop\/bs\/wp-json\/wp\/v2\/types\/product"}],"wp:featuredmedia":[{"embeddable":true,"href":"https:\/\/mreze.shop\/bs\/wp-json\/wp\/v2\/media\/4190"}],"wp:attachment":[{"href":"https:\/\/mreze.shop\/bs\/wp-json\/wp\/v2\/media?parent=4189"}],"wp:term":[{"taxonomy":"product_brand","embeddable":true,"href":"https:\/\/mreze.shop\/bs\/wp-json\/wp\/v2\/product_brand?post=4189"},{"taxonomy":"product_cat","embeddable":true,"href":"https:\/\/mreze.shop\/bs\/wp-json\/wp\/v2\/product_cat?post=4189"},{"taxonomy":"product_tag","embeddable":true,"href":"https:\/\/mreze.shop\/bs\/wp-json\/wp\/v2\/product_tag?post=4189"}],"curies":[{"name":"wp","href":"https:\/\/api.w.org\/{rel}","templated":true}]}}