{"id":4184,"date":"2023-02-05T08:50:35","date_gmt":"2023-02-05T07:50:35","guid":{"rendered":"https:\/\/mreze.shop\/proizvod\/uredjaj-za-nadzor-internet-veze-ip-watchdog2-industrial-hw-group\/"},"modified":"2023-12-07T14:39:28","modified_gmt":"2023-12-07T13:39:28","slug":"uredjaj-za-nadzor-internet-veze-ip-watchdog2-industrial-hw-group","status":"publish","type":"product","link":"https:\/\/mreze.shop\/bs\/proizvod\/uredjaj-za-nadzor-internet-veze-ip-watchdog2-industrial-hw-group\/","title":{"rendered":"Ure\u0111aj za nadzor internet veze IP WatchDog2 Industrial, HW group"},"content":{"rendered":"\t<div id=\"gap-1237684514\" class=\"gap-element clearfix\" style=\"display:block; height:auto;\">\n\t\t\n<style>\n#gap-1237684514 {\n  padding-top: 30px;\n}\n<\/style>\n\t<\/div>\n\t\n<div class=\"row align-middle\"  id=\"row-719024458\">\n\n\t<div id=\"col-123833169\" class=\"col medium-6 small-12 large-6\"  data-animate=\"fadeInLeft\">\n\t\t\t\t<div class=\"col-inner\"  >\n\t\t\t\n\t\t\t\n<h2>Nadzor internet veze i automatski reset u slu\u010daju gubitka signala<\/h2>\n<div class=\"is-divider divider clearfix\" style=\"max-width:100%;\"><\/div>\n<p>U korisni\u010dki definiranom razdoblju, IP WatchDog2 Industrial detektira status internetske veze, LAN povezanih ure\u0111aja i RS-232 povezanih ure\u0111aja. IP WatchDog2 Industrial mo\u017ee nadzirati do deset kanala uklju\u010duju\u0107i do dva RS-232 te mo\u017ee resetirati jedan ili dva fizi\u010dka ure\u0111aja (dva izlazna kanala).<\/p>\n<p>U slu\u010daju da internetska veza ne uspije ili bilo koji nadzirani ure\u0111aj prestane reagirati, IP WatchDog2 Industrial mo\u017ee ponovno pokrenuti dva povezana ure\u0111aja putem svog 230V\/16A NO\/NC releja DO.<\/p>\n<p>Ponovno pokretanje svakog izlaznog kanala mo\u017ee se realizirati i ru\u010dno s glavne stranice (pod lozinkom).<\/p>\n<p>Za konfiguraciju se koristi ugra\u0111eni web poslu\u017eitelj.<\/p>\n<h3>5 metoda otkrivanja kvara internet veze:<\/h3>\n<ul>\n<li>Ping Out: IP WatchDog2 povremeno \u0161alje PING zahtjeve<\/li>\n<li>Ping In: IP WatchDog2 \u010deka PING od nadziranog ure\u0111aja<\/li>\n<li>Web klijent: IP WatchDog2 prati dostupnost web stranice<\/li>\n<li>Web poslu\u017eitelj: IP WatchDog2 \u010deka zahtjev za svoju internu WEB stranicu<\/li>\n<li>RS-232: IP WatchDog2 \u010deka odre\u0111eni niz znakova u RS-232 liniji podataka<\/li>\n<\/ul>\n\t\t<\/div>\n\t\t\t\t\n<style>\n#col-123833169 > .col-inner {\n  padding: 0px 1em 0px 0px;\n}\n<\/style>\n\t<\/div>\n\n\t\n\n\t<div id=\"col-1984940376\" class=\"col medium-6 small-12 large-6\"  data-animate=\"fadeInRight\">\n\t\t\t\t<div class=\"col-inner\"  >\n\t\t\t\n\t\t\t\n\t<div class=\"img has-hover x md-x lg-x y md-y lg-y\" id=\"image_293312649\">\n\t\t\t\t\t\t\t\t<div class=\"img-inner dark\" >\n\t\t\t<img loading=\"lazy\" decoding=\"async\" width=\"750\" height=\"750\" src=\"https:\/\/mreze.shop\/wp-content\/uploads\/2023\/02\/Uredaj-za-nadzor-internet-veze-IP-WatchDog2-Industiral-1024-1.jpg\" class=\"attachment-large size-large\" alt=\"\" srcset=\"https:\/\/mreze.shop\/wp-content\/uploads\/2023\/02\/Uredaj-za-nadzor-internet-veze-IP-WatchDog2-Industiral-1024-1.jpg 750w, https:\/\/mreze.shop\/wp-content\/uploads\/2023\/02\/Uredaj-za-nadzor-internet-veze-IP-WatchDog2-Industiral-1024-1-350x350.jpg 350w, https:\/\/mreze.shop\/wp-content\/uploads\/2023\/02\/Uredaj-za-nadzor-internet-veze-IP-WatchDog2-Industiral-1024-1-100x100.jpg 100w, https:\/\/mreze.shop\/wp-content\/uploads\/2023\/02\/Uredaj-za-nadzor-internet-veze-IP-WatchDog2-Industiral-1024-1-510x510.jpg 510w, https:\/\/mreze.shop\/wp-content\/uploads\/2023\/02\/Uredaj-za-nadzor-internet-veze-IP-WatchDog2-Industiral-1024-1-400x400.jpg 400w, https:\/\/mreze.shop\/wp-content\/uploads\/2023\/02\/Uredaj-za-nadzor-internet-veze-IP-WatchDog2-Industiral-1024-1-280x280.jpg 280w\" sizes=\"auto, (max-width: 750px) 100vw, 750px\" \/>\t\t\t\t\t\t\n\t\t\t\t\t<\/div>\n\t\t\t\t\t\t\t\t\n<style>\n#image_293312649 {\n  width: 85%;\n}\n<\/style>\n\t<\/div>\n\t\n\t\t<\/div>\n\t\t\t\t\n<style>\n#col-1984940376 > .col-inner {\n  padding: 0px 0px 0px 1em;\n}\n<\/style>\n\t<\/div>\n\n\t\n<\/div>\n<div class=\"row\"  id=\"row-1940722353\">\n\n\t<div id=\"col-1863344915\" class=\"col medium-6 small-12 large-6\"  data-animate=\"fadeInRight\">\n\t\t\t\t<div class=\"col-inner\"  >\n\t\t\t\n\t\t\t\n<h2>Izdvojene zna\u010dajke<\/h2>\n<div class=\"is-divider divider clearfix\" style=\"max-width:100%;\"><\/div>\n<ul>\n<li>10x kanala za pra\u0107enje na LAN-u i RS-232<\/li>\n<li>2x relejna izlaza NO\/NC 230V\/16A AC<\/li>\n<li>Upozorenje: SNMP trap<\/li>\n<li>Upozorenje: E-po\u0161ta (TLS podr\u017ean)<\/li>\n<li>Upozorenje: SMS+Ring (preko vanjskog GSM pristupnika ili modema)<\/li>\n<li>Upozorenje o stanju kanala mo\u017ee aktivirati DO relej i zvu\u010dni alarm<\/li>\n<li>Za Ring ili SMS alarm koristite softver HWg-Trigger (potreban je vanjski GSM modem) ili HWg-SMS-GW3 pristupnik u istom LAN-u ili modemu.<\/li>\n<li>Povezan putem LAN-a. Konfiguracija putem ugra\u0111enog web poslu\u017eitelja.<br \/>\nData logger za do 200 zapisa. Pomo\u0107u softvera HWg-PDMS zabilje\u017eeni podaci mogu se izvesti u MS Excel.<\/li>\n<li>Kompatibilan s nizom softvera tre\u0107e strane (SCADA itd.). Primjeri za programere o kori\u0161tenju proizvoda dostupni su u HWg-SDK (Borland C++, MS Visual, VB, C#, PHP, JAVA i vi\u0161e).<\/li>\n<\/ul>\n\t\t<\/div>\n\t\t\t\t\n<style>\n#col-1863344915 > .col-inner {\n  padding: 0px 0px 0px 1em;\n}\n<\/style>\n\t<\/div>\n\n\t\n\n\t<div id=\"col-1102003653\" class=\"col medium-6 small-12 large-6\"  data-animate=\"fadeInLeft\">\n\t\t\t\t<div class=\"col-inner\"  >\n\t\t\t\n\t\t\t\n<h2>Primjene i upotreba<\/h2>\n<div class=\"is-divider divider clearfix\" style=\"max-width:100%;\"><\/div>\n<ul>\n<li>Aktivacija rezervne internet veze u slu\u010daju kvara primarne veze.<\/li>\n<li>Ponovno pokretanje ure\u0111aja koji ne reagira na LAN.<\/li>\n<li>Resetiranje ili uklju\u010divanje daljinskih ure\u0111aja (npr routera i switcheva, WiFi pristupnih to\u010daka, IP kamera, ra\u010dunal itd)<\/li>\n<\/ul>\n\t\t<\/div>\n\t\t\t\t\n<style>\n#col-1102003653 > .col-inner {\n  padding: 0px 1em 0px 0px;\n}\n<\/style>\n\t<\/div>\n\n\t\n<\/div>\n\n\t<section class=\"section\" id=\"section_1913593058\">\n\t\t<div class=\"section-bg fill\" >\n\t\t\t\t\t\t\t\t\t\n\t\t\t\n\n\t\t<\/div>\n\n\t\t\t<div class=\"ux-shape-divider ux-shape-divider--top ux-shape-divider--style-tilt\">\n\t\t<svg viewBox=\"0 0 1000 100\" xmlns=\"http:\/\/www.w3.org\/2000\/svg\" preserveAspectRatio=\"none\">\n\t<path class=\"ux-shape-fill\" d=\"M1000 100V0L-40 100H1000Z\"\/>\n<\/svg>\n\t<\/div>\n\n\t<div class=\"ux-shape-divider ux-shape-divider--bottom ux-shape-divider--style-tilt\">\n\t\t<svg viewBox=\"0 0 1000 100\" xmlns=\"http:\/\/www.w3.org\/2000\/svg\" preserveAspectRatio=\"none\">\n\t<path class=\"ux-shape-fill\" d=\"M1000 100V0L-40 100H1000Z\"\/>\n<\/svg>\n\t<\/div>\n\n\t\t<div class=\"section-content relative\">\n\t\t\t\n<div class=\"row row-collapse row-full-width align-equal align-center\"  id=\"row-451102622\">\n\n\t<div id=\"col-1830406718\" class=\"col small-12 large-12\"  >\n\t\t\t\t<div class=\"col-inner text-center\"  >\n\t\t\t\n\t\t\t\n<div class=\"container section-title-container\" ><h2 class=\"section-title section-title-center\"><b aria-hidden=\"true\"><\/b><span class=\"section-title-main\" style=\"color:rgb(11, 61, 120);\">Primjeri primjene<\/span><b aria-hidden=\"true\"><\/b><\/h2><\/div>\n\t<div id=\"text-2820520603\" class=\"text\">\n\t\t\n<p class=\"lead\">IP WatchDog nadzore statust internet veze na udaljenim lokacijama i automatski resetira ure\u0111aje va\u017ene za ponovno uspostavljanje mre\u017enog (internet) signala).<\/p>\n\t\t\n<style>\n#text-2820520603 {\n  text-align: center;\n  color: rgb(11, 61, 120);\n}\n#text-2820520603 > * {\n  color: rgb(11, 61, 120);\n}\n<\/style>\n\t<\/div>\n\t\n\t<div id=\"gap-2108525148\" class=\"gap-element clearfix\" style=\"display:block; height:auto;\">\n\t\t\n<style>\n#gap-2108525148 {\n  padding-top: 30px;\n}\n<\/style>\n\t<\/div>\n\t\n\n\t\t<div class=\"tabbed-content\">\n\t\t\t\n\t\t\t<ul class=\"nav nav-pills nav-vertical nav-uppercase nav-size-large nav-left\" role=\"tablist\"><li id=\"tab-pokretanje-mre\u017ee-na-udaljenim-lokacijama\" class=\"tab active has-icon\" role=\"presentation\"><a href=\"#tab_pokretanje-mre\u017ee-na-udaljenim-lokacijama\" role=\"tab\" aria-selected=\"true\" aria-controls=\"tab_pokretanje-mre\u017ee-na-udaljenim-lokacijama\"><span>Pokretanje mre\u017ee na udaljenim lokacijama<\/span><\/a><\/li><\/ul><div class=\"tab-panels\"><div id=\"tab_pokretanje-mre\u017ee-na-udaljenim-lokacijama\" class=\"panel active entry-content\" role=\"tabpanel\" aria-labelledby=\"tab-pokretanje-mre\u017ee-na-udaljenim-lokacijama\">\n\t<div id=\"text-3785453285\" class=\"text\">\n\t\t\n<h4>Nadzor i automatsko pokretanje mre\u017ee na udaljenim lokacijama<\/h4>\n<p>IP WatchDog ure\u0111aj zamjenjuje osobu koja bi morala putovati mnogo kilometara ili sati do udaljenog mjesta kako bi samo isklju\u010dila i uklju\u010dila prekida\u010d. Zahvaljuju\u0107i &#8220;IP WatchDogu&#8221;, ure\u0111aj se uklju\u010duje bez ljudske intervencije,a krajnji korisnici \u010desto niti ne primijete da ne\u0161to nije radilo kako treba.<\/p>\n<p>Nekoliko primjera gdje se IP WatchDog mo\u017ee pokazati iznimno koristan:<\/p>\n<ul>\n<li>Daljinsko ponovno pokretanje kioska (ru\u010dno\/automatski)<\/li>\n<li>Autonomno ponovno pokretanje elektri\u010dnih punja\u010da<\/li>\n<li>Nastavite raditi slo\u017eeni sustav od 3-10 razli\u010ditih ure\u0111aja<\/li>\n<li>Provjera veze IP kamera<\/li>\n<li>Automatsko pokretanje sigurnosne LTE internetske veze<\/li>\n<\/ul>\n<h5>Samostalne opcije upozorenja (bez portala)<\/h5>\n<ul>\n<li>Kanal mo\u017ee upozoriti (poslati obavijest) pomo\u0107u SNMP zamke<\/li>\n<li>Kanal mo\u017ee upozoriti korisnika e-po\u0161tom (putem SMTP poslu\u017eitelja)<\/li>\n<li>Kanal mo\u017ee upozoriti korisnika SMS-om + glasovnim pozivom (potreban je gateway HWg-SMS-GW3 u istom LAN-u).<\/li>\n<\/ul>\n<h5>WatchDog2 kao dio sustava daljinskog nadzora<\/h5>\n<ul>\n<li>Ure\u0111aj se mo\u017ee nadzirati daljinski putem interneta pomo\u0107u portala SensDesk Technology<\/li>\n<li>Ure\u0111aj se mo\u017ee navesti u mobilnoj aplikaciji HWg Monitor.<\/li>\n<li>Ure\u0111aji WatchDog2 mogu se spojiti na HWg Windows softver HWg-PDMS i HWg-Trigger.<\/li>\n<\/ul>\n<p><img loading=\"lazy\" decoding=\"async\" class=\"size-full wp-image-987 aligncenter\" src=\"https:\/\/mreze.shop\/wp-content\/uploads\/2023\/02\/1024-5.png\" alt=\"\" width=\"860\" height=\"744\" srcset=\"https:\/\/mreze.shop\/wp-content\/uploads\/2023\/02\/1024-5.png 860w, https:\/\/mreze.shop\/wp-content\/uploads\/2023\/02\/1024-5-750x649.png 750w, https:\/\/mreze.shop\/wp-content\/uploads\/2023\/02\/1024-5-462x400.png 462w, https:\/\/mreze.shop\/wp-content\/uploads\/2023\/02\/1024-5-768x664.png 768w\" sizes=\"auto, (max-width: 860px) 100vw, 860px\" \/><\/p>\n\t\t\n<style>\n#text-3785453285 {\n  text-align: left;\n  color: rgb(11, 61, 120);\n}\n#text-3785453285 > * {\n  color: rgb(11, 61, 120);\n}\n<\/style>\n\t<\/div>\n\t\n<\/div><\/div><\/div>\n\t\t<\/div>\n\t\t\t\t\n<style>\n#col-1830406718 > .col-inner {\n  padding: 3em 0px 3em 0px;\n}\n<\/style>\n\t<\/div>\n\n\t\n<\/div>\n\t\t<\/div>\n\n\t\t\n<style>\n#section_1913593058 {\n  padding-top: 100px;\n  padding-bottom: 100px;\n  background-color: rgb(238, 238, 238);\n}\n#section_1913593058 .ux-shape-divider--top svg {\n  height: 150px;\n  --divider-top-width: 187%;\n}\n#section_1913593058 .ux-shape-divider--top .ux-shape-fill {\n  fill: rgb(255,255,255);\n}\n#section_1913593058 .ux-shape-divider--bottom svg {\n  height: 150px;\n  --divider-width: 187%;\n}\n<\/style>\n\t<\/section>\n\t\n","protected":false},"excerpt":{"rendered":"<p>Uz \u010dak 5 metoda otkrivanja kvara internet ili LAN signala, IP WatchDog samostalno ponovno pokre\u0107e klju\u010dne ure\u0111aje potrebne za nesmetan rad mre\u017ee.<\/p>\n<ul>\n<li>nadzor do 10 LAN ure\u0111aja<\/li>\n<li>ponovno pokretanje do 2 ure\u0111aja (relej 110\/230 V)<\/li>\n<li>nadzor do 2 RS-232 (serial) ure\u0111aja<\/li>\n<\/ul>\n","protected":false},"featured_media":4185,"template":"","meta":[],"product_brand":[],"product_cat":[192],"product_tag":[],"class_list":{"0":"post-4184","1":"product","2":"type-product","3":"status-publish","4":"has-post-thumbnail","6":"product_cat-iot-uredaji-za-nadzor-i-upravljanje","7":"product_shipping_class-dostava-prema-ponudi","9":"first","10":"instock","11":"taxable","12":"shipping-taxable","13":"purchasable","14":"product-type-simple"},"_links":{"self":[{"href":"https:\/\/mreze.shop\/bs\/wp-json\/wp\/v2\/product\/4184","targetHints":{"allow":["GET"]}}],"collection":[{"href":"https:\/\/mreze.shop\/bs\/wp-json\/wp\/v2\/product"}],"about":[{"href":"https:\/\/mreze.shop\/bs\/wp-json\/wp\/v2\/types\/product"}],"wp:featuredmedia":[{"embeddable":true,"href":"https:\/\/mreze.shop\/bs\/wp-json\/wp\/v2\/media\/4185"}],"wp:attachment":[{"href":"https:\/\/mreze.shop\/bs\/wp-json\/wp\/v2\/media?parent=4184"}],"wp:term":[{"taxonomy":"product_brand","embeddable":true,"href":"https:\/\/mreze.shop\/bs\/wp-json\/wp\/v2\/product_brand?post=4184"},{"taxonomy":"product_cat","embeddable":true,"href":"https:\/\/mreze.shop\/bs\/wp-json\/wp\/v2\/product_cat?post=4184"},{"taxonomy":"product_tag","embeddable":true,"href":"https:\/\/mreze.shop\/bs\/wp-json\/wp\/v2\/product_tag?post=4184"}],"curies":[{"name":"wp","href":"https:\/\/api.w.org\/{rel}","templated":true}]}}