{"id":4175,"date":"2023-02-05T10:15:25","date_gmt":"2023-02-05T09:15:25","guid":{"rendered":"https:\/\/mreze.shop\/proizvod\/uredjaj-za-nadzor-m-bus-mjeraca-energije-hwg-pwr-hw-group\/"},"modified":"2023-12-07T14:38:02","modified_gmt":"2023-12-07T13:38:02","slug":"uredjaj-za-nadzor-m-bus-mjeraca-energije-hwg-pwr-hw-group","status":"publish","type":"product","link":"https:\/\/mreze.shop\/bs\/proizvod\/uredjaj-za-nadzor-m-bus-mjeraca-energije-hwg-pwr-hw-group\/","title":{"rendered":"Ure\u0111aj za nadzor M-BUS mjera\u010da energije HWg-PWR, HW group"},"content":{"rendered":"\t<div id=\"gap-1268703389\" class=\"gap-element clearfix\" style=\"display:block; height:auto;\">\n\t\t\n<style>\n#gap-1268703389 {\n  padding-top: 30px;\n}\n<\/style>\n\t<\/div>\n\t\n<div class=\"row align-middle\"  id=\"row-1011069057\">\n\n\t<div id=\"col-667671035\" class=\"col medium-6 small-12 large-6\"  data-animate=\"fadeInLeft\">\n\t\t\t\t<div class=\"col-inner\"  >\n\t\t\t\n\t\t\t\n<h2>Daljinski (IP) nadzor potro\u0161nje energije<\/h2>\n<div class=\"is-divider divider clearfix\" style=\"max-width:100%;\"><\/div>\n<p>HWg-PWR3\/12\/25 je pametni Ethernet pristupnik koji hvata podatke s do 3 \/ 12 \/ 25 vanjskih mjera\u010da na M-Bus. S vanjskim M-Bus (EN 13757) mjera\u010dima mo\u017ee se koristiti za daljinski nadzor mjerenja potro\u0161nje vode, elektri\u010dne energije, plina ili topline.<\/p>\n<p>M-Bus podaci dostupni su putem weba (grafovi), SNMP-a, e-po\u0161te ili datoteka dnevnika. HWg-PWR3\/12\/25 upozorava na abnormalne vrijednosti putem e-po\u0161te ili SMS-a koji se mogu poslati putem namjenskog SMS pristupnika HWg-SMS-GW3 u istom LAN-u.<\/p>\n<p>Za konfiguraciju se koristi ugra\u0111eni web poslu\u017eitelj. Ure\u0111aj je mogu\u0107e nadzirati daljinski putem interneta koriste\u0107i SensDesk Technology portal u kombinaciji sa SensDesk Mobile aplikacijom za iOS i Android. Radi s HWg-PDMS i HWg-Trigger.<\/p>\n<p>HWg-PWR ure\u0111aji namijenjeni su za nadzor vanjskih M-Bus brojila preko mre\u017ee koriste\u0107i M2M protokole (Modbus\/TCP, SNMPv1, XML&#8230;). S podr\u0161kom za vi\u0161e od 50 SNMP i SCADA aplikacija, HWg-PWR ure\u0111aji mogu se koristiti kao samostalno rje\u0161enje ili ugraditi u \u0161irok raspon nadzornih i kontrolnih sustava.<\/p>\n\t\t<\/div>\n\t\t\t\t\n<style>\n#col-667671035 > .col-inner {\n  padding: 0px 1em 0px 0px;\n}\n<\/style>\n\t<\/div>\n\n\t\n\n\t<div id=\"col-1364129626\" class=\"col medium-6 small-12 large-6\"  data-animate=\"fadeInRight\">\n\t\t\t\t<div class=\"col-inner\"  >\n\t\t\t\n\t\t\t\n\t<div class=\"img has-hover x md-x lg-x y md-y lg-y\" id=\"image_518792403\">\n\t\t\t\t\t\t\t\t<div class=\"img-inner dark\" >\n\t\t\t<img loading=\"lazy\" decoding=\"async\" width=\"860\" height=\"648\" src=\"https:\/\/mreze.shop\/wp-content\/uploads\/2023\/02\/1028-4.png\" class=\"attachment-large size-large\" alt=\"\" srcset=\"https:\/\/mreze.shop\/wp-content\/uploads\/2023\/02\/1028-4.png 860w, https:\/\/mreze.shop\/wp-content\/uploads\/2023\/02\/1028-4-750x565.png 750w, https:\/\/mreze.shop\/wp-content\/uploads\/2023\/02\/1028-4-531x400.png 531w, https:\/\/mreze.shop\/wp-content\/uploads\/2023\/02\/1028-4-768x579.png 768w\" sizes=\"auto, (max-width: 860px) 100vw, 860px\" \/>\t\t\t\t\t\t\n\t\t\t\t\t<\/div>\n\t\t\t\t\t\t\t\t\n<style>\n#image_518792403 {\n  width: 100%;\n}\n<\/style>\n\t<\/div>\n\t\n\t\t<\/div>\n\t\t\t\t\n<style>\n#col-1364129626 > .col-inner {\n  padding: 0px 0px 0px 1em;\n}\n<\/style>\n\t<\/div>\n\n\t\n<\/div>\n<div class=\"row\"  id=\"row-97629152\">\n\n\t<div id=\"col-27141046\" class=\"col medium-6 small-12 large-6\"  data-animate=\"fadeInRight\">\n\t\t\t\t<div class=\"col-inner\"  >\n\t\t\t\n\t\t\t\n<h2>Izdvojene zna\u010dajke<\/h2>\n<div class=\"is-divider divider clearfix\" style=\"max-width:100%;\"><\/div>\n<ul>\n<li>Povezuje 3 \/ 12 \/ 25 vanjskih mjera\u010da opremljenih M-Bus (EN 13757-2) su\u010deljem, mo\u017ee zabilje\u017eiti 170.000 vrijednosti (3 vrijednosti svakih 15 minuta = 590 dana).<\/li>\n<li>Pretvara potro\u0161nju (npr. iz [kWh] u valutu) bez potrebe za ra\u010dunalom ili dodatnim softverom.<\/li>\n<li>M2M komunikacijski protokoli Modbus\/TCP, SNMP i XML omogu\u0107uju integraciju u slo\u017eenije nadzorne sustave.<\/li>\n<li>Povezan putem LAN-a. Konfiguracija putem ugra\u0111enog web poslu\u017eitelja.<\/li>\n<li>\u0160alje izvje\u0161\u0107e o potro\u0161nji energije za odre\u0111eno razdoblje kao privitak e-po\u0161te.<\/li>\n<li>Kvar povezanog mjera\u010da ili izvan navedenog raspona vrijednosti \u0161alje upozorenje e-po\u0161tom, SMS-om ili SNMP Trap.<\/li>\n<li>Za poziv ili SMS alarm koristite softver HWg-Trigger (potreban je vanjski GSM modem) ili pristupnik HWg-SMS-GW3 u istom LAN-u.<\/li>\n<li>Sa softverom HWg-PDMS, zabilje\u017eeni podaci mogu se izvesti u MS Excel.<br \/>\nKompatibilan s nizom softvera tre\u0107e strane (SCADA itd.). Primjeri za programere o kori\u0161tenju proizvoda dostupni su u HWg-SDK (Borland C++, MS Visual, VB, C#, PHP, JAVA i vi\u0161e).<\/li>\n<\/ul>\n\t\t<\/div>\n\t\t\t\t\n<style>\n#col-27141046 > .col-inner {\n  padding: 0px 0px 0px 1em;\n}\n<\/style>\n\t<\/div>\n\n\t\n\n\t<div id=\"col-1947492767\" class=\"col medium-6 small-12 large-6\"  data-animate=\"fadeInLeft\">\n\t\t\t\t<div class=\"col-inner\"  >\n\t\t\t\n\t\t\t\n<h2>Primjene i upotreba<\/h2>\n<div class=\"is-divider divider clearfix\" style=\"max-width:100%;\"><\/div>\n<ul>\n<li>Daljinski nadzor brojila elektri\u010dne energije u malim poslu\u017eiteljskim sobama i BTS-u<\/li>\n<li>Pra\u0107enje potro\u0161nje energije u iznajmljenim prostorima<\/li>\n<li>O\u010ditavanje potro\u0161nje energije u udaljenim ili nedostupnim podru\u010djima<\/li>\n<li>Kontrola tro\u0161kova energije<\/li>\n<li>Provjera pojedina\u010dnih preoptere\u0107enja vodova u trofaznim o\u017ei\u010denjima<\/li>\n<li>Provjera podnapona u elektri\u010dnim o\u017ei\u010denjima<\/li>\n<li>Pra\u0107enje protoka teku\u0107ina<\/li>\n<\/ul>\n\t\t<\/div>\n\t\t\t\t\n<style>\n#col-1947492767 > .col-inner {\n  padding: 0px 1em 0px 0px;\n}\n<\/style>\n\t<\/div>\n\n\t\n<\/div>\n\n\t<section class=\"section\" id=\"section_1594685932\">\n\t\t<div class=\"section-bg fill\" >\n\t\t\t\t\t\t\t\t\t\n\t\t\t\n\n\t\t<\/div>\n\n\t\t\t<div class=\"ux-shape-divider ux-shape-divider--top ux-shape-divider--style-tilt\">\n\t\t<svg viewBox=\"0 0 1000 100\" xmlns=\"http:\/\/www.w3.org\/2000\/svg\" preserveAspectRatio=\"none\">\n\t<path class=\"ux-shape-fill\" d=\"M1000 100V0L-40 100H1000Z\"\/>\n<\/svg>\n\t<\/div>\n\n\t<div class=\"ux-shape-divider ux-shape-divider--bottom ux-shape-divider--style-tilt\">\n\t\t<svg viewBox=\"0 0 1000 100\" xmlns=\"http:\/\/www.w3.org\/2000\/svg\" preserveAspectRatio=\"none\">\n\t<path class=\"ux-shape-fill\" d=\"M1000 100V0L-40 100H1000Z\"\/>\n<\/svg>\n\t<\/div>\n\n\t\t<div class=\"section-content relative\">\n\t\t\t\n<div class=\"row row-collapse row-full-width align-equal align-center\"  id=\"row-1265320844\">\n\n\t<div id=\"col-1340164491\" class=\"col small-12 large-12\"  >\n\t\t\t\t<div class=\"col-inner text-center\"  >\n\t\t\t\n\t\t\t\n<div class=\"container section-title-container\" ><h2 class=\"section-title section-title-center\"><b aria-hidden=\"true\"><\/b><span class=\"section-title-main\" style=\"color:rgb(11, 61, 120);\">Primjeri primjene<\/span><b aria-hidden=\"true\"><\/b><\/h2><\/div>\n\t<div id=\"text-112616227\" class=\"text\">\n\t\t\n<p class=\"lead\">HWg-PWR ure\u0111aji odli\u010dno su rje\u0161enje za udaljeni IP nadzor potro\u0161nje energije na koji se mogu priklju\u010diti razli\u010diti M-BUS mjera\u010di<\/p>\n\t\t\n<style>\n#text-112616227 {\n  text-align: center;\n  color: rgb(11, 61, 120);\n}\n#text-112616227 > * {\n  color: rgb(11, 61, 120);\n}\n<\/style>\n\t<\/div>\n\t\n\t<div id=\"gap-1453477108\" class=\"gap-element clearfix\" style=\"display:block; height:auto;\">\n\t\t\n<style>\n#gap-1453477108 {\n  padding-top: 30px;\n}\n<\/style>\n\t<\/div>\n\t\n\n\t\t<div class=\"tabbed-content\">\n\t\t\t\n\t\t\t<ul class=\"nav nav-pills nav-vertical nav-uppercase nav-size-large nav-left\" role=\"tablist\"><li id=\"tab-nadzor-potro\u0161nje-energenata-kod-najma-stanova\" class=\"tab active has-icon\" role=\"presentation\"><a href=\"#tab_nadzor-potro\u0161nje-energenata-kod-najma-stanova\" role=\"tab\" aria-selected=\"true\" aria-controls=\"tab_nadzor-potro\u0161nje-energenata-kod-najma-stanova\"><span>Nadzor potro\u0161nje energenata kod najma stanova<\/span><\/a><\/li><\/ul><div class=\"tab-panels\"><div id=\"tab_nadzor-potro\u0161nje-energenata-kod-najma-stanova\" class=\"panel active entry-content\" role=\"tabpanel\" aria-labelledby=\"tab-nadzor-potro\u0161nje-energenata-kod-najma-stanova\">\n\t<div id=\"text-47110416\" class=\"text\">\n\t\t\n<p>HWg-PWR 3\/12\/25 prati potro\u0161nju energije pomo\u0107u standardnih vanjskih mjera\u010da energije poznatih proizvo\u0111a\u010da. Mogu\u0107e je kombinirati brojila elektri\u010dne energije, vodomjera, plinomjera itd. razli\u010ditih proizvo\u0111a\u010da. Ovisno o verziji, HWg-PWR podr\u017eava 3, 12 ili 25 vanjskih mjera\u010da s M-Bus su\u010deljem (EN 13757).<\/p>\n<p>HWg-PWR 3 \/ 12 \/ 25 \u2013 Pristupnik za pra\u0107enje energije:<\/p>\n<ul>\n<li>\u0160alje alarm u slu\u010daju kvara ili vrijednosti izvan odre\u0111enog raspona (E-mail, SNMP Trap, SMS)<\/li>\n<li>Bilje\u017ei odabrane vrijednosti (prikazuje grafikone preko WEB su\u010delja)<\/li>\n<li>8x digitalnih ulaza za otkrivanje ispada jednofaznog 110\/230VAC<\/li>\n<li>Pretvara potro\u0161nju (npr. iz [kWh] u [\u20ac]) bez ra\u010dunala ili dodatnog softvera<\/li>\n<li>Povremeno \u0161alje izvje\u0161\u0107e o potro\u0161nji energije za odre\u0111eno razdoblje kao privitak e-po\u0161te<\/li>\n<li>Aktivno u\u010ditava podatke na &#8220;portal&#8221; koriste\u0107i HWg-Push protokol<\/li>\n<\/ul>\n<p><img loading=\"lazy\" decoding=\"async\" class=\"size-full wp-image-1007 aligncenter\" src=\"https:\/\/mreze.shop\/wp-content\/uploads\/2023\/02\/1028-4.png\" alt=\"\" width=\"860\" height=\"648\" srcset=\"https:\/\/mreze.shop\/wp-content\/uploads\/2023\/02\/1028-4.png 860w, https:\/\/mreze.shop\/wp-content\/uploads\/2023\/02\/1028-4-750x565.png 750w, https:\/\/mreze.shop\/wp-content\/uploads\/2023\/02\/1028-4-531x400.png 531w, https:\/\/mreze.shop\/wp-content\/uploads\/2023\/02\/1028-4-768x579.png 768w\" sizes=\"auto, (max-width: 860px) 100vw, 860px\" \/><\/p>\n\t\t\n<style>\n#text-47110416 {\n  text-align: left;\n  color: rgb(11, 61, 120);\n}\n#text-47110416 > * {\n  color: rgb(11, 61, 120);\n}\n<\/style>\n\t<\/div>\n\t\n<\/div><\/div><\/div>\n\t\t<\/div>\n\t\t\t\t\n<style>\n#col-1340164491 > .col-inner {\n  padding: 3em 0px 3em 0px;\n}\n<\/style>\n\t<\/div>\n\n\t\n<\/div>\n\t\t<\/div>\n\n\t\t\n<style>\n#section_1594685932 {\n  padding-top: 100px;\n  padding-bottom: 100px;\n  background-color: rgb(238, 238, 238);\n}\n#section_1594685932 .ux-shape-divider--top svg {\n  height: 150px;\n  --divider-top-width: 187%;\n}\n#section_1594685932 .ux-shape-divider--top .ux-shape-fill {\n  fill: rgb(255,255,255);\n}\n#section_1594685932 .ux-shape-divider--bottom svg {\n  height: 150px;\n  --divider-width: 187%;\n}\n<\/style>\n\t<\/section>\n\t\n","protected":false},"excerpt":{"rendered":"<p>HWG-PWR omogu\u0107uje udaljeno mjerenje potro\u0161nje energije pomo\u0107u M-BUS mjera\u010da putem IP-a. Ovisno o modelu, na ure\u0111aj se mo\u017ee spojiti 3,12 ili 25 mjera\u010da.<\/p>\n<ul>\n<li>periodi\u010dno slanje o\u010ditanja putem emaila<\/li>\n<li>kombatibilno s mjera\u010dima europskog standarda M-BUS<\/li>\n<li>8 ulaza 230 V za detekciju nestanka napona ili faze<\/li>\n<\/ul>\n","protected":false},"featured_media":4176,"template":"","meta":[],"product_brand":[],"product_cat":[192],"product_tag":[],"class_list":{"0":"post-4175","1":"product","2":"type-product","3":"status-publish","4":"has-post-thumbnail","6":"product_cat-iot-uredaji-za-nadzor-i-upravljanje","7":"product_shipping_class-dostava-prema-ponudi","9":"first","10":"instock","11":"taxable","12":"shipping-taxable","13":"purchasable","14":"product-type-variable"},"_links":{"self":[{"href":"https:\/\/mreze.shop\/bs\/wp-json\/wp\/v2\/product\/4175","targetHints":{"allow":["GET"]}}],"collection":[{"href":"https:\/\/mreze.shop\/bs\/wp-json\/wp\/v2\/product"}],"about":[{"href":"https:\/\/mreze.shop\/bs\/wp-json\/wp\/v2\/types\/product"}],"wp:featuredmedia":[{"embeddable":true,"href":"https:\/\/mreze.shop\/bs\/wp-json\/wp\/v2\/media\/4176"}],"wp:attachment":[{"href":"https:\/\/mreze.shop\/bs\/wp-json\/wp\/v2\/media?parent=4175"}],"wp:term":[{"taxonomy":"product_brand","embeddable":true,"href":"https:\/\/mreze.shop\/bs\/wp-json\/wp\/v2\/product_brand?post=4175"},{"taxonomy":"product_cat","embeddable":true,"href":"https:\/\/mreze.shop\/bs\/wp-json\/wp\/v2\/product_cat?post=4175"},{"taxonomy":"product_tag","embeddable":true,"href":"https:\/\/mreze.shop\/bs\/wp-json\/wp\/v2\/product_tag?post=4175"}],"curies":[{"name":"wp","href":"https:\/\/api.w.org\/{rel}","templated":true}]}}