{"id":4170,"date":"2023-02-07T13:00:06","date_gmt":"2023-02-07T12:00:06","guid":{"rendered":"https:\/\/mreze.shop\/proizvod\/wifi-i-lan-nadzor-uvjeta-u-prostoru-ste2-r2-hw-group\/"},"modified":"2026-02-18T09:00:04","modified_gmt":"2026-02-18T08:00:04","slug":"wifi-i-lan-nadzor-uvjeta-u-prostoru-ste2-r2-hw-group","status":"publish","type":"product","link":"https:\/\/mreze.shop\/bs\/proizvod\/wifi-i-lan-nadzor-uvjeta-u-prostoru-ste2-r2-hw-group\/","title":{"rendered":"WiFi i LAN nadzor uvjeta u prostoru STE2 r2, HW group"},"content":{"rendered":"\t<div id=\"gap-1681745940\" class=\"gap-element clearfix\" style=\"display:block; height:auto;\">\n\t\t\n<style>\n#gap-1681745940 {\n  padding-top: 30px;\n}\n<\/style>\n\t<\/div>\n\t\n<div class=\"row align-middle\"  id=\"row-1998067465\">\n\n\t<div id=\"col-1054860240\" class=\"col medium-6 small-12 large-6\"  data-animate=\"fadeInLeft\">\n\t\t\t\t<div class=\"col-inner\"  >\n\t\t\t\n\t\t\t\n<h2>Daljinski nadzor uvjeta u zatvorenom prostoru<\/h2>\n<div class=\"is-divider divider clearfix\" style=\"max-width:100%;\"><\/div>\n<p>Na STE2 r2 se mo\u017ee spojiti do 5 senzora (5 vrijednosti senzora) putem 2x RJ11 priklju\u010dka (1-Wire &amp; 1-Wire UNI) i do 2 detektora putem DI (Digitalni ulazi) za suhe kontakte.<\/p>\n<p>Za konfiguraciju ure\u0111aja koristi se ugra\u0111eni web poslu\u017eitelj. Ure\u0111aj se mo\u017ee spojiti putem Etherneta ili WiFi-ja. Kada izmjerena temperatura (vla\u017enost, napon, ..) na vanjskim senzorima prije\u0111e definirani Min-Max raspon (siguran raspon), STE2 r2 \u0161alje upozorenje e-po\u0161tom (ili SMS, ili glasovni poziv). U konfiguraciji ure\u0111aja nalazi se kartica Alarmi, gdje mo\u017eete definirati do 3 skupa ciljeva i dodijeliti ih pojedina\u010dnim senzorima.<\/p>\n<p>STE2 r2 je samostalni ure\u0111aj za nadzor, \u0161to zna\u010di da se ure\u0111aj mo\u017ee u potpunosti konfigurirati putem weba, mo\u017ee sam slati e-po\u0161tu (SMTP poslu\u017eitelj), podr\u017eava SNMP itd. Povezivanje ure\u0111aja s Portalom (SensDesk tehnologija) je mogu\u0107e, ali nije omogu\u0107eno prema zadanim postavkama. Portal se mora ru\u010dno aktivirati kao funkcionalno pro\u0161irenje (centralno upravljanje ure\u0111ajem, povijest podataka, SMS i upozorenja na glasovne pozive). Proizvo\u0111a\u010d nudi ograni\u010denu besplatnu uslugu portala (HWg-cloud.com) i uslugu koja se pla\u0107a (SensDesk.com), provjerite pru\u017eatelje portala za druge dostupne portale.<\/p>\n<p>Osim putem adaptera (isporu\u010duje se u paketu), ure\u0111aj se mo\u017ee napajati iz PoE. Uklju\u010den je i jedan temperaturni senzor.<\/p>\n<p>Isporu\u010duje se s besplatnim HWg-PDMS Windows softverom za izradu grafikona i izvoz podataka u MS Excel. Mobilna aplikacija HWg monitor (IOs &amp; Android) prikazuje trenutne vrijednosti senzora s ure\u0111aja na LAN-u (WiFi) zajedno s vrijednostima senzora s portala SensDesk Technology.<\/p>\n\t\t<\/div>\n\t\t\t\t\n<style>\n#col-1054860240 > .col-inner {\n  padding: 0px 1em 0px 0px;\n}\n<\/style>\n\t<\/div>\n\n\t\n\n\t<div id=\"col-1151704980\" class=\"col medium-6 small-12 large-6\"  data-animate=\"fadeInRight\">\n\t\t\t\t<div class=\"col-inner\"  >\n\t\t\t\n\t\t\t\n\t<div class=\"img has-hover x md-x lg-x y md-y lg-y\" id=\"image_1568720555\">\n\t\t\t\t\t\t\t\t<div class=\"img-inner dark\" >\n\t\t\t<img loading=\"lazy\" decoding=\"async\" width=\"600\" height=\"600\" src=\"https:\/\/mreze.shop\/wp-content\/uploads\/2023\/02\/1027-5.jpg\" class=\"attachment-large size-large\" alt=\"\" srcset=\"https:\/\/mreze.shop\/wp-content\/uploads\/2023\/02\/1027-5.jpg 600w, https:\/\/mreze.shop\/wp-content\/uploads\/2023\/02\/1027-5-350x350.jpg 350w, https:\/\/mreze.shop\/wp-content\/uploads\/2023\/02\/1027-5-100x100.jpg 100w, https:\/\/mreze.shop\/wp-content\/uploads\/2023\/02\/1027-5-510x510.jpg 510w, https:\/\/mreze.shop\/wp-content\/uploads\/2023\/02\/1027-5-400x400.jpg 400w, https:\/\/mreze.shop\/wp-content\/uploads\/2023\/02\/1027-5-280x280.jpg 280w\" sizes=\"auto, (max-width: 600px) 100vw, 600px\" \/>\t\t\t\t\t\t\n\t\t\t\t\t<\/div>\n\t\t\t\t\t\t\t\t\n<style>\n#image_1568720555 {\n  width: 100%;\n}\n<\/style>\n\t<\/div>\n\t\n\t\t<\/div>\n\t\t\t\t\n<style>\n#col-1151704980 > .col-inner {\n  padding: 0px 0px 0px 1em;\n}\n<\/style>\n\t<\/div>\n\n\t\n<\/div>\n<div class=\"row\"  id=\"row-1548118556\">\n\n\t<div id=\"col-1188797599\" class=\"col medium-6 small-12 large-6\"  data-animate=\"fadeInRight\">\n\t\t\t\t<div class=\"col-inner\"  >\n\t\t\t\n\t\t\t\n<h2>Izdvojene zna\u010dajke<\/h2>\n<div class=\"is-divider divider clearfix\" style=\"max-width:100%;\"><\/div>\n<ul>\n<li>Do 5 senzora (1-Wire + 1-Wire UNI) i 2 DI (digitalna ulaza) za detektore<br \/>\nAlarmna upozorenja putem e-maila i tekstualnih poruka (SMS), STE2 r2 uklju\u010duje opciju biranja ciljnog broja (zahtijeva vanjski pristupnik)<\/li>\n<li>M2M komunikacijski protokoli: SNMP, XML, WWW su\u010delje s HTTP(s)<br \/>\nPovezan putem LAN-a i WiFi-ja (ugra\u0111ena antena) &#8211; mogu\u0107e istovremeno povezivanje.<\/li>\n<li>NMS povezivost (SNMP MIB); jednostavna instalacija; podr\u017eava DHCP; podr\u017eava TLS autentifikaciju (Gmail).<\/li>\n<li>Senzor ili DI alarm \u0161alje upozorenje e-po\u0161tom, SMS-om ili zvonom. Za zvono ili SMS alarm koristite HWg-SMS-GW3 pristupnik u istom LAN-u.<\/li>\n<li>SensDesk portal kompatibilan ure\u0111aj (IoT projekti)<\/li>\n<li>Napaja se iz uklju\u010denog vanjskog adaptera od 5 V ili PoE.<\/li>\n<li>S prilo\u017eenim softverom HWg-PDMS, zabilje\u017eeni podaci mogu se izvesti u MS Excel.<\/li>\n<li>Kompatibilan s nizom softvera tre\u0107ih strana. Primjeri za programere o kori\u0161tenju proizvoda dostupni su u HWg-SDK (Borland C++, MS Visual, VB, C#, PHP, JAVA i vi\u0161e).<\/li>\n<\/ul>\n\t\t<\/div>\n\t\t\t\t\n<style>\n#col-1188797599 > .col-inner {\n  padding: 0px 0px 0px 1em;\n}\n<\/style>\n\t<\/div>\n\n\t\n\n\t<div id=\"col-1554162317\" class=\"col medium-6 small-12 large-6\"  data-animate=\"fadeInLeft\">\n\t\t\t\t<div class=\"col-inner\"  >\n\t\t\t\n\t\t\t\n<h2>Primjene i upotreba<\/h2>\n<div class=\"is-divider divider clearfix\" style=\"max-width:100%;\"><\/div>\n<ul>\n<li>Detekcija kvara klima ure\u0111aja<\/li>\n<li>Nadzor hladnjaka ili zamrziva\u010da<\/li>\n<li>Skladi\u0161tenje lijekova + izvje\u0161\u0107a (od SensDeska)<\/li>\n<li>Spremi\u0161te hrane<\/li>\n<li>Daljinsko pra\u0107enje industrijskog okru\u017eenja<\/li>\n<li>Pra\u0107enje temperature i vlage<\/li>\n<li>CO2 pra\u0107enje<\/li>\n<li>Detekcija poplave vode (detekcija mjesta \/ senzorski kabel za detekciju curenja vode)<\/li>\n<li>Pra\u0107enje elektri\u010dne struje<\/li>\n<\/ul>\n\t\t<\/div>\n\t\t\t\t\n<style>\n#col-1554162317 > .col-inner {\n  padding: 0px 1em 0px 0px;\n}\n<\/style>\n\t<\/div>\n\n\t\n<\/div>\n<div class=\"row align-middle\"  id=\"row-1906545496\">\n\n\t<div id=\"col-41966852\" class=\"col medium-6 small-12 large-6\"  data-animate=\"fadeInRight\">\n\t\t\t\t<div class=\"col-inner\"  >\n\t\t\t\n\t\t\t\n\t<div class=\"img has-hover x md-x lg-x y md-y lg-y\" id=\"image_1509842961\">\n\t\t\t\t\t\t\t\t<div class=\"img-inner dark\" >\n\t\t\t<img loading=\"lazy\" decoding=\"async\" width=\"750\" height=\"750\" src=\"https:\/\/mreze.shop\/wp-content\/uploads\/2023\/02\/1027-7.jpg\" class=\"attachment-large size-large\" alt=\"\" srcset=\"https:\/\/mreze.shop\/wp-content\/uploads\/2023\/02\/1027-7.jpg 750w, https:\/\/mreze.shop\/wp-content\/uploads\/2023\/02\/1027-7-350x350.jpg 350w, https:\/\/mreze.shop\/wp-content\/uploads\/2023\/02\/1027-7-100x100.jpg 100w, https:\/\/mreze.shop\/wp-content\/uploads\/2023\/02\/1027-7-510x510.jpg 510w, https:\/\/mreze.shop\/wp-content\/uploads\/2023\/02\/1027-7-400x400.jpg 400w, https:\/\/mreze.shop\/wp-content\/uploads\/2023\/02\/1027-7-280x280.jpg 280w\" sizes=\"auto, (max-width: 750px) 100vw, 750px\" \/>\t\t\t\t\t\t\n\t\t\t\t\t<\/div>\n\t\t\t\t\t\t\t\t\n<style>\n#image_1509842961 {\n  width: 85%;\n}\n<\/style>\n\t<\/div>\n\t\n\t\t<\/div>\n\t\t\t\t\n<style>\n#col-41966852 > .col-inner {\n  padding: 0px 0px 0px 1em;\n}\n<\/style>\n\t<\/div>\n\n\t\n\n\t<div id=\"col-487364787\" class=\"col medium-6 small-12 large-6\"  data-animate=\"fadeInLeft\">\n\t\t\t\t<div class=\"col-inner\"  >\n\t\t\t\n\t\t\t\n<h2>Kompatibilni senzori i detektori<\/h2>\n<div class=\"is-divider divider clearfix\" style=\"max-width:100%;\"><\/div>\n<p>Na STE2 r2 ure\u0111aj se mo\u017ee priklju\u010diti do 5 vanjskih RJ11 senzora i 2 DI detektora<\/p>\n<ul>\n<li>Senzori temperature (unutarnji \/ vanjski \/ krio)<\/li>\n<li>Kalibrirani temperaturni senzori<\/li>\n<li>Senzori relativne vla\u017enosti (unutarnji \/ vanjski)<\/li>\n<li>CO2 &amp; VOC senzori<\/li>\n<li>Svijetli senzor<\/li>\n<li>Senzori AC\/DC struje<\/li>\n<li>Senzor izmjeni\u010dnog napona (0-230V)<\/li>\n<li>4-20 mA senzori (pretvara\u010d) za industrijske sonde<\/li>\n<li>Detektor poplave vode (otkrivanje mjesta)<\/li>\n<li>WLD (relej za otkrivanje curenja vode) s vanjskim osjetnim kabelom<\/li>\n<li>Detektor protoka zraka<\/li>\n<li>Detektor kontakta vrata<\/li>\n<li>PIR detektor pokreta<\/li>\n<li>Detektor curenja plina<\/li>\n<li>Detektor prisutnosti napajanja (110\/230V).<\/li>\n<li>Detektor vibracija<\/li>\n<\/ul>\n\t\t<\/div>\n\t\t\t\t\n<style>\n#col-487364787 > .col-inner {\n  padding: 0px 1em 0px 0px;\n}\n<\/style>\n\t<\/div>\n\n\t\n<\/div>\n","protected":false},"excerpt":{"rendered":"<p>STE2 r2 je ure\u0111aj sa SNMP podr\u0161kom namijenjen za daljinsko pra\u0107enje temperature, relativne vla\u017enosti i drugih vanjskih senzora.<\/p>\n<ul>\n<li>isporu\u010duje se sa senzorom za temperaturu<\/li>\n<li>napajanje preko adaptera ili PoE<\/li>\n<li>mogu\u0107nost spajanja do 5 RJ11 senzora<\/li>\n<li>mogu\u0107nost spajanja do 2 DI detektora<\/li>\n<\/ul>\n","protected":false},"featured_media":4171,"template":"","meta":[],"product_brand":[],"product_cat":[192],"product_tag":[],"class_list":{"0":"post-4170","1":"product","2":"type-product","3":"status-publish","4":"has-post-thumbnail","6":"product_cat-iot-uredaji-za-nadzor-i-upravljanje","7":"product_shipping_class-dostava-prema-ponudi","9":"first","10":"onbackorder","11":"taxable","12":"shipping-taxable","13":"purchasable","14":"product-type-simple"},"_links":{"self":[{"href":"https:\/\/mreze.shop\/bs\/wp-json\/wp\/v2\/product\/4170","targetHints":{"allow":["GET"]}}],"collection":[{"href":"https:\/\/mreze.shop\/bs\/wp-json\/wp\/v2\/product"}],"about":[{"href":"https:\/\/mreze.shop\/bs\/wp-json\/wp\/v2\/types\/product"}],"wp:featuredmedia":[{"embeddable":true,"href":"https:\/\/mreze.shop\/bs\/wp-json\/wp\/v2\/media\/4171"}],"wp:attachment":[{"href":"https:\/\/mreze.shop\/bs\/wp-json\/wp\/v2\/media?parent=4170"}],"wp:term":[{"taxonomy":"product_brand","embeddable":true,"href":"https:\/\/mreze.shop\/bs\/wp-json\/wp\/v2\/product_brand?post=4170"},{"taxonomy":"product_cat","embeddable":true,"href":"https:\/\/mreze.shop\/bs\/wp-json\/wp\/v2\/product_cat?post=4170"},{"taxonomy":"product_tag","embeddable":true,"href":"https:\/\/mreze.shop\/bs\/wp-json\/wp\/v2\/product_tag?post=4170"}],"curies":[{"name":"wp","href":"https:\/\/api.w.org\/{rel}","templated":true}]}}