{"id":4163,"date":"2023-02-07T13:55:24","date_gmt":"2023-02-07T12:55:24","guid":{"rendered":"https:\/\/mreze.shop\/proizvod\/iot-uredjaj-sd-2x1wire-hw-group\/"},"modified":"2023-12-07T14:34:45","modified_gmt":"2023-12-07T13:34:45","slug":"iot-uredjaj-sd-2x1wire-hw-group","status":"publish","type":"product","link":"https:\/\/mreze.shop\/bs\/proizvod\/iot-uredjaj-sd-2x1wire-hw-group\/","title":{"rendered":"IoT ure\u0111aj SD-2x1Wire, HW group"},"content":{"rendered":"\t<div id=\"gap-1988779946\" class=\"gap-element clearfix\" style=\"display:block; height:auto;\">\n\t\t\n<style>\n#gap-1988779946 {\n  padding-top: 30px;\n}\n<\/style>\n\t<\/div>\n\t\n<div class=\"row align-middle\"  id=\"row-354800512\">\n\n\t<div id=\"col-645524526\" class=\"col medium-6 small-12 large-6\"  data-animate=\"fadeInLeft\">\n\t\t\t\t<div class=\"col-inner\"  >\n\t\t\t\n\t\t\t\n<h2>Jednostavan IoT nadzor putem Portala<\/h2>\n<div class=\"is-divider divider clearfix\" style=\"max-width:100%;\"><\/div>\n<p>SD-2xIn je ure\u0111aj za nadzor IoT-a koji ekterne RJ11 senzore ((temperatura, vla\u017enost, napon, svjetlo, CO2, VOC, \u2026) povezuje s portalom. Ure\u0111aj se jednostavno postavlja na mjesto mjerenja.<\/p>\n<p>Vanjski RJ11 (1-Wire UNI) senzori iz HW grupe mogu se spojiti pomo\u0107u 2 RJ11 priklju\u010dka. Senzori se napajaju iz ure\u0111aja. Izmjerene vrijednosti povremeno se \u0161alju na korisni\u010dki ra\u010dun Portala (SensDesk Technology). Ure\u0111aj SD-2x1Wire i portal proizvodi su HW grupe i besprijekorno su integrirani.<\/p>\n<p>SD ure\u0111aj se napaja preko vanjskog napajanja 5V ili preko PoE (Power over Ethernet).<\/p>\n<p>SD-2x1Wire je IoT ure\u0111aj za pra\u0107enje = Potrebna je usluga portala.<br \/>\nBesplatna usluga portala (HWg-cloud.com) za do 20 dostupnih ure\u0111aja. Pla\u0107ena usluga portala od nekoliko dostupnih pru\u017eatelja (bilo koji portal kompatibilan sa SensDesk tehnologijom).<\/p>\n<h3>Prednosti za korisnike<\/h3>\n<ul>\n<li>\u0160irok portfelj kompatibilnih RJ11 senzora iz HW grupe.<\/li>\n<li>Instalacija ure\u0111aja je brza i jednostavna \u010dak i za &#8220;junior korisnike&#8221;.<\/li>\n<li>Portal \u0107e vas upozoriti e-po\u0161tom (SMS, glasovni poziv) ako je vrijednost senzora izvan sigurnog raspona.<\/li>\n<li>Dostupan besplatni oblak (HWg-cloud.com) s grafikonima i upravljanjem ure\u0111ajima.<\/li>\n<li>Upozorenje o nedostupnosti ure\u0111aja: Portal mo\u017ee upozoriti korisnike kada ure\u0111aj nije uklju\u010den ili ne reagira 1 sat.<\/li>\n<li>Mobilna aplikacija HWg Monitor mo\u017ee vam pokazati sve vrijednosti senzora na va\u0161em portalu.<\/li>\n<li>SMS, upozorenja, glasovni poziv, multigrafi i PDF izvje\u0161\u0107a mogu se koristiti uz pla\u0107ene usluge portala.<\/li>\n<\/ul>\n\t\t<\/div>\n\t\t\t\t\n<style>\n#col-645524526 > .col-inner {\n  padding: 0px 1em 0px 0px;\n}\n<\/style>\n\t<\/div>\n\n\t\n\n\t<div id=\"col-555023804\" class=\"col medium-6 small-12 large-6\"  data-animate=\"fadeInRight\">\n\t\t\t\t<div class=\"col-inner\"  >\n\t\t\t\n\t\t\t\n\t<div class=\"img has-hover x md-x lg-x y md-y lg-y\" id=\"image_175823606\">\n\t\t\t\t\t\t\t\t<div class=\"img-inner dark\" >\n\t\t\t<img loading=\"lazy\" decoding=\"async\" width=\"750\" height=\"750\" src=\"https:\/\/mreze.shop\/wp-content\/uploads\/2023\/02\/IoT-uredaj-SD-2x1Wire-1031-3.jpg\" class=\"attachment-large size-large\" alt=\"\" srcset=\"https:\/\/mreze.shop\/wp-content\/uploads\/2023\/02\/IoT-uredaj-SD-2x1Wire-1031-3.jpg 750w, https:\/\/mreze.shop\/wp-content\/uploads\/2023\/02\/IoT-uredaj-SD-2x1Wire-1031-3-350x350.jpg 350w, https:\/\/mreze.shop\/wp-content\/uploads\/2023\/02\/IoT-uredaj-SD-2x1Wire-1031-3-100x100.jpg 100w, https:\/\/mreze.shop\/wp-content\/uploads\/2023\/02\/IoT-uredaj-SD-2x1Wire-1031-3-510x510.jpg 510w, https:\/\/mreze.shop\/wp-content\/uploads\/2023\/02\/IoT-uredaj-SD-2x1Wire-1031-3-400x400.jpg 400w, https:\/\/mreze.shop\/wp-content\/uploads\/2023\/02\/IoT-uredaj-SD-2x1Wire-1031-3-280x280.jpg 280w\" sizes=\"auto, (max-width: 750px) 100vw, 750px\" \/>\t\t\t\t\t\t\n\t\t\t\t\t<\/div>\n\t\t\t\t\t\t\t\t\n<style>\n#image_175823606 {\n  width: 100%;\n}\n<\/style>\n\t<\/div>\n\t\n\t\t<\/div>\n\t\t\t\t\n<style>\n#col-555023804 > .col-inner {\n  padding: 0px 0px 0px 1em;\n}\n<\/style>\n\t<\/div>\n\n\t\n<\/div>\n<div class=\"row\"  id=\"row-1243368011\">\n\n\t<div id=\"col-543343000\" class=\"col medium-6 small-12 large-6\"  data-animate=\"fadeInRight\">\n\t\t\t\t<div class=\"col-inner\"  >\n\t\t\t\n\t\t\t\n<h2>Izdvojene zna\u010dajke<\/h2>\n<div class=\"is-divider divider clearfix\" style=\"max-width:100%;\"><\/div>\n<ul>\n<li>2x RJ11 priklju\u010dak za vanjske senzore (temperatura, napon, struja i mnogi drugi)<\/li>\n<li>4 vrijednosti senzora na Portal<\/li>\n<li>Povezivost: Ethernet i WiFi<\/li>\n<li>Portal za upravljanje ure\u0111ajem je obavezan (HWg-cloud.com kao zadani) Besplatna usluga portala (HWg-cloud.com) za do 20 dostupnih ure\u0111aja. Dostupne pla\u0107ene usluge portala (bilo koji portal SensDesk Technology)<\/li>\n<li>Napajanje: vanjski adapter 5V \/ PoE<\/li>\n<li>Metalno ku\u0107i\u0161te, DIN i monta\u017ea na zid<\/li>\n<li>Jednostavna instalacija: DHCP, HWg-portal.com omogu\u0107en Ugra\u0111eni WEB poslu\u017eitelj (WiFi postavljanje, konfiguracija portala)<\/li>\n<\/ul>\n\t\t<\/div>\n\t\t\t\t\n<style>\n#col-543343000 > .col-inner {\n  padding: 0px 0px 0px 1em;\n}\n<\/style>\n\t<\/div>\n\n\t\n\n\t<div id=\"col-1173925122\" class=\"col medium-6 small-12 large-6\"  data-animate=\"fadeInLeft\">\n\t\t\t\t<div class=\"col-inner\"  >\n\t\t\t\n\t\t\t\n<h2>Primjene i upotreba<\/h2>\n<div class=\"is-divider divider clearfix\" style=\"max-width:100%;\"><\/div>\n<ul>\n<li>Pra\u0107enje temperature na udaljenim mjestima<\/li>\n<li>RMS (sustav daljinskog nadzora) za temperaturu \/ vla\u017enost \/ vodu i ostalo<\/li>\n<li>Pra\u0107enje temperature \/ Otkrivanje kvara klima ure\u0111aja<\/li>\n<li>Gradili\u0161ta: Temperatura \/ Vlaga \/ Detekcija vode daljinski nadzor<\/li>\n<li>HVAC nadzor\/optimizacija<\/li>\n<li>Proizvodnja\/skladi\u0161tenje hrane<\/li>\n<li>Farmaceutska proizvodnja\/skladi\u0161tenje<\/li>\n<li>FM (Facility Management)<\/li>\n<li>LAN \/ WiFi termometar<\/li>\n<\/ul>\n\t\t<\/div>\n\t\t\t\t\n<style>\n#col-1173925122 > .col-inner {\n  padding: 0px 1em 0px 0px;\n}\n<\/style>\n\t<\/div>\n\n\t\n<\/div>\n<div class=\"row align-middle\"  id=\"row-1575607726\">\n\n\t<div id=\"col-211279010\" class=\"col medium-6 small-12 large-6\"  data-animate=\"fadeInRight\">\n\t\t\t\t<div class=\"col-inner\"  >\n\t\t\t\n\t\t\t\n\t<div class=\"img has-hover x md-x lg-x y md-y lg-y\" id=\"image_503448791\">\n\t\t\t\t\t\t\t\t<div class=\"img-inner dark\" >\n\t\t\t<img loading=\"lazy\" decoding=\"async\" width=\"750\" height=\"750\" src=\"https:\/\/mreze.shop\/wp-content\/uploads\/2023\/02\/IoT-uredaj-SD-2x1Wire-1031-4.jpg\" class=\"attachment-large size-large\" alt=\"\" srcset=\"https:\/\/mreze.shop\/wp-content\/uploads\/2023\/02\/IoT-uredaj-SD-2x1Wire-1031-4.jpg 750w, https:\/\/mreze.shop\/wp-content\/uploads\/2023\/02\/IoT-uredaj-SD-2x1Wire-1031-4-350x350.jpg 350w, https:\/\/mreze.shop\/wp-content\/uploads\/2023\/02\/IoT-uredaj-SD-2x1Wire-1031-4-100x100.jpg 100w, https:\/\/mreze.shop\/wp-content\/uploads\/2023\/02\/IoT-uredaj-SD-2x1Wire-1031-4-510x510.jpg 510w, https:\/\/mreze.shop\/wp-content\/uploads\/2023\/02\/IoT-uredaj-SD-2x1Wire-1031-4-400x400.jpg 400w, https:\/\/mreze.shop\/wp-content\/uploads\/2023\/02\/IoT-uredaj-SD-2x1Wire-1031-4-280x280.jpg 280w\" sizes=\"auto, (max-width: 750px) 100vw, 750px\" \/>\t\t\t\t\t\t\n\t\t\t\t\t<\/div>\n\t\t\t\t\t\t\t\t\n<style>\n#image_503448791 {\n  width: 85%;\n}\n<\/style>\n\t<\/div>\n\t\n\t\t<\/div>\n\t\t\t\t\n<style>\n#col-211279010 > .col-inner {\n  padding: 0px 0px 0px 1em;\n}\n<\/style>\n\t<\/div>\n\n\t\n\n\t<div id=\"col-1092274176\" class=\"col medium-6 small-12 large-6\"  data-animate=\"fadeInLeft\">\n\t\t\t\t<div class=\"col-inner\"  >\n\t\t\t\n\t\t\t\n<h2>Kompatibilni senzori i detektori<\/h2>\n<div class=\"is-divider divider clearfix\" style=\"max-width:100%;\"><\/div>\n<p>Na SD-2&#215;1 Wire mo\u017ee nadzirati do 4 individualne vrijednosti dobivene iz 1Wire UNI senzora:<\/p>\n<ul>\n<li>Senzori temperature (unutarnji \/ vanjski \/ krio)<\/li>\n<li>Kalibrirani temperaturni senzori<\/li>\n<li>Senzori relativne vla\u017enosti (unutarnji \/ vanjski)<\/li>\n<li>CO2 &amp; VOC senzori<\/li>\n<li>Senzor svjetla<\/li>\n<li>Senzori AC\/DC struje<\/li>\n<li>Senzor izmjeni\u010dnog napona (0-230V).<\/li>\n<li>4-20 mA senzori (pretvara\u010d) za industrijske sonde<\/li>\n<li>Detektor poplave vode (otkrivanje mjesta)<\/li>\n<li>WLD (relej za otkrivanje curenja vode) s vanjskim osjetnim kabelom<\/li>\n<\/ul>\n\t\t<\/div>\n\t\t\t\t\n<style>\n#col-1092274176 > .col-inner {\n  padding: 0px 1em 0px 0px;\n}\n<\/style>\n\t<\/div>\n\n\t\n<\/div>\n","protected":false},"excerpt":{"rendered":"<p>SD-2x1Wire je IoT ure\u0111aj koji vanjske senzore spaja na portal te omogu\u0107uje udaljeni nadzor i periodi\u010dno slanje mjerenja.<\/p>\n<ul>\n<li>jednostavna instalacija<\/li>\n<li>kompatibilno sa \u0161irokim spektrom senzora<\/li>\n<li>napajanje putem adaptera ili PoE (Power over Ethernet)<\/li>\n<li>slanje mjerenja na besplatan HWg portal ili na SensDesk<\/li>\n<li>LAN i WiFi komunikacija<\/li>\n<\/ul>\n","protected":false},"featured_media":4164,"template":"","meta":[],"product_brand":[],"product_cat":[192],"product_tag":[],"class_list":{"0":"post-4163","1":"product","2":"type-product","3":"status-publish","4":"has-post-thumbnail","6":"product_cat-iot-uredaji-za-nadzor-i-upravljanje","7":"product_shipping_class-dostava-prema-ponudi","9":"first","10":"instock","11":"sale","12":"taxable","13":"shipping-taxable","14":"purchasable","15":"product-type-simple"},"_links":{"self":[{"href":"https:\/\/mreze.shop\/bs\/wp-json\/wp\/v2\/product\/4163","targetHints":{"allow":["GET"]}}],"collection":[{"href":"https:\/\/mreze.shop\/bs\/wp-json\/wp\/v2\/product"}],"about":[{"href":"https:\/\/mreze.shop\/bs\/wp-json\/wp\/v2\/types\/product"}],"wp:featuredmedia":[{"embeddable":true,"href":"https:\/\/mreze.shop\/bs\/wp-json\/wp\/v2\/media\/4164"}],"wp:attachment":[{"href":"https:\/\/mreze.shop\/bs\/wp-json\/wp\/v2\/media?parent=4163"}],"wp:term":[{"taxonomy":"product_brand","embeddable":true,"href":"https:\/\/mreze.shop\/bs\/wp-json\/wp\/v2\/product_brand?post=4163"},{"taxonomy":"product_cat","embeddable":true,"href":"https:\/\/mreze.shop\/bs\/wp-json\/wp\/v2\/product_cat?post=4163"},{"taxonomy":"product_tag","embeddable":true,"href":"https:\/\/mreze.shop\/bs\/wp-json\/wp\/v2\/product_tag?post=4163"}],"curies":[{"name":"wp","href":"https:\/\/api.w.org\/{rel}","templated":true}]}}