{"id":4157,"date":"2023-02-07T14:22:42","date_gmt":"2023-02-07T13:22:42","guid":{"rendered":"https:\/\/mreze.shop\/proizvod\/iot-uredjaj-sd-2xin-2x-di-hw-group\/"},"modified":"2026-02-18T08:59:32","modified_gmt":"2026-02-18T07:59:32","slug":"iot-uredjaj-sd-2xin-2x-di-hw-group","status":"publish","type":"product","link":"https:\/\/mreze.shop\/bs\/proizvod\/iot-uredjaj-sd-2xin-2x-di-hw-group\/","title":{"rendered":"IoT ure\u0111aj SD-2xIn: 2x DI, HW group"},"content":{"rendered":"\t<div id=\"gap-133756358\" class=\"gap-element clearfix\" style=\"display:block; height:auto;\">\n\t\t\n<style>\n#gap-133756358 {\n  padding-top: 30px;\n}\n<\/style>\n\t<\/div>\n\t\n<div class=\"row align-middle\"  id=\"row-1612315566\">\n\n\t<div id=\"col-966564235\" class=\"col medium-6 small-12 large-6\"  data-animate=\"fadeInLeft\">\n\t\t\t\t<div class=\"col-inner\"  >\n\t\t\t\n\t\t\t\n<h2>Jednostavan IoT nadzor putem Portala<\/h2>\n<div class=\"is-divider divider clearfix\" style=\"max-width:100%;\"><\/div>\n<p>SD-2xIn je ure\u0111aj koji na Portal spaja senzore za kontakt vrata, PIR detektore pokreta ili detektore dima (plina) sa suhim kontakt izlazom. 2x DI (Digitalni ulaz) na SD-2xIn ure\u0111aju omogu\u0107uje spajanje 2 vanjska neovisna detektora. Svaki DI tako\u0111er mo\u017ee brojati S0 impulse, tako da se mogu spojiti \u010dak i mjera\u010di vode\/plina\/elektri\u010dne energije s impulsnim izlazima.<\/p>\n<p>S obzirom da je ovo portalni ure\u0111aj, nije potrebna konfiguracija ure\u0111aja na licu mjesta, samo priklju\u010dite RJ45 (za postavljanje WiFi mre\u017ee mo\u017ee se koristiti ugra\u0111eni web poslu\u017eitelj).<br \/>\nUre\u0111aj mora biti spojen na SaaS \/ on-premise Portal (SensDesk Technology). Portal \u0161alje SMS upozorenja, glasovne pozive ili upozorenja e-po\u0161tom (otvorena vrata \/ broja\u010d pulsa prekora\u010den). Portal tako\u0111er generira periodi\u010dna PDF izvje\u0161\u0107a ili dijeli podatke senzora preko SNMP ili XML API-ja. Mobilna aplikacija mo\u017ee prikazati podatke s va\u0161eg korisni\u010dkog ra\u010duna na mobitelu u va\u0161em d\u017eepu ili na zidnom zaslonu.<\/p>\n<h3>Prednosti za korisnike<\/h3>\n<ul>\n<li>Instalacija ure\u0111aja je brza i jednostavna \u010dak i za &#8220;junior korisnike&#8221;.<\/li>\n<li>Portal \u0107e vas upozoriti e-po\u0161tom (SMS, glasovni poziv) ako je DI uklju\u010den\/isklju\u010den.<\/li>\n<li>Portal \u0107e vas upozoriti ako ure\u0111aj nije povezan na 1 sat.<\/li>\n<li>Stanje alarma (0 \/ 1) mo\u017ee se definirati za svaki DI<\/li>\n<li>Dostupan besplatni oblak (HWg-cloud.com) s grafikonima i upravljanjem ure\u0111ajima.<\/li>\n<li>Mobilne aplikacije mogu vam pokazati sva stanja detektora na va\u0161em portalu (HWg Monitor ili SensDesk Mobile)<\/li>\n<li>SMS, upozorenja o glasovnim pozivima, grafikoni i PDF izvje\u0161\u0107a mogu se koristiti uz pla\u0107ene usluge portala.<\/li>\n<\/ul>\n\t\t<\/div>\n\t\t\t\t\n<style>\n#col-966564235 > .col-inner {\n  padding: 0px 1em 0px 0px;\n}\n<\/style>\n\t<\/div>\n\n\t\n\n\t<div id=\"col-2127252894\" class=\"col medium-6 small-12 large-6\"  data-animate=\"fadeInRight\">\n\t\t\t\t<div class=\"col-inner\"  >\n\t\t\t\n\t\t\t\n\t<div class=\"img has-hover x md-x lg-x y md-y lg-y\" id=\"image_1701831414\">\n\t\t\t\t\t\t\t\t<div class=\"img-inner dark\" >\n\t\t\t<img loading=\"lazy\" decoding=\"async\" width=\"750\" height=\"750\" src=\"https:\/\/mreze.shop\/wp-content\/uploads\/2023\/02\/IoT-uredaj-SD-2xIn-1032-4.jpg\" class=\"attachment-large size-large\" alt=\"\" srcset=\"https:\/\/mreze.shop\/wp-content\/uploads\/2023\/02\/IoT-uredaj-SD-2xIn-1032-4.jpg 750w, https:\/\/mreze.shop\/wp-content\/uploads\/2023\/02\/IoT-uredaj-SD-2xIn-1032-4-350x350.jpg 350w, https:\/\/mreze.shop\/wp-content\/uploads\/2023\/02\/IoT-uredaj-SD-2xIn-1032-4-100x100.jpg 100w, https:\/\/mreze.shop\/wp-content\/uploads\/2023\/02\/IoT-uredaj-SD-2xIn-1032-4-510x510.jpg 510w, https:\/\/mreze.shop\/wp-content\/uploads\/2023\/02\/IoT-uredaj-SD-2xIn-1032-4-400x400.jpg 400w, https:\/\/mreze.shop\/wp-content\/uploads\/2023\/02\/IoT-uredaj-SD-2xIn-1032-4-280x280.jpg 280w\" sizes=\"auto, (max-width: 750px) 100vw, 750px\" \/>\t\t\t\t\t\t\n\t\t\t\t\t<\/div>\n\t\t\t\t\t\t\t\t\n<style>\n#image_1701831414 {\n  width: 100%;\n}\n<\/style>\n\t<\/div>\n\t\n\t\t<\/div>\n\t\t\t\t\n<style>\n#col-2127252894 > .col-inner {\n  padding: 0px 0px 0px 1em;\n}\n<\/style>\n\t<\/div>\n\n\t\n<\/div>\n<div class=\"row\"  id=\"row-268574751\">\n\n\t<div id=\"col-1203643178\" class=\"col medium-6 small-12 large-6\"  data-animate=\"fadeInRight\">\n\t\t\t\t<div class=\"col-inner\"  >\n\t\t\t\n\t\t\t\n<h2>Izdvojene zna\u010dajke<\/h2>\n<div class=\"is-divider divider clearfix\" style=\"max-width:100%;\"><\/div>\n<ul>\n<li>2 neovisna DI (digitalni ulaz) koji broje impulse (S0 broja\u010d) na portal.<\/li>\n<li>Ure\u0111aj je povezan s portalom putem LAN \/ WiFi<\/li>\n<li>Portal je obavezan (portal temeljen na tehnologiji SensDesk &#8211; SaaS \/ On-premise).<\/li>\n<li>Usluge portala: Grafikoni, PDF izvje\u0161\u0107a, e-mail i SMS upozorenja, SNMP, XML Open API<\/li>\n<li>Zadani portal: HWg-cloud.com (besplatna usluga)<\/li>\n<li>Napajanje: Adapter (5V) ili PoE<\/li>\n<li>Metalno ku\u0107i\u0161te, DIN i monta\u017ea na stalak<\/li>\n<li>Postavljanje WiFi mre\u017ee: Ugra\u0111eni WEB poslu\u017eitelj<\/li>\n<\/ul>\n\t\t<\/div>\n\t\t\t\t\n<style>\n#col-1203643178 > .col-inner {\n  padding: 0px 0px 0px 1em;\n}\n<\/style>\n\t<\/div>\n\n\t\n\n\t<div id=\"col-1307013942\" class=\"col medium-6 small-12 large-6\"  data-animate=\"fadeInLeft\">\n\t\t\t\t<div class=\"col-inner\"  >\n\t\t\t\n\t\t\t\n<h2>Primjene i upotreba<\/h2>\n<div class=\"is-divider divider clearfix\" style=\"max-width:100%;\"><\/div>\n<ul>\n<li>Daljinski nadzor jednostavnih detektora (kontakt vrata, dim, napajanje)<\/li>\n<li>Spajanje ure\u0111aja tre\u0107e strane na portal (preko relejnih izlaza)<\/li>\n<li>Mjerenje potro\u0161nje vode (mjerilo s S0 impulsnim izlazom)<\/li>\n<li>Mjerenje potro\u0161nje elektri\u010dne energije (kWh) iz brojila s impulsnim izlazom<\/li>\n<\/ul>\n\t\t<\/div>\n\t\t\t\t\n<style>\n#col-1307013942 > .col-inner {\n  padding: 0px 1em 0px 0px;\n}\n<\/style>\n\t<\/div>\n\n\t\n<\/div>\n<div class=\"row align-middle\"  id=\"row-260118932\">\n\n\t<div id=\"col-383751081\" class=\"col medium-6 small-12 large-6\"  data-animate=\"fadeInRight\">\n\t\t\t\t<div class=\"col-inner\"  >\n\t\t\t\n\t\t\t\n\t<div class=\"img has-hover x md-x lg-x y md-y lg-y\" id=\"image_250176910\">\n\t\t\t\t\t\t\t\t<div class=\"img-inner dark\" >\n\t\t\t<img loading=\"lazy\" decoding=\"async\" width=\"750\" height=\"750\" src=\"https:\/\/mreze.shop\/wp-content\/uploads\/2023\/02\/IoT-uredaj-SD-2xIn-1032-1.jpg\" class=\"attachment-large size-large\" alt=\"\" srcset=\"https:\/\/mreze.shop\/wp-content\/uploads\/2023\/02\/IoT-uredaj-SD-2xIn-1032-1.jpg 750w, https:\/\/mreze.shop\/wp-content\/uploads\/2023\/02\/IoT-uredaj-SD-2xIn-1032-1-350x350.jpg 350w, https:\/\/mreze.shop\/wp-content\/uploads\/2023\/02\/IoT-uredaj-SD-2xIn-1032-1-100x100.jpg 100w, https:\/\/mreze.shop\/wp-content\/uploads\/2023\/02\/IoT-uredaj-SD-2xIn-1032-1-510x510.jpg 510w, https:\/\/mreze.shop\/wp-content\/uploads\/2023\/02\/IoT-uredaj-SD-2xIn-1032-1-400x400.jpg 400w, https:\/\/mreze.shop\/wp-content\/uploads\/2023\/02\/IoT-uredaj-SD-2xIn-1032-1-280x280.jpg 280w\" sizes=\"auto, (max-width: 750px) 100vw, 750px\" \/>\t\t\t\t\t\t\n\t\t\t\t\t<\/div>\n\t\t\t\t\t\t\t\t\n<style>\n#image_250176910 {\n  width: 85%;\n}\n<\/style>\n\t<\/div>\n\t\n\t\t<\/div>\n\t\t\t\t\n<style>\n#col-383751081 > .col-inner {\n  padding: 0px 0px 0px 1em;\n}\n<\/style>\n\t<\/div>\n\n\t\n\n\t<div id=\"col-59287048\" class=\"col medium-6 small-12 large-6\"  data-animate=\"fadeInLeft\">\n\t\t\t\t<div class=\"col-inner\"  >\n\t\t\t\n\t\t\t\n<h2>Kompatibilni senzori i detektori<\/h2>\n<div class=\"is-divider divider clearfix\" style=\"max-width:100%;\"><\/div>\n<p>Na SD-2xIn mogu se priklju\u010diti do 2 DI senzora (dry contact &#8211; Digital Input)<\/p>\n<ul>\n<li>Kontakt vrata<\/li>\n<li>Detektor dima\/plina (relejni izlaz)<\/li>\n<li>Generi\u010dki relej \/ otvoreni kolektor izlaz<\/li>\n<li>Vodomjer\/plinomjer s pulsnim izlazom (S0)<\/li>\n<li>Mjerilo elektri\u010dne energije s impulsnim izlazom (S0)<\/li>\n<\/ul>\n\t\t<\/div>\n\t\t\t\t\n<style>\n#col-59287048 > .col-inner {\n  padding: 0px 1em 0px 0px;\n}\n<\/style>\n\t<\/div>\n\n\t\n<\/div>\n","protected":false},"excerpt":{"rendered":"<p>SD-2xIn je IoT ure\u0111aj koji vanjske DI (Digital Input) senzore spaja na portal te omogu\u0107uje udaljeni nadzor i periodi\u010dno slanje mjerenja.<\/p>\n<ul>\n<li>jednostavna instalacija<\/li>\n<li>kompatibilno sa \u0161irokim spektrom senzora<\/li>\n<li>mogu\u0107nost udaljnih mjerenja potro\u0161nje pomo\u0107u S0 mjera\u010da<\/li>\n<li>napajanje putem adaptera ili PoE (Power over Ethernet)<\/li>\n<li>slanje mjerenja na besplatan HWg portal ili na SensDesk<\/li>\n<li>LAN i WiFi komunikacija<\/li>\n<\/ul>\n","protected":false},"featured_media":4158,"template":"","meta":[],"product_brand":[],"product_cat":[192],"product_tag":[],"class_list":{"0":"post-4157","1":"product","2":"type-product","3":"status-publish","4":"has-post-thumbnail","6":"product_cat-iot-uredaji-za-nadzor-i-upravljanje","7":"product_shipping_class-dostava-prema-ponudi","9":"first","10":"instock","11":"taxable","12":"shipping-taxable","13":"purchasable","14":"product-type-simple"},"_links":{"self":[{"href":"https:\/\/mreze.shop\/bs\/wp-json\/wp\/v2\/product\/4157","targetHints":{"allow":["GET"]}}],"collection":[{"href":"https:\/\/mreze.shop\/bs\/wp-json\/wp\/v2\/product"}],"about":[{"href":"https:\/\/mreze.shop\/bs\/wp-json\/wp\/v2\/types\/product"}],"wp:featuredmedia":[{"embeddable":true,"href":"https:\/\/mreze.shop\/bs\/wp-json\/wp\/v2\/media\/4158"}],"wp:attachment":[{"href":"https:\/\/mreze.shop\/bs\/wp-json\/wp\/v2\/media?parent=4157"}],"wp:term":[{"taxonomy":"product_brand","embeddable":true,"href":"https:\/\/mreze.shop\/bs\/wp-json\/wp\/v2\/product_brand?post=4157"},{"taxonomy":"product_cat","embeddable":true,"href":"https:\/\/mreze.shop\/bs\/wp-json\/wp\/v2\/product_cat?post=4157"},{"taxonomy":"product_tag","embeddable":true,"href":"https:\/\/mreze.shop\/bs\/wp-json\/wp\/v2\/product_tag?post=4157"}],"curies":[{"name":"wp","href":"https:\/\/api.w.org\/{rel}","templated":true}]}}