{"id":4151,"date":"2023-02-07T15:12:53","date_gmt":"2023-02-07T14:12:53","guid":{"rendered":"https:\/\/mreze.shop\/proizvod\/iot-uredjaj-sd-2xout-2x-do-relay-output-hw-group\/"},"modified":"2023-12-07T14:32:28","modified_gmt":"2023-12-07T13:32:28","slug":"iot-uredjaj-sd-2xout-2x-do-relay-output-hw-group","status":"publish","type":"product","link":"https:\/\/mreze.shop\/bs\/proizvod\/iot-uredjaj-sd-2xout-2x-do-relay-output-hw-group\/","title":{"rendered":"IoT ure\u0111aj SD-2xOut: 2x DO (relay output), HW group"},"content":{"rendered":"\t<div id=\"gap-1716098235\" class=\"gap-element clearfix\" style=\"display:block; height:auto;\">\n\t\t\n<style>\n#gap-1716098235 {\n  padding-top: 30px;\n}\n<\/style>\n\t<\/div>\n\t\n<div class=\"row align-middle\"  id=\"row-1649653269\">\n\n\t<div id=\"col-1952328948\" class=\"col medium-6 small-12 large-6\"  data-animate=\"fadeInLeft\">\n\t\t\t\t<div class=\"col-inner\"  >\n\t\t\t\n\t\t\t\n<h2>Jednostavan IoT nadzor putem Portala<\/h2>\n<div class=\"is-divider divider clearfix\" style=\"max-width:100%;\"><\/div>\n<p>Ure\u0111aj SD-2xOut ima dva digitalna izlaza kojima se lako mo\u017ee upravljati putem portala SensDesk.<\/p>\n<p>Za konfiguraciju, SD-2xOut ima ugra\u0111eni web poslu\u017eitelj i WiFi vezu. Ure\u0111aj se mo\u017ee nadzirati daljinski putem interneta pomo\u0107u bilo kojeg portala SensDesk Technology i aplikacije SensDeskMobile.<\/p>\n<p>Kori\u0161tenjem portala SensDesk, izlazi se mogu kontrolirati izravno u web su\u010delju portala. Izlazima se mo\u017ee upravljati ru\u010dno ili uvjetovano (lokalno ili daljinski).<\/p>\n<h3>Prednosti za korisnike<\/h3>\n<ul>\n<li>Korisnici mogu daljinski ru\u010dno uklju\u010diti\/isklju\u010diti svaki izlaz iz web GUI portala.<\/li>\n<li>Portal (akcija) mo\u017ee uklju\u010diti\/isklju\u010diti svaki izlaz na temelju vrijednosti bilo kojeg drugog senzora.<\/li>\n<li>Instalacija ure\u0111aja je brza i jednostavna \u010dak i za &#8220;junior korisnike&#8221;.<\/li>\n<li>Portal mo\u017ee upozoriti korisnike kada SD ure\u0111aj nije napajan.<\/li>\n<li>Dostupan besplatni oblak (HWg-cloud.com) s upravljanjem ure\u0111ajem.<\/li>\n<li>Dostupna mobilna aplikacija HWg Monitor<\/li>\n<\/ul>\n\t\t<\/div>\n\t\t\t\t\n<style>\n#col-1952328948 > .col-inner {\n  padding: 0px 1em 0px 0px;\n}\n<\/style>\n\t<\/div>\n\n\t\n\n\t<div id=\"col-864497632\" class=\"col medium-6 small-12 large-6\"  data-animate=\"fadeInRight\">\n\t\t\t\t<div class=\"col-inner\"  >\n\t\t\t\n\t\t\t\n\t<div class=\"img has-hover x md-x lg-x y md-y lg-y\" id=\"image_20973929\">\n\t\t\t\t\t\t\t\t<div class=\"img-inner dark\" >\n\t\t\t<img loading=\"lazy\" decoding=\"async\" width=\"750\" height=\"750\" src=\"https:\/\/mreze.shop\/wp-content\/uploads\/2023\/02\/Iot-uredaj-SD2xOut-1033-4.jpg\" class=\"attachment-large size-large\" alt=\"\" srcset=\"https:\/\/mreze.shop\/wp-content\/uploads\/2023\/02\/Iot-uredaj-SD2xOut-1033-4.jpg 750w, https:\/\/mreze.shop\/wp-content\/uploads\/2023\/02\/Iot-uredaj-SD2xOut-1033-4-350x350.jpg 350w, https:\/\/mreze.shop\/wp-content\/uploads\/2023\/02\/Iot-uredaj-SD2xOut-1033-4-100x100.jpg 100w, https:\/\/mreze.shop\/wp-content\/uploads\/2023\/02\/Iot-uredaj-SD2xOut-1033-4-510x510.jpg 510w, https:\/\/mreze.shop\/wp-content\/uploads\/2023\/02\/Iot-uredaj-SD2xOut-1033-4-400x400.jpg 400w, https:\/\/mreze.shop\/wp-content\/uploads\/2023\/02\/Iot-uredaj-SD2xOut-1033-4-280x280.jpg 280w\" sizes=\"auto, (max-width: 750px) 100vw, 750px\" \/>\t\t\t\t\t\t\n\t\t\t\t\t<\/div>\n\t\t\t\t\t\t\t\t\n<style>\n#image_20973929 {\n  width: 100%;\n}\n<\/style>\n\t<\/div>\n\t\n\t\t<\/div>\n\t\t\t\t\n<style>\n#col-864497632 > .col-inner {\n  padding: 0px 0px 0px 1em;\n}\n<\/style>\n\t<\/div>\n\n\t\n<\/div>\n<div class=\"row\"  id=\"row-1502674657\">\n\n\t<div id=\"col-6212957\" class=\"col medium-6 small-12 large-6\"  data-animate=\"fadeInRight\">\n\t\t\t\t<div class=\"col-inner\"  >\n\t\t\t\n\t\t\t\n<h2>Izdvojene zna\u010dajke<\/h2>\n<div class=\"is-divider divider clearfix\" style=\"max-width:100%;\"><\/div>\n<ul>\n<li>Ethernet i WiFi povezivost<\/li>\n<li>Eksterni adapter za napajanje 5V \/ PoE<\/li>\n<li>Ugra\u0111eni WEB poslu\u017eitelj (WiFi postavljanje)<\/li>\n<li>Jednostavna instalacija, podr\u017eava DHCP<\/li>\n<li>Brza i jednostavna instalacija na mjestu<\/li>\n<li>Potreban je portal za upravljanje ure\u0111ajem (HWg-cloud.com kao zadano)<\/li>\n<li>Besplatna usluga portala (HWg-cloud.com) za do 20 dostupnih ure\u0111aja<\/li>\n<li>Dostupne pla\u0107ene usluge portala (bilo koji portal SensDesk Technology)<\/li>\n<li>Metalno ku\u0107i\u0161te, DIN i monta\u017ea na stalak<\/li>\n<\/ul>\n\t\t<\/div>\n\t\t\t\t\n<style>\n#col-6212957 > .col-inner {\n  padding: 0px 0px 0px 1em;\n}\n<\/style>\n\t<\/div>\n\n\t\n\n\t<div id=\"col-212849293\" class=\"col medium-6 small-12 large-6\"  data-animate=\"fadeInLeft\">\n\t\t\t\t<div class=\"col-inner\"  >\n\t\t\t\n\t\t\t\n<h2>Primjene i upotreba<\/h2>\n<div class=\"is-divider divider clearfix\" style=\"max-width:100%;\"><\/div>\n<ul>\n<li>Ru\u010dna ili automatizirana kontrola aparata i opreme<\/li>\n<li>Kontrola grijanja (na\u010din termostata)<\/li>\n<li>Pumpanje vode u spremnik ako razina padne<\/li>\n<li>Paljenje svjetala upozorenja ili ogla\u0161avanje sirene upozorenja<\/li>\n<\/ul>\n\t\t<\/div>\n\t\t\t\t\n<style>\n#col-212849293 > .col-inner {\n  padding: 0px 1em 0px 0px;\n}\n<\/style>\n\t<\/div>\n\n\t\n<\/div>\n","protected":false},"excerpt":{"rendered":"<p>SD-2xIn je IoT ure\u0111aj koji vanjske DI (Digital Input) senzore spaja na portal te omogu\u0107uje udaljeni nadzor i periodi\u010dno slanje mjerenja.<\/p>\n<ul>\n<li>jednostavna instalacija<\/li>\n<li>kompatibilno sa \u0161irokim spektrom senzora<\/li>\n<li>mogu\u0107nost udaljnih mjerenja potro\u0161nje pomo\u0107u S0 mjera\u010da<\/li>\n<li>napajanje putem adaptera ili PoE (Power over Ethernet)<\/li>\n<li>slanje mjerenja na besplatan HWg portal ili na SensDesk<\/li>\n<li>LAN i WiFi komunikacija<\/li>\n<\/ul>\n","protected":false},"featured_media":4152,"template":"","meta":[],"product_brand":[],"product_cat":[192],"product_tag":[],"class_list":{"0":"post-4151","1":"product","2":"type-product","3":"status-publish","4":"has-post-thumbnail","6":"product_cat-iot-uredaji-za-nadzor-i-upravljanje","7":"product_shipping_class-dostava-prema-ponudi","9":"first","10":"instock","11":"taxable","12":"shipping-taxable","13":"purchasable","14":"product-type-simple"},"_links":{"self":[{"href":"https:\/\/mreze.shop\/bs\/wp-json\/wp\/v2\/product\/4151","targetHints":{"allow":["GET"]}}],"collection":[{"href":"https:\/\/mreze.shop\/bs\/wp-json\/wp\/v2\/product"}],"about":[{"href":"https:\/\/mreze.shop\/bs\/wp-json\/wp\/v2\/types\/product"}],"wp:featuredmedia":[{"embeddable":true,"href":"https:\/\/mreze.shop\/bs\/wp-json\/wp\/v2\/media\/4152"}],"wp:attachment":[{"href":"https:\/\/mreze.shop\/bs\/wp-json\/wp\/v2\/media?parent=4151"}],"wp:term":[{"taxonomy":"product_brand","embeddable":true,"href":"https:\/\/mreze.shop\/bs\/wp-json\/wp\/v2\/product_brand?post=4151"},{"taxonomy":"product_cat","embeddable":true,"href":"https:\/\/mreze.shop\/bs\/wp-json\/wp\/v2\/product_cat?post=4151"},{"taxonomy":"product_tag","embeddable":true,"href":"https:\/\/mreze.shop\/bs\/wp-json\/wp\/v2\/product_tag?post=4151"}],"curies":[{"name":"wp","href":"https:\/\/api.w.org\/{rel}","templated":true}]}}