{"id":4144,"date":"2023-02-07T15:34:45","date_gmt":"2023-02-07T14:34:45","guid":{"rendered":"https:\/\/mreze.shop\/proizvod\/iot-uredjaj-za-nadzor-curenja-vode-sd-wld-hw-group\/"},"modified":"2026-02-18T08:59:21","modified_gmt":"2026-02-18T07:59:21","slug":"iot-uredjaj-za-nadzor-curenja-vode-sd-wld-hw-group","status":"publish","type":"product","link":"https:\/\/mreze.shop\/bs\/proizvod\/iot-uredjaj-za-nadzor-curenja-vode-sd-wld-hw-group\/","title":{"rendered":"IoT ure\u0111aj za nadzor curenja vode SD-WLD, HW group"},"content":{"rendered":"\t<div id=\"gap-1040406810\" class=\"gap-element clearfix\" style=\"display:block; height:auto;\">\n\t\t\n<style>\n#gap-1040406810 {\n  padding-top: 30px;\n}\n<\/style>\n\t<\/div>\n\t\n<div class=\"row align-middle\"  id=\"row-89383091\">\n\n\t<div id=\"col-945799331\" class=\"col medium-6 small-12 large-6\"  data-animate=\"fadeInLeft\">\n\t\t\t\t<div class=\"col-inner\"  >\n\t\t\t\n\t\t\t\n<h2>Jednostavan IoT nadzor putem Portala<\/h2>\n<div class=\"is-divider divider clearfix\" style=\"max-width:100%;\"><\/div>\n<p>SD-WLD ima WLD ulaz za 1 WLD zonu. Omogu\u0107uje spajanje 1 senzorskog kabela (koji se mo\u017ee produ\u017eiti isplativim produljenim kabelom) ukupne duljine do 185 m. Senzorski kabel detektira samo nekoliko kapi vodljive teku\u0107ine du\u017e cijele duljine kabela.<\/p>\n<p>Zahvaljuju\u0107i ranom otkrivanju i uzbunjivanju, SD-WLD mo\u017ee sprije\u010diti zna\u010dajne \u0161tete uzrokovane neo\u010dekivanim nepovoljnim uvjetima okoline.<\/p>\n<p>Za konfiguraciju, SD-WLD ima ugra\u0111eni web poslu\u017eitelj i WiFi vezu. Ure\u0111aj mora biti povezan s bilo kojim portalom SensDesk Technology i aplikacijom SensDeskMobile. Sva SMS\/e-mail upozorenja, PDF izvje\u0161\u0107a i sredi\u0161nje upravljanje ure\u0111ajima realiziraju se s portala.<\/p>\n<p>SD-WLD je dio HWg nadzornog ekosustava (senzori + ure\u0111aji + portal SensDesk Technology), koji vam donosi dugoro\u010dna pouzdana upozorenja, grafikone, PDF izvje\u0161\u0107a, otvoreni API, daljinsko upravljanje ure\u0111ajima itd. Detekcija curenja vode i rano upozorenje je klju\u010dno u mnogim tvrtkama, na primjer, podatkovnim centrima itd. Sustav za otkrivanje curenja vode iz HW grupe slo\u017eeno je rje\u0161enje razvijeno za za\u0161titu va\u0161eg objekta od skupe \u0161tete uzrokovane vodom koja bi mogla prijetiti osjetljivim ure\u0111ajima i sustavima.<\/p>\n\t\t<\/div>\n\t\t\t\t\n<style>\n#col-945799331 > .col-inner {\n  padding: 0px 1em 0px 0px;\n}\n<\/style>\n\t<\/div>\n\n\t\n\n\t<div id=\"col-1852749420\" class=\"col medium-6 small-12 large-6\"  data-animate=\"fadeInRight\">\n\t\t\t\t<div class=\"col-inner\"  >\n\t\t\t\n\t\t\t\n\t<div class=\"img has-hover x md-x lg-x y md-y lg-y\" id=\"image_808212581\">\n\t\t\t\t\t\t\t\t<div class=\"img-inner dark\" >\n\t\t\t<img loading=\"lazy\" decoding=\"async\" width=\"600\" height=\"600\" src=\"https:\/\/mreze.shop\/wp-content\/uploads\/2023\/02\/Iot-uredaj-za-detekciju-curenja-vode-SD-WLD-1034-5.jpg\" class=\"attachment-large size-large\" alt=\"\" srcset=\"https:\/\/mreze.shop\/wp-content\/uploads\/2023\/02\/Iot-uredaj-za-detekciju-curenja-vode-SD-WLD-1034-5.jpg 600w, https:\/\/mreze.shop\/wp-content\/uploads\/2023\/02\/Iot-uredaj-za-detekciju-curenja-vode-SD-WLD-1034-5-350x350.jpg 350w, https:\/\/mreze.shop\/wp-content\/uploads\/2023\/02\/Iot-uredaj-za-detekciju-curenja-vode-SD-WLD-1034-5-100x100.jpg 100w, https:\/\/mreze.shop\/wp-content\/uploads\/2023\/02\/Iot-uredaj-za-detekciju-curenja-vode-SD-WLD-1034-5-510x510.jpg 510w, https:\/\/mreze.shop\/wp-content\/uploads\/2023\/02\/Iot-uredaj-za-detekciju-curenja-vode-SD-WLD-1034-5-400x400.jpg 400w, https:\/\/mreze.shop\/wp-content\/uploads\/2023\/02\/Iot-uredaj-za-detekciju-curenja-vode-SD-WLD-1034-5-280x280.jpg 280w\" sizes=\"auto, (max-width: 600px) 100vw, 600px\" \/>\t\t\t\t\t\t\n\t\t\t\t\t<\/div>\n\t\t\t\t\t\t\t\t\n<style>\n#image_808212581 {\n  width: 100%;\n}\n<\/style>\n\t<\/div>\n\t\n\t\t<\/div>\n\t\t\t\t\n<style>\n#col-1852749420 > .col-inner {\n  padding: 0px 0px 0px 1em;\n}\n<\/style>\n\t<\/div>\n\n\t\n<\/div>\n<div class=\"row align-middle\"  id=\"row-426013660\">\n\n\t<div id=\"col-1591534537\" class=\"col medium-6 small-12 large-6\"  data-animate=\"fadeInRight\">\n\t\t\t\t<div class=\"col-inner\"  >\n\t\t\t\n\t\t\t\n\t<div class=\"img has-hover x md-x lg-x y md-y lg-y\" id=\"image_1228902452\">\n\t\t\t\t\t\t\t\t<div class=\"img-inner dark\" >\n\t\t\t<img loading=\"lazy\" decoding=\"async\" width=\"750\" height=\"750\" src=\"https:\/\/mreze.shop\/wp-content\/uploads\/2023\/02\/Iot-uredaj-za-detekciju-curenja-vode-SD-WLD-1034-1.jpg\" class=\"attachment-large size-large\" alt=\"\" srcset=\"https:\/\/mreze.shop\/wp-content\/uploads\/2023\/02\/Iot-uredaj-za-detekciju-curenja-vode-SD-WLD-1034-1.jpg 750w, https:\/\/mreze.shop\/wp-content\/uploads\/2023\/02\/Iot-uredaj-za-detekciju-curenja-vode-SD-WLD-1034-1-350x350.jpg 350w, https:\/\/mreze.shop\/wp-content\/uploads\/2023\/02\/Iot-uredaj-za-detekciju-curenja-vode-SD-WLD-1034-1-100x100.jpg 100w, https:\/\/mreze.shop\/wp-content\/uploads\/2023\/02\/Iot-uredaj-za-detekciju-curenja-vode-SD-WLD-1034-1-510x510.jpg 510w, https:\/\/mreze.shop\/wp-content\/uploads\/2023\/02\/Iot-uredaj-za-detekciju-curenja-vode-SD-WLD-1034-1-400x400.jpg 400w, https:\/\/mreze.shop\/wp-content\/uploads\/2023\/02\/Iot-uredaj-za-detekciju-curenja-vode-SD-WLD-1034-1-280x280.jpg 280w\" sizes=\"auto, (max-width: 750px) 100vw, 750px\" \/>\t\t\t\t\t\t\n\t\t\t\t\t<\/div>\n\t\t\t\t\t\t\t\t\n<style>\n#image_1228902452 {\n  width: 85%;\n}\n<\/style>\n\t<\/div>\n\t\n\t\t<\/div>\n\t\t\t\t\n<style>\n#col-1591534537 > .col-inner {\n  padding: 0px 0px 0px 1em;\n}\n<\/style>\n\t<\/div>\n\n\t\n\n\t<div id=\"col-930812836\" class=\"col medium-6 small-12 large-6\"  data-animate=\"fadeInLeft\">\n\t\t\t\t<div class=\"col-inner\"  >\n\t\t\t\n\t\t\t\n<h2>WLD senzorski kabel<\/h2>\n<div class=\"is-divider divider clearfix\" style=\"max-width:100%;\"><\/div>\n<p>WLD senzorski kabel otkriva teku\u0107inu du\u017e cijele duljine senzorskog kabela. \u010cak i nekoliko kapi vode, etilen glikola ili druge vodljive teku\u0107ine aktivira alarm. WLD senzorski kabel mo\u017ee se ponovno koristiti (kabel se mo\u017ee o\u010distiti, osu\u0161iti i ponovno koristiti).<\/p>\n<h3><strong>Zna\u010dajke WLD senzorskog kabela:<\/strong><\/h3>\n<ul>\n<li>Bez ograni\u010denja savijanja: WLD senzorski kabel nije ograni\u010den radijusom savijanja.<\/li>\n<li>Bez ograni\u010denja uvijanja: WLD senzorski kabel mo\u017ee se uvijati kao bilo koji drugi elektri\u010dni kabel.<\/li>\n<li>Bez ograni\u010denja prianjanja: Funkcionalnost otkrivanja vode nije ograni\u010dena to\u010dkastim pritiskom unutar razumnog raspona.<\/li>\n<\/ul>\n<h3>Komponente WLD kabela<\/h3>\n<p>WLD senzorski kabel isporu\u010duje se u duljini od 2 m do 50 m i mo\u017ee se produ\u017eiti WLD produ\u017eenim kabelom bez senzora.<\/p>\n<ul>\n<li>Priklju\u010dni kabel &#8211; 2m (zelena stezaljka, 2m, Terminator)<\/li>\n<li>WLD senzorski kabel A &#8211; 2m \/ 10m \/ 50m<\/li>\n<li>WLD produ\u017eni kabel A &#8211; 5m<\/li>\n<\/ul>\n\t\t<\/div>\n\t\t\t\t\n<style>\n#col-930812836 > .col-inner {\n  padding: 0px 1em 0px 0px;\n}\n<\/style>\n\t<\/div>\n\n\t\n<\/div>\n<div class=\"row\"  id=\"row-1436952531\">\n\n\t<div id=\"col-1846974164\" class=\"col medium-6 small-12 large-6\"  data-animate=\"fadeInRight\">\n\t\t\t\t<div class=\"col-inner\"  >\n\t\t\t\n\t\t\t\n<h2>Izdvojene zna\u010dajke<\/h2>\n<div class=\"is-divider divider clearfix\" style=\"max-width:100%;\"><\/div>\n<ul>\n<li>\u017di\u010dani Ethernet kao i WiFi &#8211; 802.11 b\/g\/n (2,4 GHz)<\/li>\n<li>Podr\u0161ka za istovremeni Ethernet i WiFi rad (za jednostavno postavljanje)<\/li>\n<li>Ugra\u0111eni WEB poslu\u017eitelj (WiFi postavljanje)<\/li>\n<li>5V ili PoE napajanje<\/li>\n<li>Jednostavna instalacija, podr\u017eava DHCP<\/li>\n<li>Sigurnost za\u0161ti\u0107ena lozinkom<\/li>\n<li>Podr\u0161ka za portal SensDesk Technology<\/li>\n<li>Besplatni portal (HWg-cloud) dostupan s jednostavnim upozorenjem e-po\u0161tom<\/li>\n<li>Jedan ulaz za detekciju senzorske zone za WLD senzorski kabel (Tip A)<\/li>\n<\/ul>\n\t\t<\/div>\n\t\t\t\t\n<style>\n#col-1846974164 > .col-inner {\n  padding: 0px 0px 0px 1em;\n}\n<\/style>\n\t<\/div>\n\n\t\n\n\t<div id=\"col-1774782516\" class=\"col medium-6 small-12 large-6\"  data-animate=\"fadeInLeft\">\n\t\t\t\t<div class=\"col-inner\"  >\n\t\t\t\n\t\t\t\n<h2>Primjene i upotreba<\/h2>\n<div class=\"is-divider divider clearfix\" style=\"max-width:100%;\"><\/div>\n<ul>\n<li>Otkrivanje curenja cijevi (kabel omotan du\u017e cijevi)<\/li>\n<li>Detekcija vode u prostoru: WLD kabel za detekciju polo\u017een du\u017e zidova u prostoriji<\/li>\n<li>Voda u podatkovnim centrima (ispod podignutih podova \/ iznad spu\u0161tenih stropova)<\/li>\n<li>Detekcija curenja vode u posudama za kapanje<\/li>\n<li>Detekcija curenja vode ispod otvora klima ure\u0111aja<\/li>\n<li>Detekcija poplave vode u postrojenju za zamrzavanje ili hla\u0111enje<\/li>\n<\/ul>\n\t\t<\/div>\n\t\t\t\t\n<style>\n#col-1774782516 > .col-inner {\n  padding: 0px 1em 0px 0px;\n}\n<\/style>\n\t<\/div>\n\n\t\n<\/div>\n","protected":false},"excerpt":{"rendered":"<p>SD-WLD je jednostavna jedinica za daljinsku detekciju curenja vode pomo\u0107u WLD senzorskog kabela. Voda se detektira du\u017e cijele duljine WLD senzorskog kabela pa je vrijeme upozorenje na problem puno br\u017ee u usporedbi s sustavom detekcije poplava<\/p>\n<ul>\n<li>LAN i be\u017ei\u010dno spajanje na Portal<\/li>\n<li>1 zona detekcije koja se mo\u017ee produljivati do 185m du\u017eine<\/li>\n<li>detekcija ve\u0107 nekoliko kapljica vode na cijeloj duljini kabela<\/li>\n<\/ul>\n<p>&nbsp;<\/p>\n","protected":false},"featured_media":4145,"template":"","meta":[],"product_brand":[],"product_cat":[192],"product_tag":[],"class_list":{"0":"post-4144","1":"product","2":"type-product","3":"status-publish","4":"has-post-thumbnail","6":"product_cat-iot-uredaji-za-nadzor-i-upravljanje","7":"product_shipping_class-dostava-prema-ponudi","9":"first","10":"instock","11":"taxable","12":"shipping-taxable","13":"purchasable","14":"product-type-simple"},"_links":{"self":[{"href":"https:\/\/mreze.shop\/bs\/wp-json\/wp\/v2\/product\/4144","targetHints":{"allow":["GET"]}}],"collection":[{"href":"https:\/\/mreze.shop\/bs\/wp-json\/wp\/v2\/product"}],"about":[{"href":"https:\/\/mreze.shop\/bs\/wp-json\/wp\/v2\/types\/product"}],"wp:featuredmedia":[{"embeddable":true,"href":"https:\/\/mreze.shop\/bs\/wp-json\/wp\/v2\/media\/4145"}],"wp:attachment":[{"href":"https:\/\/mreze.shop\/bs\/wp-json\/wp\/v2\/media?parent=4144"}],"wp:term":[{"taxonomy":"product_brand","embeddable":true,"href":"https:\/\/mreze.shop\/bs\/wp-json\/wp\/v2\/product_brand?post=4144"},{"taxonomy":"product_cat","embeddable":true,"href":"https:\/\/mreze.shop\/bs\/wp-json\/wp\/v2\/product_cat?post=4144"},{"taxonomy":"product_tag","embeddable":true,"href":"https:\/\/mreze.shop\/bs\/wp-json\/wp\/v2\/product_tag?post=4144"}],"curies":[{"name":"wp","href":"https:\/\/api.w.org\/{rel}","templated":true}]}}