{"id":4137,"date":"2023-02-07T16:43:47","date_gmt":"2023-02-07T15:43:47","guid":{"rendered":"https:\/\/mreze.shop\/proizvod\/iot-uredjaj-za-detekciju-curenja-vode-sd-wld2-hw-group\/"},"modified":"2023-12-07T14:30:33","modified_gmt":"2023-12-07T13:30:33","slug":"iot-uredjaj-za-detekciju-curenja-vode-sd-wld2-hw-group","status":"publish","type":"product","link":"https:\/\/mreze.shop\/bs\/proizvod\/iot-uredjaj-za-detekciju-curenja-vode-sd-wld2-hw-group\/","title":{"rendered":"IoT ure\u0111aj za detekciju curenja vode SD-WLD2, HW group"},"content":{"rendered":"\t<div id=\"gap-1796252479\" class=\"gap-element clearfix\" style=\"display:block; height:auto;\">\n\t\t\n<style>\n#gap-1796252479 {\n  padding-top: 30px;\n}\n<\/style>\n\t<\/div>\n\t\n<div class=\"row align-middle\"  id=\"row-2084295402\">\n\n\t<div id=\"col-223299306\" class=\"col medium-6 small-12 large-6\"  data-animate=\"fadeInLeft\">\n\t\t\t\t<div class=\"col-inner\"  >\n\t\t\t\n\t\t\t\n<h2>Samostalni LAN\/WiFi detektor curenja vode s 4 zone<\/h2>\n<div class=\"is-divider divider clearfix\" style=\"max-width:100%;\"><\/div>\n<p>WLD2 je WiFi \/ Ethernet detektor curenja vode s podr\u0161kom za WWW, SNMP, e-po\u0161tu i PoE. Alarme pokre\u0107u \u010dak i najmanje koli\u010dine teku\u0107ina koje dodiruju WLD senzorski kabel bilo gdje du\u017e cijele duljine kabela, kao \u0161to je kondenzacija iz A\/C cijevi ili curenje vode op\u0107enito. Dobit \u0107ete alarme prije nego do\u0111e do skupe \u0161tete. Osim upozorenja o vodi, ure\u0111aj tako\u0111er detektira odspojene ili o\u0161te\u0107ene senzorske kabele za ve\u0107u pouzdanost.<\/p>\n<p>WLD2 podr\u017eava stvaranje do 4 zone, svaka sa svojim WLD kabelom \u0161to omogu\u0107uje preciznije lociranje curenja. Za svaku zonu mo\u017ee se odrediti nazivanje razli\u010ditiog telefonskog broja.<\/p>\n<p>Zahvaljuju\u0107i WiFi povezivosti, WLD2 detektor curenja vode mo\u017ee se instalirati na udaljenim mjestima. U slu\u010daju poplave, mo\u017ee poslati upozorenje putem e-maila, SNMP trap-a ili SensDesk oblaka. S vanjskim SMS pristupnikom HW grupe, mo\u017ee poslati tekstualnu poruku ili birati telefonski broj. Naravno, u kriti\u010dnim aplikacijama, tako\u0111er mo\u017ee komunicirati putem \u017ei\u010danog Etherneta i mo\u017ee se napajati s PoE.<\/p>\n<p>WLD2 se mo\u017ee spojiti na SensDesk portal, kao i na standardne nadzorne sustave zahvaljuju\u0107i podr\u0161ci za SNMP i SNMP Trap. Pojava vode tako\u0111er se mo\u017ee signalizirati prebacivanjem daljinskog izlaza (npr. za pokretanje sirene) preko mre\u017ee (Box-2-Box na\u010din rada s jedinicom Poseidon2 ili Damocles2), neovisno za svaki senzorski kabel. Tehnologija SensDesk upotpunjuje ekosustav HWg nadzora (senzori + ure\u0111aji + portal SensDesk Technology) i dobiva vam dugoro\u010dna pouzdana upozorenja, grafikone, PDF izvje\u0161\u0107a, otvoreni API, daljinsko upravljanje ure\u0111ajima itd.<\/p>\n<p>Otkrivanje vode i rano upozorenje klju\u010dni su u mnogim tvrtkama, na primjer, podatkovnim centrima i sli\u010dnim. Sustav za otkrivanje curenja vode iz HW grupe kompleksno je rje\u0161enje razvijeno za za\u0161titu va\u0161eg objekta od skupe \u0161tete uzrokovane vodom koja bi vam mogla prijetiti.<\/p>\n\t\t<\/div>\n\t\t\t\t\n<style>\n#col-223299306 > .col-inner {\n  padding: 0px 1em 0px 0px;\n}\n<\/style>\n\t<\/div>\n\n\t\n\n\t<div id=\"col-2047689045\" class=\"col medium-6 small-12 large-6\"  data-animate=\"fadeInRight\">\n\t\t\t\t<div class=\"col-inner\"  >\n\t\t\t\n\t\t\t\n\t<div class=\"img has-hover x md-x lg-x y md-y lg-y\" id=\"image_1951109875\">\n\t\t\t\t\t\t\t\t<div class=\"img-inner dark\" >\n\t\t\t<img loading=\"lazy\" decoding=\"async\" width=\"750\" height=\"750\" src=\"https:\/\/mreze.shop\/wp-content\/uploads\/2023\/02\/Iot-uredaj-za-detekciju-curenja-vode-WLD2-1026-5.jpg\" class=\"attachment-large size-large\" alt=\"\" srcset=\"https:\/\/mreze.shop\/wp-content\/uploads\/2023\/02\/Iot-uredaj-za-detekciju-curenja-vode-WLD2-1026-5.jpg 750w, https:\/\/mreze.shop\/wp-content\/uploads\/2023\/02\/Iot-uredaj-za-detekciju-curenja-vode-WLD2-1026-5-350x350.jpg 350w, https:\/\/mreze.shop\/wp-content\/uploads\/2023\/02\/Iot-uredaj-za-detekciju-curenja-vode-WLD2-1026-5-100x100.jpg 100w, https:\/\/mreze.shop\/wp-content\/uploads\/2023\/02\/Iot-uredaj-za-detekciju-curenja-vode-WLD2-1026-5-510x510.jpg 510w, https:\/\/mreze.shop\/wp-content\/uploads\/2023\/02\/Iot-uredaj-za-detekciju-curenja-vode-WLD2-1026-5-400x400.jpg 400w, https:\/\/mreze.shop\/wp-content\/uploads\/2023\/02\/Iot-uredaj-za-detekciju-curenja-vode-WLD2-1026-5-280x280.jpg 280w\" sizes=\"auto, (max-width: 750px) 100vw, 750px\" \/>\t\t\t\t\t\t\n\t\t\t\t\t<\/div>\n\t\t\t\t\t\t\t\t\n<style>\n#image_1951109875 {\n  width: 100%;\n}\n<\/style>\n\t<\/div>\n\t\n\t\t<\/div>\n\t\t\t\t\n<style>\n#col-2047689045 > .col-inner {\n  padding: 0px 0px 0px 1em;\n}\n<\/style>\n\t<\/div>\n\n\t\n<\/div>\n<div class=\"row align-middle\"  id=\"row-1421375201\">\n\n\t<div id=\"col-977838589\" class=\"col medium-6 small-12 large-6\"  data-animate=\"fadeInRight\">\n\t\t\t\t<div class=\"col-inner\"  >\n\t\t\t\n\t\t\t\n\t<div class=\"img has-hover x md-x lg-x y md-y lg-y\" id=\"image_524439729\">\n\t\t\t\t\t\t\t\t<div class=\"img-inner dark\" >\n\t\t\t<img loading=\"lazy\" decoding=\"async\" width=\"750\" height=\"750\" src=\"https:\/\/mreze.shop\/wp-content\/uploads\/2023\/02\/Iot-uredaj-za-detekciju-curenja-vode-WLD2-1026-61.jpg\" class=\"attachment-large size-large\" alt=\"\" srcset=\"https:\/\/mreze.shop\/wp-content\/uploads\/2023\/02\/Iot-uredaj-za-detekciju-curenja-vode-WLD2-1026-61.jpg 750w, https:\/\/mreze.shop\/wp-content\/uploads\/2023\/02\/Iot-uredaj-za-detekciju-curenja-vode-WLD2-1026-61-350x350.jpg 350w, https:\/\/mreze.shop\/wp-content\/uploads\/2023\/02\/Iot-uredaj-za-detekciju-curenja-vode-WLD2-1026-61-100x100.jpg 100w, https:\/\/mreze.shop\/wp-content\/uploads\/2023\/02\/Iot-uredaj-za-detekciju-curenja-vode-WLD2-1026-61-510x510.jpg 510w, https:\/\/mreze.shop\/wp-content\/uploads\/2023\/02\/Iot-uredaj-za-detekciju-curenja-vode-WLD2-1026-61-400x400.jpg 400w, https:\/\/mreze.shop\/wp-content\/uploads\/2023\/02\/Iot-uredaj-za-detekciju-curenja-vode-WLD2-1026-61-280x280.jpg 280w\" sizes=\"auto, (max-width: 750px) 100vw, 750px\" \/>\t\t\t\t\t\t\n\t\t\t\t\t<\/div>\n\t\t\t\t\t\t\t\t\n<style>\n#image_524439729 {\n  width: 85%;\n}\n<\/style>\n\t<\/div>\n\t\n\t\t<\/div>\n\t\t\t\t\n<style>\n#col-977838589 > .col-inner {\n  padding: 0px 0px 0px 1em;\n}\n<\/style>\n\t<\/div>\n\n\t\n\n\t<div id=\"col-160648957\" class=\"col medium-6 small-12 large-6\"  data-animate=\"fadeInLeft\">\n\t\t\t\t<div class=\"col-inner\"  >\n\t\t\t\n\t\t\t\n<h2>WLD senzorski kabel<\/h2>\n<div class=\"is-divider divider clearfix\" style=\"max-width:100%;\"><\/div>\n<p>WLD senzorski kabel otkriva teku\u0107inu du\u017e cijele duljine senzorskog kabela. \u010cak i nekoliko kapi vode, etilen glikola ili druge vodljive teku\u0107ine aktivira alarm. WLD senzorski kabel mo\u017ee se ponovno koristiti (kabel se mo\u017ee o\u010distiti, osu\u0161iti i ponovno koristiti).<\/p>\n<h3><strong>Zna\u010dajke WLD senzorskog kabela:<\/strong><\/h3>\n<ul>\n<li>Bez ograni\u010denja savijanja: WLD senzorski kabel nije ograni\u010den radijusom savijanja.<\/li>\n<li>Bez ograni\u010denja uvijanja: WLD senzorski kabel mo\u017ee se uvijati kao bilo koji drugi elektri\u010dni kabel.<\/li>\n<li>Bez ograni\u010denja prianjanja: Funkcionalnost otkrivanja vode nije ograni\u010dena to\u010dkastim pritiskom unutar razumnog raspona.<\/li>\n<\/ul>\n<h3>Komponente WLD kabela<\/h3>\n<p>WLD senzorski kabel isporu\u010duje se u duljini od 2 m do 50 m i mo\u017ee se produ\u017eiti WLD produ\u017eenim kabelom bez senzora.<\/p>\n<ul>\n<li>Priklju\u010dni kabel &#8211; 2m (zelena stezaljka, 2m, Terminator)<\/li>\n<li>WLD senzorski kabel A &#8211; 2m \/ 10m \/ 50m<\/li>\n<li>WLD produ\u017eni kabel A &#8211; 5m<\/li>\n<\/ul>\n\t\t<\/div>\n\t\t\t\t\n<style>\n#col-160648957 > .col-inner {\n  padding: 0px 1em 0px 0px;\n}\n<\/style>\n\t<\/div>\n\n\t\n<\/div>\n<div class=\"row\"  id=\"row-1152326660\">\n\n\t<div id=\"col-54387577\" class=\"col medium-6 small-12 large-6\"  data-animate=\"fadeInRight\">\n\t\t\t\t<div class=\"col-inner\"  >\n\t\t\t\n\t\t\t\n<h2>Izdvojene zna\u010dajke<\/h2>\n<div class=\"is-divider divider clearfix\" style=\"max-width:100%;\"><\/div>\n<ul>\n<li>Intuitivno WWW su\u010delje za brzu i jednostavnu instalaciju.<\/li>\n<li>Podr\u0161ka za automatsku mre\u017enu konfiguraciju putem DHCP-a.<\/li>\n<li>Mogu\u0107nost komunikacije preko WiFi-a (vanjska antena za pro\u0161ireni domet, podr\u0161ka za 2.4GHz, 2.11 b\/g\/n) i Etherneta u isto vrijeme.<\/li>\n<li>Do 4 zone detekcije (svaka max. 185m), izvor curenja se mo\u017ee lak\u0161e identificirati.<\/li>\n<li>WLD2 signalizira sljede\u0107a stanja: OK \/ Flooded \/ Sensing cable fault.<\/li>\n<li>Upozorenja o poplavama mogu se slati kao standardna e-po\u0161ta ili kao tekstualna poruka (SMS) putem SMS pristupnika.<\/li>\n<li>Otkrivena curenja ili isklju\u010denja kabela senzora WLD mogu se signalizirati aktiviranjem relejnog izlaza na jedinici Poseidon2 ili Damocles2 preko Etherneta.<\/li>\n<li>WLD2 se mo\u017ee jednostavno montirati na zid ili u 19&#8221; ormari\u0107.<\/li>\n<li>Napajanje preko PoE ili vanjskog adaptera.<\/li>\n<\/ul>\n\t\t<\/div>\n\t\t\t\t\n<style>\n#col-54387577 > .col-inner {\n  padding: 0px 0px 0px 1em;\n}\n<\/style>\n\t<\/div>\n\n\t\n\n\t<div id=\"col-1873610246\" class=\"col medium-6 small-12 large-6\"  data-animate=\"fadeInLeft\">\n\t\t\t\t<div class=\"col-inner\"  >\n\t\t\t\n\t\t\t\n<h2>Primjene i upotreba<\/h2>\n<div class=\"is-divider divider clearfix\" style=\"max-width:100%;\"><\/div>\n<ul>\n<li>Detekcija vode ispod podignutih podova.<\/li>\n<li>Otkrivanje curenja cijevi (kabel omotan du\u017e cijevi).<\/li>\n<li>Za\u0161tita od poplava iz krovnih prozora \u2013 senzorski kabel polo\u017een du\u017e zidova.<\/li>\n<li>Detekcija curenja vode u posudama za kapanje.<\/li>\n<li>Detekcija curenja vode ispod izlaza klima ure\u0111aja.<\/li>\n<\/ul>\n\t\t<\/div>\n\t\t\t\t\n<style>\n#col-1873610246 > .col-inner {\n  padding: 0px 1em 0px 0px;\n}\n<\/style>\n\t<\/div>\n\n\t\n<\/div>\n\n\t<section class=\"section\" id=\"section_1585167423\">\n\t\t<div class=\"section-bg fill\" >\n\t\t\t\t\t\t\t\t\t\n\t\t\t\n\n\t\t<\/div>\n\n\t\t\t<div class=\"ux-shape-divider ux-shape-divider--top ux-shape-divider--style-tilt\">\n\t\t<svg viewBox=\"0 0 1000 100\" xmlns=\"http:\/\/www.w3.org\/2000\/svg\" preserveAspectRatio=\"none\">\n\t<path class=\"ux-shape-fill\" d=\"M1000 100V0L-40 100H1000Z\"\/>\n<\/svg>\n\t<\/div>\n\n\t<div class=\"ux-shape-divider ux-shape-divider--bottom ux-shape-divider--style-tilt\">\n\t\t<svg viewBox=\"0 0 1000 100\" xmlns=\"http:\/\/www.w3.org\/2000\/svg\" preserveAspectRatio=\"none\">\n\t<path class=\"ux-shape-fill\" d=\"M1000 100V0L-40 100H1000Z\"\/>\n<\/svg>\n\t<\/div>\n\n\t\t<div class=\"section-content relative\">\n\t\t\t\n<div class=\"row row-collapse row-full-width align-equal align-center\"  id=\"row-1412773966\">\n\n\t<div id=\"col-356106728\" class=\"col small-12 large-12\"  >\n\t\t\t\t<div class=\"col-inner text-center\"  >\n\t\t\t\n\t\t\t\n<div class=\"container section-title-container\" ><h2 class=\"section-title section-title-center\"><b aria-hidden=\"true\"><\/b><span class=\"section-title-main\" style=\"color:rgb(11, 61, 120);\">Primjeri primjene<\/span><b aria-hidden=\"true\"><\/b><\/h2><\/div>\n\t<div id=\"text-2204549375\" class=\"text\">\n\t\t\n<p class=\"lead\">Pravovremeno i rano otkrivanje curenja vode mo\u017ee sprije\u010diti nastanak zna\u010dajne \u0161tete na kriti\u010dnoj i osjetljivoj infrastrukturi<\/p>\n\t\t\n<style>\n#text-2204549375 {\n  text-align: center;\n  color: rgb(11, 61, 120);\n}\n#text-2204549375 > * {\n  color: rgb(11, 61, 120);\n}\n<\/style>\n\t<\/div>\n\t\n\t<div id=\"gap-1487183796\" class=\"gap-element clearfix\" style=\"display:block; height:auto;\">\n\t\t\n<style>\n#gap-1487183796 {\n  padding-top: 30px;\n}\n<\/style>\n\t<\/div>\n\t\n\n\t\t<div class=\"tabbed-content\">\n\t\t\t\n\t\t\t<ul class=\"nav nav-pills nav-vertical nav-uppercase nav-size-large nav-left\" role=\"tablist\"><li id=\"tab-instalacija-i-kreiranje-zona\" class=\"tab active has-icon\" role=\"presentation\"><a href=\"#tab_instalacija-i-kreiranje-zona\" role=\"tab\" aria-selected=\"true\" aria-controls=\"tab_instalacija-i-kreiranje-zona\"><span>Instalacija i kreiranje zona<\/span><\/a><\/li>\n<li id=\"tab-komunikacija-i-alarmiranje\" class=\"tab has-icon\" role=\"presentation\"><a href=\"#tab_komunikacija-i-alarmiranje\" tabindex=\"-1\" role=\"tab\" aria-selected=\"false\" aria-controls=\"tab_komunikacija-i-alarmiranje\"><span>Komunikacija i alarmiranje<\/span><\/a><\/li><\/ul><div class=\"tab-panels\"><div id=\"tab_instalacija-i-kreiranje-zona\" class=\"panel active entry-content\" role=\"tabpanel\" aria-labelledby=\"tab-instalacija-i-kreiranje-zona\">\n\t<div id=\"text-2635682291\" class=\"text\">\n\t\t\n<h4>Instalacija WLD2 i kreiranje zona<\/h4>\n<p>Detekcija curenja vode sa senzorskim kabelom je skuplja od detekcije vode na licu mjesta. Me\u0111utim, WLD omogu\u0107uje mnogo br\u017eu reakciju na bilo kakvu vodu u prostoriji. Zahvaljuju\u0107i ranom uzbunjivanju mogu se izbje\u0107i zna\u010dajne \u0161tete na IT ili drugoj infrastrukturi. Detekcija curenja vode sa senzorskim kabelom preporu\u010duje se u IT-u, podatkovnim centrima, tehnologiji, medicinskom sektoru ili bilo gdje drugdje, gdje bi bilo kakvo o\u0161te\u0107enje vodom bilo vrlo skupo.<\/p>\n<p>Ispravno otkrivanje curenja vode s senzorskim kabelom poma\u017ee vam u izbjegavanju skupih \u0161teta zahvaljuju\u0107i ranom upozorenju koje se aktivira nakon prvih nekoliko kapi teku\u0107ine. Saznajte vi\u0161e o razlici izme\u0111u WLD sustava sa senzorskim kabelom i otkrivanja vodenih mrlja u bilje\u0161ci o aplikaciji.<\/p>\n<ul>\n<li>Jednostavna i brza instalacija zahvaljuju\u0107i intuitivnom web su\u010delju;<\/li>\n<li>podr\u0161ka za automatsku mre\u017enu konfiguraciju putem DHCP-a<\/li>\n<li>podr\u017eava stvaranje do 4 WLD zone tako da se izvor curenja mo\u017ee lak\u0161e identificirati<\/li>\n<li>svaka zona mo\u017ee biti duga do 185 m, senzorski kabeli max. 85 m za svaku zonu<\/li>\n<\/ul>\n<p><img loading=\"lazy\" decoding=\"async\" class=\"size-large wp-image-1105 aligncenter\" src=\"https:\/\/mreze.shop\/wp-content\/uploads\/2023\/02\/1026-3-1033x800.png\" alt=\"\" width=\"1020\" height=\"790\" srcset=\"https:\/\/mreze.shop\/wp-content\/uploads\/2023\/02\/1026-3-1033x800.png 1033w, https:\/\/mreze.shop\/wp-content\/uploads\/2023\/02\/1026-3-750x581.png 750w, https:\/\/mreze.shop\/wp-content\/uploads\/2023\/02\/1026-3-517x400.png 517w, https:\/\/mreze.shop\/wp-content\/uploads\/2023\/02\/1026-3-768x594.png 768w, https:\/\/mreze.shop\/wp-content\/uploads\/2023\/02\/1026-3.png 1350w\" sizes=\"auto, (max-width: 1020px) 100vw, 1020px\" \/><\/p>\n\t\t\n<style>\n#text-2635682291 {\n  text-align: left;\n  color: rgb(11, 61, 120);\n}\n#text-2635682291 > * {\n  color: rgb(11, 61, 120);\n}\n<\/style>\n\t<\/div>\n\t\n<\/div>\n<div id=\"tab_komunikacija-i-alarmiranje\" class=\"panel entry-content\" role=\"tabpanel\" aria-labelledby=\"tab-komunikacija-i-alarmiranje\">\n\t<div id=\"text-1749996924\" class=\"text\">\n\t\t\n<h4>Komunkacija i alarmiranje<\/h4>\n<p><img loading=\"lazy\" decoding=\"async\" class=\"alignnone size-large wp-image-1107 aligncenter\" src=\"https:\/\/mreze.shop\/wp-content\/uploads\/2023\/02\/1026-2-983x800.png\" alt=\"\" width=\"983\" height=\"800\" srcset=\"https:\/\/mreze.shop\/wp-content\/uploads\/2023\/02\/1026-2-983x800.png 983w, https:\/\/mreze.shop\/wp-content\/uploads\/2023\/02\/1026-2-750x610.png 750w, https:\/\/mreze.shop\/wp-content\/uploads\/2023\/02\/1026-2-492x400.png 492w, https:\/\/mreze.shop\/wp-content\/uploads\/2023\/02\/1026-2-768x625.png 768w, https:\/\/mreze.shop\/wp-content\/uploads\/2023\/02\/1026-2.png 1475w\" sizes=\"auto, (max-width: 983px) 100vw, 983px\" \/><\/p>\n\t\t\n<style>\n#text-1749996924 {\n  text-align: left;\n  color: #0b3d78;\n}\n#text-1749996924 > * {\n  color: #0b3d78;\n}\n<\/style>\n\t<\/div>\n\t\n<\/div><\/div><\/div>\n\t\t<\/div>\n\t\t\t\t\n<style>\n#col-356106728 > .col-inner {\n  padding: 3em 0px 3em 0px;\n}\n<\/style>\n\t<\/div>\n\n\t\n<\/div>\n\t\t<\/div>\n\n\t\t\n<style>\n#section_1585167423 {\n  padding-top: 100px;\n  padding-bottom: 100px;\n  background-color: rgb(238, 238, 238);\n}\n#section_1585167423 .ux-shape-divider--top svg {\n  height: 150px;\n  --divider-top-width: 187%;\n}\n#section_1585167423 .ux-shape-divider--top .ux-shape-fill {\n  fill: rgb(255,255,255);\n}\n#section_1585167423 .ux-shape-divider--bottom svg {\n  height: 150px;\n  --divider-width: 187%;\n}\n<\/style>\n\t<\/section>\n\t\n","protected":false},"excerpt":{"rendered":"<p>SD-WLD2 je <strong>samostalna<\/strong> jedinica za daljinsku detekciju curenja vode pomo\u0107u WLD senzorskog kabela. Ure\u0111aj podr\u017eava samostalno slanje upozorenja pa mo\u017ee raditi i bez spajanja na IoT portal.<\/p>\n<ul>\n<li>podr\u0161ka za WWW, SNMP, email te kompatibilnost sa SensDesk portalima<\/li>\n<li>4 zone detekcije (do 185m duljine kablela)<\/li>\n<li>detekcija ve\u0107 nekoliko kapljica vode na cijeloj duljini kabela<\/li>\n<\/ul>\n<p>&nbsp;<\/p>\n","protected":false},"featured_media":4138,"template":"","meta":[],"product_brand":[],"product_cat":[192],"product_tag":[],"class_list":{"0":"post-4137","1":"product","2":"type-product","3":"status-publish","4":"has-post-thumbnail","6":"product_cat-iot-uredaji-za-nadzor-i-upravljanje","7":"product_shipping_class-dostava-prema-ponudi","9":"first","10":"instock","11":"taxable","12":"shipping-taxable","13":"purchasable","14":"product-type-simple"},"_links":{"self":[{"href":"https:\/\/mreze.shop\/bs\/wp-json\/wp\/v2\/product\/4137","targetHints":{"allow":["GET"]}}],"collection":[{"href":"https:\/\/mreze.shop\/bs\/wp-json\/wp\/v2\/product"}],"about":[{"href":"https:\/\/mreze.shop\/bs\/wp-json\/wp\/v2\/types\/product"}],"wp:featuredmedia":[{"embeddable":true,"href":"https:\/\/mreze.shop\/bs\/wp-json\/wp\/v2\/media\/4138"}],"wp:attachment":[{"href":"https:\/\/mreze.shop\/bs\/wp-json\/wp\/v2\/media?parent=4137"}],"wp:term":[{"taxonomy":"product_brand","embeddable":true,"href":"https:\/\/mreze.shop\/bs\/wp-json\/wp\/v2\/product_brand?post=4137"},{"taxonomy":"product_cat","embeddable":true,"href":"https:\/\/mreze.shop\/bs\/wp-json\/wp\/v2\/product_cat?post=4137"},{"taxonomy":"product_tag","embeddable":true,"href":"https:\/\/mreze.shop\/bs\/wp-json\/wp\/v2\/product_tag?post=4137"}],"curies":[{"name":"wp","href":"https:\/\/api.w.org\/{rel}","templated":true}]}}