{"id":4134,"date":"2023-02-07T17:29:11","date_gmt":"2023-02-07T16:29:11","guid":{"rendered":"https:\/\/mreze.shop\/proizvod\/opticki-detektor-dima-fdr26-hw-group\/"},"modified":"2023-12-07T14:28:41","modified_gmt":"2023-12-07T13:28:41","slug":"opticki-detektor-dima-fdr26-hw-group","status":"publish","type":"product","link":"https:\/\/mreze.shop\/bs\/proizvod\/opticki-detektor-dima-fdr26-hw-group\/","title":{"rendered":"Opti\u010dki detektor dima FDR26, HW group"},"content":{"rendered":"\t<div id=\"gap-216051465\" class=\"gap-element clearfix\" style=\"display:block; height:auto;\">\n\t\t\n<style>\n#gap-216051465 {\n  padding-top: 30px;\n}\n<\/style>\n\t<\/div>\n\t\n<div class=\"row\"  id=\"row-890173036\">\n\n\t<div id=\"col-889526212\" class=\"col medium-6 small-12 large-6\"  data-animate=\"fadeInLeft\">\n\t\t\t\t<div class=\"col-inner\"  >\n\t\t\t\n\t\t\t\n<h2>U\u010dinkovita detekcija dima i signaliziranje po\u017eara<\/h2>\n<div class=\"is-divider divider clearfix\" style=\"max-width:100%;\"><\/div>\n<p>Opti\u010dki detektor dima FDR26 za detekciju dima i signalizaciju po\u017earnog alarma. Detektor koristi opti\u010dku detektorsku komoru za detekciju produkata izgaranja u zraku. Ne reagira na promjene temperature. Opti\u010dki detektor je prikladan za sve prostorije s fluktuiraju\u0107om temperaturom, kao \u0161to su IT poslu\u017eiteljske sobe, telefonski sustavi, obrada hrane, kotlovnice itd.<\/p>\n<h2>Izdvojene zna\u010dajke<\/h2>\n<div class=\"is-divider divider clearfix\" style=\"max-width:100%;\"><\/div>\n<ul>\n<li>Detekcija dima<\/li>\n<li>Crveni LED indikator alarma<\/li>\n<\/ul>\n\t\t<\/div>\n\t\t\t\t\n<style>\n#col-889526212 > .col-inner {\n  padding: 0px 1em 0px 0px;\n}\n<\/style>\n\t<\/div>\n\n\t\n\n\t<div id=\"col-144105059\" class=\"col medium-6 small-12 large-6\"  data-animate=\"fadeInRight\">\n\t\t\t\t<div class=\"col-inner\"  >\n\t\t\t\n\t\t\t\n<h2>Primjene i upotreba<\/h2>\n<div class=\"is-divider divider clearfix\" style=\"max-width:100%;\"><\/div>\n<ul>\n<li>IT\/Telco sustavi &#8211; server sobe<\/li>\n<li>Kuhinja\/prerada hrane<\/li>\n<li>Kotlovnice<\/li>\n<\/ul>\n\t\t<\/div>\n\t\t\t\t\n<style>\n#col-144105059 > .col-inner {\n  padding: 0px 0px 0px 1em;\n}\n<\/style>\n\t<\/div>\n\n\t\n<\/div>\n","protected":false},"excerpt":{"rendered":"<p>Opti\u010dki detektor dima FDR26 dizajniran je za detekciju dima i signalizaciju po\u017earnog alarma. Ako detektor osjeti dim, aktivira se relej. FDR26 ne reagira na temperaturne promjene pa je pogodan je za ugradnju u podatkovnim centrima i telefonskim sobama.<\/p>\n<ul>\n<li>1 x relej 50V (500 mA)<\/li>\n<li>kompatibilno sa HWG Ares, Poseidon i Damocles2 IoT ure\u0111ajima<\/li>\n<\/ul>\n<p>&nbsp;<\/p>\n<p>&nbsp;<\/p>\n","protected":false},"featured_media":4135,"template":"","meta":[],"product_brand":[],"product_cat":[191],"product_tag":[],"class_list":{"0":"post-4134","1":"product","2":"type-product","3":"status-publish","4":"has-post-thumbnail","6":"product_cat-iot-senzori-i-detektori-bs","7":"product_shipping_class-dostava-prema-ponudi","9":"first","10":"instock","11":"taxable","12":"shipping-taxable","13":"purchasable","14":"product-type-simple"},"_links":{"self":[{"href":"https:\/\/mreze.shop\/bs\/wp-json\/wp\/v2\/product\/4134","targetHints":{"allow":["GET"]}}],"collection":[{"href":"https:\/\/mreze.shop\/bs\/wp-json\/wp\/v2\/product"}],"about":[{"href":"https:\/\/mreze.shop\/bs\/wp-json\/wp\/v2\/types\/product"}],"wp:featuredmedia":[{"embeddable":true,"href":"https:\/\/mreze.shop\/bs\/wp-json\/wp\/v2\/media\/4135"}],"wp:attachment":[{"href":"https:\/\/mreze.shop\/bs\/wp-json\/wp\/v2\/media?parent=4134"}],"wp:term":[{"taxonomy":"product_brand","embeddable":true,"href":"https:\/\/mreze.shop\/bs\/wp-json\/wp\/v2\/product_brand?post=4134"},{"taxonomy":"product_cat","embeddable":true,"href":"https:\/\/mreze.shop\/bs\/wp-json\/wp\/v2\/product_cat?post=4134"},{"taxonomy":"product_tag","embeddable":true,"href":"https:\/\/mreze.shop\/bs\/wp-json\/wp\/v2\/product_tag?post=4134"}],"curies":[{"name":"wp","href":"https:\/\/api.w.org\/{rel}","templated":true}]}}