{"id":4130,"date":"2023-02-08T16:01:52","date_gmt":"2023-02-08T15:01:52","guid":{"rendered":"https:\/\/mreze.shop\/proizvod\/detektor-vibracija-ss14-hw-group\/"},"modified":"2023-12-07T14:27:52","modified_gmt":"2023-12-07T13:27:52","slug":"detektor-vibracija-ss14-hw-group","status":"publish","type":"product","link":"https:\/\/mreze.shop\/bs\/proizvod\/detektor-vibracija-ss14-hw-group\/","title":{"rendered":"Detektor vibracija SS14, HW group"},"content":{"rendered":"\t<div id=\"gap-1274537424\" class=\"gap-element clearfix\" style=\"display:block; height:auto;\">\n\t\t\n<style>\n#gap-1274537424 {\n  padding-top: 30px;\n}\n<\/style>\n\t<\/div>\n\t\n<div class=\"row\"  id=\"row-1008118193\">\n\n\t<div id=\"col-1097240621\" class=\"col medium-6 small-12 large-6\"  data-animate=\"fadeInLeft\">\n\t\t\t\t<div class=\"col-inner\"  >\n\t\t\t\n\t\t\t\n<h2>U\u010dinkovita za\u0161tita kriti\u010dnih prostorija<\/h2>\n<div class=\"is-divider divider clearfix\" style=\"max-width:100%;\"><\/div>\n<p>SS14 je ure\u0111aj za detekciju udaraca i vibracija. Koristi se za za\u0161titu armatura, prozora, kutija ili bilo kojeg prolaza gdje je potrebno otkriti poku\u0161aji provale vibracijama ili jakim udarima. Tako\u0111er je opremljen zasebnim drugim reed kontaktom koji je normalno zatvoren.<\/p>\n<h2>Izdvojene zna\u010dajke<\/h2>\n<div class=\"is-divider divider clearfix\" style=\"max-width:100%;\"><\/div>\n<ul>\n<li>Dimenzije 77x36x20 mm<\/li>\n<li>13,8 Vcc napajanje<\/li>\n<li>Struja u stanju mirovanja &#8211; 9mA<\/li>\n<li>Maksimalna struja &#8211; 18mA<\/li>\n<li>RFI za\u0161tita 30V\/m (20 MHz &#8211; 2000 MHz)<\/li>\n<li>Tamper kontakt 0,2 A &#8211; 24 Vcc<\/li>\n<li>Alarmni kontakt Max 40 mA &#8211; 30 Vcc<\/li>\n<li>Temperatura -20\u00b0C do +50\u00b0C<\/li>\n<li>ABS ku\u0107i\u0161te<\/li>\n<\/ul>\n\t\t<\/div>\n\t\t\t\t\n<style>\n#col-1097240621 > .col-inner {\n  padding: 0px 1em 0px 0px;\n}\n<\/style>\n\t<\/div>\n\n\t\n\n\t<div id=\"col-2107483289\" class=\"col medium-6 small-12 large-6\"  data-animate=\"fadeInRight\">\n\t\t\t\t<div class=\"col-inner\"  >\n\t\t\t\n\t\t\t\n<h2>Primjene i upotreba<\/h2>\n<div class=\"is-divider divider clearfix\" style=\"max-width:100%;\"><\/div>\n<ul>\n<li>Otkrivanje upada<\/li>\n<li>Detekcija vibracija<\/li>\n<\/ul>\n\t\t<\/div>\n\t\t\t\t\n<style>\n#col-2107483289 > .col-inner {\n  padding: 0px 0px 0px 1em;\n}\n<\/style>\n\t<\/div>\n\n\t\n<\/div>\n","protected":false},"excerpt":{"rendered":"<p>Detektor vibracija SS14 dizajniran je za detekciju udaraca koji se mo\u017ee podesiti na razli\u010dite razine osjetljivosti.<\/p>\n<ul>\n<li>Kompatibilan s HWG Ares, Damocles2, Damocles i Poseison2 IoT ure\u0111ajima<\/li>\n<li>izlaz: otvoreni kolektor 24V(DV)\/60 V(AC)<\/li>\n<\/ul>\n<p>&nbsp;<\/p>\n<p>&nbsp;<\/p>\n","protected":false},"featured_media":4131,"template":"","meta":[],"product_brand":[],"product_cat":[191],"product_tag":[],"class_list":{"0":"post-4130","1":"product","2":"type-product","3":"status-publish","4":"has-post-thumbnail","6":"product_cat-iot-senzori-i-detektori-bs","7":"product_shipping_class-dostava-prema-ponudi","9":"first","10":"instock","11":"taxable","12":"shipping-taxable","13":"purchasable","14":"product-type-simple"},"_links":{"self":[{"href":"https:\/\/mreze.shop\/bs\/wp-json\/wp\/v2\/product\/4130","targetHints":{"allow":["GET"]}}],"collection":[{"href":"https:\/\/mreze.shop\/bs\/wp-json\/wp\/v2\/product"}],"about":[{"href":"https:\/\/mreze.shop\/bs\/wp-json\/wp\/v2\/types\/product"}],"wp:featuredmedia":[{"embeddable":true,"href":"https:\/\/mreze.shop\/bs\/wp-json\/wp\/v2\/media\/4131"}],"wp:attachment":[{"href":"https:\/\/mreze.shop\/bs\/wp-json\/wp\/v2\/media?parent=4130"}],"wp:term":[{"taxonomy":"product_brand","embeddable":true,"href":"https:\/\/mreze.shop\/bs\/wp-json\/wp\/v2\/product_brand?post=4130"},{"taxonomy":"product_cat","embeddable":true,"href":"https:\/\/mreze.shop\/bs\/wp-json\/wp\/v2\/product_cat?post=4130"},{"taxonomy":"product_tag","embeddable":true,"href":"https:\/\/mreze.shop\/bs\/wp-json\/wp\/v2\/product_tag?post=4130"}],"curies":[{"name":"wp","href":"https:\/\/api.w.org\/{rel}","templated":true}]}}