{"id":4128,"date":"2023-02-08T16:23:13","date_gmt":"2023-02-08T15:23:13","guid":{"rendered":"https:\/\/mreze.shop\/proizvod\/senzor-protoka-zraka-5101-hw-group\/"},"modified":"2023-12-07T14:27:11","modified_gmt":"2023-12-07T13:27:11","slug":"senzor-protoka-zraka-5101-hw-group","status":"publish","type":"product","link":"https:\/\/mreze.shop\/bs\/proizvod\/senzor-protoka-zraka-5101-hw-group\/","title":{"rendered":"Senzor protoka zraka 5101, HW group"},"content":{"rendered":"\t<div id=\"gap-1263685088\" class=\"gap-element clearfix\" style=\"display:block; height:auto;\">\n\t\t\n<style>\n#gap-1263685088 {\n  padding-top: 30px;\n}\n<\/style>\n\t<\/div>\n\t\n<div class=\"row\"  id=\"row-718746782\">\n\n\t<div id=\"col-2031186697\" class=\"col medium-6 small-12 large-6\"  data-animate=\"fadeInLeft\">\n\t\t\t\t<div class=\"col-inner\"  >\n\t\t\t\n\t\t\t\n<h2>Nadzor HVAC sustava, detekcija vjetra i ventilacije<\/h2>\n<div class=\"is-divider divider clearfix\" style=\"max-width:100%;\"><\/div>\n<p>Kalorimetrijski senzor SL5101 detektira protok zraka ispod ili iznad odre\u0111enog praga u rasponu od 1 do 10 m\/s, a njegov izlaz je normalno otvoreni relejni kontakt. Senzor treba napajanje od 24 VDC.<\/p>\n<h4>Parametri senzora<\/h4>\n<ul>\n<li>Funkcija: Kontakt izlaznog releja se zatvara ako protok zraka prije\u0111e odre\u0111eni prag<\/li>\n<li>Napajanje: 24VDC \u00b1 25 %, 1VA<\/li>\n<li>Dimenzije: L=140mm, \u00d8=23mm<\/li>\n<li>Monta\u017ea: Nosa\u010d za monta\u017eu je uklju\u010den<\/li>\n<\/ul>\n<h4>Input<\/h4>\n<ul>\n<li>Gradijent temperature: 5K\/min<\/li>\n<li>Otpornost na pritisak: 1 bar<\/li>\n<li>Temperatura plina: -10&#8230;50\u00b0C<\/li>\n<li>Podesivi raspon: 100&#8230;1000 cm\/s<\/li>\n<li>Najve\u0107a osjetljivost: 100&#8230;400 cm\/s<\/li>\n<li>Maks. dopu\u0161tena relativna vla\u017enost zraka: 90%<\/li>\n<li>Konfiguracija praga: potenciometar<\/li>\n<li>Odgoda uklju\u010divanja: 60s<\/li>\n<li>Vrijeme odziva: 3&#8230;60s<\/li>\n<li>Temperatura okoline: -10&#8230;50 \u00b0C<\/li>\n<\/ul>\n<h4>Output<\/h4>\n<ul>\n<li>Oznaka kontakta: 3A (30 VDC \/ 250 VAC)<\/li>\n<li>Poklopac: IP 65<\/li>\n<li>Materijal pokrova: PBT (Pocan)<\/li>\n<li>Materijal podru\u010dja aktivnog senzora: Titan<\/li>\n<li>Indikatori funkcija: LED 1 x crvena; 1 x zelena<\/li>\n<li>Kabeli: PUR \/<\/li>\n<\/ul>\n\t\t<\/div>\n\t\t\t\t\n<style>\n#col-2031186697 > .col-inner {\n  padding: 0px 1em 0px 0px;\n}\n<\/style>\n\t<\/div>\n\n\t\n\n\t<div id=\"col-400573532\" class=\"col medium-6 small-12 large-6\"  data-animate=\"fadeInRight\">\n\t\t\t\t<div class=\"col-inner\"  >\n\t\t\t\n\t\t\t\n<h2>Izdvojene zna\u010dajke<\/h2>\n<div class=\"is-divider divider clearfix\" style=\"max-width:100%;\"><\/div>\n<ul>\n<li>Senzor prebacuje relej kada protok zraka poraste iznad pode\u0161ene razine<\/li>\n<li>Ulazni napon 24V DC, 1VA<\/li>\n<li>Duljina tijela 140 mm, promjer 23 mm<\/li>\n<\/ul>\n<h2>Primjene i upotreba<\/h2>\n<div class=\"is-divider divider clearfix\" style=\"max-width:100%;\"><\/div>\n<ul>\n<li>Detekcija rada ventilacije<\/li>\n<li>Nadzor HVAC sustava<\/li>\n<li>Detekcija vjetra<\/li>\n<\/ul>\n\t\t<\/div>\n\t\t\t\t\n<style>\n#col-400573532 > .col-inner {\n  padding: 0px 0px 0px 1em;\n}\n<\/style>\n\t<\/div>\n\n\t\n<\/div>\n","protected":false},"excerpt":{"rendered":"<p>Kalorimetrijski senzor SL5101 detektira protok zraka ispod ili iznad odre\u0111enog praga u rasponu od 1 do 10 m\/s, a njegov izlaz je normalno otvoreni relejni kontakt. Senzor treba napajanje od 24 VDC.<\/p>\n<p>&nbsp;<\/p>\n<p>&nbsp;<\/p>\n","protected":false},"featured_media":4129,"template":"","meta":[],"product_brand":[],"product_cat":[191],"product_tag":[],"class_list":{"0":"post-4128","1":"product","2":"type-product","3":"status-publish","4":"has-post-thumbnail","6":"product_cat-iot-senzori-i-detektori-bs","7":"product_shipping_class-dostava-prema-ponudi","9":"first","10":"instock","11":"taxable","12":"shipping-taxable","13":"purchasable","14":"product-type-simple"},"_links":{"self":[{"href":"https:\/\/mreze.shop\/bs\/wp-json\/wp\/v2\/product\/4128","targetHints":{"allow":["GET"]}}],"collection":[{"href":"https:\/\/mreze.shop\/bs\/wp-json\/wp\/v2\/product"}],"about":[{"href":"https:\/\/mreze.shop\/bs\/wp-json\/wp\/v2\/types\/product"}],"wp:featuredmedia":[{"embeddable":true,"href":"https:\/\/mreze.shop\/bs\/wp-json\/wp\/v2\/media\/4129"}],"wp:attachment":[{"href":"https:\/\/mreze.shop\/bs\/wp-json\/wp\/v2\/media?parent=4128"}],"wp:term":[{"taxonomy":"product_brand","embeddable":true,"href":"https:\/\/mreze.shop\/bs\/wp-json\/wp\/v2\/product_brand?post=4128"},{"taxonomy":"product_cat","embeddable":true,"href":"https:\/\/mreze.shop\/bs\/wp-json\/wp\/v2\/product_cat?post=4128"},{"taxonomy":"product_tag","embeddable":true,"href":"https:\/\/mreze.shop\/bs\/wp-json\/wp\/v2\/product_tag?post=4128"}],"curies":[{"name":"wp","href":"https:\/\/api.w.org\/{rel}","templated":true}]}}