{"id":4122,"date":"2023-02-08T16:35:58","date_gmt":"2023-02-08T15:35:58","guid":{"rendered":"https:\/\/mreze.shop\/proizvod\/sonda-za-mjerenje-vlaznosti-humid-1wire-hw-group\/"},"modified":"2023-12-07T14:27:11","modified_gmt":"2023-12-07T13:27:11","slug":"sonda-za-mjerenje-vlaznosti-humid-1wire-hw-group","status":"publish","type":"product","link":"https:\/\/mreze.shop\/bs\/proizvod\/sonda-za-mjerenje-vlaznosti-humid-1wire-hw-group\/","title":{"rendered":"Sonda za mjerenje vla\u017enosti Humid-1Wire, HW group"},"content":{"rendered":"\t<div id=\"gap-307037686\" class=\"gap-element clearfix\" style=\"display:block; height:auto;\">\n\t\t\n<style>\n#gap-307037686 {\n  padding-top: 30px;\n}\n<\/style>\n\t<\/div>\n\t\n<div class=\"row\"  id=\"row-1139991765\">\n\n\t<div id=\"col-1938732743\" class=\"col medium-6 small-12 large-6\"  data-animate=\"fadeInLeft\">\n\t\t\t\t<div class=\"col-inner\"  >\n\t\t\t\n\t\t\t\n<h2>Mjerenje vla\u017enosti u svim IT, ku\u0107nim i industrijskim okru\u017eenjima<\/h2>\n<div class=\"is-divider divider clearfix\" style=\"max-width:100%;\"><\/div>\n<p>Sonda za vla\u017enost (0 &#8211; 100% RH) namijenjena za IT okru\u017eenje, za ugradnju u IT ormare (rackove). Jednostavan digitalni senzor vlage za unutarnju upotrebu koji komunicira preko 1-Wire sabirnice. Humid-1Wire dizajniran je za spajanje na Poseidon, Ares i HWg-STE ure\u0111aje.<\/p>\n<p>&nbsp;<\/p>\n<h2>Izdvojene zna\u010dajke<\/h2>\n<div class=\"is-divider divider clearfix\" style=\"max-width:100%;\"><\/div>\n<ul>\n<li>Sonda za vla\u017enost (0 &#8211; 100% RH)<\/li>\n<li>Mjerenje vla\u017enosti u svim IT, ku\u0107nim i industrijskim okru\u017eenjima<\/li>\n<li>Sonda za vla\u017enost za ugradnju na IT police<\/li>\n<\/ul>\n\t\t<\/div>\n\t\t\t\t\n<style>\n#col-1938732743 > .col-inner {\n  padding: 0px 1em 0px 0px;\n}\n<\/style>\n\t<\/div>\n\n\t\n\n\t<div id=\"col-1213792549\" class=\"col medium-6 small-12 large-6\"  data-animate=\"fadeInRight\">\n\t\t\t\t<div class=\"col-inner\"  >\n\t\t\t\n\t\t\t\n<h2>Upotreba<\/h2>\n<div class=\"is-divider divider clearfix\" style=\"max-width:100%;\"><\/div>\n<p>Pra\u0107enje vla\u017enosti u IT prostorijama i raznim drugim okru\u017eenjima<\/p>\n\t\t<\/div>\n\t\t\t\t\n<style>\n#col-1213792549 > .col-inner {\n  padding: 0px 0px 0px 1em;\n}\n<\/style>\n\t<\/div>\n\n\t\n<\/div>\n","protected":false},"excerpt":{"rendered":"<p>Sonda za detekciju vla\u017enosti namjenjena upotrebi s Poseidon, Ares i HWg-STE IoT ure\u0111ajima.<\/p>\n<ul>\n<li>relativna vla\u017enost (RH) 0% do 100%<\/li>\n<li>1 metar, 3 metra ili 10 metara<\/li>\n<\/ul>\n","protected":false},"featured_media":4123,"template":"","meta":[],"product_brand":[],"product_cat":[191],"product_tag":[],"class_list":{"0":"post-4122","1":"product","2":"type-product","3":"status-publish","4":"has-post-thumbnail","6":"product_cat-iot-senzori-i-detektori-bs","7":"product_shipping_class-dostava-prema-ponudi","9":"first","10":"onbackorder","11":"taxable","12":"shipping-taxable","13":"purchasable","14":"product-type-simple"},"_links":{"self":[{"href":"https:\/\/mreze.shop\/bs\/wp-json\/wp\/v2\/product\/4122","targetHints":{"allow":["GET"]}}],"collection":[{"href":"https:\/\/mreze.shop\/bs\/wp-json\/wp\/v2\/product"}],"about":[{"href":"https:\/\/mreze.shop\/bs\/wp-json\/wp\/v2\/types\/product"}],"wp:featuredmedia":[{"embeddable":true,"href":"https:\/\/mreze.shop\/bs\/wp-json\/wp\/v2\/media\/4123"}],"wp:attachment":[{"href":"https:\/\/mreze.shop\/bs\/wp-json\/wp\/v2\/media?parent=4122"}],"wp:term":[{"taxonomy":"product_brand","embeddable":true,"href":"https:\/\/mreze.shop\/bs\/wp-json\/wp\/v2\/product_brand?post=4122"},{"taxonomy":"product_cat","embeddable":true,"href":"https:\/\/mreze.shop\/bs\/wp-json\/wp\/v2\/product_cat?post=4122"},{"taxonomy":"product_tag","embeddable":true,"href":"https:\/\/mreze.shop\/bs\/wp-json\/wp\/v2\/product_tag?post=4122"}],"curies":[{"name":"wp","href":"https:\/\/api.w.org\/{rel}","templated":true}]}}