{"id":4118,"date":"2023-02-09T13:37:38","date_gmt":"2023-02-09T12:37:38","guid":{"rendered":"https:\/\/mreze.shop\/proizvod\/pir-detektor-pokreta-js-20-hw-group\/"},"modified":"2023-12-07T14:25:23","modified_gmt":"2023-12-07T13:25:23","slug":"pir-detektor-pokreta-js-20-hw-group","status":"publish","type":"product","link":"https:\/\/mreze.shop\/bs\/proizvod\/pir-detektor-pokreta-js-20-hw-group\/","title":{"rendered":"PIR detektor pokreta JS-20, HW group"},"content":{"rendered":"\t<div id=\"gap-370310834\" class=\"gap-element clearfix\" style=\"display:block; height:auto;\">\n\t\t\n<style>\n#gap-370310834 {\n  padding-top: 30px;\n}\n<\/style>\n\t<\/div>\n\t\n<div class=\"row\"  id=\"row-1713384254\">\n\n\t<div id=\"col-946115639\" class=\"col medium-6 small-12 large-6\"  data-animate=\"fadeInLeft\">\n\t\t\t\t<div class=\"col-inner\"  >\n\t\t\t\n\t\t\t\n<h2>Izvrsna osjetljivost i visoka otpornost na la\u017ene alarme<\/h2>\n<div class=\"is-divider divider clearfix\" style=\"max-width:100%;\"><\/div>\n<p>Koristi vi\u0161estruku metodu analize signala. Time se posti\u017ee izvrsna osjetljivost i visoka otpornost na la\u017ene alarme. Analize detekcije mogu se pove\u0107ati podesivim skaka\u010dem (u slu\u010daju da je proizvod montiran na problemati\u010dnim mjestima). U detektoru mo\u017eete zamijeniti standardnu \u200b\u200ble\u0107u dugog hodnika ili le\u0107u sa slobodnom podnom zonom (kako bi se omogu\u0107ilo kretanje doma\u0107ih \u017eivotinja). Za visoku povezivost, proizvod je opremljen besplatnim parom terminala. (GBS). Detektor se isti\u010de izvrsnom RF otporno\u0161\u0107u i drugim la\u017enim signalima. Mo\u017ee se montirati na ravan zid ili u kut.<\/p>\n<h2>Tehni\u010dki parametri<\/h2>\n<div class=\"is-divider divider clearfix\" style=\"max-width:100%;\"><\/div>\n<ul>\n<li>Napajanje: 12 V DC \u00b1 25% &#8211; Potro\u0161nja (bez LED): max.10 mA, Najve\u0107a potro\u0161nja (uklju\u010duju\u0107i LED): max. 35 mA<\/li>\n<li>Maksimalni presjek vodi\u010da: 1 mm2<\/li>\n<li>Preporu\u010dena visina ugradnje: 2,5 m iznad razine poda<\/li>\n<li>Kut detekcije \/ radijus osjetljivosti: 120\u00b0 \/ 12 m (sa standardnom le\u0107om)<\/li>\n<li>Vrijeme stabilizacije nakon uklju\u010divanja: max. 180 s<\/li>\n<li>Nosivost struje PIR izlaza: sklopka max. 60V \/ 50 mA unutarnji otpor max.30 Ohm<\/li>\n<li>Nosivost struje TMP izlaza: sklopka max. 60 V \/ 50 mA unutarnji otpor max.16 Ohm<\/li>\n<li>Raspon radne temperature: -10 do +55 \u00b0C<\/li>\n<li>Mjesto prema CSN EN 50131-1 II. zatvoreni general<\/li>\n<li>Razvrstavanje prema CSN EN 50131-1 klasa 2. (srednja opasnost)<\/li>\n<li>Proizvod ispunjava oznaku europske sukladnosti CE<\/li>\n<\/ul>\n\t\t<\/div>\n\t\t\t\t\n<style>\n#col-946115639 > .col-inner {\n  padding: 0px 1em 0px 0px;\n}\n<\/style>\n\t<\/div>\n\n\t\n\n\t<div id=\"col-891214677\" class=\"col medium-4 small-12 large-4\"  >\n\t\t\t\t<div class=\"col-inner\"  >\n\t\t\t\n\t\t\t\n\t<div class=\"img has-hover x md-x lg-x y md-y lg-y\" id=\"image_1500969085\">\n\t\t\t\t\t\t\t\t<div class=\"img-inner dark\" >\n\t\t\t<img loading=\"lazy\" decoding=\"async\" width=\"750\" height=\"750\" src=\"https:\/\/mreze.shop\/wp-content\/uploads\/2023\/02\/PIT-detektor-pokreta-1050-2.jpg\" class=\"attachment-large size-large\" alt=\"\" srcset=\"https:\/\/mreze.shop\/wp-content\/uploads\/2023\/02\/PIT-detektor-pokreta-1050-2.jpg 750w, https:\/\/mreze.shop\/wp-content\/uploads\/2023\/02\/PIT-detektor-pokreta-1050-2-350x350.jpg 350w, https:\/\/mreze.shop\/wp-content\/uploads\/2023\/02\/PIT-detektor-pokreta-1050-2-100x100.jpg 100w, https:\/\/mreze.shop\/wp-content\/uploads\/2023\/02\/PIT-detektor-pokreta-1050-2-510x510.jpg 510w, https:\/\/mreze.shop\/wp-content\/uploads\/2023\/02\/PIT-detektor-pokreta-1050-2-400x400.jpg 400w, https:\/\/mreze.shop\/wp-content\/uploads\/2023\/02\/PIT-detektor-pokreta-1050-2-280x280.jpg 280w\" sizes=\"auto, (max-width: 750px) 100vw, 750px\" \/>\t\t\t\t\t\t\n\t\t\t\t\t<\/div>\n\t\t\t\t\t\t\t\t\n<style>\n#image_1500969085 {\n  width: 100%;\n}\n<\/style>\n\t<\/div>\n\t\n\t\t<\/div>\n\t\t\t\t\t<\/div>\n\n\t\n<\/div>\n","protected":false},"excerpt":{"rendered":"<p>PIR detektor pokreta JS-20 namijenjen je za\u0161titi imovine. Koristi vi\u0161estruku metodu analize signala. Za visoku povezivost, proizvod je opremljen besplatnim parom terminala.<\/p>\n","protected":false},"featured_media":4119,"template":"","meta":[],"product_brand":[],"product_cat":[191],"product_tag":[],"class_list":{"0":"post-4118","1":"product","2":"type-product","3":"status-publish","4":"has-post-thumbnail","6":"product_cat-iot-senzori-i-detektori-bs","7":"product_shipping_class-dostava-prema-ponudi","9":"first","10":"onbackorder","11":"taxable","12":"shipping-taxable","13":"purchasable","14":"product-type-simple"},"_links":{"self":[{"href":"https:\/\/mreze.shop\/bs\/wp-json\/wp\/v2\/product\/4118","targetHints":{"allow":["GET"]}}],"collection":[{"href":"https:\/\/mreze.shop\/bs\/wp-json\/wp\/v2\/product"}],"about":[{"href":"https:\/\/mreze.shop\/bs\/wp-json\/wp\/v2\/types\/product"}],"wp:featuredmedia":[{"embeddable":true,"href":"https:\/\/mreze.shop\/bs\/wp-json\/wp\/v2\/media\/4119"}],"wp:attachment":[{"href":"https:\/\/mreze.shop\/bs\/wp-json\/wp\/v2\/media?parent=4118"}],"wp:term":[{"taxonomy":"product_brand","embeddable":true,"href":"https:\/\/mreze.shop\/bs\/wp-json\/wp\/v2\/product_brand?post=4118"},{"taxonomy":"product_cat","embeddable":true,"href":"https:\/\/mreze.shop\/bs\/wp-json\/wp\/v2\/product_cat?post=4118"},{"taxonomy":"product_tag","embeddable":true,"href":"https:\/\/mreze.shop\/bs\/wp-json\/wp\/v2\/product_tag?post=4118"}],"curies":[{"name":"wp","href":"https:\/\/api.w.org\/{rel}","templated":true}]}}