{"id":4112,"date":"2023-02-09T13:49:54","date_gmt":"2023-02-09T12:49:54","guid":{"rendered":"https:\/\/mreze.shop\/proizvod\/sonda-za-mjerenje-struje-1w-uni-2-hw-group\/"},"modified":"2023-12-07T14:24:27","modified_gmt":"2023-12-07T13:24:27","slug":"sonda-za-mjerenje-struje-1w-uni-2-hw-group","status":"publish","type":"product","link":"https:\/\/mreze.shop\/bs\/proizvod\/sonda-za-mjerenje-struje-1w-uni-2-hw-group\/","title":{"rendered":"Sonda za mjerenje struje 1W-UNI 2, HW group"},"content":{"rendered":"\t<div id=\"gap-1395155903\" class=\"gap-element clearfix\" style=\"display:block; height:auto;\">\n\t\t\n<style>\n#gap-1395155903 {\n  padding-top: 30px;\n}\n<\/style>\n\t<\/div>\n\t\n<div class=\"row\"  id=\"row-624741926\">\n\n\t<div id=\"col-1903204339\" class=\"col medium-6 small-12 large-6\"  data-animate=\"fadeInLeft\">\n\t\t\t\t<div class=\"col-inner\"  >\n\t\t\t\n\t\t\t\n<h2>Pra\u0107enje potro\u0161nje energije regala, BTS-ova ili server soba<\/h2>\n<div class=\"is-divider divider clearfix\" style=\"max-width:100%;\"><\/div>\n<p>30A AC strujna sonda 1W-UNI 2 je senzor za neizravno jednofazno mjerenje izmjeni\u010dne struje do 30A bez rezanja \u017eice. Pretvara\u010d struje s podijeljenom jezgrom mo\u017ee se otvoriti kako bi se umetnula linijska \u017eica. Senzor je prikladan za pra\u0107enje potro\u0161nje energije regala, BTS-ova ili poslu\u017eiteljskih soba. Senzor je prikladan za upotrebu s Poseidon i Ares IoT ure\u0111ajima.<\/p>\n<p>Zajedno s jedinicom Poseidon, senzor mo\u017ee poslu\u017eiti kao sustav ranog upozorenja protiv preoptere\u0107enja opskrbe elektri\u010dnom energijom ili njegovih pojedina\u010dnih vodova. 30A strujna sonda 1W-UNI 2 sastoji se od pretvornika struje sa stezaljkom (CLAMP METER) i 1-\u017ei\u010dne pretvara\u010dke jedinice.<\/p>\n<p><img loading=\"lazy\" decoding=\"async\" class=\"alignnone size-full wp-image-1164\" src=\"https:\/\/mreze.shop\/wp-content\/uploads\/2023\/02\/1058-3.png\" alt=\"\" width=\"549\" height=\"234\" srcset=\"https:\/\/mreze.shop\/wp-content\/uploads\/2023\/02\/1058-3.png 549w, https:\/\/mreze.shop\/wp-content\/uploads\/2023\/02\/1058-3-510x217.png 510w\" sizes=\"auto, (max-width: 549px) 100vw, 549px\" \/><\/p>\n\t\t<\/div>\n\t\t\t\t\n<style>\n#col-1903204339 > .col-inner {\n  padding: 0px 1em 0px 0px;\n}\n<\/style>\n\t<\/div>\n\n\t\n\n\t<div id=\"col-1621160577\" class=\"col medium-4 small-12 large-4\"  >\n\t\t\t\t<div class=\"col-inner\"  >\n\t\t\t\n\t\t\t\n<h2>Izdvojene zna\u010dajke<\/h2>\n<div class=\"is-divider divider clearfix\" style=\"max-width:100%;\"><\/div>\n<ul>\n<li>Raspon struje pretvara\u010da: 0\u201330A AC<\/li>\n<li>To\u010dnost mjerenja: 2%<\/li>\n<li>Elektri\u010dna izolacija: 1-Wire UNI sabirnica je elektri\u010dno izolirana od mjerenog kruga.<\/li>\n<li>Razlu\u010divost A\/D pretvara\u010da: 16 bita<\/li>\n<li>Razlu\u010divost zaslona: 0.1A<\/li>\n<li>Izmjereni napon: max. 400V<\/li>\n<li>Mjerenje bez rezanja mjerene \u017eice<\/li>\n<li>Radna temperatura\/vla\u017enost: 0\u00b0C do 40\u00b0C (32\u00b0F do 104\u00b0F), RH &lt; 80%<\/li>\n<li>Temperatura\/vla\u017enost skladi\u0161tenja: -10\u00b0C do +50\u00b0C (14\u00b0F do 122\u00b0F), RH &lt; 70%<\/li>\n<li>Duljina provodne \u017eice izme\u0111u transformatora i pretvara\u010da: 1m<\/li>\n<\/ul>\n\t\t<\/div>\n\t\t\t\t\t<\/div>\n\n\t\n<\/div>\n\n\t<section class=\"section\" id=\"section_1896094433\">\n\t\t<div class=\"section-bg fill\" >\n\t\t\t\t\t\t\t\t\t\n\t\t\t\n\n\t\t<\/div>\n\n\t\t\t<div class=\"ux-shape-divider ux-shape-divider--top ux-shape-divider--style-tilt\">\n\t\t<svg viewBox=\"0 0 1000 100\" xmlns=\"http:\/\/www.w3.org\/2000\/svg\" preserveAspectRatio=\"none\">\n\t<path class=\"ux-shape-fill\" d=\"M1000 100V0L-40 100H1000Z\"\/>\n<\/svg>\n\t<\/div>\n\n\t<div class=\"ux-shape-divider ux-shape-divider--bottom ux-shape-divider--style-tilt\">\n\t\t<svg viewBox=\"0 0 1000 100\" xmlns=\"http:\/\/www.w3.org\/2000\/svg\" preserveAspectRatio=\"none\">\n\t<path class=\"ux-shape-fill\" d=\"M1000 100V0L-40 100H1000Z\"\/>\n<\/svg>\n\t<\/div>\n\n\t\t<div class=\"section-content relative\">\n\t\t\t\n<div class=\"row row-collapse row-full-width align-equal align-center\"  id=\"row-334576091\">\n\n\t<div id=\"col-1354627014\" class=\"col small-12 large-12\"  >\n\t\t\t\t<div class=\"col-inner text-center\"  >\n\t\t\t\n\t\t\t\n<div class=\"container section-title-container\" ><h2 class=\"section-title section-title-center\"><b aria-hidden=\"true\"><\/b><span class=\"section-title-main\" style=\"color:rgb(11, 61, 120);\">Primjeri primjene<\/span><b aria-hidden=\"true\"><\/b><\/h2><\/div>\n\t<div id=\"text-4147154453\" class=\"text\">\n\t\t\n<ul>\n<li>Pretvara\u010d struje (\u201cCLAMP METER\u201d) ste\u017ee oko linije (L) ili neutralne (N) \u017eice kojom prolazi izmjerena struja.<\/li>\n<li>\u017dica koja se mjeri mora biti izolirana!<\/li>\n<li>\u201cCLAMP METER\u201d i \u201cConverter\u201d moraju biti povezani pomo\u0107u dvostruko izolirane \u017eice.<\/li>\n<li>Za umetanje \u017eice za mjerenje, otklju\u010dajte stezaljku i umetnite jednu \u017eicu pod naponom. Zatim zatvorite jezgru i uklju\u010dite bravu.<\/li>\n<li>Napomena: Umetanje dvije ili vi\u0161e \u017eica onemogu\u0107uje mjerenje.<br \/>\n\u017dica mora slobodno prolaziti kroz jezgru. Nemojte omotavati \u017eicu oko jezgre.<\/li>\n<\/ul>\n\t\t\n<style>\n#text-4147154453 {\n  text-align: left;\n}\n<\/style>\n\t<\/div>\n\t\n\t<div id=\"gap-850152096\" class=\"gap-element clearfix\" style=\"display:block; height:auto;\">\n\t\t\n<style>\n#gap-850152096 {\n  padding-top: 30px;\n}\n<\/style>\n\t<\/div>\n\t\n\t\t<\/div>\n\t\t\t\t\n<style>\n#col-1354627014 > .col-inner {\n  padding: 3em 0px 3em 0px;\n}\n<\/style>\n\t<\/div>\n\n\t\n<\/div>\n\t\t<\/div>\n\n\t\t\n<style>\n#section_1896094433 {\n  padding-top: 100px;\n  padding-bottom: 100px;\n  background-color: rgb(238, 238, 238);\n}\n#section_1896094433 .ux-shape-divider--top svg {\n  height: 150px;\n  --divider-top-width: 187%;\n}\n#section_1896094433 .ux-shape-divider--top .ux-shape-fill {\n  fill: rgb(255,255,255);\n}\n#section_1896094433 .ux-shape-divider--bottom svg {\n  height: 150px;\n  --divider-width: 187%;\n}\n<\/style>\n\t<\/section>\n\t\n","protected":false},"excerpt":{"rendered":"<p>Senzor za neizravno jednofazno mjerenje izmjeni\u010dne struje bez rezanja \u017eice<\/p>\n<ul>\n<li>za mjerenje do 30 A(AC)<\/li>\n<li>radi s Ares i Poseidon IoT ure\u0111ajima<\/li>\n<\/ul>\n<p>&nbsp;<\/p>\n","protected":false},"featured_media":4113,"template":"","meta":[],"product_brand":[],"product_cat":[189,192,191],"product_tag":[],"class_list":{"0":"post-4112","1":"product","2":"type-product","3":"status-publish","4":"has-post-thumbnail","6":"product_cat-iot-nadzor-i-upravljanje-bs","7":"product_cat-iot-uredaji-za-nadzor-i-upravljanje","8":"product_cat-iot-senzori-i-detektori-bs","9":"product_shipping_class-dostava-prema-ponudi","11":"first","12":"onbackorder","13":"taxable","14":"shipping-taxable","15":"purchasable","16":"product-type-simple"},"_links":{"self":[{"href":"https:\/\/mreze.shop\/bs\/wp-json\/wp\/v2\/product\/4112","targetHints":{"allow":["GET"]}}],"collection":[{"href":"https:\/\/mreze.shop\/bs\/wp-json\/wp\/v2\/product"}],"about":[{"href":"https:\/\/mreze.shop\/bs\/wp-json\/wp\/v2\/types\/product"}],"wp:featuredmedia":[{"embeddable":true,"href":"https:\/\/mreze.shop\/bs\/wp-json\/wp\/v2\/media\/4113"}],"wp:attachment":[{"href":"https:\/\/mreze.shop\/bs\/wp-json\/wp\/v2\/media?parent=4112"}],"wp:term":[{"taxonomy":"product_brand","embeddable":true,"href":"https:\/\/mreze.shop\/bs\/wp-json\/wp\/v2\/product_brand?post=4112"},{"taxonomy":"product_cat","embeddable":true,"href":"https:\/\/mreze.shop\/bs\/wp-json\/wp\/v2\/product_cat?post=4112"},{"taxonomy":"product_tag","embeddable":true,"href":"https:\/\/mreze.shop\/bs\/wp-json\/wp\/v2\/product_tag?post=4112"}],"curies":[{"name":"wp","href":"https:\/\/api.w.org\/{rel}","templated":true}]}}