{"id":4105,"date":"2023-02-12T13:17:32","date_gmt":"2023-02-12T12:17:32","guid":{"rendered":"https:\/\/mreze.shop\/proizvod\/i-o-iot-kontroler-2-hw-group\/"},"modified":"2023-12-07T14:23:27","modified_gmt":"2023-12-07T13:23:27","slug":"i-o-iot-kontroler-2-hw-group","status":"publish","type":"product","link":"https:\/\/mreze.shop\/bs\/proizvod\/i-o-iot-kontroler-2-hw-group\/","title":{"rendered":"I\/O IoT kontroler 2, HW Group"},"content":{"rendered":"\t<div id=\"gap-1048319250\" class=\"gap-element clearfix\" style=\"display:block; height:auto;\">\n\t\t\n<style>\n#gap-1048319250 {\n  padding-top: 30px;\n}\n<\/style>\n\t<\/div>\n\t\n<div class=\"row\"  id=\"row-1800993931\">\n\n\t<div id=\"col-1489679555\" class=\"col medium-6 small-12 large-6\"  data-animate=\"fadeInLeft\">\n\t\t\t\t<div class=\"col-inner\"  >\n\t\t\t\n\t\t\t\n<h2>Web i Modbus\/TCP upravljanje digitalnim ulazima i izlazima<\/h2>\n<div class=\"is-divider divider clearfix\" style=\"max-width:100%;\"><\/div>\n<p>I\/O Controller 2 povezuje puni RS-232\/485 serijski port i skup od osam digitalnih ulaza i osam digitalnih izlaza na Ethernet. I\/O Controller 2 ima puni RS-232 serijski priklju\u010dak (9-pinski).<\/p>\n<p>Serijski priklju\u010dak jedinice mo\u017ee se spojiti na ra\u010dunalo preko LAN-a, sa serijskim priklju\u010dkom koji je dostupan u sustavu Windows kao virtualni serijski priklju\u010dak (VSP). Njegovim digitalnim ulazima i izlazima mo\u017ee se upravljati putem weba ili putem Modbus\/TCP.<\/p>\n<p>Za konfiguraciju se koristi ugra\u0111eni web poslu\u017eitelj,a kori\u0161tenjem besplatne HW VSP3 aplikacije do 100 udaljenih serijskih priklju\u010daka mo\u017ee se spojiti na jedno ra\u010dunalo.<\/p>\n<p>U na\u010dinu rada Box-2-Box mogu se povezati dva ure\u0111aja. U ovom na\u010dinu rada, digitalni I\/O kao i RS232\/485 serijska linija pro\u0161ireni su (tunelirani) preko LAN-a.<\/p>\n<h2>Primjene<\/h2>\n<div class=\"is-divider divider clearfix\" style=\"max-width:100%;\"><\/div>\n<ul>\n<li>Pove\u017eite do osam tipki\/prekida\u010da sa SW aplikacijom.<\/li>\n<li>Pove\u017eite svoje RS-232 ure\u0111aje na LAN \u2013 barkod\/RFID skenere, serijske pisa\u010de, zaslone.<\/li>\n<li>Izlazi mogu, na primjer, otvoriti vrata, uklju\u010diti sirenu ili isklju\u010diti struju \u2013 daljinski preko mre\u017ee.<\/li>\n<li>I\/O se mo\u017ee kontrolirati preko Modbus\/TCP iz bilo kojeg SCADA sustava, neovisno o serijskoj liniji<\/li>\n<li>Daljinska kontrola napajanja i druge tehnologije preko RS-232 i RS-485<\/li>\n<li>Daljinsko upravljanje displejima i signalnim svjetlima<\/li>\n<li>Daljinska provjera statusa PIR senzora, kontakta na vratima i sigurnosnih sustava<\/li>\n<li>\u010cita\u010di kartica, RFID<\/li>\n<li>Automati<\/li>\n<li>Sigurnosni alarmi<\/li>\n<li>Sustavi kontrole pristupa<\/li>\n<li>UPS ure\u0111aji za kontrolu i bilje\u017eenje<\/li>\n<li>Skeneri crti\u010dnog koda<\/li>\n<\/ul>\n\t\t<\/div>\n\t\t\t\t\n<style>\n#col-1489679555 > .col-inner {\n  padding: 0px 1em 0px 0px;\n}\n<\/style>\n\t<\/div>\n\n\t\n\n\t<div id=\"col-1782480088\" class=\"col medium-4 small-12 large-4\"  >\n\t\t\t\t<div class=\"col-inner\"  >\n\t\t\t\n\t\t\t\n<h2>Izdvojene zna\u010dajke<\/h2>\n<div class=\"is-divider divider clearfix\" style=\"max-width:100%;\"><\/div>\n<ul>\n<li>1x puni serijski port RS-232\/485 s podr\u0161kom za 9-bitnu komunikaciju<\/li>\n<li>8x digitalni ulaz (za suhe kontakte, prekida\u010de ili 5-20 V DC)<\/li>\n<li>8x digitalni izlaz (izlazni kolektor)<\/li>\n<li>M2M komunikacijski protokoli: http, Telnet, TCP poslu\u017eitelj, TCP klijent\/poslu\u017eitelj.<\/li>\n<li>Povezan putem LAN-a. Konfiguracija putem ugra\u0111enog web poslu\u017eitelja, Telnet.<\/li>\n<li>Puni RS-232 serijski priklju\u010dak (9 pinova: RxD, TxD, GND, CTS, RTS, DSR, DTR, RI, CD).<\/li>\n<li>RS-485 serijsko su\u010delje: do 115 200 Bd.<\/li>\n<li>Besplatni SW HW VSP3 : Virtualni serijski priklju\u010dak za Windows (NT usluga, x64 sustavi). Podr\u017eava do 100 udaljenih serijskih priklju\u010daka.<\/li>\n<li>Kompatibilan s nizom softvera tre\u0107ih strana. Primjeri za programere o kori\u0161tenju proizvoda dostupni su u HWg-SDK (Borland C++, MS Visual, VB, C#, PHP, JAVA i vi\u0161e).<\/li>\n<\/ul>\n\t\t<\/div>\n\t\t\t\t\t<\/div>\n\n\t\n<\/div>\n\n\t<section class=\"section\" id=\"section_1673872302\">\n\t\t<div class=\"section-bg fill\" >\n\t\t\t\t\t\t\t\t\t\n\t\t\t\n\n\t\t<\/div>\n\n\t\t\t<div class=\"ux-shape-divider ux-shape-divider--top ux-shape-divider--style-tilt\">\n\t\t<svg viewBox=\"0 0 1000 100\" xmlns=\"http:\/\/www.w3.org\/2000\/svg\" preserveAspectRatio=\"none\">\n\t<path class=\"ux-shape-fill\" d=\"M1000 100V0L-40 100H1000Z\"\/>\n<\/svg>\n\t<\/div>\n\n\t<div class=\"ux-shape-divider ux-shape-divider--bottom ux-shape-divider--style-tilt\">\n\t\t<svg viewBox=\"0 0 1000 100\" xmlns=\"http:\/\/www.w3.org\/2000\/svg\" preserveAspectRatio=\"none\">\n\t<path class=\"ux-shape-fill\" d=\"M1000 100V0L-40 100H1000Z\"\/>\n<\/svg>\n\t<\/div>\n\n\t\t<div class=\"section-content relative\">\n\t\t\t\n<div class=\"row row-collapse row-full-width align-equal align-center\"  id=\"row-536513899\">\n\n\t<div id=\"col-1307558887\" class=\"col small-12 large-12\"  >\n\t\t\t\t<div class=\"col-inner text-center\"  >\n\t\t\t\n\t\t\t\n<div class=\"container section-title-container\" ><h2 class=\"section-title section-title-center\"><b aria-hidden=\"true\"><\/b><span class=\"section-title-main\" style=\"color:rgb(11, 61, 120);\">Primjeri primjene<\/span><b aria-hidden=\"true\"><\/b><\/h2><\/div>\n\t<div id=\"text-2573228737\" class=\"text\">\n\t\t\n<p><img loading=\"lazy\" decoding=\"async\" class=\"size-full wp-image-1187 aligncenter\" src=\"https:\/\/mreze.shop\/wp-content\/uploads\/2023\/02\/IoT-IO-kontroler-2-1038-4.png\" alt=\"\" width=\"900\" height=\"501\" srcset=\"https:\/\/mreze.shop\/wp-content\/uploads\/2023\/02\/IoT-IO-kontroler-2-1038-4.png 900w, https:\/\/mreze.shop\/wp-content\/uploads\/2023\/02\/IoT-IO-kontroler-2-1038-4-750x418.png 750w, https:\/\/mreze.shop\/wp-content\/uploads\/2023\/02\/IoT-IO-kontroler-2-1038-4-719x400.png 719w, https:\/\/mreze.shop\/wp-content\/uploads\/2023\/02\/IoT-IO-kontroler-2-1038-4-768x428.png 768w\" sizes=\"auto, (max-width: 900px) 100vw, 900px\" \/><\/p>\n\t\t\n<style>\n#text-2573228737 {\n  text-align: left;\n}\n<\/style>\n\t<\/div>\n\t\n\t<div id=\"gap-311381955\" class=\"gap-element clearfix\" style=\"display:block; height:auto;\">\n\t\t\n<style>\n#gap-311381955 {\n  padding-top: 30px;\n}\n<\/style>\n\t<\/div>\n\t\n\t\t<\/div>\n\t\t\t\t\n<style>\n#col-1307558887 > .col-inner {\n  padding: 3em 0px 3em 0px;\n}\n<\/style>\n\t<\/div>\n\n\t\n<\/div>\n\t\t<\/div>\n\n\t\t\n<style>\n#section_1673872302 {\n  padding-top: 100px;\n  padding-bottom: 100px;\n  background-color: rgb(238, 238, 238);\n}\n#section_1673872302 .ux-shape-divider--top svg {\n  height: 150px;\n  --divider-top-width: 187%;\n}\n#section_1673872302 .ux-shape-divider--top .ux-shape-fill {\n  fill: rgb(255,255,255);\n}\n#section_1673872302 .ux-shape-divider--bottom svg {\n  height: 150px;\n  --divider-width: 187%;\n}\n<\/style>\n\t<\/section>\n\t\n","protected":false},"excerpt":{"rendered":"<p>I\/O kontroler koji omogu\u0107uje upravljanje digitalnim ulazima i izlazima putem Weba, Modbus\/TCP ili TELNET M2M protokola.<\/p>\n<ul>\n<li>povezuje RS-232\/485 serijske portove na Ethernet<\/li>\n<li>8 digitalnih ulaza (dry contact)<\/li>\n<li>8 digitalnih izlaza (open colector)<\/li>\n<\/ul>\n<p>&nbsp;<\/p>\n","protected":false},"featured_media":4106,"template":"","meta":[],"product_brand":[],"product_cat":[193],"product_tag":[],"class_list":{"0":"post-4105","1":"product","2":"type-product","3":"status-publish","4":"has-post-thumbnail","6":"product_cat-iot-konverteri-i-kontroleri-bs","7":"product_shipping_class-dostava-prema-ponudi","9":"first","10":"instock","11":"taxable","12":"shipping-taxable","13":"purchasable","14":"product-type-simple"},"_links":{"self":[{"href":"https:\/\/mreze.shop\/bs\/wp-json\/wp\/v2\/product\/4105","targetHints":{"allow":["GET"]}}],"collection":[{"href":"https:\/\/mreze.shop\/bs\/wp-json\/wp\/v2\/product"}],"about":[{"href":"https:\/\/mreze.shop\/bs\/wp-json\/wp\/v2\/types\/product"}],"wp:featuredmedia":[{"embeddable":true,"href":"https:\/\/mreze.shop\/bs\/wp-json\/wp\/v2\/media\/4106"}],"wp:attachment":[{"href":"https:\/\/mreze.shop\/bs\/wp-json\/wp\/v2\/media?parent=4105"}],"wp:term":[{"taxonomy":"product_brand","embeddable":true,"href":"https:\/\/mreze.shop\/bs\/wp-json\/wp\/v2\/product_brand?post=4105"},{"taxonomy":"product_cat","embeddable":true,"href":"https:\/\/mreze.shop\/bs\/wp-json\/wp\/v2\/product_cat?post=4105"},{"taxonomy":"product_tag","embeddable":true,"href":"https:\/\/mreze.shop\/bs\/wp-json\/wp\/v2\/product_tag?post=4105"}],"curies":[{"name":"wp","href":"https:\/\/api.w.org\/{rel}","templated":true}]}}