{"id":4101,"date":"2023-02-13T12:24:14","date_gmt":"2023-02-13T11:24:14","guid":{"rendered":"https:\/\/mreze.shop\/proizvod\/ups-napajanje-ups12v-hw-group\/"},"modified":"2026-02-18T08:56:59","modified_gmt":"2026-02-18T07:56:59","slug":"ups-napajanje-ups12v-hw-group","status":"publish","type":"product","link":"https:\/\/mreze.shop\/bs\/proizvod\/ups-napajanje-ups12v-hw-group\/","title":{"rendered":"UPS napajanje UPS12V, HW group"},"content":{"rendered":"\t<div id=\"gap-743458904\" class=\"gap-element clearfix\" style=\"display:block; height:auto;\">\n\t\t\n<style>\n#gap-743458904 {\n  padding-top: 30px;\n}\n<\/style>\n\t<\/div>\n\t\n<div class=\"row align-middle\"  id=\"row-86517183\">\n\n\t<div id=\"col-981166150\" class=\"col medium-6 small-12 large-6\"  data-animate=\"fadeInLeft\">\n\t\t\t\t<div class=\"col-inner\"  >\n\t\t\t\n\t\t\t\n<h2>Stabilan rezervni izvor napajanja<\/h2>\n<div class=\"is-divider divider clearfix\" style=\"max-width:100%;\"><\/div>\n<p>&#8220;UPS 12V&#8221; je rezervni izvor napajanja za ure\u0111aje s 12V DC napajanjem. Osim stabilnog izlaznog napona od 12 V (do 1,5 A), putem ugra\u0111enog relejnog izlaza daje informacije o nestanku vanjskog napajanja.<\/p>\n<p>\u0160to se ti\u010de napajanja, &#8220;UPS 12V&#8221; je kompatibilan sa svim ure\u0111ajima HW grupe koji se napajaju preko 12V adaptera.<\/p>\n<h2>Izdvojene zna\u010dajke<\/h2>\n<div class=\"is-divider divider clearfix\" style=\"max-width:100%;\"><\/div>\n<ul>\n<li>Povezivanje rezervnih ure\u0111aja preko pin konektora<\/li>\n<li>Optere\u0107enje do 1,5 A na izlazu od 12 V<\/li>\n<li>Informacije o statusu UPS-a preko relejnog izlaza<\/li>\n<li>Izlazni napon: 12V Dual Terminal<\/li>\n<li>Ulazni napon: 12V\/1,5V<\/li>\n<li>Kapacitet baterije: 1,3Ah (25\u00b0C) 0\u00b0C 85%, 25\u00b0C 100%, 40\u00b0C 102%<\/li>\n<li>Dimenzije: 135x90x60<\/li>\n<li>Te\u017eina: 750g<\/li>\n<li>Raspon radne temperature: -20\u00b0-+60\u00b0C<\/li>\n<li>Optere\u0107enje signalnog releja: 50V\/1A<\/li>\n<li>Kompatibilan s nizom softvera tre\u0107e strane (SCADA itd.). Primjeri za programere o kori\u0161tenju proizvoda dostupni su u HWg-SDK (Borland C++, MS Visual, VB, C#, PHP, JAVA i vi\u0161e).<\/li>\n<\/ul>\n\t\t<\/div>\n\t\t\t\t\n<style>\n#col-981166150 > .col-inner {\n  padding: 0px 1em 0px 0px;\n}\n<\/style>\n\t<\/div>\n\n\t\n\n\t<div id=\"col-1069726381\" class=\"col medium-6 small-12 large-6\"  data-animate=\"fadeInRight\">\n\t\t\t\t<div class=\"col-inner\"  >\n\t\t\t\n\t\t\t\n\t<div class=\"img has-hover x md-x lg-x y md-y lg-y\" id=\"image_105898679\">\n\t\t\t\t\t\t\t\t<div class=\"img-inner dark\" >\n\t\t\t<img loading=\"lazy\" decoding=\"async\" width=\"750\" height=\"750\" src=\"https:\/\/mreze.shop\/wp-content\/uploads\/2023\/02\/UPS-napajanje-UPS12V-1052-2.jpg\" class=\"attachment-large size-large\" alt=\"\" srcset=\"https:\/\/mreze.shop\/wp-content\/uploads\/2023\/02\/UPS-napajanje-UPS12V-1052-2.jpg 750w, https:\/\/mreze.shop\/wp-content\/uploads\/2023\/02\/UPS-napajanje-UPS12V-1052-2-350x350.jpg 350w, https:\/\/mreze.shop\/wp-content\/uploads\/2023\/02\/UPS-napajanje-UPS12V-1052-2-100x100.jpg 100w, https:\/\/mreze.shop\/wp-content\/uploads\/2023\/02\/UPS-napajanje-UPS12V-1052-2-510x510.jpg 510w, https:\/\/mreze.shop\/wp-content\/uploads\/2023\/02\/UPS-napajanje-UPS12V-1052-2-400x400.jpg 400w, https:\/\/mreze.shop\/wp-content\/uploads\/2023\/02\/UPS-napajanje-UPS12V-1052-2-280x280.jpg 280w\" sizes=\"auto, (max-width: 750px) 100vw, 750px\" \/>\t\t\t\t\t\t\n\t\t\t\t\t<\/div>\n\t\t\t\t\t\t\t\t\n<style>\n#image_105898679 {\n  width: 85%;\n}\n<\/style>\n\t<\/div>\n\t\n\t\t<\/div>\n\t\t\t\t\n<style>\n#col-1069726381 > .col-inner {\n  padding: 0px 0px 0px 1em;\n}\n<\/style>\n\t<\/div>\n\n\t\n<\/div>\n\n\t<section class=\"section\" id=\"section_1035595518\">\n\t\t<div class=\"section-bg fill\" >\n\t\t\t\t\t\t\t\t\t\n\t\t\t\n\n\t\t<\/div>\n\n\t\t\t<div class=\"ux-shape-divider ux-shape-divider--top ux-shape-divider--style-tilt\">\n\t\t<svg viewBox=\"0 0 1000 100\" xmlns=\"http:\/\/www.w3.org\/2000\/svg\" preserveAspectRatio=\"none\">\n\t<path class=\"ux-shape-fill\" d=\"M1000 100V0L-40 100H1000Z\"\/>\n<\/svg>\n\t<\/div>\n\n\t<div class=\"ux-shape-divider ux-shape-divider--bottom ux-shape-divider--style-tilt\">\n\t\t<svg viewBox=\"0 0 1000 100\" xmlns=\"http:\/\/www.w3.org\/2000\/svg\" preserveAspectRatio=\"none\">\n\t<path class=\"ux-shape-fill\" d=\"M1000 100V0L-40 100H1000Z\"\/>\n<\/svg>\n\t<\/div>\n\n\t\t<div class=\"section-content relative\">\n\t\t\t\n<div class=\"row row-collapse row-full-width align-equal align-center\"  id=\"row-1914074514\">\n\n\t<div id=\"col-829455834\" class=\"col small-12 large-12\"  >\n\t\t\t\t<div class=\"col-inner text-center\"  >\n\t\t\t\n\t\t\t\n<div class=\"container section-title-container\" ><h2 class=\"section-title section-title-center\"><b aria-hidden=\"true\"><\/b><span class=\"section-title-main\" style=\"color:rgb(11, 61, 120);\">Primjeri primjene<\/span><b aria-hidden=\"true\"><\/b><\/h2><\/div>\n\t<div id=\"gap-2027857783\" class=\"gap-element clearfix\" style=\"display:block; height:auto;\">\n\t\t\n<style>\n#gap-2027857783 {\n  padding-top: 30px;\n}\n<\/style>\n\t<\/div>\n\t\n\n\t\t<div class=\"tabbed-content\">\n\t\t\t\n\t\t\t<ul class=\"nav nav-pills nav-vertical nav-uppercase nav-size-large nav-left\" role=\"tablist\"><li id=\"tab-it,-industrija,-ku\u0107anstvo\" class=\"tab active has-icon\" role=\"presentation\"><a href=\"#tab_it,-industrija,-ku\u0107anstvo\" role=\"tab\" aria-selected=\"true\" aria-controls=\"tab_it,-industrija,-ku\u0107anstvo\"><span>IT, Industrija, ku\u0107anstvo<\/span><\/a><\/li><\/ul><div class=\"tab-panels\"><div id=\"tab_it,-industrija,-ku\u0107anstvo\" class=\"panel active entry-content\" role=\"tabpanel\" aria-labelledby=\"tab-it,-industrija,-ku\u0107anstvo\">\n\t<div id=\"text-3479452848\" class=\"text\">\n\t\t\n<p>U IT-u, industriji, kao iu ku\u0107anstvima, pomo\u0107no napajanje (UPS) je standardna oprema, ali za male ure\u0111aje kao \u0161to su nadzorni PBX ili sustavi upravljanja koji se napajaju 12V adaptorima, ne postoje sli\u010dni rezervni izvori napajanja i instalacija rasipni 230V UPS je neu\u010dinkovito rje\u0161enje.<\/p>\n<p>&#8220;UPS 12V&#8221; osigurava neprekidno napajanje va\u0161eg ure\u0111aja dok zahtjevi za instalaciju nisu bitno ve\u0107i. Rezervno napajanje se napaja iz standardnog 12V adaptera (12V\/1,5A) istog koji mo\u017ee napajati i finalni ure\u0111aj. U slu\u010daju nestanka elektri\u010dne mre\u017ee, 12V baterija po\u010dinje s napajanjem i istovremeno je otvoren signalni relej. Zahvaljuju\u0107i tome napajani ure\u0111aj mo\u017ee obavijestiti svog korisnika o nestanku struje, eventualno ispravno prekinuti svoje aktivnosti. Nakon ponovnog uspostavljanja napajanja relej se ponovno zatvara i ugra\u0111ena baterija se puni.<\/p>\n<h3>Konekcija<\/h3>\n<p>Spojite adapter napajanja na UPS. Svijetle oba zelena LED-a. Spojite ure\u0111aj za sigurnosnu kopiju na pin konektor Power Out. Uklju\u010dite UPS. Za provjeru funkcije odspojite adapter napajanja. Power IN LED svijetli, Power OUT LED ostaje uklju\u010den. Isklju\u010divanjem UPS-a isklju\u010duje se i LED dioda napajanja. Status glavnog prekida\u010da UPS-a nije prikazan i potrebno ga je vizualno provjeriti polo\u017eajem prekida\u010da!!!<\/p>\n\t\t\n<style>\n#text-3479452848 {\n  text-align: left;\n  color: rgb(11, 61, 120);\n}\n#text-3479452848 > * {\n  color: rgb(11, 61, 120);\n}\n<\/style>\n\t<\/div>\n\t\n<\/div><\/div><\/div>\n\t\t<\/div>\n\t\t\t\t\n<style>\n#col-829455834 > .col-inner {\n  padding: 3em 0px 3em 0px;\n}\n<\/style>\n\t<\/div>\n\n\t\n<\/div>\n\t\t<\/div>\n\n\t\t\n<style>\n#section_1035595518 {\n  padding-top: 100px;\n  padding-bottom: 100px;\n  background-color: rgb(238, 238, 238);\n}\n#section_1035595518 .ux-shape-divider--top svg {\n  height: 150px;\n  --divider-top-width: 187%;\n}\n#section_1035595518 .ux-shape-divider--top .ux-shape-fill {\n  fill: rgb(255,255,255);\n}\n#section_1035595518 .ux-shape-divider--bottom svg {\n  height: 150px;\n  --divider-width: 187%;\n}\n<\/style>\n\t<\/section>\n\t\n","protected":false},"excerpt":{"rendered":"<p>Kompaktno rezervno napajanja s upozorenjem nestanka glavnog napajanja u\u010dinkovito je UPS rje\u0161enje za male ure\u0111aje koji rade na 12V.<\/p>\n<ul>\n<li>priklju\u010denje vanjskih ure\u0111aja putem pin konektora<\/li>\n<li>do 1,5A optere\u0107enja na 12V izlazu<\/li>\n<li>informacija u UPS statusu putem izlaznoh releja<\/li>\n<li>kompatibilno sa svim 12V HW Group ure\u0111ajima<\/li>\n<\/ul>\n","protected":false},"featured_media":4102,"template":"","meta":[],"product_brand":[],"product_cat":[192],"product_tag":[],"class_list":{"0":"post-4101","1":"product","2":"type-product","3":"status-publish","4":"has-post-thumbnail","6":"product_cat-iot-uredaji-za-nadzor-i-upravljanje","7":"product_shipping_class-dostava-prema-ponudi","9":"first","10":"instock","11":"taxable","12":"shipping-taxable","13":"purchasable","14":"product-type-simple"},"_links":{"self":[{"href":"https:\/\/mreze.shop\/bs\/wp-json\/wp\/v2\/product\/4101","targetHints":{"allow":["GET"]}}],"collection":[{"href":"https:\/\/mreze.shop\/bs\/wp-json\/wp\/v2\/product"}],"about":[{"href":"https:\/\/mreze.shop\/bs\/wp-json\/wp\/v2\/types\/product"}],"wp:featuredmedia":[{"embeddable":true,"href":"https:\/\/mreze.shop\/bs\/wp-json\/wp\/v2\/media\/4102"}],"wp:attachment":[{"href":"https:\/\/mreze.shop\/bs\/wp-json\/wp\/v2\/media?parent=4101"}],"wp:term":[{"taxonomy":"product_brand","embeddable":true,"href":"https:\/\/mreze.shop\/bs\/wp-json\/wp\/v2\/product_brand?post=4101"},{"taxonomy":"product_cat","embeddable":true,"href":"https:\/\/mreze.shop\/bs\/wp-json\/wp\/v2\/product_cat?post=4101"},{"taxonomy":"product_tag","embeddable":true,"href":"https:\/\/mreze.shop\/bs\/wp-json\/wp\/v2\/product_tag?post=4101"}],"curies":[{"name":"wp","href":"https:\/\/api.w.org\/{rel}","templated":true}]}}