{"id":4099,"date":"2023-02-13T13:14:24","date_gmt":"2023-02-13T12:14:24","guid":{"rendered":"https:\/\/mreze.shop\/proizvod\/zidni-adapter-12v15a-hw-group\/"},"modified":"2023-02-13T13:14:24","modified_gmt":"2023-02-13T12:14:24","slug":"zidni-adapter-12v15a-hw-group","status":"publish","type":"product","link":"https:\/\/mreze.shop\/bs\/proizvod\/zidni-adapter-12v15a-hw-group\/","title":{"rendered":"Zidni adapter 12V1,5A, HW group"},"content":{"rendered":"","protected":false},"excerpt":{"rendered":"<p>Adapter od 12 V \/ 1,5 A, me\u0111unarodna verzija s tri zamjenjiva utika\u010da (EUR, UK, SAD) s integriranom za\u0161titom od kratkog spoja pregrijavanja i preoptere\u0107enja.<\/p>\n<ul>\n<li>izlazni konektor Jack 2,1 mm<\/li>\n<\/ul>\n<p>&nbsp;<\/p>\n","protected":false},"featured_media":4100,"template":"","meta":[],"product_brand":[],"product_cat":[190],"product_tag":[],"class_list":{"0":"post-4099","1":"product","2":"type-product","3":"status-publish","4":"has-post-thumbnail","6":"product_cat-dodatna-oprema-za-iot-bs","7":"product_shipping_class-dostava-prema-ponudi","9":"first","10":"instock","11":"taxable","12":"shipping-taxable","13":"purchasable","14":"product-type-simple"},"_links":{"self":[{"href":"https:\/\/mreze.shop\/bs\/wp-json\/wp\/v2\/product\/4099","targetHints":{"allow":["GET"]}}],"collection":[{"href":"https:\/\/mreze.shop\/bs\/wp-json\/wp\/v2\/product"}],"about":[{"href":"https:\/\/mreze.shop\/bs\/wp-json\/wp\/v2\/types\/product"}],"wp:featuredmedia":[{"embeddable":true,"href":"https:\/\/mreze.shop\/bs\/wp-json\/wp\/v2\/media\/4100"}],"wp:attachment":[{"href":"https:\/\/mreze.shop\/bs\/wp-json\/wp\/v2\/media?parent=4099"}],"wp:term":[{"taxonomy":"product_brand","embeddable":true,"href":"https:\/\/mreze.shop\/bs\/wp-json\/wp\/v2\/product_brand?post=4099"},{"taxonomy":"product_cat","embeddable":true,"href":"https:\/\/mreze.shop\/bs\/wp-json\/wp\/v2\/product_cat?post=4099"},{"taxonomy":"product_tag","embeddable":true,"href":"https:\/\/mreze.shop\/bs\/wp-json\/wp\/v2\/product_tag?post=4099"}],"curies":[{"name":"wp","href":"https:\/\/api.w.org\/{rel}","templated":true}]}}