{"id":4091,"date":"2023-02-19T12:43:28","date_gmt":"2023-02-19T11:43:28","guid":{"rendered":"https:\/\/mreze.shop\/proizvod\/analizator-snage-dewe3-pa8-dewetron\/"},"modified":"2023-12-07T14:19:42","modified_gmt":"2023-12-07T13:19:42","slug":"analizator-snage-dewe3-pa8-dewetron","status":"publish","type":"product","link":"https:\/\/mreze.shop\/bs\/proizvod\/analizator-snage-dewe3-pa8-dewetron\/","title":{"rendered":"Analizator snage DEWE3-PA8, DEWETRON"},"content":{"rendered":"\n\t<section class=\"section\" id=\"section_254460664\">\n\t\t<div class=\"section-bg fill\" >\n\t\t\t\t\t\t\t\t\t\n\t\t\t\n\n\t\t<\/div>\n\n\t\t\n\n\t\t<div class=\"section-content relative\">\n\t\t\t\n<div class=\"row row-small align-middle row-divided\"  id=\"row-2003602340\">\n\n\t<div id=\"col-1342448034\" class=\"col medium-3 small-6 large-3 col-divided\"  >\n\t\t\t\t<div class=\"col-inner\"  >\n\t\t\t\n\t\t\t\n\n\t\t<div class=\"icon-box featured-box icon-box-top text-left\"  >\n\t\t\t\t<div class=\"icon-box-text last-reset\">\n\t\t\t\t\t\t\t\t\t\n<h3 class=\"naslov-product-usp\">0,03%<\/h3>\n<hr>\n<p class=\"text-product-usp\">Pogre\u0161ke kod mjerenja<\/p>\n\t\t<\/div>\n\t<\/div>\n\t\n\t\n\t\t<\/div>\n\t\t\t\t\t<\/div>\n\n\t\n\n\t<div id=\"col-1850655851\" class=\"col medium-3 small-6 large-3\"  >\n\t\t\t\t<div class=\"col-inner\"  >\n\t\t\t\n\t\t\t\n\n\t\t<div class=\"icon-box featured-box icon-box-top text-left\"  >\n\t\t\t\t<div class=\"icon-box-text last-reset\">\n\t\t\t\t\t\t\t\t\t\n<h3 class=\"naslov-product-usp\">18-bit<\/h3>\n<hr>\n<p class=\"text-product-usp\">A\/D konverzija<\/p>\n\t\t<\/div>\n\t<\/div>\n\t\n\t\n\t\t<\/div>\n\t\t\t\t\t<\/div>\n\n\t\n\n\t<div id=\"col-1294789724\" class=\"col medium-3 small-6 large-3\"  >\n\t\t\t\t<div class=\"col-inner\"  >\n\t\t\t\n\t\t\t\n\n\t\t<div class=\"icon-box featured-box icon-box-top text-left\"  >\n\t\t\t\t<div class=\"icon-box-text last-reset\">\n\t\t\t\t\t\t\t\t\t\n<h3 class=\"naslov-product-usp\">10 MS<\/h3>\n<hr>\n<p class=\"text-product-usp\">s\/kanalu<\/p>\n\t\t<\/div>\n\t<\/div>\n\t\n\t\n\t\t<\/div>\n\t\t\t\t\t<\/div>\n\n\t\n\n\t<div id=\"col-1756035454\" class=\"col medium-3 small-6 large-3\"  >\n\t\t\t\t<div class=\"col-inner\"  >\n\t\t\t\n\t\t\t\n\n\t\t<div class=\"icon-box featured-box icon-box-top text-left\"  >\n\t\t\t\t<div class=\"icon-box-text last-reset\">\n\t\t\t\t\t\t\t\t\t\n<h3 class=\"naslov-product-usp\">16 FAZA<\/h3>\n<hr>\n<p class=\"text-product-usp\">Razli\u010dite faze snage<\/p>\n\t\t<\/div>\n\t<\/div>\n\t\n\t\n\t\t<\/div>\n\t\t\t\t\t<\/div>\n\n\t\n\n\t<div id=\"col-272093311\" class=\"col medium-3 small-6 large-3\"  >\n\t\t\t\t<div class=\"col-inner\"  >\n\t\t\t\n\t\t\t\n\n\t\t<div class=\"icon-box featured-box icon-box-top text-left\"  >\n\t\t\t\t<div class=\"icon-box-text last-reset\">\n\t\t\t\t\t\t\t\t\t\n<h3 class=\"naslov-product-usp\">20 A<\/h3>\n<hr>\n<p class=\"text-product-usp\">RMS izravan ulaz<\/p>\n\t\t<\/div>\n\t<\/div>\n\t\n\t\n\t\t<\/div>\n\t\t\t\t\t<\/div>\n\n\t\n\n\t<div id=\"col-232423961\" class=\"col medium-3 small-6 large-3\"  >\n\t\t\t\t<div class=\"col-inner\"  >\n\t\t\t\n\t\t\t\n\n\t\t<div class=\"icon-box featured-box icon-box-top text-left\"  >\n\t\t\t\t<div class=\"icon-box-text last-reset\">\n\t\t\t\t\t\t\t\t\t\n<h3 class=\"naslov-product-usp\">1000 V<\/h3>\n<hr>\n<p class=\"text-product-usp\">RMS napon<\/p>\n\t\t<\/div>\n\t<\/div>\n\t\n\t\n\t\t<\/div>\n\t\t\t\t\t<\/div>\n\n\t\n\n\t<div id=\"col-1303118358\" class=\"col medium-3 small-6 large-3\"  >\n\t\t\t\t<div class=\"col-inner\"  >\n\t\t\t\n\t\t\t\n\n\t\t<div class=\"icon-box featured-box icon-box-top text-left\"  >\n\t\t\t\t<div class=\"icon-box-text last-reset\">\n\t\t\t\t\t\t\t\t\t\n<h3 class=\"naslov-product-usp\">RAW<\/h3>\n<hr>\n<p class=\"text-product-usp\">Snimanje RAW podataka je podr\u017eano<\/p>\n\t\t<\/div>\n\t<\/div>\n\t\n\t\n\t\t<\/div>\n\t\t\t\t\t<\/div>\n\n\t\n\n\t<div id=\"col-1815339047\" class=\"col medium-3 small-6 large-3\"  >\n\t\t\t\t<div class=\"col-inner\"  >\n\t\t\t\n\t\t\t\n\n\t\t<div class=\"icon-box featured-box icon-box-top text-left\"  >\n\t\t\t\t<div class=\"icon-box-text last-reset\">\n\t\t\t\t\t\t\t\t\t\n<h3 class=\"naslov-product-usp\">CAT IV<\/h3>\n<hr>\n<p class=\"text-product-usp\">Kategorija sigurnosti<\/p>\n\t\t<\/div>\n\t<\/div>\n\t\n\t\n\t\t<\/div>\n\t\t\t\t\t<\/div>\n\n\t\n\n<style>\n#row-2003602340 > .col > .col-inner {\n  padding: 3em 0px 0px 0px;\n  background-color: rgb(238, 238, 238);\n}\n<\/style>\n<\/div>\n\t\t<\/div>\n\n\t\t\n<style>\n#section_254460664 {\n  padding-top: 30px;\n  padding-bottom: 30px;\n  background-color: rgb(238, 238, 238);\n}\n<\/style>\n\t<\/section>\n\t\n\t<div id=\"gap-1528751059\" class=\"gap-element clearfix\" style=\"display:block; height:auto;\">\n\t\t\n<style>\n#gap-1528751059 {\n  padding-top: 30px;\n}\n<\/style>\n\t<\/div>\n\t\n<div class=\"row align-middle\"  id=\"row-365199447\">\n\n\t<div id=\"col-1380624376\" class=\"col medium-6 small-12 large-6\"  data-animate=\"fadeInLeft\">\n\t\t\t\t<div class=\"col-inner\"  >\n\t\t\t\n\t\t\t\n<h2>Jednostavno mjerenje i terenska ispitivanja<\/h2>\n<div class=\"is-divider divider clearfix\" style=\"max-width:100%;\"><\/div>\n<p>DEWETRON DEWE3-PA8 analizator snage je brzo rje\u0161enje za istovremenu analizu nekoliko motora, pretvara\u010da ili kompletnih pogonskih sklopova.<\/p>\n<p>Instrument nudi 8 utora za TRION\/TRION3\u2122 seriju modula koje korisnik mo\u017ee samostalno zamijeniti kao i namjenski TRION3-1810M-POWER-4 modul velike brzine i mogu\u0107no\u0161\u0107u izra\u010duna parametara snage \u010dak i za polifazne motore (do 9 faza).S PXI Express tehonologijom velike brzine, DEWE3-PA8 pretvara se u u multi- analizator.<\/p>\n\t\t<\/div>\n\t\t\t\t\n<style>\n#col-1380624376 > .col-inner {\n  padding: 0px 1em 0px 0px;\n}\n<\/style>\n\t<\/div>\n\n\t\n\n\t<div id=\"col-1866820731\" class=\"col medium-6 small-12 large-6\"  data-animate=\"fadeInRight\">\n\t\t\t\t<div class=\"col-inner\"  >\n\t\t\t\n\t\t\t\n\t<div class=\"img has-hover x md-x lg-x y md-y lg-y\" id=\"image_854609392\">\n\t\t\t\t\t\t\t\t<div class=\"img-inner dark\" >\n\t\t\t<img loading=\"lazy\" decoding=\"async\" width=\"750\" height=\"750\" src=\"https:\/\/mreze.shop\/wp-content\/uploads\/2023\/02\/Analizator-snage-1000-1.jpg\" class=\"attachment-large size-large\" alt=\"\" srcset=\"https:\/\/mreze.shop\/wp-content\/uploads\/2023\/02\/Analizator-snage-1000-1.jpg 750w, https:\/\/mreze.shop\/wp-content\/uploads\/2023\/02\/Analizator-snage-1000-1-350x350.jpg 350w, https:\/\/mreze.shop\/wp-content\/uploads\/2023\/02\/Analizator-snage-1000-1-100x100.jpg 100w, https:\/\/mreze.shop\/wp-content\/uploads\/2023\/02\/Analizator-snage-1000-1-510x510.jpg 510w, https:\/\/mreze.shop\/wp-content\/uploads\/2023\/02\/Analizator-snage-1000-1-400x400.jpg 400w, https:\/\/mreze.shop\/wp-content\/uploads\/2023\/02\/Analizator-snage-1000-1-280x280.jpg 280w\" sizes=\"auto, (max-width: 750px) 100vw, 750px\" \/>\t\t\t\t\t\t\n\t\t\t\t\t<\/div>\n\t\t\t\t\t\t\t\t\n<style>\n#image_854609392 {\n  width: 82%;\n}\n<\/style>\n\t<\/div>\n\t\n\t\t<\/div>\n\t\t\t\t\n<style>\n#col-1866820731 > .col-inner {\n  padding: 0px 0px 0px 1em;\n}\n<\/style>\n\t<\/div>\n\n\t\n<\/div>\n<div class=\"row\"  id=\"row-1160802978\">\n\n\t<div id=\"col-1747893303\" class=\"col medium-6 small-12 large-6\"  data-animate=\"fadeInRight\">\n\t\t\t\t<div class=\"col-inner\"  >\n\t\t\t\n\t\t\t\n<h2>To\u010dnost mjerenja<\/h2>\n<div class=\"is-divider divider clearfix\" style=\"max-width:100%;\"><\/div>\n\t<div class=\"img has-hover x md-x lg-x y md-y lg-y\" id=\"image_495020431\">\n\t\t\t\t\t\t\t\t<div class=\"img-inner dark\" >\n\t\t\t<img loading=\"lazy\" decoding=\"async\" width=\"600\" height=\"328\" src=\"https:\/\/mreze.shop\/wp-content\/uploads\/2023\/02\/Analizator-snage-1000-5.jpeg\" class=\"attachment-large size-large\" alt=\"\" srcset=\"https:\/\/mreze.shop\/wp-content\/uploads\/2023\/02\/Analizator-snage-1000-5.jpeg 600w, https:\/\/mreze.shop\/wp-content\/uploads\/2023\/02\/Analizator-snage-1000-5-510x279.jpeg 510w\" sizes=\"auto, (max-width: 600px) 100vw, 600px\" \/>\t\t\t\t\t\t\n\t\t\t\t\t<\/div>\n\t\t\t\t\t\t\t\t\n<style>\n#image_495020431 {\n  width: 100%;\n}\n<\/style>\n\t<\/div>\n\t\n<p>Zahvaljuju\u0107i niskoj pogre\u0161ci mjerenja od 0,03 %, Power Analyzer posti\u017ee vrlo visoku to\u010dnost, \u010dak i uz nisko kori\u0161tenje raspona. Precizna to\u010dnost je zajam\u010dena kroz cijelu analizu.<\/p>\n\t\t<\/div>\n\t\t\t\t\n<style>\n#col-1747893303 > .col-inner {\n  padding: 0px 0px 0px 1em;\n}\n<\/style>\n\t<\/div>\n\n\t\n\n\t<div id=\"col-592583384\" class=\"col medium-6 small-12 large-6\"  data-animate=\"fadeInLeft\">\n\t\t\t\t<div class=\"col-inner\"  >\n\t\t\t\n\t\t\t\n<h2>Visok dinami\u010dki raspon<\/h2>\n<div class=\"is-divider divider clearfix\" style=\"max-width:100%;\"><\/div>\n\t<div class=\"img has-hover x md-x lg-x y md-y lg-y\" id=\"image_583345367\">\n\t\t\t\t\t\t\t\t<div class=\"img-inner dark\" >\n\t\t\t<img loading=\"lazy\" decoding=\"async\" width=\"600\" height=\"321\" src=\"https:\/\/mreze.shop\/wp-content\/uploads\/2023\/02\/Analizator-snage-1000-6.jpeg\" class=\"attachment-original size-original\" alt=\"\" srcset=\"https:\/\/mreze.shop\/wp-content\/uploads\/2023\/02\/Analizator-snage-1000-6.jpeg 600w, https:\/\/mreze.shop\/wp-content\/uploads\/2023\/02\/Analizator-snage-1000-6-510x273.jpeg 510w\" sizes=\"auto, (max-width: 600px) 100vw, 600px\" \/>\t\t\t\t\t\t\n\t\t\t\t\t<\/div>\n\t\t\t\t\t\t\t\t\n<style>\n#image_583345367 {\n  width: 100%;\n}\n<\/style>\n\t<\/div>\n\t\n<p>Brze brzine akvizicije do 10 MS\/s i 18-bitna A\/D pretvorba, kao i najbolja linearnost kondicioniranja signala, nude najvi\u0161e dinami\u010dke performanse u cijelom ulaznom rasponu \u2013 do 1000 V i 20 A s najve\u0107om mogu\u0107om to\u010dnosti za sve va\u0161e dinami\u010dke primjene.<\/p>\n<p>Do 10 MS\/s\/ch i visoki dinami\u010dki raspon jam\u010de integritet podataka.<\/p>\n\t\t<\/div>\n\t\t\t\t\n<style>\n#col-592583384 > .col-inner {\n  padding: 0px 1em 0px 0px;\n}\n<\/style>\n\t<\/div>\n\n\t\n<\/div>\n<div class=\"row\"  id=\"row-901328913\">\n\n\t<div id=\"col-850256977\" class=\"col medium-6 small-12 large-6\"  data-animate=\"fadeInLeft\">\n\t\t\t\t<div class=\"col-inner\"  >\n\t\t\t\n\t\t\t\n<h2>Multi-power analizator<\/h2>\n<div class=\"is-divider divider clearfix\" style=\"max-width:100%;\"><\/div>\n\t<div class=\"img has-hover x md-x lg-x y md-y lg-y\" id=\"image_1845659677\">\n\t\t\t\t\t\t\t\t<div class=\"img-inner dark\" >\n\t\t\t<img loading=\"lazy\" decoding=\"async\" width=\"768\" height=\"462\" src=\"https:\/\/mreze.shop\/wp-content\/uploads\/2023\/02\/Analizator-snage-1000-7.jpeg\" class=\"attachment-large size-large\" alt=\"\" srcset=\"https:\/\/mreze.shop\/wp-content\/uploads\/2023\/02\/Analizator-snage-1000-7.jpeg 768w, https:\/\/mreze.shop\/wp-content\/uploads\/2023\/02\/Analizator-snage-1000-7-750x451.jpeg 750w, https:\/\/mreze.shop\/wp-content\/uploads\/2023\/02\/Analizator-snage-1000-7-665x400.jpeg 665w\" sizes=\"auto, (max-width: 768px) 100vw, 768px\" \/>\t\t\t\t\t\t\n\t\t\t\t\t<\/div>\n\t\t\t\t\t\t\t\t\n<style>\n#image_1845659677 {\n  width: 100%;\n}\n<\/style>\n\t<\/div>\n\t\n<p>DEWETRON Power Analyzer rje\u0161enje je za analizu nekoliko motora, pretvara\u010da ili kompletnih pogonskih sklopova istovremeno. Do 16 razli\u010ditih faza snage i mogu\u0107nost izra\u010duna parametara snage \u010dak i za polifazne motore (do 9 faza) pretvaraju Power Analyzer u vi\u0161estruki analizator snage.<\/p>\n\t\t<\/div>\n\t\t\t\t\n<style>\n#col-850256977 > .col-inner {\n  padding: 0px 1em 0px 0px;\n}\n<\/style>\n\t<\/div>\n\n\t\n\n\t<div id=\"col-1274753497\" class=\"col medium-6 small-12 large-6\"  data-animate=\"fadeInRight\">\n\t\t\t\t<div class=\"col-inner\"  >\n\t\t\t\n\t\t\t\n<h2>RAW i Waveform snimanje<\/h2>\n<div class=\"is-divider divider clearfix\" style=\"max-width:100%;\"><\/div>\n\t<div class=\"img has-hover x md-x lg-x y md-y lg-y\" id=\"image_812998612\">\n\t\t\t\t\t\t\t\t<div class=\"img-inner dark\" >\n\t\t\t<img loading=\"lazy\" decoding=\"async\" width=\"768\" height=\"479\" src=\"https:\/\/mreze.shop\/wp-content\/uploads\/2023\/02\/Analizator-snage-1000-8.jpeg\" class=\"attachment-large size-large\" alt=\"\" srcset=\"https:\/\/mreze.shop\/wp-content\/uploads\/2023\/02\/Analizator-snage-1000-8.jpeg 768w, https:\/\/mreze.shop\/wp-content\/uploads\/2023\/02\/Analizator-snage-1000-8-750x468.jpeg 750w, https:\/\/mreze.shop\/wp-content\/uploads\/2023\/02\/Analizator-snage-1000-8-641x400.jpeg 641w\" sizes=\"auto, (max-width: 768px) 100vw, 768px\" \/>\t\t\t\t\t\t\n\t\t\t\t\t<\/div>\n\t\t\t\t\t\t\t\t\n<style>\n#image_812998612 {\n  width: 97%;\n}\n<\/style>\n\t<\/div>\n\t\n<p>Podaci o valnim oblicima (waveform), mije\u0161ani signali i analiza snage? DEWETRON analizator snage kombinira sve. Pouzdano snimanje neobra\u0111enih podataka bez prekida bilo kojeg analognog ili digitalnog signala te izra\u010dun snage visokih performansi za nekoliko grupa snage istovremeno.<\/p>\n<ul>\n<li>1TB kapacitet snimanja<\/li>\n<\/ul>\n\t\t<\/div>\n\t\t\t\t\n<style>\n#col-1274753497 > .col-inner {\n  padding: 0px 0px 0px 1em;\n}\n<\/style>\n\t<\/div>\n\n\t\n<\/div>\n<div class=\"row\"  id=\"row-786953054\">\n\n\t<div id=\"col-134815414\" class=\"col medium-6 small-12 large-6\"  data-animate=\"fadeInRight\">\n\t\t\t\t<div class=\"col-inner\"  >\n\t\t\t\n\t\t\t\n<h2>Mije\u0161ani signali<\/h2>\n<div class=\"is-divider divider clearfix\" style=\"max-width:100%;\"><\/div>\n\t<div class=\"img has-hover x md-x lg-x y md-y lg-y\" id=\"image_121856332\">\n\t\t\t\t\t\t\t\t<div class=\"img-inner dark\" >\n\t\t\t<img loading=\"lazy\" decoding=\"async\" width=\"768\" height=\"403\" src=\"https:\/\/mreze.shop\/wp-content\/uploads\/2023\/02\/Analizator-snage-1000-9.jpeg\" class=\"attachment-original size-original\" alt=\"\" srcset=\"https:\/\/mreze.shop\/wp-content\/uploads\/2023\/02\/Analizator-snage-1000-9.jpeg 768w, https:\/\/mreze.shop\/wp-content\/uploads\/2023\/02\/Analizator-snage-1000-9-750x394.jpeg 750w, https:\/\/mreze.shop\/wp-content\/uploads\/2023\/02\/Analizator-snage-1000-9-762x400.jpeg 762w\" sizes=\"auto, (max-width: 768px) 100vw, 768px\" \/>\t\t\t\t\t\t\n\t\t\t\t\t<\/div>\n\t\t\t\t\t\t\t\t\n<style>\n#image_121856332 {\n  width: 95%;\n}\n<\/style>\n\t<\/div>\n\t\n<p>DEWETRON analizatori snage tako\u0111er su snima\u010di mje\u0161ovitih signala, \u0161to zna\u010di da trebate samo JEDAN sustav za sve ulaze:<\/p>\n<ul>\n<li>Modularni i mje\u0161oviti signalni ulazi<\/li>\n<li>Izolirani ulazi visokog napona i struje<\/li>\n<li>Pomo\u0107ni ulazi visokih performansi (npr. moment, brzina, vibracija)<\/li>\n<li>CAN su\u010delje s funkcijom ulaza i izlaza<\/li>\n<li>EtherCAT i XCP, SCPI preko Etherneta<\/li>\n<li>Veliki broj ulaza srednje brzine za niske dinami\u010dke signale (npr. temperatura)<\/li>\n<li>PTP, GPS, IRIG sinkronizacija<\/li>\n<li>Broja\u010d<\/li>\n<\/ul>\n\t\t<\/div>\n\t\t\t\t\n<style>\n#col-134815414 > .col-inner {\n  padding: 0px 0px 0px 1em;\n}\n<\/style>\n\t<\/div>\n\n\t\n\n\t<div id=\"col-1374846109\" class=\"col medium-6 small-12 large-6\"  data-animate=\"fadeInLeft\">\n\t\t\t\t<div class=\"col-inner\"  >\n\t\t\t\n\t\t\t\n<h2>OXYYGEN software<\/h2>\n<div class=\"is-divider divider clearfix\" style=\"max-width:100%;\"><\/div>\n\t<div class=\"img has-hover x md-x lg-x y md-y lg-y\" id=\"image_1135954429\">\n\t\t\t\t\t\t\t\t<div class=\"img-inner dark\" >\n\t\t\t<img loading=\"lazy\" decoding=\"async\" width=\"768\" height=\"380\" src=\"https:\/\/mreze.shop\/wp-content\/uploads\/2023\/02\/Analizator-snage-1000-12.jpeg\" class=\"attachment-large size-large\" alt=\"\" srcset=\"https:\/\/mreze.shop\/wp-content\/uploads\/2023\/02\/Analizator-snage-1000-12.jpeg 768w, https:\/\/mreze.shop\/wp-content\/uploads\/2023\/02\/Analizator-snage-1000-12-750x371.jpeg 750w\" sizes=\"auto, (max-width: 768px) 100vw, 768px\" \/>\t\t\t\t\t\t\n\t\t\t\t\t<\/div>\n\t\t\t\t\t\t\t\t\n<style>\n#image_1135954429 {\n  width: 100%;\n}\n<\/style>\n\t<\/div>\n\t\n<p>OXYGEN softver za mjerenje besprijekorno integrira podatke koji se prenose putem vi\u0161estrukih, potpuno sinkroniziranih signala u izra\u010dune za analizu snage.<\/p>\n<p>Analiza 1-9 faznih elektroenergetskih sustava (1P2W, 2V2A, 3P3W, 3P4W, 6P6W, \u2026)<br \/>\nNekoliko elektroenergetskih sustava logi\u010dno je sa\u017eeto u grupe snaga<br \/>\nIzra\u010dun ciklusa po ciklus bez praznina, bez slijepih to\u010daka<\/p>\n\t\t<\/div>\n\t\t\t\t\n<style>\n#col-1374846109 > .col-inner {\n  padding: 0px 1em 0px 0px;\n}\n<\/style>\n\t<\/div>\n\n\t\n<\/div>\n<div class=\"row\"  id=\"row-1777791033\">\n\n\t<div id=\"col-32334511\" class=\"col medium-6 small-12 large-6\"  data-animate=\"fadeInRight\">\n\t\t\t\t<div class=\"col-inner\"  >\n\t\t\t\n\t\t\t\n\t<div class=\"img has-hover x md-x lg-x y md-y lg-y\" id=\"image_1975558070\">\n\t\t\t\t\t\t\t\t<div class=\"img-inner dark\" >\n\t\t\t<img loading=\"lazy\" decoding=\"async\" width=\"768\" height=\"340\" src=\"https:\/\/mreze.shop\/wp-content\/uploads\/2023\/02\/Analizator-snage-1000-10.png\" class=\"attachment-original size-original\" alt=\"\" srcset=\"https:\/\/mreze.shop\/wp-content\/uploads\/2023\/02\/Analizator-snage-1000-10.png 768w, https:\/\/mreze.shop\/wp-content\/uploads\/2023\/02\/Analizator-snage-1000-10-750x332.png 750w\" sizes=\"auto, (max-width: 768px) 100vw, 768px\" \/>\t\t\t\t\t\t\n\t\t\t\t\t<\/div>\n\t\t\t\t\t\t\t\t\n<style>\n#image_1975558070 {\n  width: 100%;\n}\n<\/style>\n\t<\/div>\n\t\n<h2>Modularnost i pro\u0161irivost<\/h2>\n<div class=\"is-divider divider clearfix\" style=\"max-width:100%;\"><\/div>\n<p>Trebate li vi\u0161e ulaznih kanala? Nema problema, analizatori snage mogu se pro\u0161iriti na mnogo na\u010dina. Samo dodajte jo\u0161 jedan TRION modul u slobodan utor. Podaci se automatski sinkroniziraju na svim kanalima.<\/p>\n<p>Ako trebate vi\u0161e ulaznih kanala, mo\u017eete jednostavno pro\u0161iriti Power Analyzer s TRIONet Front-endom za ve\u0107i broj kanala ili dodati stati\u010dke ulaze pomo\u0107u CPAD ili EPAD modula.<\/p>\n<h2>Testbed su\u010delje<\/h2>\n<div class=\"is-divider divider clearfix\" style=\"max-width:100%;\"><\/div>\n<p>Tehnologija pametnog su\u010delja olak\u0161ava integraciju Power Analyzera u automatizirane sustave i ispitna okru\u017eenja dok jam\u010di pouzdan prijenos podataka, jednostavno kori\u0161tenje daljinskog upravljanja i daljinsku konfiguraciju putem TCP\/IP protokola temeljenih na protokolima u skladu sa standardima (npr. ASAM) i formatima datoteka.<\/p>\n\t\t<\/div>\n\t\t\t\t\n<style>\n#col-32334511 > .col-inner {\n  padding: 0px 0px 0px 1em;\n}\n<\/style>\n\t<\/div>\n\n\t\n\n\t<div id=\"col-917215170\" class=\"col medium-6 small-12 large-6\"  data-animate=\"fadeInLeft\">\n\t\t\t\t<div class=\"col-inner\"  >\n\t\t\t\n\t\t\t\n\t<div class=\"img has-hover x md-x lg-x y md-y lg-y\" id=\"image_35074220\">\n\t\t\t\t\t\t\t\t<div class=\"img-inner dark\" >\n\t\t\t<img loading=\"lazy\" decoding=\"async\" width=\"768\" height=\"383\" src=\"https:\/\/mreze.shop\/wp-content\/uploads\/2023\/02\/Analizator-snage-1000-11.jpeg\" class=\"attachment-original size-original\" alt=\"\" srcset=\"https:\/\/mreze.shop\/wp-content\/uploads\/2023\/02\/Analizator-snage-1000-11.jpeg 768w, https:\/\/mreze.shop\/wp-content\/uploads\/2023\/02\/Analizator-snage-1000-11-750x374.jpeg 750w\" sizes=\"auto, (max-width: 768px) 100vw, 768px\" \/>\t\t\t\t\t\t\n\t\t\t\t\t<\/div>\n\t\t\t\t\t\t\t\t\n<style>\n#image_35074220 {\n  width: 91%;\n}\n<\/style>\n\t<\/div>\n\t\n<h2>Integrirano &#8220;transducer&#8221; napajanje<\/h2>\n<div class=\"is-divider divider clearfix\" style=\"max-width:100%;\"><\/div>\n<p>Analizatori snage pru\u017eaju integrirano (redundantno) napajanje za 8 pretvara\u010da struje. Integrirano napajanje sonde omogu\u0107uje in\u017eenjeru da ne treba koristiti dodatnu kutije napajanja i spoji sonde izravno na analizator snage.<\/p>\n<p>Ve\u0107ina uobi\u010dajenih senzora s \u00b115 V ili +9 V su kompatibilni, a oni zahtjevni (kao \u0161to su sonde s nultim fluksom) mogu se napajati zahvaljuju\u0107i vrhunskom napajanju.<\/p>\n<h2>Uskla\u0111enost sa standadima industrije<\/h2>\n<div class=\"is-divider divider clearfix\" style=\"max-width:100%;\"><\/div>\n<p>Analiza harmonike, interharmonike i vi\u0161ih frekvencija, kao i fluktuacije napona i emisija treperenja izvodi se prema industrijskom standardu.<\/p>\n<ul>\n<li>IEC 61000-4-7<\/li>\n<li>IEC 61000-4-15<\/li>\n<li>IEC 61400-21<\/li>\n<\/ul>\n<p>DEWETRON s CAT IV osigurava najvi\u0161u sigurnosnu klasu za analizatore snage na tr\u017ei\u0161tu.<\/p>\n\t\t<\/div>\n\t\t\t\t\n<style>\n#col-917215170 > .col-inner {\n  padding: 0px 1em 0px 0px;\n}\n<\/style>\n\t<\/div>\n\n\t\n<\/div>\n","protected":false},"excerpt":{"rendered":"<p>Prenosivi i pouzdani sustav za prikupljanje podataka za sve va\u0161e terenske testove, rje\u0161avanje problema i odr\u017eavanje u razli\u010ditim podru\u010djima primjene<\/p>\n<ul>\n<li>mjerenje signala iz 16 analognih ulaza<\/li>\n<li>digitalni I\/O i counter<\/li>\n<li>besplatan OXYGEN software za navigaciju i upravljanje ure\u0111ajem<\/li>\n<li>15.6&#8221; multi-touch display<\/li>\n<\/ul>\n<p>&nbsp;<\/p>\n","protected":false},"featured_media":4092,"template":"","meta":[],"product_brand":[],"product_cat":[200],"product_tag":[],"class_list":{"0":"post-4091","1":"product","2":"type-product","3":"status-publish","4":"has-post-thumbnail","6":"product_cat-analizatori-snage-bs","7":"product_shipping_class-dostava-prema-ponudi","9":"first","10":"instock","11":"taxable","12":"shipping-taxable","13":"purchasable","14":"product-type-simple"},"_links":{"self":[{"href":"https:\/\/mreze.shop\/bs\/wp-json\/wp\/v2\/product\/4091","targetHints":{"allow":["GET"]}}],"collection":[{"href":"https:\/\/mreze.shop\/bs\/wp-json\/wp\/v2\/product"}],"about":[{"href":"https:\/\/mreze.shop\/bs\/wp-json\/wp\/v2\/types\/product"}],"wp:featuredmedia":[{"embeddable":true,"href":"https:\/\/mreze.shop\/bs\/wp-json\/wp\/v2\/media\/4092"}],"wp:attachment":[{"href":"https:\/\/mreze.shop\/bs\/wp-json\/wp\/v2\/media?parent=4091"}],"wp:term":[{"taxonomy":"product_brand","embeddable":true,"href":"https:\/\/mreze.shop\/bs\/wp-json\/wp\/v2\/product_brand?post=4091"},{"taxonomy":"product_cat","embeddable":true,"href":"https:\/\/mreze.shop\/bs\/wp-json\/wp\/v2\/product_cat?post=4091"},{"taxonomy":"product_tag","embeddable":true,"href":"https:\/\/mreze.shop\/bs\/wp-json\/wp\/v2\/product_tag?post=4091"}],"curies":[{"name":"wp","href":"https:\/\/api.w.org\/{rel}","templated":true}]}}