{"id":4078,"date":"2023-02-19T14:35:24","date_gmt":"2023-02-19T13:35:24","guid":{"rendered":"https:\/\/mreze.shop\/proizvod\/industrijski-switch-tsw200-teltonika\/"},"modified":"2024-01-22T13:06:45","modified_gmt":"2024-01-22T12:06:45","slug":"industrijski-switch-tsw200-teltonika","status":"publish","type":"product","link":"https:\/\/mreze.shop\/bs\/proizvod\/industrijski-switch-tsw200-teltonika\/","title":{"rendered":"Industrijski switch TSW200, Teltonika"},"content":{"rendered":"\t<div id=\"gap-1053495638\" class=\"gap-element clearfix\" style=\"display:block; height:auto;\">\n\t\t\n<style>\n#gap-1053495638 {\n  padding-top: 30px;\n}\n<\/style>\n\t<\/div>\n\t\n<div class=\"row align-middle\"  id=\"row-1460712135\">\n\n\t<div id=\"col-1247110513\" class=\"col medium-6 small-12 large-6\"  data-animate=\"fadeInLeft\">\n\t\t\t\t<div class=\"col-inner\"  >\n\t\t\t\n\t\t\t\n<h2>I podatci i napajanje uz industrijski PoE+ switch<\/h2>\n<div class=\"is-divider divider clearfix\" style=\"max-width:100%;\"><\/div>\n<p>TSW200 je industrijski neupravljani preklopnik tvrtke Teltonika Networks.<\/p>\n<p>Ovaj je model opremljen s 2 SFP porta za komunikaciju opti\u010dkim vlaknima velikog dometa i 8 Gigabit Ethernet portova koji podr\u017eavaju IEEE802.3af i IEE802.3at Power-over-Ethernet standarde.<\/p>\n<p>Klasificiran kao oprema za izvor napajanja (PSE), omogu\u0107uje centralizaciju napajanja, pru\u017eaju\u0107i do 30 W po priklju\u010dku i smanjuju\u0107i potrebe za instalaciju posebnih napajanja. Ima 10\/100\/1000 Mbps Ethernet priklju\u010dke za pru\u017eanje ekonomi\u010dnog rje\u0161enja velike propusnosti za va\u0161u industrijsku Ethernet mre\u017eu.<\/p>\n<p>Ovaj robusni neupravljani industrijski prekida\u010d idealan je za profesionalne aplikacije visoke propusnosti gdje je potrebno osigurati oboje: pouzdanu podatkovnu vezu i napajanje.<\/p>\n<ul>\n<li>PoE+ na 8 portova s 802.3af i 802.3at podr\u0161kom<\/li>\n<li>30W po portu (240 W ukupno)<\/li>\n<li>2 SFP porta za konekciju opti\u010dkim kabelom<\/li>\n<li>8 Gigabit Ethernet porta brzine do 1000 Mbps<\/li>\n<li>Ku\u0107i\u0161te od otpornog aluminija za primjenu u industrijskom okru\u017eenju<\/li>\n<li>Opcije monta\u017ee na DIN \u0161inu, zidno ili stolno postavljanje<\/li>\n<\/ul>\n\t\t<\/div>\n\t\t\t\t\n<style>\n#col-1247110513 > .col-inner {\n  padding: 0px 1em 0px 0px;\n}\n<\/style>\n\t<\/div>\n\n\t\n\n\t<div id=\"col-588995868\" class=\"col medium-6 small-12 large-6\"  data-animate=\"fadeInRight\">\n\t\t\t\t<div class=\"col-inner\"  >\n\t\t\t\n\t\t\t\n\t<div class=\"img has-hover x md-x lg-x y md-y lg-y\" id=\"image_1814039459\">\n\t\t\t\t\t\t\t\t<div class=\"img-inner dark\" >\n\t\t\t<img loading=\"lazy\" decoding=\"async\" width=\"750\" height=\"750\" src=\"https:\/\/mreze.shop\/wp-content\/uploads\/2023\/02\/Industrijski-switch-TSW200-1011-1.jpg\" class=\"attachment-large size-large\" alt=\"\" srcset=\"https:\/\/mreze.shop\/wp-content\/uploads\/2023\/02\/Industrijski-switch-TSW200-1011-1.jpg 750w, https:\/\/mreze.shop\/wp-content\/uploads\/2023\/02\/Industrijski-switch-TSW200-1011-1-350x350.jpg 350w, https:\/\/mreze.shop\/wp-content\/uploads\/2023\/02\/Industrijski-switch-TSW200-1011-1-100x100.jpg 100w, https:\/\/mreze.shop\/wp-content\/uploads\/2023\/02\/Industrijski-switch-TSW200-1011-1-510x510.jpg 510w, https:\/\/mreze.shop\/wp-content\/uploads\/2023\/02\/Industrijski-switch-TSW200-1011-1-400x400.jpg 400w, https:\/\/mreze.shop\/wp-content\/uploads\/2023\/02\/Industrijski-switch-TSW200-1011-1-280x280.jpg 280w\" sizes=\"auto, (max-width: 750px) 100vw, 750px\" \/>\t\t\t\t\t\t\n\t\t\t\t\t<\/div>\n\t\t\t\t\t\t\t\t\n<style>\n#image_1814039459 {\n  width: 88%;\n}\n<\/style>\n\t<\/div>\n\t\n\t\t<\/div>\n\t\t\t\t\n<style>\n#col-588995868 > .col-inner {\n  padding: 0px 0px 0px 1em;\n}\n<\/style>\n\t<\/div>\n\n\t\n<\/div>\n\n\t<section class=\"section dark\" id=\"section_1553850683\">\n\t\t<div class=\"section-bg fill\" >\n\t\t\t\t\t\t\t\t\t\n\t\t\t\n\n\t\t<\/div>\n\n\t\t\t<div class=\"ux-shape-divider ux-shape-divider--top ux-shape-divider--style-tilt\">\n\t\t<svg viewBox=\"0 0 1000 100\" xmlns=\"http:\/\/www.w3.org\/2000\/svg\" preserveAspectRatio=\"none\">\n\t<path class=\"ux-shape-fill\" d=\"M1000 100V0L-40 100H1000Z\"\/>\n<\/svg>\n\t<\/div>\n\n\t<div class=\"ux-shape-divider ux-shape-divider--bottom ux-shape-divider--style-tilt\">\n\t\t<svg viewBox=\"0 0 1000 100\" xmlns=\"http:\/\/www.w3.org\/2000\/svg\" preserveAspectRatio=\"none\">\n\t<path class=\"ux-shape-fill\" d=\"M1000 100V0L-40 100H1000Z\"\/>\n<\/svg>\n\t<\/div>\n\n\t\t<div class=\"section-content relative\">\n\t\t\t\n<div class=\"row row-collapse row-full-width align-equal align-center\"  id=\"row-162311222\">\n\n\t<div id=\"col-2092572835\" class=\"col small-12 large-12\"  >\n\t\t\t\t<div class=\"col-inner text-center\"  >\n\t\t\t\n\t\t\t\n<div class=\"container section-title-container\" ><h2 class=\"section-title section-title-center\"><b aria-hidden=\"true\"><\/b><span class=\"section-title-main\" style=\"color:rgb(11, 61, 120);\">Svi detalji o ovom ure\u0111aju<\/span><b aria-hidden=\"true\"><\/b><\/h2><\/div>\n\t<div id=\"text-3761704150\" class=\"text\">\n\t\t\n<p class=\"lead\">Pogledajte kratki prezentacijski video za <strong>Teltonika TSW200<\/strong> industrijski switch ili prou\u010dite sve detalje na iscrpnom Teltonika Wiki portalu.<\/p>\n\t\t\n<style>\n#text-3761704150 {\n  text-align: center;\n  color: rgb(11, 61, 120);\n}\n#text-3761704150 > * {\n  color: rgb(11, 61, 120);\n}\n<\/style>\n\t<\/div>\n\t\n<a href=\"https:\/\/www.youtube.com\/watch?v=dFjlwXavgkw\" target=\"_blank\" class=\"button primary\" rel=\"noopener\" >\n\t\t<span>Prezentacijski Video<\/span>\n\t<i class=\"icon-youtube\" aria-hidden=\"true\"><\/i><\/a>\n\n<a href=\"https:\/\/wiki.teltonika-networks.com\/view\/TSW200\" target=\"_blank\" class=\"button secondary\" rel=\"noopener\" >\n\t\t<span>Teltonika Wiki<\/span>\n\t<\/a>\n\n\t\t<\/div>\n\t\t\t\t\n<style>\n#col-2092572835 > .col-inner {\n  padding: 3em 0px 3em 0px;\n}\n<\/style>\n\t<\/div>\n\n\t\n<\/div>\n\t\t<\/div>\n\n\t\t\n<style>\n#section_1553850683 {\n  padding-top: 100px;\n  padding-bottom: 100px;\n  background-color: rgb(238, 238, 238);\n}\n#section_1553850683 .ux-shape-divider--top svg {\n  height: 150px;\n  --divider-top-width: 187%;\n}\n#section_1553850683 .ux-shape-divider--top .ux-shape-fill {\n  fill: rgb(255,255,255);\n}\n#section_1553850683 .ux-shape-divider--bottom svg {\n  height: 150px;\n  --divider-width: 187%;\n}\n<\/style>\n\t<\/section>\n\t\n\n\t<section class=\"section\" id=\"section_1524341348\">\n\t\t<div class=\"section-bg fill\" >\n\t\t\t\t\t\t\t\t\t\n\t\t\t\n\n\t\t<\/div>\n\n\t\t\n\n\t\t<div class=\"section-content relative\">\n\t\t\t\n\t<div id=\"text-3899748940\" class=\"text\">\n\t\t\n<h2>Povezani \u010dlanci i primjeri uporabe<\/h2>\n<p>Na\u0161i \u010dlanci \u0107e vas upoznati s tehnologijama, a primjeri uporabe \u0107e dati uvid u prakti\u010dnu primjenu ure\u0111aja iz mreze.hr ponude.<br \/>\n\t\t\n<style>\n#text-3899748940 {\n  text-align: center;\n}\n<\/style>\n\t<\/div>\n\t\n\t<div id=\"gap-6826378\" class=\"gap-element clearfix\" style=\"display:block; height:auto;\">\n\t\t\n<style>\n#gap-6826378 {\n  padding-top: 50px;\n}\n<\/style>\n\t<\/div>\n\t\n\n  \n    <div class=\"row large-columns-2 medium-columns-1 small-columns-1 slider row-slider slider-nav-simple slider-nav-outside slider-nav-push\"  data-flickity-options='{&quot;imagesLoaded&quot;: true, &quot;groupCells&quot;: &quot;100%&quot;, &quot;dragThreshold&quot; : 5, &quot;cellAlign&quot;: &quot;left&quot;,&quot;wrapAround&quot;: true,&quot;prevNextButtons&quot;: true,&quot;percentPosition&quot;: true,&quot;pageDots&quot;: true, &quot;rightToLeft&quot;: false, &quot;autoPlay&quot; : false}' >\n\n  <div class=\"col post-item\" >\n\t\t\t<div class=\"col-inner\">\n\t\t\t\t<div class=\"box box-default box-text-bottom box-blog-post has-hover\">\n            \t\t\t\t\t<div class=\"box-image\" style=\"border-radius:1%;\">\n  \t\t\t\t\t\t<div class=\"image-cover\" style=\"padding-top:56.25%;\">\n\t\t\t\t\t\t\t<a href=\"https:\/\/mreze.shop\/bs\/povezivanje-na-veliku-udaljenost-za-uredjaje-za-naplatu-parkiranja\/\" class=\"plain\" aria-label=\"Povezivanje na veliku udaljenost za ure\u0111aje za naplatu parkiranja\">\n\t\t\t\t\t\t\t\t<img loading=\"lazy\" decoding=\"async\" width=\"750\" height=\"341\" src=\"https:\/\/mreze.shop\/wp-content\/uploads\/2023\/02\/Povezivanje-na-veliku-udaljenost-za-uredaje-za-naplatu-parkiranja-750x341.jpg\" class=\"attachment-woocommerce_single size-woocommerce_single wp-post-image\" alt=\"\" srcset=\"https:\/\/mreze.shop\/wp-content\/uploads\/2023\/02\/Povezivanje-na-veliku-udaljenost-za-uredaje-za-naplatu-parkiranja-750x341.jpg 750w, https:\/\/mreze.shop\/wp-content\/uploads\/2023\/02\/Povezivanje-na-veliku-udaljenost-za-uredaje-za-naplatu-parkiranja-800x364.jpg 800w, https:\/\/mreze.shop\/wp-content\/uploads\/2023\/02\/Povezivanje-na-veliku-udaljenost-za-uredaje-za-naplatu-parkiranja-768x349.jpg 768w, https:\/\/mreze.shop\/wp-content\/uploads\/2023\/02\/Povezivanje-na-veliku-udaljenost-za-uredaje-za-naplatu-parkiranja.jpg 1100w\" sizes=\"auto, (max-width: 750px) 100vw, 750px\" \/>\t\t\t\t\t\t\t<\/a>\n  \t\t\t\t\t\t\t  \t\t\t\t\t\t\t  \t\t\t\t\t\t<\/div>\n  \t\t\t\t\t\t  \t\t\t\t\t<\/div>\n          \t\t\t\t\t<div class=\"box-text text-center is-large\" >\n\t\t\t\t\t<div class=\"box-text-inner blog-post-inner\">\n\n\t\t\t\t\t\n\t\t\t\t\t\t\t\t\t\t\t<p class=\"cat-label tag-label is-xxsmall op-7 uppercase\">\n\t\t\t\t\tStudije slu\u010daja \t\t\t\t\t<\/p>\n\t\t\t\t\t\t\t\t\t\t<h5 class=\"post-title is-large \">\n\t\t\t\t\t\t<a href=\"https:\/\/mreze.shop\/bs\/povezivanje-na-veliku-udaljenost-za-uredjaje-za-naplatu-parkiranja\/\" class=\"plain\">Povezivanje na veliku udaljenost za ure\u0111aje za naplatu parkiranja<\/a>\n\t\t\t\t\t<\/h5>\n\t\t\t\t\t\t\t\t\t\t<div class=\"is-divider\"><\/div>\n\t\t\t\t\t                    \n\t\t\t\t\t\n\t\t\t\t\t\n\t\t\t\t\t<\/div>\n\t\t\t\t\t<\/div>\n\t\t\t\t\t\t\t\t\t<\/div>\n\t\t\t<\/div>\n\t\t<\/div><\/div>\n\t\t<\/div>\n\n\t\t\n<style>\n#section_1524341348 {\n  padding-top: 30px;\n  padding-bottom: 30px;\n}\n<\/style>\n\t<\/section>\n\t\n","protected":false},"excerpt":{"rendered":"<p><b>TSW200<\/b> je switch za profesionalnu i industrijsku primjenu s visokim propusnostima gdje je osim pouzdane LAN veze potrebno osigurati i PoE napajanje. Osim Gigabit Ethernet portova, ovaj je model opremljen i s 2 porta za konkeciju opti\u010dkim kabelom.<\/p>\n<ul>\n<li>8 x 10\/100\/1000 Ethernet portova<\/li>\n<li>Power over Ethernet (PoE)<\/li>\n<li>2 x SFP porta<\/li>\n<\/ul>\n","protected":false},"featured_media":4079,"template":"","meta":[],"product_brand":[],"product_cat":[209],"product_tag":[],"class_list":{"0":"post-4078","1":"product","2":"type-product","3":"status-publish","4":"has-post-thumbnail","6":"product_cat-switchevi-bs","7":"product_shipping_class-dostava-prema-ponudi","9":"first","10":"onbackorder","11":"taxable","12":"shipping-taxable","13":"purchasable","14":"product-type-simple"},"_links":{"self":[{"href":"https:\/\/mreze.shop\/bs\/wp-json\/wp\/v2\/product\/4078","targetHints":{"allow":["GET"]}}],"collection":[{"href":"https:\/\/mreze.shop\/bs\/wp-json\/wp\/v2\/product"}],"about":[{"href":"https:\/\/mreze.shop\/bs\/wp-json\/wp\/v2\/types\/product"}],"wp:featuredmedia":[{"embeddable":true,"href":"https:\/\/mreze.shop\/bs\/wp-json\/wp\/v2\/media\/4079"}],"wp:attachment":[{"href":"https:\/\/mreze.shop\/bs\/wp-json\/wp\/v2\/media?parent=4078"}],"wp:term":[{"taxonomy":"product_brand","embeddable":true,"href":"https:\/\/mreze.shop\/bs\/wp-json\/wp\/v2\/product_brand?post=4078"},{"taxonomy":"product_cat","embeddable":true,"href":"https:\/\/mreze.shop\/bs\/wp-json\/wp\/v2\/product_cat?post=4078"},{"taxonomy":"product_tag","embeddable":true,"href":"https:\/\/mreze.shop\/bs\/wp-json\/wp\/v2\/product_tag?post=4078"}],"curies":[{"name":"wp","href":"https:\/\/api.w.org\/{rel}","templated":true}]}}