{"id":4058,"date":"2023-02-20T15:50:26","date_gmt":"2023-02-20T14:50:26","guid":{"rendered":"https:\/\/mreze.shop\/proizvod\/industrijski-router-rutx10-teltonika\/"},"modified":"2024-01-22T13:06:59","modified_gmt":"2024-01-22T12:06:59","slug":"industrijski-router-rutx10-teltonika","status":"publish","type":"product","link":"https:\/\/mreze.shop\/bs\/proizvod\/industrijski-router-rutx10-teltonika\/","title":{"rendered":"Industrijski router RUTX10, Teltonika"},"content":{"rendered":"\t<div id=\"gap-1926627034\" class=\"gap-element clearfix\" style=\"display:block; height:auto;\">\n\t\t\n<style>\n#gap-1926627034 {\n  padding-top: 30px;\n}\n<\/style>\n\t<\/div>\n\t\n<div class=\"row align-middle\"  id=\"row-863286348\">\n\n\t<div id=\"col-1947813981\" class=\"col medium-6 small-12 large-6\"  data-animate=\"fadeInLeft\">\n\t\t\t\t<div class=\"col-inner\"  >\n\t\t\t\n\t\t\t\n<h2>Enterprise router za male i srednje slo\u017eene uredske primjene<\/h2>\n<div class=\"is-divider divider clearfix\" style=\"max-width:100%;\"><\/div>\n<p>RUTX10 Enterprise usmjeriva\u010d posebno je dizajniran za male i srednje uredske aplikacije. Dolazi s Dual Band Wi-Fi 5 802.11ac, koji je vrlo prikladan za visok prijenos podataka i robusnu be\u017ei\u010dnu izvedbu.<\/p>\n<p>Ima sve najnovije sigurnosne zna\u010dajke i omogu\u0107uje daljinski nadzor i kontrolu te dolazi s vrlo funkcionalnim i prilagodljivim RutOS-om koji se temelji na OpenWRT-u.<\/p>\n<p>Sinergija izme\u0111u hardvera i softvera \u010dini ovaj ure\u0111aj nevjerojatnim izvo\u0111a\u010dem u Enterprise rje\u0161enjima.<\/p>\n<ul>\n<li>4 Gigabit Ethernet porta s podr\u0161kom do 128 port\/tag baziranih VLAN-ova<\/li>\n<li>Digitalni Ulaz\/Izlaz za uddaljeni nadzor i upravljanje te USB 2.0 su\u010delje<\/li>\n<li>Dual Band WiFi i Bluetooth LE<\/li>\n<li>Vi\u0161estruki protokoli uklju\u010duju\u0107i MQTT, Modbus TCP, BGP, GRE<\/li>\n<li>Firewall i brojni VPN servisi uklju\u010duju\u0107i OpenVPN, IPsec, PPTP, L2TP &amp; DMVPN<\/li>\n<li>Upravljanje pomo\u0107u Teltonika Remote Management System softvera<\/li>\n<\/ul>\n\t\t<\/div>\n\t\t\t\t\n<style>\n#col-1947813981 > .col-inner {\n  padding: 0px 1em 0px 0px;\n}\n<\/style>\n\t<\/div>\n\n\t\n\n\t<div id=\"col-429770644\" class=\"col medium-6 small-12 large-6\"  data-animate=\"fadeInRight\">\n\t\t\t\t<div class=\"col-inner\"  >\n\t\t\t\n\t\t\t\n\t<div class=\"img has-hover x md-x lg-x y md-y lg-y\" id=\"image_251404444\">\n\t\t\t\t\t\t\t\t<div class=\"img-inner dark\" >\n\t\t\t<img loading=\"lazy\" decoding=\"async\" width=\"750\" height=\"750\" src=\"https:\/\/mreze.shop\/wp-content\/uploads\/2023\/02\/Industrijski-router-RUTX10-1087-1.jpg\" class=\"attachment-original size-original\" alt=\"\" srcset=\"https:\/\/mreze.shop\/wp-content\/uploads\/2023\/02\/Industrijski-router-RUTX10-1087-1.jpg 750w, https:\/\/mreze.shop\/wp-content\/uploads\/2023\/02\/Industrijski-router-RUTX10-1087-1-350x350.jpg 350w, https:\/\/mreze.shop\/wp-content\/uploads\/2023\/02\/Industrijski-router-RUTX10-1087-1-100x100.jpg 100w, https:\/\/mreze.shop\/wp-content\/uploads\/2023\/02\/Industrijski-router-RUTX10-1087-1-510x510.jpg 510w, https:\/\/mreze.shop\/wp-content\/uploads\/2023\/02\/Industrijski-router-RUTX10-1087-1-400x400.jpg 400w, https:\/\/mreze.shop\/wp-content\/uploads\/2023\/02\/Industrijski-router-RUTX10-1087-1-280x280.jpg 280w\" sizes=\"auto, (max-width: 750px) 100vw, 750px\" \/>\t\t\t\t\t\t\n\t\t\t\t\t<\/div>\n\t\t\t\t\t\t\t\t\n<style>\n#image_251404444 {\n  width: 91%;\n}\n<\/style>\n\t<\/div>\n\t\n\t\t<\/div>\n\t\t\t\t\n<style>\n#col-429770644 > .col-inner {\n  padding: 0px 0px 0px 1em;\n}\n<\/style>\n\t<\/div>\n\n\t\n<\/div>\n\n\t<section class=\"section dark\" id=\"section_1286621555\">\n\t\t<div class=\"section-bg fill\" >\n\t\t\t\t\t\t\t\t\t\n\t\t\t\n\n\t\t<\/div>\n\n\t\t\t<div class=\"ux-shape-divider ux-shape-divider--top ux-shape-divider--style-tilt\">\n\t\t<svg viewBox=\"0 0 1000 100\" xmlns=\"http:\/\/www.w3.org\/2000\/svg\" preserveAspectRatio=\"none\">\n\t<path class=\"ux-shape-fill\" d=\"M1000 100V0L-40 100H1000Z\"\/>\n<\/svg>\n\t<\/div>\n\n\t<div class=\"ux-shape-divider ux-shape-divider--bottom ux-shape-divider--style-tilt\">\n\t\t<svg viewBox=\"0 0 1000 100\" xmlns=\"http:\/\/www.w3.org\/2000\/svg\" preserveAspectRatio=\"none\">\n\t<path class=\"ux-shape-fill\" d=\"M1000 100V0L-40 100H1000Z\"\/>\n<\/svg>\n\t<\/div>\n\n\t\t<div class=\"section-content relative\">\n\t\t\t\n<div class=\"row row-collapse row-full-width align-equal align-center\"  id=\"row-1180293226\">\n\n\t<div id=\"col-1928901522\" class=\"col small-12 large-12\"  >\n\t\t\t\t<div class=\"col-inner text-center\"  >\n\t\t\t\n\t\t\t\n<div class=\"container section-title-container\" ><h2 class=\"section-title section-title-center\"><b aria-hidden=\"true\"><\/b><span class=\"section-title-main\" style=\"color:rgb(11, 61, 120);\">Svi detalji o ovom ure\u0111aju<\/span><b aria-hidden=\"true\"><\/b><\/h2><\/div>\n\t<div id=\"text-164961711\" class=\"text\">\n\t\t\n<p class=\"lead\">Pogledajte kratki &#8220;Quick start&#8221; video vodi\u010d za <strong>Teltonika RUTX10 <\/strong>industrijski router ili prou\u010dite sve detalje na iscrpnom Teltonika Wiki portalu.<\/p>\n\t\t\n<style>\n#text-164961711 {\n  text-align: center;\n  color: rgb(11, 61, 120);\n}\n#text-164961711 > * {\n  color: rgb(11, 61, 120);\n}\n<\/style>\n\t<\/div>\n\t\n<a href=\"https:\/\/www.youtube.com\/watch?v=49I1h97AwD0\" target=\"_blank\" class=\"button primary\" rel=\"noopener\" >\n\t\t<span>Quick start Video<\/span>\n\t<i class=\"icon-youtube\" aria-hidden=\"true\"><\/i><\/a>\n\n<a href=\"https:\/\/wiki.teltonika-networks.com\/view\/RUTX10\" target=\"_blank\" class=\"button secondary\" rel=\"noopener\" >\n\t\t<span>Teltonika Wiki<\/span>\n\t<\/a>\n\n\t\t<\/div>\n\t\t\t\t\n<style>\n#col-1928901522 > .col-inner {\n  padding: 3em 0px 3em 0px;\n}\n<\/style>\n\t<\/div>\n\n\t\n<\/div>\n\t\t<\/div>\n\n\t\t\n<style>\n#section_1286621555 {\n  padding-top: 100px;\n  padding-bottom: 100px;\n  background-color: rgb(238, 238, 238);\n}\n#section_1286621555 .ux-shape-divider--top svg {\n  height: 150px;\n  --divider-top-width: 187%;\n}\n#section_1286621555 .ux-shape-divider--top .ux-shape-fill {\n  fill: rgb(255,255,255);\n}\n#section_1286621555 .ux-shape-divider--bottom svg {\n  height: 150px;\n  --divider-width: 187%;\n}\n<\/style>\n\t<\/section>\n\t\n\n\t<section class=\"section\" id=\"section_688084788\">\n\t\t<div class=\"section-bg fill\" >\n\t\t\t\t\t\t\t\t\t\n\t\t\t\n\n\t\t<\/div>\n\n\t\t\n\n\t\t<div class=\"section-content relative\">\n\t\t\t\n\t<div id=\"text-566191647\" class=\"text\">\n\t\t\n<h2>Povezani \u010dlanci i primjeri uporabe<\/h2>\n<p>Na\u0161i \u010dlanci \u0107e vas upoznati s tehnologijama, a primjeri uporabe \u0107e dati uvid u prakti\u010dnu primjenu ure\u0111aja iz mreze.hr ponude.<br \/>\n\t\t\n<style>\n#text-566191647 {\n  text-align: center;\n}\n<\/style>\n\t<\/div>\n\t\n\t<div id=\"gap-1885554820\" class=\"gap-element clearfix\" style=\"display:block; height:auto;\">\n\t\t\n<style>\n#gap-1885554820 {\n  padding-top: 50px;\n}\n<\/style>\n\t<\/div>\n\t\n\n  \n    <div class=\"row large-columns-2 medium-columns-1 small-columns-1 slider row-slider slider-nav-simple slider-nav-outside slider-nav-push\"  data-flickity-options='{&quot;imagesLoaded&quot;: true, &quot;groupCells&quot;: &quot;100%&quot;, &quot;dragThreshold&quot; : 5, &quot;cellAlign&quot;: &quot;left&quot;,&quot;wrapAround&quot;: true,&quot;prevNextButtons&quot;: true,&quot;percentPosition&quot;: true,&quot;pageDots&quot;: true, &quot;rightToLeft&quot;: false, &quot;autoPlay&quot; : false}' >\n\n  <div class=\"col post-item\" >\n\t\t\t<div class=\"col-inner\">\n\t\t\t\t<div class=\"box box-default box-text-bottom box-blog-post has-hover\">\n            \t\t\t\t\t<div class=\"box-image\" style=\"border-radius:1%;\">\n  \t\t\t\t\t\t<div class=\"image-cover\" style=\"padding-top:56%;\">\n\t\t\t\t\t\t\t<a href=\"https:\/\/mreze.shop\/bs\/sprjecavanje-sudara-robota-na-tvornickoj-traci\/\" class=\"plain\" aria-label=\"Sprje\u010davanje sudara robota na tvorni\u010dkoj traci\">\n\t\t\t\t\t\t\t\t<img loading=\"lazy\" decoding=\"async\" width=\"1100\" height=\"500\" src=\"https:\/\/mreze.shop\/wp-content\/uploads\/2023\/02\/Sprjecavanje-sudara-robota-na-montaznoj-traci1.jpg\" class=\"attachment-original size-original wp-post-image\" alt=\"\" srcset=\"https:\/\/mreze.shop\/wp-content\/uploads\/2023\/02\/Sprjecavanje-sudara-robota-na-montaznoj-traci1.jpg 1100w, https:\/\/mreze.shop\/wp-content\/uploads\/2023\/02\/Sprjecavanje-sudara-robota-na-montaznoj-traci1-800x364.jpg 800w, https:\/\/mreze.shop\/wp-content\/uploads\/2023\/02\/Sprjecavanje-sudara-robota-na-montaznoj-traci1-768x349.jpg 768w, https:\/\/mreze.shop\/wp-content\/uploads\/2023\/02\/Sprjecavanje-sudara-robota-na-montaznoj-traci1-750x341.jpg 750w\" sizes=\"auto, (max-width: 1100px) 100vw, 1100px\" \/>\t\t\t\t\t\t\t<\/a>\n  \t\t\t\t\t\t\t  \t\t\t\t\t\t\t  \t\t\t\t\t\t<\/div>\n  \t\t\t\t\t\t  \t\t\t\t\t<\/div>\n          \t\t\t\t\t<div class=\"box-text text-center is-large\" >\n\t\t\t\t\t<div class=\"box-text-inner blog-post-inner\">\n\n\t\t\t\t\t\n\t\t\t\t\t\t\t\t\t\t\t<p class=\"cat-label tag-label is-xxsmall op-7 uppercase\">\n\t\t\t\t\tStudije slu\u010daja \t\t\t\t\t<\/p>\n\t\t\t\t\t\t\t\t\t\t<h5 class=\"post-title is-large \">\n\t\t\t\t\t\t<a href=\"https:\/\/mreze.shop\/bs\/sprjecavanje-sudara-robota-na-tvornickoj-traci\/\" class=\"plain\">Sprje\u010davanje sudara robota na tvorni\u010dkoj traci<\/a>\n\t\t\t\t\t<\/h5>\n\t\t\t\t\t\t\t\t\t\t<div class=\"is-divider\"><\/div>\n\t\t\t\t\t                    \n\t\t\t\t\t\t\t\t\t\t\t<a href=\"https:\/\/mreze.shop\/bs\/sprjecavanje-sudara-robota-na-tvornickoj-traci\/\" class=\"button secondary is-link is-small mb-0\">\n\t\t\t\t\t\t\tCijeli \u010dlanak\t\t\t\t\t\t<\/a>\n\t\t\t\t\t\n\t\t\t\t\t\n\t\t\t\t\t<\/div>\n\t\t\t\t\t<\/div>\n\t\t\t\t\t\t\t\t\t<\/div>\n\t\t\t<\/div>\n\t\t<\/div><div class=\"col post-item\" >\n\t\t\t<div class=\"col-inner\">\n\t\t\t\t<div class=\"box box-default box-text-bottom box-blog-post has-hover\">\n            \t\t\t\t\t<div class=\"box-image\" style=\"border-radius:1%;\">\n  \t\t\t\t\t\t<div class=\"image-cover\" style=\"padding-top:56%;\">\n\t\t\t\t\t\t\t<a href=\"https:\/\/mreze.shop\/bs\/mesh-mreza-koja-omogucuje-pametnu-tvornicku-povezivost\/\" class=\"plain\" aria-label=\"\u201cMESH\u201d mre\u017ea koja omogu\u0107uje pametnu tvorni\u010dku povezivost\">\n\t\t\t\t\t\t\t\t<img loading=\"lazy\" decoding=\"async\" width=\"1100\" height=\"500\" src=\"https:\/\/mreze.shop\/wp-content\/uploads\/2023\/02\/Mesh-mreza-tvornicka-povezivost1.jpg\" class=\"attachment-original size-original wp-post-image\" alt=\"\" srcset=\"https:\/\/mreze.shop\/wp-content\/uploads\/2023\/02\/Mesh-mreza-tvornicka-povezivost1.jpg 1100w, https:\/\/mreze.shop\/wp-content\/uploads\/2023\/02\/Mesh-mreza-tvornicka-povezivost1-800x364.jpg 800w, https:\/\/mreze.shop\/wp-content\/uploads\/2023\/02\/Mesh-mreza-tvornicka-povezivost1-768x349.jpg 768w, https:\/\/mreze.shop\/wp-content\/uploads\/2023\/02\/Mesh-mreza-tvornicka-povezivost1-750x341.jpg 750w\" sizes=\"auto, (max-width: 1100px) 100vw, 1100px\" \/>\t\t\t\t\t\t\t<\/a>\n  \t\t\t\t\t\t\t  \t\t\t\t\t\t\t  \t\t\t\t\t\t<\/div>\n  \t\t\t\t\t\t  \t\t\t\t\t<\/div>\n          \t\t\t\t\t<div class=\"box-text text-center is-large\" >\n\t\t\t\t\t<div class=\"box-text-inner blog-post-inner\">\n\n\t\t\t\t\t\n\t\t\t\t\t\t\t\t\t\t\t<p class=\"cat-label tag-label is-xxsmall op-7 uppercase\">\n\t\t\t\t\tStudije slu\u010daja \t\t\t\t\t<\/p>\n\t\t\t\t\t\t\t\t\t\t<h5 class=\"post-title is-large \">\n\t\t\t\t\t\t<a href=\"https:\/\/mreze.shop\/bs\/mesh-mreza-koja-omogucuje-pametnu-tvornicku-povezivost\/\" class=\"plain\">\u201cMESH\u201d mre\u017ea koja omogu\u0107uje pametnu tvorni\u010dku povezivost<\/a>\n\t\t\t\t\t<\/h5>\n\t\t\t\t\t\t\t\t\t\t<div class=\"is-divider\"><\/div>\n\t\t\t\t\t                    \n\t\t\t\t\t\t\t\t\t\t\t<a href=\"https:\/\/mreze.shop\/bs\/mesh-mreza-koja-omogucuje-pametnu-tvornicku-povezivost\/\" class=\"button secondary is-link is-small mb-0\">\n\t\t\t\t\t\t\tCijeli \u010dlanak\t\t\t\t\t\t<\/a>\n\t\t\t\t\t\n\t\t\t\t\t\n\t\t\t\t\t<\/div>\n\t\t\t\t\t<\/div>\n\t\t\t\t\t\t\t\t\t<\/div>\n\t\t\t<\/div>\n\t\t<\/div><div class=\"col post-item\" >\n\t\t\t<div class=\"col-inner\">\n\t\t\t\t<div class=\"box box-default box-text-bottom box-blog-post has-hover\">\n            \t\t\t\t\t<div class=\"box-image\" style=\"border-radius:1%;\">\n  \t\t\t\t\t\t<div class=\"image-cover\" style=\"padding-top:56%;\">\n\t\t\t\t\t\t\t<a href=\"https:\/\/mreze.shop\/bs\/povezivanje-na-veliku-udaljenost-za-uredjaje-za-naplatu-parkiranja\/\" class=\"plain\" aria-label=\"Povezivanje na veliku udaljenost za ure\u0111aje za naplatu parkiranja\">\n\t\t\t\t\t\t\t\t<img loading=\"lazy\" decoding=\"async\" width=\"1100\" height=\"500\" src=\"https:\/\/mreze.shop\/wp-content\/uploads\/2023\/02\/Povezivanje-na-veliku-udaljenost-za-uredaje-za-naplatu-parkiranja.jpg\" class=\"attachment-original size-original wp-post-image\" alt=\"\" srcset=\"https:\/\/mreze.shop\/wp-content\/uploads\/2023\/02\/Povezivanje-na-veliku-udaljenost-za-uredaje-za-naplatu-parkiranja.jpg 1100w, https:\/\/mreze.shop\/wp-content\/uploads\/2023\/02\/Povezivanje-na-veliku-udaljenost-za-uredaje-za-naplatu-parkiranja-800x364.jpg 800w, https:\/\/mreze.shop\/wp-content\/uploads\/2023\/02\/Povezivanje-na-veliku-udaljenost-za-uredaje-za-naplatu-parkiranja-768x349.jpg 768w, https:\/\/mreze.shop\/wp-content\/uploads\/2023\/02\/Povezivanje-na-veliku-udaljenost-za-uredaje-za-naplatu-parkiranja-750x341.jpg 750w\" sizes=\"auto, (max-width: 1100px) 100vw, 1100px\" \/>\t\t\t\t\t\t\t<\/a>\n  \t\t\t\t\t\t\t  \t\t\t\t\t\t\t  \t\t\t\t\t\t<\/div>\n  \t\t\t\t\t\t  \t\t\t\t\t<\/div>\n          \t\t\t\t\t<div class=\"box-text text-center is-large\" >\n\t\t\t\t\t<div class=\"box-text-inner blog-post-inner\">\n\n\t\t\t\t\t\n\t\t\t\t\t\t\t\t\t\t\t<p class=\"cat-label tag-label is-xxsmall op-7 uppercase\">\n\t\t\t\t\tStudije slu\u010daja \t\t\t\t\t<\/p>\n\t\t\t\t\t\t\t\t\t\t<h5 class=\"post-title is-large \">\n\t\t\t\t\t\t<a href=\"https:\/\/mreze.shop\/bs\/povezivanje-na-veliku-udaljenost-za-uredjaje-za-naplatu-parkiranja\/\" class=\"plain\">Povezivanje na veliku udaljenost za ure\u0111aje za naplatu parkiranja<\/a>\n\t\t\t\t\t<\/h5>\n\t\t\t\t\t\t\t\t\t\t<div class=\"is-divider\"><\/div>\n\t\t\t\t\t                    \n\t\t\t\t\t\t\t\t\t\t\t<a href=\"https:\/\/mreze.shop\/bs\/povezivanje-na-veliku-udaljenost-za-uredjaje-za-naplatu-parkiranja\/\" class=\"button secondary is-link is-small mb-0\">\n\t\t\t\t\t\t\tCijeli \u010dlanak\t\t\t\t\t\t<\/a>\n\t\t\t\t\t\n\t\t\t\t\t\n\t\t\t\t\t<\/div>\n\t\t\t\t\t<\/div>\n\t\t\t\t\t\t\t\t\t<\/div>\n\t\t\t<\/div>\n\t\t<\/div><div class=\"col post-item\" >\n\t\t\t<div class=\"col-inner\">\n\t\t\t\t<div class=\"box box-default box-text-bottom box-blog-post has-hover\">\n            \t\t\t\t\t<div class=\"box-image\" style=\"border-radius:1%;\">\n  \t\t\t\t\t\t<div class=\"image-cover\" style=\"padding-top:56%;\">\n\t\t\t\t\t\t\t<a href=\"https:\/\/mreze.shop\/bs\/podvodna-povezivost-za-sustav-upravljanja-ribogojilistima\/\" class=\"plain\" aria-label=\"Podvodna povezivost za sustav upravljanja ribogojili\u0161tima\">\n\t\t\t\t\t\t\t\t<img loading=\"lazy\" decoding=\"async\" width=\"1100\" height=\"500\" src=\"https:\/\/mreze.shop\/wp-content\/uploads\/2023\/02\/Podvodna-povezivost-za-sustav-upravljanja-ribogojilistima.jpg\" class=\"attachment-original size-original wp-post-image\" alt=\"\" srcset=\"https:\/\/mreze.shop\/wp-content\/uploads\/2023\/02\/Podvodna-povezivost-za-sustav-upravljanja-ribogojilistima.jpg 1100w, https:\/\/mreze.shop\/wp-content\/uploads\/2023\/02\/Podvodna-povezivost-za-sustav-upravljanja-ribogojilistima-800x364.jpg 800w, https:\/\/mreze.shop\/wp-content\/uploads\/2023\/02\/Podvodna-povezivost-za-sustav-upravljanja-ribogojilistima-768x349.jpg 768w, https:\/\/mreze.shop\/wp-content\/uploads\/2023\/02\/Podvodna-povezivost-za-sustav-upravljanja-ribogojilistima-750x341.jpg 750w\" sizes=\"auto, (max-width: 1100px) 100vw, 1100px\" \/>\t\t\t\t\t\t\t<\/a>\n  \t\t\t\t\t\t\t  \t\t\t\t\t\t\t  \t\t\t\t\t\t<\/div>\n  \t\t\t\t\t\t  \t\t\t\t\t<\/div>\n          \t\t\t\t\t<div class=\"box-text text-center is-large\" >\n\t\t\t\t\t<div class=\"box-text-inner blog-post-inner\">\n\n\t\t\t\t\t\n\t\t\t\t\t\t\t\t\t\t\t<p class=\"cat-label tag-label is-xxsmall op-7 uppercase\">\n\t\t\t\t\tStudije slu\u010daja \t\t\t\t\t<\/p>\n\t\t\t\t\t\t\t\t\t\t<h5 class=\"post-title is-large \">\n\t\t\t\t\t\t<a href=\"https:\/\/mreze.shop\/bs\/podvodna-povezivost-za-sustav-upravljanja-ribogojilistima\/\" class=\"plain\">Podvodna povezivost za sustav upravljanja ribogojili\u0161tima<\/a>\n\t\t\t\t\t<\/h5>\n\t\t\t\t\t\t\t\t\t\t<div class=\"is-divider\"><\/div>\n\t\t\t\t\t                    \n\t\t\t\t\t\t\t\t\t\t\t<a href=\"https:\/\/mreze.shop\/bs\/podvodna-povezivost-za-sustav-upravljanja-ribogojilistima\/\" class=\"button secondary is-link is-small mb-0\">\n\t\t\t\t\t\t\tCijeli \u010dlanak\t\t\t\t\t\t<\/a>\n\t\t\t\t\t\n\t\t\t\t\t\n\t\t\t\t\t<\/div>\n\t\t\t\t\t<\/div>\n\t\t\t\t\t\t\t\t\t<\/div>\n\t\t\t<\/div>\n\t\t<\/div><div class=\"col post-item\" >\n\t\t\t<div class=\"col-inner\">\n\t\t\t\t<div class=\"box box-default box-text-bottom box-blog-post has-hover\">\n            \t\t\t\t\t<div class=\"box-image\" style=\"border-radius:1%;\">\n  \t\t\t\t\t\t<div class=\"image-cover\" style=\"padding-top:56%;\">\n\t\t\t\t\t\t\t<a href=\"https:\/\/mreze.shop\/bs\/povezivanje-u-hotelima-hostelima-i-apartmanima\/\" class=\"plain\" aria-label=\"Povezivanje u hotelima, hostelima i apartmanima\">\n\t\t\t\t\t\t\t\t<img loading=\"lazy\" decoding=\"async\" width=\"1100\" height=\"500\" src=\"https:\/\/mreze.shop\/wp-content\/uploads\/2023\/02\/Povezivanje-u-hotelima-hostelima-i-apartmanima.jpg\" class=\"attachment-original size-original wp-post-image\" alt=\"\" srcset=\"https:\/\/mreze.shop\/wp-content\/uploads\/2023\/02\/Povezivanje-u-hotelima-hostelima-i-apartmanima.jpg 1100w, https:\/\/mreze.shop\/wp-content\/uploads\/2023\/02\/Povezivanje-u-hotelima-hostelima-i-apartmanima-800x364.jpg 800w, https:\/\/mreze.shop\/wp-content\/uploads\/2023\/02\/Povezivanje-u-hotelima-hostelima-i-apartmanima-768x349.jpg 768w, https:\/\/mreze.shop\/wp-content\/uploads\/2023\/02\/Povezivanje-u-hotelima-hostelima-i-apartmanima-750x341.jpg 750w\" sizes=\"auto, (max-width: 1100px) 100vw, 1100px\" \/>\t\t\t\t\t\t\t<\/a>\n  \t\t\t\t\t\t\t  \t\t\t\t\t\t\t  \t\t\t\t\t\t<\/div>\n  \t\t\t\t\t\t  \t\t\t\t\t<\/div>\n          \t\t\t\t\t<div class=\"box-text text-center is-large\" >\n\t\t\t\t\t<div class=\"box-text-inner blog-post-inner\">\n\n\t\t\t\t\t\n\t\t\t\t\t\t\t\t\t\t\t<p class=\"cat-label tag-label is-xxsmall op-7 uppercase\">\n\t\t\t\t\tStudije slu\u010daja \t\t\t\t\t<\/p>\n\t\t\t\t\t\t\t\t\t\t<h5 class=\"post-title is-large \">\n\t\t\t\t\t\t<a href=\"https:\/\/mreze.shop\/bs\/povezivanje-u-hotelima-hostelima-i-apartmanima\/\" class=\"plain\">Povezivanje u hotelima, hostelima i apartmanima<\/a>\n\t\t\t\t\t<\/h5>\n\t\t\t\t\t\t\t\t\t\t<div class=\"is-divider\"><\/div>\n\t\t\t\t\t                    \n\t\t\t\t\t\t\t\t\t\t\t<a href=\"https:\/\/mreze.shop\/bs\/povezivanje-u-hotelima-hostelima-i-apartmanima\/\" class=\"button secondary is-link is-small mb-0\">\n\t\t\t\t\t\t\tCijeli \u010dlanak\t\t\t\t\t\t<\/a>\n\t\t\t\t\t\n\t\t\t\t\t\n\t\t\t\t\t<\/div>\n\t\t\t\t\t<\/div>\n\t\t\t\t\t\t\t\t\t<\/div>\n\t\t\t<\/div>\n\t\t<\/div><\/div>\n\t\t<\/div>\n\n\t\t\n<style>\n#section_688084788 {\n  padding-top: 0px;\n  padding-bottom: 0px;\n}\n@media (min-width:550px) {\n  #section_688084788 {\n    padding-top: 30px;\n    padding-bottom: 30px;\n  }\n}\n<\/style>\n\t<\/section>\n\t\n","protected":false},"excerpt":{"rendered":"<p>Profesionalni LAN router posebno dizajniran za potrebe malih i srednje velikih uredskih okru\u017eenja. Otpimiziran za robusnu WiFi izvedbu do 150 istovremenih korisnika, sa suvremenim sigurnosnim zna\u010dajkama i mogu\u0107nosti upravljanja na daljinu.<\/p>\n<ul>\n<li>4 Gigabit Ethernet porta<\/li>\n<li>WiFi i Bluetooth LE<\/li>\n<li>Kompatibilan s Teltonika RMS sustavom za udaljeno upravljanje<\/li>\n<\/ul>\n","protected":false},"featured_media":4059,"template":"","meta":[],"product_brand":[],"product_cat":[208],"product_tag":[],"class_list":{"0":"post-4058","1":"product","2":"type-product","3":"status-publish","4":"has-post-thumbnail","6":"product_cat-routeri-bs","7":"product_shipping_class-dostava-prema-ponudi","9":"first","10":"onbackorder","11":"taxable","12":"shipping-taxable","13":"purchasable","14":"product-type-simple"},"_links":{"self":[{"href":"https:\/\/mreze.shop\/bs\/wp-json\/wp\/v2\/product\/4058","targetHints":{"allow":["GET"]}}],"collection":[{"href":"https:\/\/mreze.shop\/bs\/wp-json\/wp\/v2\/product"}],"about":[{"href":"https:\/\/mreze.shop\/bs\/wp-json\/wp\/v2\/types\/product"}],"wp:featuredmedia":[{"embeddable":true,"href":"https:\/\/mreze.shop\/bs\/wp-json\/wp\/v2\/media\/4059"}],"wp:attachment":[{"href":"https:\/\/mreze.shop\/bs\/wp-json\/wp\/v2\/media?parent=4058"}],"wp:term":[{"taxonomy":"product_brand","embeddable":true,"href":"https:\/\/mreze.shop\/bs\/wp-json\/wp\/v2\/product_brand?post=4058"},{"taxonomy":"product_cat","embeddable":true,"href":"https:\/\/mreze.shop\/bs\/wp-json\/wp\/v2\/product_cat?post=4058"},{"taxonomy":"product_tag","embeddable":true,"href":"https:\/\/mreze.shop\/bs\/wp-json\/wp\/v2\/product_tag?post=4058"}],"curies":[{"name":"wp","href":"https:\/\/api.w.org\/{rel}","templated":true}]}}