{"id":4046,"date":"2023-02-21T16:00:40","date_gmt":"2023-02-21T15:00:40","guid":{"rendered":"https:\/\/mreze.shop\/proizvod\/kucni-4g-router-tcr100-teltonika\/"},"modified":"2024-01-22T13:07:16","modified_gmt":"2024-01-22T12:07:16","slug":"kucni-4g-router-tcr100-teltonika","status":"publish","type":"product","link":"https:\/\/mreze.shop\/bs\/proizvod\/kucni-4g-router-tcr100-teltonika\/","title":{"rendered":"Ku\u0107ni 4G router TCR100, Teltonika"},"content":{"rendered":"\t<div id=\"gap-1878689525\" class=\"gap-element clearfix\" style=\"display:block; height:auto;\">\n\t\t\n<style>\n#gap-1878689525 {\n  padding-top: 30px;\n}\n<\/style>\n\t<\/div>\n\t\n<div class=\"row align-middle\"  id=\"row-1654179453\">\n\n\t<div id=\"col-1046355550\" class=\"col medium-6 small-12 large-6\"  data-animate=\"fadeInLeft\">\n\t\t\t\t<div class=\"col-inner\"  >\n\t\t\t\n\t\t\t\n<h2>Pouzdanost, sigurnost i jednostavnost i za ku\u0107ne mre\u017ee<\/h2>\n<div class=\"is-divider divider clearfix\" style=\"max-width:100%;\"><\/div>\n<p>Ovaj usmjeriva\u010d predstavlja opse\u017eno Teltonika industrijsko IoT iskustvo koje donosimo ravno u va\u0161 dom. S 4G LTE-A tehnologijom mo\u017eete koristiti TCR100 kao primarni ili rezervni izvor povezivanja.<\/p>\n<p>Dva Ethernet su\u010delja i Dual-band Wi-Fi omogu\u0107uju jednostavno povezivanje vi\u0161e ure\u0111aja! TCR100 ima indikatore povezivanja, Wi-Fi i Wi-Fi Protected gumbe za brzo i jednostavno postavljanje.<\/p>\n<p>Pouzdan, siguran i jednostavan za kori\u0161tenje \u2013 TCR100 je savr\u0161en izbor za bilo koju ku\u0107nu mre\u017eu.<\/p>\n\t\t<\/div>\n\t\t\t\t\n<style>\n#col-1046355550 > .col-inner {\n  padding: 0px 1em 0px 0px;\n}\n<\/style>\n\t<\/div>\n\n\t\n\n\t<div id=\"col-304501259\" class=\"col medium-6 small-12 large-6\"  data-animate=\"fadeInRight\">\n\t\t\t\t<div class=\"col-inner\"  >\n\t\t\t\n\t\t\t\n\t<div class=\"img has-hover x md-x lg-x y md-y lg-y\" id=\"image_1832981474\">\n\t\t\t\t\t\t\t\t<div class=\"img-inner dark\" >\n\t\t\t<img loading=\"lazy\" decoding=\"async\" width=\"750\" height=\"750\" src=\"https:\/\/mreze.shop\/wp-content\/uploads\/2023\/02\/Kucni-4G-router-TCR100-1012-4.jpg\" class=\"attachment-original size-original\" alt=\"\" srcset=\"https:\/\/mreze.shop\/wp-content\/uploads\/2023\/02\/Kucni-4G-router-TCR100-1012-4.jpg 750w, https:\/\/mreze.shop\/wp-content\/uploads\/2023\/02\/Kucni-4G-router-TCR100-1012-4-350x350.jpg 350w, https:\/\/mreze.shop\/wp-content\/uploads\/2023\/02\/Kucni-4G-router-TCR100-1012-4-100x100.jpg 100w, https:\/\/mreze.shop\/wp-content\/uploads\/2023\/02\/Kucni-4G-router-TCR100-1012-4-510x510.jpg 510w, https:\/\/mreze.shop\/wp-content\/uploads\/2023\/02\/Kucni-4G-router-TCR100-1012-4-400x400.jpg 400w, https:\/\/mreze.shop\/wp-content\/uploads\/2023\/02\/Kucni-4G-router-TCR100-1012-4-280x280.jpg 280w\" sizes=\"auto, (max-width: 750px) 100vw, 750px\" \/>\t\t\t\t\t\t\n\t\t\t\t\t<\/div>\n\t\t\t\t\t\t\t\t\n<style>\n#image_1832981474 {\n  width: 91%;\n}\n<\/style>\n\t<\/div>\n\t\n\t\t<\/div>\n\t\t\t\t\n<style>\n#col-304501259 > .col-inner {\n  padding: 0px 0px 0px 1em;\n}\n<\/style>\n\t<\/div>\n\n\t\n<\/div>\n\n\t<section class=\"section dark\" id=\"section_2051868206\">\n\t\t<div class=\"section-bg fill\" >\n\t\t\t\t\t\t\t\t\t\n\t\t\t\n\n\t\t<\/div>\n\n\t\t\t<div class=\"ux-shape-divider ux-shape-divider--top ux-shape-divider--style-tilt\">\n\t\t<svg viewBox=\"0 0 1000 100\" xmlns=\"http:\/\/www.w3.org\/2000\/svg\" preserveAspectRatio=\"none\">\n\t<path class=\"ux-shape-fill\" d=\"M1000 100V0L-40 100H1000Z\"\/>\n<\/svg>\n\t<\/div>\n\n\t<div class=\"ux-shape-divider ux-shape-divider--bottom ux-shape-divider--style-tilt\">\n\t\t<svg viewBox=\"0 0 1000 100\" xmlns=\"http:\/\/www.w3.org\/2000\/svg\" preserveAspectRatio=\"none\">\n\t<path class=\"ux-shape-fill\" d=\"M1000 100V0L-40 100H1000Z\"\/>\n<\/svg>\n\t<\/div>\n\n\t\t<div class=\"section-content relative\">\n\t\t\t\n<div class=\"row row-collapse row-full-width align-equal align-center\"  id=\"row-137481314\">\n\n\t<div id=\"col-752177969\" class=\"col small-12 large-12\"  >\n\t\t\t\t<div class=\"col-inner text-center\"  >\n\t\t\t\n\t\t\t\n<div class=\"container section-title-container\" ><h2 class=\"section-title section-title-center\"><b aria-hidden=\"true\"><\/b><span class=\"section-title-main\" style=\"color:rgb(11, 61, 120);\">Svi detalji o ovom ure\u0111aju<\/span><b aria-hidden=\"true\"><\/b><\/h2><\/div>\n\t<div id=\"text-428006025\" class=\"text\">\n\t\t\n<p class=\"lead\">Pogledajte kratki &#8220;Quick start&#8221; video vodi\u010d za <strong>Teltonika TCR100 <\/strong>ku\u0107ni router ili prou\u010dite sve detalje na iscrpnom Teltonika Wiki portalu.<\/p>\n\t\t\n<style>\n#text-428006025 {\n  text-align: center;\n  color: rgb(11, 61, 120);\n}\n#text-428006025 > * {\n  color: rgb(11, 61, 120);\n}\n<\/style>\n\t<\/div>\n\t\n<a href=\"https:\/\/www.youtube.com\/watch?v=0C_hIE1ScXw\" target=\"_blank\" class=\"button primary\" rel=\"noopener\" >\n\t\t<span>Quick start Video<\/span>\n\t<i class=\"icon-youtube\" aria-hidden=\"true\"><\/i><\/a>\n\n<a href=\"https:\/\/wiki.teltonika-networks.com\/view\/TCR100\" target=\"_blank\" class=\"button secondary\" rel=\"noopener\" >\n\t\t<span>Teltonika Wiki<\/span>\n\t<\/a>\n\n\t\t<\/div>\n\t\t\t\t\n<style>\n#col-752177969 > .col-inner {\n  padding: 3em 0px 3em 0px;\n}\n<\/style>\n\t<\/div>\n\n\t\n<\/div>\n\t\t<\/div>\n\n\t\t\n<style>\n#section_2051868206 {\n  padding-top: 100px;\n  padding-bottom: 100px;\n  background-color: rgb(238, 238, 238);\n}\n#section_2051868206 .ux-shape-divider--top svg {\n  height: 150px;\n  --divider-top-width: 187%;\n}\n#section_2051868206 .ux-shape-divider--top .ux-shape-fill {\n  fill: rgb(255,255,255);\n}\n#section_2051868206 .ux-shape-divider--bottom svg {\n  height: 150px;\n  --divider-width: 187%;\n}\n<\/style>\n\t<\/section>\n\t\n\n\t<section class=\"section\" id=\"section_1211019830\">\n\t\t<div class=\"section-bg fill\" >\n\t\t\t\t\t\t\t\t\t\n\t\t\t\n\n\t\t<\/div>\n\n\t\t\n\n\t\t<div class=\"section-content relative\">\n\t\t\t\n\t<div id=\"text-3241251695\" class=\"text\">\n\t\t\n<h2>Povezani \u010dlanci i primjeri uporabe<\/h2>\n<p>Na\u0161i \u010dlanci \u0107e vas upoznati s tehnologijama, a primjeri uporabe \u0107e dati uvid u prakti\u010dnu primjenu ure\u0111aja iz mreze.hr ponude.<br \/>\n\t\t\n<style>\n#text-3241251695 {\n  text-align: center;\n}\n<\/style>\n\t<\/div>\n\t\n\t<div id=\"gap-922347305\" class=\"gap-element clearfix\" style=\"display:block; height:auto;\">\n\t\t\n<style>\n#gap-922347305 {\n  padding-top: 50px;\n}\n<\/style>\n\t<\/div>\n\t\n\n  \n    <div class=\"row large-columns-2 medium-columns-1 small-columns-1 slider row-slider slider-nav-simple slider-nav-outside slider-nav-push\"  data-flickity-options='{&quot;imagesLoaded&quot;: true, &quot;groupCells&quot;: &quot;100%&quot;, &quot;dragThreshold&quot; : 5, &quot;cellAlign&quot;: &quot;left&quot;,&quot;wrapAround&quot;: true,&quot;prevNextButtons&quot;: true,&quot;percentPosition&quot;: true,&quot;pageDots&quot;: true, &quot;rightToLeft&quot;: false, &quot;autoPlay&quot; : false}' >\n\n  <div class=\"col post-item\" >\n\t\t\t<div class=\"col-inner\">\n\t\t\t\t<div class=\"box box-default box-text-bottom box-blog-post has-hover\">\n            \t\t\t\t\t<div class=\"box-image\" style=\"border-radius:1%;\">\n  \t\t\t\t\t\t<div class=\"image-cover\" style=\"padding-top:56.25%;\">\n\t\t\t\t\t\t\t<a href=\"https:\/\/mreze.shop\/bs\/visoko-prilagodjena-sigurna-kucna-mreza-uz-tcr100\/\" class=\"plain\" aria-label=\"Visoko prilago\u0111ena sigurna ku\u0107na mre\u017ea uz TCR100\">\n\t\t\t\t\t\t\t\t<img loading=\"lazy\" decoding=\"async\" width=\"750\" height=\"341\" src=\"https:\/\/mreze.shop\/wp-content\/uploads\/2023\/02\/Visoko-prilagodena-sigurna-kucna-mreza-uz-750x341.jpg\" class=\"attachment-woocommerce_single size-woocommerce_single wp-post-image\" alt=\"\" srcset=\"https:\/\/mreze.shop\/wp-content\/uploads\/2023\/02\/Visoko-prilagodena-sigurna-kucna-mreza-uz-750x341.jpg 750w, https:\/\/mreze.shop\/wp-content\/uploads\/2023\/02\/Visoko-prilagodena-sigurna-kucna-mreza-uz-800x364.jpg 800w, https:\/\/mreze.shop\/wp-content\/uploads\/2023\/02\/Visoko-prilagodena-sigurna-kucna-mreza-uz-768x349.jpg 768w, https:\/\/mreze.shop\/wp-content\/uploads\/2023\/02\/Visoko-prilagodena-sigurna-kucna-mreza-uz.jpg 1100w\" sizes=\"auto, (max-width: 750px) 100vw, 750px\" \/>\t\t\t\t\t\t\t<\/a>\n  \t\t\t\t\t\t\t  \t\t\t\t\t\t\t  \t\t\t\t\t\t<\/div>\n  \t\t\t\t\t\t  \t\t\t\t\t<\/div>\n          \t\t\t\t\t<div class=\"box-text text-center is-large\" >\n\t\t\t\t\t<div class=\"box-text-inner blog-post-inner\">\n\n\t\t\t\t\t\n\t\t\t\t\t\t\t\t\t\t\t<p class=\"cat-label tag-label is-xxsmall op-7 uppercase\">\n\t\t\t\t\tStudije slu\u010daja \t\t\t\t\t<\/p>\n\t\t\t\t\t\t\t\t\t\t<h5 class=\"post-title is-large \">\n\t\t\t\t\t\t<a href=\"https:\/\/mreze.shop\/bs\/visoko-prilagodjena-sigurna-kucna-mreza-uz-tcr100\/\" class=\"plain\">Visoko prilago\u0111ena sigurna ku\u0107na mre\u017ea uz TCR100<\/a>\n\t\t\t\t\t<\/h5>\n\t\t\t\t\t\t\t\t\t\t<div class=\"is-divider\"><\/div>\n\t\t\t\t\t                    \n\t\t\t\t\t\n\t\t\t\t\t\n\t\t\t\t\t<\/div>\n\t\t\t\t\t<\/div>\n\t\t\t\t\t\t\t\t\t<\/div>\n\t\t\t<\/div>\n\t\t<\/div><\/div>\n\t\t<\/div>\n\n\t\t\n<style>\n#section_1211019830 {\n  padding-top: 30px;\n  padding-bottom: 30px;\n}\n<\/style>\n\t<\/section>\n\t\n","protected":false},"excerpt":{"rendered":"<p>Izdr\u017eljiv, siguran i napredan ku\u0107ni 4G router baziran na prepoznatljivoj Teltonika tehnologiji za industriju omogu\u0107uje mobilne brzine do \u010dak 300 Mbps<\/p>\n<ul>\n<li>4G\/LTE Advanced<\/li>\n<li>WiFi dual Band na frekvencijama 2.4 GHz i 5 Ghz<\/li>\n<li>neograni\u010dena konfiguracija uz RutOS<\/li>\n<li>firewall i brojni VPN servisi<\/li>\n<\/ul>\n","protected":false},"featured_media":8227,"template":"","meta":[],"product_brand":[],"product_cat":[208],"product_tag":[],"class_list":{"0":"post-4046","1":"product","2":"type-product","3":"status-publish","4":"has-post-thumbnail","6":"product_cat-routeri-bs","7":"product_shipping_class-dostava-prema-ponudi","9":"first","10":"onbackorder","11":"taxable","12":"shipping-taxable","13":"purchasable","14":"product-type-simple"},"_links":{"self":[{"href":"https:\/\/mreze.shop\/bs\/wp-json\/wp\/v2\/product\/4046","targetHints":{"allow":["GET"]}}],"collection":[{"href":"https:\/\/mreze.shop\/bs\/wp-json\/wp\/v2\/product"}],"about":[{"href":"https:\/\/mreze.shop\/bs\/wp-json\/wp\/v2\/types\/product"}],"wp:featuredmedia":[{"embeddable":true,"href":"https:\/\/mreze.shop\/bs\/wp-json\/wp\/v2\/media\/8227"}],"wp:attachment":[{"href":"https:\/\/mreze.shop\/bs\/wp-json\/wp\/v2\/media?parent=4046"}],"wp:term":[{"taxonomy":"product_brand","embeddable":true,"href":"https:\/\/mreze.shop\/bs\/wp-json\/wp\/v2\/product_brand?post=4046"},{"taxonomy":"product_cat","embeddable":true,"href":"https:\/\/mreze.shop\/bs\/wp-json\/wp\/v2\/product_cat?post=4046"},{"taxonomy":"product_tag","embeddable":true,"href":"https:\/\/mreze.shop\/bs\/wp-json\/wp\/v2\/product_tag?post=4046"}],"curies":[{"name":"wp","href":"https:\/\/api.w.org\/{rel}","templated":true}]}}