{"id":4043,"date":"2023-02-21T17:05:10","date_gmt":"2023-02-21T16:05:10","guid":{"rendered":"https:\/\/mreze.shop\/proizvod\/industrijski-5g-gateway-trb500-teltonika\/"},"modified":"2024-01-22T13:07:16","modified_gmt":"2024-01-22T12:07:16","slug":"industrijski-5g-gateway-trb500-teltonika","status":"publish","type":"product","link":"https:\/\/mreze.shop\/bs\/proizvod\/industrijski-5g-gateway-trb500-teltonika\/","title":{"rendered":"Industrijski 5G gateway TRB500, Teltonika"},"content":{"rendered":"\t<div id=\"gap-1613625334\" class=\"gap-element clearfix\" style=\"display:block; height:auto;\">\n\t\t\n<style>\n#gap-1613625334 {\n  padding-top: 30px;\n}\n<\/style>\n\t<\/div>\n\t\n<div class=\"row align-middle\"  id=\"row-1617262443\">\n\n\t<div id=\"col-1553509677\" class=\"col medium-6 small-12 large-6\"  data-animate=\"fadeInLeft\">\n\t\t\t\t<div class=\"col-inner\"  >\n\t\t\t\n\t\t\t\n<h2>5G industrijski gateway za napredna mre\u017ena rje\u0161enja<\/h2>\n<div class=\"is-divider divider clearfix\" style=\"max-width:100%;\"><\/div>\n<p>TRB500 je industrijski pristupnik kompaktne veli\u010dine. Energetski u\u010dinkovit s Gigabit Ethernet su\u010deljem i dva konfigurabilna I\/O, \u0161to omogu\u0107uje prilagodbu na visokoj razini i implementaciju u mno\u0161tvo scenarija.<\/p>\n<p>Ovaj ure\u0111aj omogu\u0107uje brzine 5G mre\u017ee s ultraniskom latencijom za kriti\u010dne infrastrukture i visoku propusnost podataka, koju osiguravaju 4 vanjske antene koje omogu\u0107uju upotrebu 4&#215;4 MIMO.<\/p>\n<p>TRB500 dolazi s operativnim sustavom RutOS, koji pru\u017ea napredne sigurnosne zna\u010dajke i kompatibilnost s Teltonika sustavom daljinskog upravljanja (RMS) za optimizirano daljinsko upravljanje i mogu\u0107nosti nadzora velikih flota ure\u0111aja.<\/p>\n<ul>\n<li>5G ultra brze mobilne brzine do 1 Gbps<\/li>\n<li>Podr\u0161ka za SA i NSA 5G arhitekture<\/li>\n<li>Ultra niska latencija<\/li>\n<li>Gigabit Ethernet za pouzdanu komunikaciju i visoku propusnost<\/li>\n<li>Kompaktne dimenzije<\/li>\n<li>Kompatibilno sa starijim 4G (LTE Cat 20) i 3G mre\u017eama<\/li>\n<\/ul>\n\t\t<\/div>\n\t\t\t\t\n<style>\n#col-1553509677 > .col-inner {\n  padding: 0px 1em 0px 0px;\n}\n<\/style>\n\t<\/div>\n\n\t\n\n\t<div id=\"col-133150051\" class=\"col medium-6 small-12 large-6\"  data-animate=\"fadeInRight\">\n\t\t\t\t<div class=\"col-inner\"  >\n\t\t\t\n\t\t\t\n\t<div class=\"img has-hover x md-x lg-x y md-y lg-y\" id=\"image_921825817\">\n\t\t\t\t\t\t\t\t<div class=\"img-inner dark\" >\n\t\t\t<img loading=\"lazy\" decoding=\"async\" width=\"750\" height=\"750\" src=\"https:\/\/mreze.shop\/wp-content\/uploads\/2023\/02\/Industrijski-5G-gateway-TRB500-1006-2.jpg\" class=\"attachment-original size-original\" alt=\"\" srcset=\"https:\/\/mreze.shop\/wp-content\/uploads\/2023\/02\/Industrijski-5G-gateway-TRB500-1006-2.jpg 750w, https:\/\/mreze.shop\/wp-content\/uploads\/2023\/02\/Industrijski-5G-gateway-TRB500-1006-2-350x350.jpg 350w, https:\/\/mreze.shop\/wp-content\/uploads\/2023\/02\/Industrijski-5G-gateway-TRB500-1006-2-100x100.jpg 100w, https:\/\/mreze.shop\/wp-content\/uploads\/2023\/02\/Industrijski-5G-gateway-TRB500-1006-2-510x510.jpg 510w, https:\/\/mreze.shop\/wp-content\/uploads\/2023\/02\/Industrijski-5G-gateway-TRB500-1006-2-400x400.jpg 400w, https:\/\/mreze.shop\/wp-content\/uploads\/2023\/02\/Industrijski-5G-gateway-TRB500-1006-2-280x280.jpg 280w\" sizes=\"auto, (max-width: 750px) 100vw, 750px\" \/>\t\t\t\t\t\t\n\t\t\t\t\t<\/div>\n\t\t\t\t\t\t\t\t\n<style>\n#image_921825817 {\n  width: 74%;\n}\n<\/style>\n\t<\/div>\n\t\n\t\t<\/div>\n\t\t\t\t\n<style>\n#col-133150051 > .col-inner {\n  padding: 0px 0px 0px 1em;\n}\n<\/style>\n\t<\/div>\n\n\t\n<\/div>\n\n\t<section class=\"section dark\" id=\"section_2138733576\">\n\t\t<div class=\"section-bg fill\" >\n\t\t\t\t\t\t\t\t\t\n\t\t\t\n\n\t\t<\/div>\n\n\t\t\t<div class=\"ux-shape-divider ux-shape-divider--top ux-shape-divider--style-tilt\">\n\t\t<svg viewBox=\"0 0 1000 100\" xmlns=\"http:\/\/www.w3.org\/2000\/svg\" preserveAspectRatio=\"none\">\n\t<path class=\"ux-shape-fill\" d=\"M1000 100V0L-40 100H1000Z\"\/>\n<\/svg>\n\t<\/div>\n\n\t<div class=\"ux-shape-divider ux-shape-divider--bottom ux-shape-divider--style-tilt\">\n\t\t<svg viewBox=\"0 0 1000 100\" xmlns=\"http:\/\/www.w3.org\/2000\/svg\" preserveAspectRatio=\"none\">\n\t<path class=\"ux-shape-fill\" d=\"M1000 100V0L-40 100H1000Z\"\/>\n<\/svg>\n\t<\/div>\n\n\t\t<div class=\"section-content relative\">\n\t\t\t\n<div class=\"row row-collapse row-full-width align-equal align-center\"  id=\"row-209446050\">\n\n\t<div id=\"col-1455674966\" class=\"col small-12 large-12\"  >\n\t\t\t\t<div class=\"col-inner text-center\"  >\n\t\t\t\n\t\t\t\n<div class=\"container section-title-container\" ><h2 class=\"section-title section-title-center\"><b aria-hidden=\"true\"><\/b><span class=\"section-title-main\" style=\"color:rgb(11, 61, 120);\">Svi detalji o ovom ure\u0111aju<\/span><b aria-hidden=\"true\"><\/b><\/h2><\/div>\n\t<div id=\"text-248586662\" class=\"text\">\n\t\t\n<p class=\"lead\">Pogledajte kratki &#8220;Quick start&#8221; video vodi\u010d za <strong>Teltonika TRB500 <\/strong>industrijski gateway ili prou\u010dite sve detalje na iscrpnom Teltonika Wiki portalu.<\/p>\n\t\t\n<style>\n#text-248586662 {\n  text-align: center;\n  color: rgb(11, 61, 120);\n}\n#text-248586662 > * {\n  color: rgb(11, 61, 120);\n}\n<\/style>\n\t<\/div>\n\t\n<a href=\"https:\/\/www.youtube.com\/watch?v=I_pYZ9OD4lQ\" target=\"_blank\" class=\"button primary\" rel=\"noopener\" >\n\t\t<span>Quick start Video<\/span>\n\t<i class=\"icon-youtube\" aria-hidden=\"true\"><\/i><\/a>\n\n<a href=\"https:\/\/wiki.teltonika-networks.com\/view\/TRB500\" target=\"_blank\" class=\"button secondary\" rel=\"noopener\" >\n\t\t<span>Teltonika Wiki<\/span>\n\t<\/a>\n\n\t\t<\/div>\n\t\t\t\t\n<style>\n#col-1455674966 > .col-inner {\n  padding: 3em 0px 3em 0px;\n}\n<\/style>\n\t<\/div>\n\n\t\n<\/div>\n\t\t<\/div>\n\n\t\t\n<style>\n#section_2138733576 {\n  padding-top: 100px;\n  padding-bottom: 100px;\n  background-color: rgb(238, 238, 238);\n}\n#section_2138733576 .ux-shape-divider--top svg {\n  height: 150px;\n  --divider-top-width: 187%;\n}\n#section_2138733576 .ux-shape-divider--top .ux-shape-fill {\n  fill: rgb(255,255,255);\n}\n#section_2138733576 .ux-shape-divider--bottom svg {\n  height: 150px;\n  --divider-width: 187%;\n}\n<\/style>\n\t<\/section>\n\t\n\n\t<section class=\"section\" id=\"section_1880906313\">\n\t\t<div class=\"section-bg fill\" >\n\t\t\t\t\t\t\t\t\t\n\t\t\t\n\n\t\t<\/div>\n\n\t\t\n\n\t\t<div class=\"section-content relative\">\n\t\t\t\n\t<div id=\"text-1038598581\" class=\"text\">\n\t\t\n<h2>Povezani \u010dlanci i primjeri uporabe<\/h2>\n<p>Na\u0161i \u010dlanci \u0107e vas upoznati s tehnologijama, a primjeri uporabe \u0107e dati uvid u prakti\u010dnu primjenu ure\u0111aja iz mreze.hr ponude.<br \/>\n\t\t\n<style>\n#text-1038598581 {\n  text-align: center;\n}\n<\/style>\n\t<\/div>\n\t\n\t<div id=\"gap-1962475452\" class=\"gap-element clearfix\" style=\"display:block; height:auto;\">\n\t\t\n<style>\n#gap-1962475452 {\n  padding-top: 50px;\n}\n<\/style>\n\t<\/div>\n\t\n\n  \n    <div class=\"row large-columns-2 medium-columns-1 small-columns-1 slider row-slider slider-nav-simple slider-nav-outside slider-nav-push\"  data-flickity-options='{&quot;imagesLoaded&quot;: true, &quot;groupCells&quot;: &quot;100%&quot;, &quot;dragThreshold&quot; : 5, &quot;cellAlign&quot;: &quot;left&quot;,&quot;wrapAround&quot;: true,&quot;prevNextButtons&quot;: true,&quot;percentPosition&quot;: true,&quot;pageDots&quot;: true, &quot;rightToLeft&quot;: false, &quot;autoPlay&quot; : false}' >\n\n  <div class=\"col post-item\" >\n\t\t\t<div class=\"col-inner\">\n\t\t\t\t<div class=\"box box-default box-text-bottom box-blog-post has-hover\">\n            \t\t\t\t\t<div class=\"box-image\" style=\"border-radius:1%;\">\n  \t\t\t\t\t\t<div class=\"image-cover\" style=\"padding-top:56.25%;\">\n\t\t\t\t\t\t\t<a href=\"https:\/\/mreze.shop\/bs\/5g-omogucuje-gradjevinske-radove-na-daljinu\/\" class=\"plain\" aria-label=\"5G omogu\u0107uje gra\u0111evinske radove na daljinu\">\n\t\t\t\t\t\t\t\t<img loading=\"lazy\" decoding=\"async\" width=\"750\" height=\"341\" src=\"https:\/\/mreze.shop\/wp-content\/uploads\/2023\/02\/5G-OMOGUCUJE-GRADEVINSKE-RADOVE-NA-DALJINU-750x341.jpg\" class=\"attachment-woocommerce_single size-woocommerce_single wp-post-image\" alt=\"\" srcset=\"https:\/\/mreze.shop\/wp-content\/uploads\/2023\/02\/5G-OMOGUCUJE-GRADEVINSKE-RADOVE-NA-DALJINU-750x341.jpg 750w, https:\/\/mreze.shop\/wp-content\/uploads\/2023\/02\/5G-OMOGUCUJE-GRADEVINSKE-RADOVE-NA-DALJINU-800x364.jpg 800w, https:\/\/mreze.shop\/wp-content\/uploads\/2023\/02\/5G-OMOGUCUJE-GRADEVINSKE-RADOVE-NA-DALJINU-768x349.jpg 768w, https:\/\/mreze.shop\/wp-content\/uploads\/2023\/02\/5G-OMOGUCUJE-GRADEVINSKE-RADOVE-NA-DALJINU.jpg 1100w\" sizes=\"auto, (max-width: 750px) 100vw, 750px\" \/>\t\t\t\t\t\t\t<\/a>\n  \t\t\t\t\t\t\t  \t\t\t\t\t\t\t  \t\t\t\t\t\t<\/div>\n  \t\t\t\t\t\t  \t\t\t\t\t<\/div>\n          \t\t\t\t\t<div class=\"box-text text-center is-large\" >\n\t\t\t\t\t<div class=\"box-text-inner blog-post-inner\">\n\n\t\t\t\t\t\n\t\t\t\t\t\t\t\t\t\t\t<p class=\"cat-label tag-label is-xxsmall op-7 uppercase\">\n\t\t\t\t\tStudije slu\u010daja \t\t\t\t\t<\/p>\n\t\t\t\t\t\t\t\t\t\t<h5 class=\"post-title is-large \">\n\t\t\t\t\t\t<a href=\"https:\/\/mreze.shop\/bs\/5g-omogucuje-gradjevinske-radove-na-daljinu\/\" class=\"plain\">5G omogu\u0107uje gra\u0111evinske radove na daljinu<\/a>\n\t\t\t\t\t<\/h5>\n\t\t\t\t\t\t\t\t\t\t<div class=\"is-divider\"><\/div>\n\t\t\t\t\t                    \n\t\t\t\t\t\n\t\t\t\t\t\n\t\t\t\t\t<\/div>\n\t\t\t\t\t<\/div>\n\t\t\t\t\t\t\t\t\t<\/div>\n\t\t\t<\/div>\n\t\t<\/div><\/div>\n\t\t<\/div>\n\n\t\t\n<style>\n#section_1880906313 {\n  padding-top: 30px;\n  padding-bottom: 30px;\n}\n<\/style>\n\t<\/section>\n\t\n","protected":false},"excerpt":{"rendered":"<p>TRB500 je kompaktan, energetski u\u010dinkovit 5G pristupnik za ultra brzi prijenos podataka s ultra niskom latencijom. Kompatibilnost s 4G i 3G mre\u017eama omogu\u0107uje infrastrukturna rje\u0161enja za budu\u0107nost \u010dak i u podru\u010djima gdje 5G jo\u0161 nije dostupan.<\/p>\n<ul>\n<li>5G brzine do 1Gbps<\/li>\n<li>Podr\u0161ka za SA i NSA 5G arhitekture<\/li>\n<li>Kompatibilno s 4G (LTE Cat20) i 3G mre\u017eama<\/li>\n<li>256 MB RAM i 1,5 GHz procesor<\/li>\n<\/ul>\n","protected":false},"featured_media":4044,"template":"","meta":[],"product_brand":[],"product_cat":[207],"product_tag":[],"class_list":{"0":"post-4043","1":"product","2":"type-product","3":"status-publish","4":"has-post-thumbnail","6":"product_cat-gateway-bs","7":"product_shipping_class-dostava-prema-ponudi","9":"first","10":"onbackorder","11":"taxable","12":"shipping-taxable","13":"purchasable","14":"product-type-simple"},"_links":{"self":[{"href":"https:\/\/mreze.shop\/bs\/wp-json\/wp\/v2\/product\/4043","targetHints":{"allow":["GET"]}}],"collection":[{"href":"https:\/\/mreze.shop\/bs\/wp-json\/wp\/v2\/product"}],"about":[{"href":"https:\/\/mreze.shop\/bs\/wp-json\/wp\/v2\/types\/product"}],"wp:featuredmedia":[{"embeddable":true,"href":"https:\/\/mreze.shop\/bs\/wp-json\/wp\/v2\/media\/4044"}],"wp:attachment":[{"href":"https:\/\/mreze.shop\/bs\/wp-json\/wp\/v2\/media?parent=4043"}],"wp:term":[{"taxonomy":"product_brand","embeddable":true,"href":"https:\/\/mreze.shop\/bs\/wp-json\/wp\/v2\/product_brand?post=4043"},{"taxonomy":"product_cat","embeddable":true,"href":"https:\/\/mreze.shop\/bs\/wp-json\/wp\/v2\/product_cat?post=4043"},{"taxonomy":"product_tag","embeddable":true,"href":"https:\/\/mreze.shop\/bs\/wp-json\/wp\/v2\/product_tag?post=4043"}],"curies":[{"name":"wp","href":"https:\/\/api.w.org\/{rel}","templated":true}]}}