{"id":4038,"date":"2023-02-21T17:36:57","date_gmt":"2023-02-21T16:36:57","guid":{"rendered":"https:\/\/mreze.shop\/proizvod\/industrijski-gateway-trb145-teltonika\/"},"modified":"2024-01-22T13:07:19","modified_gmt":"2024-01-22T12:07:19","slug":"industrijski-gateway-trb145-teltonika","status":"publish","type":"product","link":"https:\/\/mreze.shop\/bs\/proizvod\/industrijski-gateway-trb145-teltonika\/","title":{"rendered":"Industrijski gateway TRB145, Teltonika"},"content":{"rendered":"\t<div id=\"gap-88770976\" class=\"gap-element clearfix\" style=\"display:block; height:auto;\">\n\t\t\n<style>\n#gap-88770976 {\n  padding-top: 30px;\n}\n<\/style>\n\t<\/div>\n\t\n<div class=\"row align-middle\"  id=\"row-544038259\">\n\n\t<div id=\"col-1383414940\" class=\"col medium-6 small-12 large-6\"  data-animate=\"fadeInLeft\">\n\t\t\t\t<div class=\"col-inner\"  >\n\t\t\t\n\t\t\t\n<h2>5G industrijski gateway za napredna mre\u017ena rje\u0161enja<\/h2>\n<div class=\"is-divider divider clearfix\" style=\"max-width:100%;\"><\/div>\n<p>TRB145 je klju\u010dni LTE Cat 1 gateway, opremljen RS485 su\u010deljem.<\/p>\n<p>Kompaktan dizajn i jednostavna instalacija \u010dine ovaj gateway savr\u0161enim za aplikacije, gdje se jedinim ure\u0111ajem mora daljinski upravljati preko RS485 serijskog su\u010delja.<\/p>\n<p>Kao i ostali TRB proizvodi, TRB145 je dizajniran za upotrebu u industrijskim aplikacijama. Stoga ima \u0161irok raspon softverskih zna\u010dajki, kao \u0161to su SMS kontrola, Firewall, Open VPN, IPsec, Teltonika Networks Remote Management System (RMS) i FOTA podr\u0161ka.<\/p>\n\t\t<\/div>\n\t\t\t\t\n<style>\n#col-1383414940 > .col-inner {\n  padding: 0px 1em 0px 0px;\n}\n<\/style>\n\t<\/div>\n\n\t\n\n\t<div id=\"col-2077261213\" class=\"col medium-6 small-12 large-6\"  data-animate=\"fadeInRight\">\n\t\t\t\t<div class=\"col-inner\"  >\n\t\t\t\n\t\t\t\n\t<div class=\"img has-hover x md-x lg-x y md-y lg-y\" id=\"image_1985255903\">\n\t\t\t\t\t\t\t\t<div class=\"img-inner dark\" >\n\t\t\t<img loading=\"lazy\" decoding=\"async\" width=\"750\" height=\"750\" src=\"https:\/\/mreze.shop\/wp-content\/uploads\/2023\/02\/Industrijski-gateway-TRB145-1089-2.jpg\" class=\"attachment-original size-original\" alt=\"\" srcset=\"https:\/\/mreze.shop\/wp-content\/uploads\/2023\/02\/Industrijski-gateway-TRB145-1089-2.jpg 750w, https:\/\/mreze.shop\/wp-content\/uploads\/2023\/02\/Industrijski-gateway-TRB145-1089-2-350x350.jpg 350w, https:\/\/mreze.shop\/wp-content\/uploads\/2023\/02\/Industrijski-gateway-TRB145-1089-2-100x100.jpg 100w, https:\/\/mreze.shop\/wp-content\/uploads\/2023\/02\/Industrijski-gateway-TRB145-1089-2-510x510.jpg 510w, https:\/\/mreze.shop\/wp-content\/uploads\/2023\/02\/Industrijski-gateway-TRB145-1089-2-400x400.jpg 400w, https:\/\/mreze.shop\/wp-content\/uploads\/2023\/02\/Industrijski-gateway-TRB145-1089-2-280x280.jpg 280w\" sizes=\"auto, (max-width: 750px) 100vw, 750px\" \/>\t\t\t\t\t\t\n\t\t\t\t\t<\/div>\n\t\t\t\t\t\t\t\t\n<style>\n#image_1985255903 {\n  width: 74%;\n}\n<\/style>\n\t<\/div>\n\t\n\t\t<\/div>\n\t\t\t\t\n<style>\n#col-2077261213 > .col-inner {\n  padding: 0px 0px 0px 1em;\n}\n<\/style>\n\t<\/div>\n\n\t\n<\/div>\n\n\t<section class=\"section dark\" id=\"section_961408210\">\n\t\t<div class=\"section-bg fill\" >\n\t\t\t\t\t\t\t\t\t\n\t\t\t\n\n\t\t<\/div>\n\n\t\t\t<div class=\"ux-shape-divider ux-shape-divider--top ux-shape-divider--style-tilt\">\n\t\t<svg viewBox=\"0 0 1000 100\" xmlns=\"http:\/\/www.w3.org\/2000\/svg\" preserveAspectRatio=\"none\">\n\t<path class=\"ux-shape-fill\" d=\"M1000 100V0L-40 100H1000Z\"\/>\n<\/svg>\n\t<\/div>\n\n\t<div class=\"ux-shape-divider ux-shape-divider--bottom ux-shape-divider--style-tilt\">\n\t\t<svg viewBox=\"0 0 1000 100\" xmlns=\"http:\/\/www.w3.org\/2000\/svg\" preserveAspectRatio=\"none\">\n\t<path class=\"ux-shape-fill\" d=\"M1000 100V0L-40 100H1000Z\"\/>\n<\/svg>\n\t<\/div>\n\n\t\t<div class=\"section-content relative\">\n\t\t\t\n<div class=\"row row-collapse row-full-width align-equal align-center\"  id=\"row-1796639988\">\n\n\t<div id=\"col-5594739\" class=\"col small-12 large-12\"  >\n\t\t\t\t<div class=\"col-inner text-center\"  >\n\t\t\t\n\t\t\t\n<div class=\"container section-title-container\" ><h2 class=\"section-title section-title-center\"><b aria-hidden=\"true\"><\/b><span class=\"section-title-main\" style=\"color:rgb(11, 61, 120);\">Svi detalji o ovom ure\u0111aju<\/span><b aria-hidden=\"true\"><\/b><\/h2><\/div>\n\t<div id=\"text-1970985135\" class=\"text\">\n\t\t\n<p class=\"lead\">Pogledajte kratki &#8220;Quick start&#8221; video vodi\u010d za <strong>Teltonika TRB145 <\/strong>industrijski gateway ili prou\u010dite sve detalje na iscrpnom Teltonika Wiki portalu.<\/p>\n\t\t\n<style>\n#text-1970985135 {\n  text-align: center;\n  color: rgb(11, 61, 120);\n}\n#text-1970985135 > * {\n  color: rgb(11, 61, 120);\n}\n<\/style>\n\t<\/div>\n\t\n<a href=\"https:\/\/www.youtube.com\/watch?v=t1gki-r3mMA\" target=\"_blank\" class=\"button primary\" rel=\"noopener\" >\n\t\t<span>Quick start Video<\/span>\n\t<i class=\"icon-youtube\" aria-hidden=\"true\"><\/i><\/a>\n\n<a href=\"https:\/\/wiki.teltonika-networks.com\/view\/TRB145\" target=\"_blank\" class=\"button secondary\" rel=\"noopener\" >\n\t\t<span>Teltonika Wiki<\/span>\n\t<\/a>\n\n\t\t<\/div>\n\t\t\t\t\n<style>\n#col-5594739 > .col-inner {\n  padding: 3em 0px 3em 0px;\n}\n<\/style>\n\t<\/div>\n\n\t\n<\/div>\n\t\t<\/div>\n\n\t\t\n<style>\n#section_961408210 {\n  padding-top: 100px;\n  padding-bottom: 100px;\n  background-color: rgb(238, 238, 238);\n}\n#section_961408210 .ux-shape-divider--top svg {\n  height: 150px;\n  --divider-top-width: 187%;\n}\n#section_961408210 .ux-shape-divider--top .ux-shape-fill {\n  fill: rgb(255,255,255);\n}\n#section_961408210 .ux-shape-divider--bottom svg {\n  height: 150px;\n  --divider-width: 187%;\n}\n<\/style>\n\t<\/section>\n\t\n\n\t<section class=\"section\" id=\"section_1203503547\">\n\t\t<div class=\"section-bg fill\" >\n\t\t\t\t\t\t\t\t\t\n\t\t\t\n\n\t\t<\/div>\n\n\t\t\n\n\t\t<div class=\"section-content relative\">\n\t\t\t\n\t<div id=\"text-298249383\" class=\"text\">\n\t\t\n<h2>Povezani \u010dlanci i primjeri uporabe<\/h2>\n<p>Na\u0161i \u010dlanci \u0107e vas upoznati s tehnologijama, a primjeri uporabe \u0107e dati uvid u prakti\u010dnu primjenu ure\u0111aja iz mreze.hr ponude.<br \/>\n\t\t\n<style>\n#text-298249383 {\n  text-align: center;\n}\n<\/style>\n\t<\/div>\n\t\n\t<div id=\"gap-752937995\" class=\"gap-element clearfix\" style=\"display:block; height:auto;\">\n\t\t\n<style>\n#gap-752937995 {\n  padding-top: 50px;\n}\n<\/style>\n\t<\/div>\n\t\n\n  \n    <div class=\"row large-columns-2 medium-columns-1 small-columns-1 slider row-slider slider-nav-simple slider-nav-outside\"  data-flickity-options='{&quot;imagesLoaded&quot;: true, &quot;groupCells&quot;: &quot;100%&quot;, &quot;dragThreshold&quot; : 5, &quot;cellAlign&quot;: &quot;left&quot;,&quot;wrapAround&quot;: true,&quot;prevNextButtons&quot;: true,&quot;percentPosition&quot;: true,&quot;pageDots&quot;: true, &quot;rightToLeft&quot;: false, &quot;autoPlay&quot; : false}' >\n\n  <\/div>\n\t\t<\/div>\n\n\t\t\n<style>\n#section_1203503547 {\n  padding-top: 30px;\n  padding-bottom: 30px;\n}\n<\/style>\n\t<\/section>\n\t\n","protected":false},"excerpt":{"rendered":"<p>TRB145 je ultra-mali, lagani i energetski u\u010dinkovit IoT pristupnik opremljen LTE-om te sa \u0161iroko kori\u0161tenim <strong>RS485<\/strong> su\u010deljem za daljinsko upravljanje industrijskom opremom.<\/p>\n<ul>\n<li>4G\/LTE (Cat1), 3G i 2G<\/li>\n<li>RS485 serijski port<\/li>\n<li>Napajanje 9 do 30V<\/li>\n<\/ul>\n","protected":false},"featured_media":4039,"template":"","meta":[],"product_brand":[],"product_cat":[207],"product_tag":[],"class_list":{"0":"post-4038","1":"product","2":"type-product","3":"status-publish","4":"has-post-thumbnail","6":"product_cat-gateway-bs","7":"product_shipping_class-dostava-prema-ponudi","9":"first","10":"onbackorder","11":"taxable","12":"shipping-taxable","13":"purchasable","14":"product-type-simple"},"_links":{"self":[{"href":"https:\/\/mreze.shop\/bs\/wp-json\/wp\/v2\/product\/4038","targetHints":{"allow":["GET"]}}],"collection":[{"href":"https:\/\/mreze.shop\/bs\/wp-json\/wp\/v2\/product"}],"about":[{"href":"https:\/\/mreze.shop\/bs\/wp-json\/wp\/v2\/types\/product"}],"wp:featuredmedia":[{"embeddable":true,"href":"https:\/\/mreze.shop\/bs\/wp-json\/wp\/v2\/media\/4039"}],"wp:attachment":[{"href":"https:\/\/mreze.shop\/bs\/wp-json\/wp\/v2\/media?parent=4038"}],"wp:term":[{"taxonomy":"product_brand","embeddable":true,"href":"https:\/\/mreze.shop\/bs\/wp-json\/wp\/v2\/product_brand?post=4038"},{"taxonomy":"product_cat","embeddable":true,"href":"https:\/\/mreze.shop\/bs\/wp-json\/wp\/v2\/product_cat?post=4038"},{"taxonomy":"product_tag","embeddable":true,"href":"https:\/\/mreze.shop\/bs\/wp-json\/wp\/v2\/product_tag?post=4038"}],"curies":[{"name":"wp","href":"https:\/\/api.w.org\/{rel}","templated":true}]}}